{"id":4762,"date":"2022-03-10T11:17:28","date_gmt":"2022-03-10T04:17:28","guid":{"rendered":"http:\/\/tupvietnam.com\/?post_type=product&#038;p=4762"},"modified":"2022-03-15T10:04:10","modified_gmt":"2022-03-15T03:04:10","slug":"bo-hop-tru-mat-tupperware-small-square-round","status":"publish","type":"product","link":"https:\/\/tiemtaphoa.xyz\/index.php\/product\/bo-hop-tru-mat-tupperware-small-square-round\/","title":{"rendered":"B\u1ed9 h\u1ed9p tr\u1eef m\u00e1t Tupperware Small Square Round"},"content":{"rendered":"<p>H\u1ed9p tr\u1eef m\u00e1t Tupperware Small\u00a0Square Round \u0111\u01b0\u1ee3c Tupperware Vi\u1ec7t Nam gi\u1edbi thi\u1ec7u \u0111\u1ebfn th\u1ecb tr\u01b0\u1eddng kh\u00e1 l\u00e2u v\u00e0 v\u1eabn hot \u0111\u1ebfn h\u00f4m nay l\u00e0 do t\u00ednh \u0111a n\u0103ng v\u00e0 gi\u00e1 b\u00e1n s\u1ea3n ph\u1ea9m kh\u00e1 r\u1ebb. H\u1ed9p c\u00f3 th\u1ec3 d\u00f9ng trong nh\u00e0 l\u1eabn \u0111i ra ngo\u00e0i, h\u1ed9p c\u00f3 th\u1ec3 d\u00f9ng nh\u01b0 h\u1ed9p m\u00e1t l\u1eabn h\u1ed9p kh\u00f4.<\/p>\n<p>Khi \u0111i ra ngo\u00e0i c\u00e1c m\u1eb9 d\u00f9ng \u0111\u1ec3 mang th\u1ee9c \u0103n cho con nh\u1ecf khi \u0111i ra ngo\u00e0i, c\u00f3 th\u1ec3 tr\u1eef nh\u01b0 h\u1ed9p kh\u00f4. Khi d\u00f9ng trong nh\u00e0, c\u00f3 th\u1ec3 tr\u1eef nh\u01b0 h\u1ed9p kh\u00f4 tr\u00ean k\u1ec7 b\u1ebfp v\u00e0 t\u1ea5t nhi\u00ean l\u00e0 t\u00ednh n\u0103ng ch\u00ednh c\u1ee7a h\u1ed9p Tupperware Small Square Round l\u00e0 d\u00f9ng \u0111\u1ec3 tr\u1eef m\u00e1t.<\/p>\n<p><strong>B\u1ed9 H\u1ed9p B\u1ea3o Qu\u1ea3n Th\u1ef1c Ph\u1ea9m Small Square Round 4 H\u1ed9p<\/strong><\/p>\n<p><strong>Dung\u00a0t\u00edch:<\/strong>\u00a0650ml<\/p>\n<p><strong>K\u00edch th\u01b0\u1edbc:<\/strong>\u00a012.6 x 12.6 x 6.7cm<\/p>\n<p><strong>\u01afu \u0111i\u1ec3m v\u00e0 ti\u1ec7n \u00edch:<\/strong><\/p>\n<p>&#8211; C\u1ea5u t\u1ea1o n\u1eafp h\u1ed9p b\u1ea3o qu\u1ea3n th\u1ef1c ph\u1ea9m vu\u00f4ng k\u00edn kh\u00ed, ki\u1ec3m so\u00e1t l\u01b0\u1ee3ng \u0111\u1ed1i l\u01b0u c\u1ee7a kh\u00f4ng kh\u00ed trong v\u00e0 ngo\u00e0i h\u1ed9p gi\u00fap m\u00f9i c\u1ee7a th\u1ee9c \u0103n s\u1ebd kh\u00f4ng tho\u00e1t ra ngo\u00e0i<\/p>\n<p>&#8211; Ch\u1ea5t li\u1ec7u n\u1eafp d\u1ebbo, gi\u00fap \u0111\u00f3ng m\u1edf d\u1ec5 d\u00e0ng<\/p>\n<p>&#8211; Thi\u1ebft k\u1ebf th\u00f4ng minh c\u00f3 th\u1ec3 x\u1ebfp ch\u1ed3ng, gi\u00fap ti\u1ebft ki\u1ec7m kh\u00f4ng gian trong t\u1ee7 l\u1ea1nh<\/p>\n<p>&#8211; Thi\u1ebft k\u1ebf h\u1ed9p v\u1edbi c\u00e1c m\u00e9p gi\u00fap d\u1ec5 d\u00e0ng k\u00e9o h\u1ed9p ra kh\u1ecfi t\u1ee7 khi \u0111ang x\u1ebfp ch\u1ed3ng l\u00ean nhau<\/p>\n<p>&#8211; Ch\u1ea5t li\u1ec7u nh\u1ef1a c\u00f3 b\u1ec1 m\u1eb7t nh\u00e1m tay gi\u00fap c\u1ea7m ch\u1eafc tay h\u01a1n<\/p>\n<p><strong>C\u00f4ng d\u1ee5ng:<\/strong><\/p>\n<p>&#8211; H\u1ed9p nh\u1ef1a Tupperware d\u00f9ng \u0111\u1ec3 \u0111\u1ef1ng c\u00e1c lo\u1ea1i th\u1ef1c ph\u1ea9m kh\u00f4 nh\u01b0 b\u00e1nh, k\u1eb9o, m\u1ee9t c\u00e1c lo\u1ea1i,..<\/p>\n","protected":false},"excerpt":{"rendered":"<p>H\u1ed9p tr\u1eef m\u00e1t Tupperware Small\u00a0Square Round \u0111\u01b0\u1ee3c Tupperware Vi\u1ec7t Nam gi\u1edbi thi\u1ec7u \u0111\u1ebfn th\u1ecb tr\u01b0\u1eddng kh\u00e1 l\u00e2u v\u00e0 v\u1eabn hot \u0111\u1ebfn h\u00f4m nay l\u00e0 do t\u00ednh \u0111a n\u0103ng v\u00e0 gi\u00e1 b\u00e1n s\u1ea3n ph\u1ea9m kh\u00e1 r\u1ebb. H\u1ed9p c\u00f3 th\u1ec3 d\u00f9ng trong nh\u00e0 l\u1eabn \u0111i ra ngo\u00e0i, h\u1ed9p c\u00f3 th\u1ec3 d\u00f9ng nh\u01b0 h\u1ed9p m\u00e1t l\u1eabn h\u1ed9p kh\u00f4.<\/p>\n","protected":false},"featured_media":4913,"comment_status":"open","ping_status":"closed","template":"","meta":[],"product_cat":[48,36],"product_tag":[83,84],"class_list":["post-4762","product","type-product","status-publish","has-post-thumbnail","hentry","product_cat-hop-tru-mat-trong-tu-lanh","product_cat-hop-bao-quan-thuc-pham-da-nang","product_tag-bo-hop-tru-mat","product_tag-small-square-round"],"aioseo_notices":[],"_links":{"self":[{"href":"https:\/\/tiemtaphoa.xyz\/index.php\/wp-json\/wp\/v2\/product\/4762"}],"collection":[{"href":"https:\/\/tiemtaphoa.xyz\/index.php\/wp-json\/wp\/v2\/product"}],"about":[{"href":"https:\/\/tiemtaphoa.xyz\/index.php\/wp-json\/wp\/v2\/types\/product"}],"replies":[{"embeddable":true,"href":"https:\/\/tiemtaphoa.xyz\/index.php\/wp-json\/wp\/v2\/comments?post=4762"}],"wp:featuredmedia":[{"embeddable":true,"href":"https:\/\/tiemtaphoa.xyz\/index.php\/wp-json\/wp\/v2\/media\/4913"}],"wp:attachment":[{"href":"https:\/\/tiemtaphoa.xyz\/index.php\/wp-json\/wp\/v2\/media?parent=4762"}],"wp:term":[{"taxonomy":"product_cat","embeddable":true,"href":"https:\/\/tiemtaphoa.xyz\/index.php\/wp-json\/wp\/v2\/product_cat?post=4762"},{"taxonomy":"product_tag","embeddable":true,"href":"https:\/\/tiemtaphoa.xyz\/index.php\/wp-json\/wp\/v2\/product_tag?post=4762"}],"curies":[{"name":"wp","href":"https:\/\/api.w.org\/{rel}","templated":true}]}}