{"id":4765,"date":"2022-03-10T11:27:24","date_gmt":"2022-03-10T04:27:24","guid":{"rendered":"http:\/\/tupvietnam.com\/?post_type=product&#038;p=4765"},"modified":"2023-06-06T20:14:06","modified_gmt":"2023-06-06T13:14:06","slug":"bo-hop-bao-quan-thuc-pham-durian-keeper","status":"publish","type":"product","link":"https:\/\/tiemtaphoa.xyz\/index.php\/product\/bo-hop-bao-quan-thuc-pham-durian-keeper\/","title":{"rendered":"B\u1ed8 H\u1ed8P B\u1ea2O QU\u1ea2N TH\u1ef0C PH\u1ea8M DURIAN KEEPER"},"content":{"rendered":"<p>Dung t\u00edch: 2 x 1.5L\/\u00a019.2 x 8.8cm<br \/>\nKh\u1ea3 n\u0103ng ch\u1ecbu nhi\u1ec7t: 0 ~ 80 \u0111\u1ed9 C<\/p>\n<p><strong>\u01afu \u0111i\u1ec3m v\u00e0 ti\u1ec7n \u00edch:<\/strong><br \/>\n&#8211; Ch\u1ea5t li\u1ec7u nh\u1ef1a nguy\u00ean sinh, an to\u00e0n ch\u1ee9a \u0111\u1ef1ng th\u1ef1c ph\u1ea9m<br \/>\n&#8211; N\u1eafp h\u1ed9p k\u00edn kh\u00ed, k\u00edn n\u01b0\u1edbc, kh\u00f4ng tho\u00e1t m\u00f9i th\u1ef1c ph\u1ea9m ra ngo\u00e0i v\u00e0 h\u1ea1n ch\u1ebf r\u00f2 r\u1ec9 khi mang \u0111i<br \/>\n&#8211; Thi\u1ebft k\u1ebf d\u1ea1ng m\u00f4-\u0111un c\u00f3 th\u1ec3 x\u1ebfp ch\u1ed3ng l\u00ean nhau, gi\u00fap ti\u1ebft ki\u1ec7m kh\u00f4ng gian l\u01b0u tr\u1eef<br \/>\n&#8211; H\u1ed9p c\u00f3 khay d\u1ea1ng l\u01b0\u1edbi, h\u1ea1n ch\u1ebf t\u00ecnh tr\u1ea1ng \u00fang n\u01b0\u1edbc, gi\u00fap b\u1ea3o qu\u1ea3n th\u1ef1c ph\u1ea9m t\u01b0\u01a1i ngon l\u00e2u h\u01a1n<\/p>\n<p><img loading=\"lazy\" decoding=\"async\" class=\"alignnone size-medium wp-image-4770\" src=\"http:\/\/tupvietnam.com\/wp-content\/uploads\/2022\/03\/hbqtp_durian_keeper_tupvietnam-476x281.jpeg\" alt=\"\" width=\"476\" height=\"281\" \/><br \/>\n<strong>C\u00f4ng d\u1ee5ng:<\/strong><br \/>\n&#8211; H\u1ed9p d\u00f9ng \u0111\u1ec3 b\u1ea3o qu\u1ea3n th\u1ef1c ph\u1ea9m trong ng\u0103n m\u00e1t t\u1ee7 l\u1ea1nh nh\u01b0 c\u00e1c lo\u1ea1i tr\u00e1i c\u00e2y s\u1ea7u ri\u00eang, m\u00edt, th\u1ef1c ph\u1ea9m \u0111\u00e3 ch\u1ebf bi\u1ebfn, rau c\u1ee7,&#8230;<br \/>\n&#8211; H\u1ed9p c\u00f3 thi\u1ebft k\u1ebf n\u1eafp k\u00edn n\u01b0\u1edbc, ph\u00f9 h\u1ee3p \u0111\u1ef1ng th\u1ef1c ph\u1ea9m l\u1ecfng nh\u01b0 canh, s\u00fap,&#8230;<br \/>\n<strong>C\u00e1ch b\u1ea3o qu\u1ea3n:<\/strong><br \/>\n&#8211; R\u1eeda s\u1ea1ch v\u00e0 \u0111\u1ec3 kh\u00f4 l\u1ea7n \u0111\u1ea7u ti\u00ean s\u1eed d\u1ee5ng<br \/>\n&#8211; Kh\u00f4ng ti\u1ebfp x\u00fac ho\u1eb7c \u0111\u1ec3 g\u1ea7n ngu\u1ed3n nhi\u1ec7t \u0111\u1ec3 tr\u00e1nh n\u00f3ng ch\u1ea3y, bi\u1ebfn d\u1ea1ng<br \/>\n&#8211; Kh\u00f4ng s\u1eed d\u1ee5ng trong l\u00f2 vi s\u00f3ng, m\u00e1y h\u1ea5p ti\u1ec7t tr\u00f9ng ho\u1eb7c \u0111\u1eb7t s\u1ea3n ph\u1ea9m trong t\u1ee7 \u0111\u00f4ng, ng\u0103n \u0111\u00f4ng t\u1ee7 l\u1ea1nh<br \/>\n&#8211; Tr\u00e1nh ch\u00f9i r\u1eeda b\u1eb1ng d\u1ee5ng c\u1ee5 s\u1eafc nh\u1ecdn<br \/>\n&#8211; D\u00f9ng an to\u00e0n trong m\u00e1y r\u1eeda ch\u00e9n (d\u01b0\u1edbi 65\u00b0C)<br \/>\n&#8211; Sau khi v\u1ec7 sinh n\u00ean b\u1ea3o qu\u1ea3n t\u00e1ch r\u1eddi th\u00e2n, n\u1eafp \u0111\u1ec3 tr\u00e1nh h\u00ecnh th\u00e0nh m\u00f9i kh\u00f3 ch\u1ecbu. B\u1ea3o qu\u1ea3n n\u01a1i kh\u00f4 tho\u00e1ng<\/p>\n<p><img loading=\"lazy\" decoding=\"async\" class=\"alignnone size-medium wp-image-4771\" src=\"http:\/\/tupvietnam.com\/wp-content\/uploads\/2022\/03\/hbqtp_durian_keeper_tupvietnam1-502x281.jpeg\" alt=\"\" width=\"502\" height=\"281\" \/><\/p>\n","protected":false},"excerpt":{"rendered":"<p><strong>\u01afu \u0111i\u1ec3m v\u00e0 ti\u1ec7n \u00edch:<\/strong><br \/>\n&#8211; Ch\u1ea5t li\u1ec7u nh\u1ef1a nguy\u00ean sinh, an to\u00e0n ch\u1ee9a \u0111\u1ef1ng th\u1ef1c ph\u1ea9m<br \/>\n&#8211; N\u1eafp h\u1ed9p k\u00edn kh\u00ed, k\u00edn n\u01b0\u1edbc, kh\u00f4ng tho\u00e1t m\u00f9i th\u1ef1c ph\u1ea9m ra ngo\u00e0i v\u00e0 h\u1ea1n ch\u1ebf r\u00f2 r\u1ec9 khi mang \u0111i<br \/>\n&#8211; Thi\u1ebft k\u1ebf d\u1ea1ng m\u00f4-\u0111un c\u00f3 th\u1ec3 x\u1ebfp ch\u1ed3ng l\u00ean nhau, gi\u00fap ti\u1ebft ki\u1ec7m kh\u00f4ng gian l\u01b0u tr\u1eef<br \/>\n&#8211; H\u1ed9p c\u00f3 khay d\u1ea1ng l\u01b0\u1edbi, h\u1ea1n ch\u1ebf t\u00ecnh tr\u1ea1ng \u00fang n\u01b0\u1edbc, gi\u00fap b\u1ea3o qu\u1ea3n th\u1ef1c ph\u1ea9m t\u01b0\u01a1i ngon l\u00e2u h\u01a1n<\/p>\n","protected":false},"featured_media":4766,"comment_status":"open","ping_status":"closed","template":"","meta":[],"product_cat":[48,36],"product_tag":[93,94],"class_list":["post-4765","product","type-product","status-publish","has-post-thumbnail","hentry","product_cat-hop-tru-mat-trong-tu-lanh","product_cat-hop-bao-quan-thuc-pham-da-nang","product_tag-hop-bao-quan-thuc-pham","product_tag-hop-tron-ngan-mat"],"aioseo_notices":[],"_links":{"self":[{"href":"https:\/\/tiemtaphoa.xyz\/index.php\/wp-json\/wp\/v2\/product\/4765"}],"collection":[{"href":"https:\/\/tiemtaphoa.xyz\/index.php\/wp-json\/wp\/v2\/product"}],"about":[{"href":"https:\/\/tiemtaphoa.xyz\/index.php\/wp-json\/wp\/v2\/types\/product"}],"replies":[{"embeddable":true,"href":"https:\/\/tiemtaphoa.xyz\/index.php\/wp-json\/wp\/v2\/comments?post=4765"}],"wp:featuredmedia":[{"embeddable":true,"href":"https:\/\/tiemtaphoa.xyz\/index.php\/wp-json\/wp\/v2\/media\/4766"}],"wp:attachment":[{"href":"https:\/\/tiemtaphoa.xyz\/index.php\/wp-json\/wp\/v2\/media?parent=4765"}],"wp:term":[{"taxonomy":"product_cat","embeddable":true,"href":"https:\/\/tiemtaphoa.xyz\/index.php\/wp-json\/wp\/v2\/product_cat?post=4765"},{"taxonomy":"product_tag","embeddable":true,"href":"https:\/\/tiemtaphoa.xyz\/index.php\/wp-json\/wp\/v2\/product_tag?post=4765"}],"curies":[{"name":"wp","href":"https:\/\/api.w.org\/{rel}","templated":true}]}}