{"id":4793,"date":"2022-03-10T14:26:27","date_gmt":"2022-03-10T07:26:27","guid":{"rendered":"http:\/\/tupvietnam.com\/?post_type=product&#038;p=4793"},"modified":"2022-03-10T14:26:27","modified_gmt":"2022-03-10T07:26:27","slug":"bo-hop-com-small-round-click-to-go","status":"publish","type":"product","link":"https:\/\/tiemtaphoa.xyz\/index.php\/product\/bo-hop-com-small-round-click-to-go\/","title":{"rendered":"B\u1ed9 h\u1ed9p c\u01a1m Small Round Click To Go"},"content":{"rendered":"<p>Dung t\u00edch: 550ml (1 H\u1ed9p)\u0110\u01b0\u1eddng k\u00ednh: 16.2cm (k\u00e8m n\u1eafp)<br \/>\nChi\u1ec1u cao: 6.5cm (1 H\u1ed9p) \/30cm (4 h\u1ed9p k\u00e8m quai c\u1ea7m)<\/p>\n<p>Kh\u1ea3 n\u0103ng ch\u1ecbu nhi\u1ec7t:<br \/>\n&#8211; N\u1eafp, quai c\u1ea7m: 0 ~ 80 \u0111\u1ed9 C<br \/>\n&#8211; Th\u00e2n h\u1ed9p: 0 ~ 120 \u0111\u1ed9 C<\/p>\n<p><strong>\u01afu \u0111i\u1ec3m v\u00e0 ti\u1ec7n \u00edch:<\/strong><br \/>\n&#8211; Ch\u1ea5t li\u1ec7u nh\u1ef1a nguy\u00ean sinh, an to\u00e0n ch\u1ee9a \u0111\u1ef1ng th\u1ef1c ph\u1ea9m<br \/>\n&#8211; N\u1eafp k\u00edn kh\u00ed, k\u00edn n\u01b0\u1edbc, kh\u00f4ng tho\u00e1t m\u00f9i th\u1ef1c ph\u1ea9m ra ngo\u00e0i v\u00e0 h\u1ea1n ch\u1ebf r\u00f2 r\u1ec9 th\u1ef1c ph\u1ea9m khi mang \u0111i<br \/>\n&#8211; S\u1eed d\u1ee5ng \u0111\u01b0\u1ee3c trong l\u00f2 vi s\u00f3ng v\u1edbi ch\u1ebf \u0111\u1ed9 h\u00e2m n\u00f3ng (nhi\u1ec7t t\u1eeb th\u1ea5p \u0111\u1ebfn trung b\u00ecnh, d\u01b0\u1edbi 500W)<br \/>\n&#8211; Thi\u1ebft k\u1ebf khoen c\u00e0i th\u00f4ng minh tr\u00ean mi\u1ec7ng v\u00e0 \u0111\u00e1y m\u1ed7i h\u1ed9p gi\u00fap c\u00e1c h\u1ed9p k\u1ebft n\u1ed1i v\u1edbi nhau v\u00e0 d\u1ec5 d\u00e0ng g\u1eafn v\u00e0o quai c\u1ea7m<br \/>\n&#8211; B\u1ed9 h\u1ed9p k\u00e8m theo quai c\u1ea7m ti\u1ec7n l\u1ee3i, d\u1ec5 d\u00e0ng mang theo trong c\u00e1c ho\u1ea1t \u0111\u1ed9ng th\u01b0\u1eddng ng\u00e0y<br \/>\n&#8211; Ch\u1ea5t li\u1ec7u n\u1eafp d\u1ebbo gi\u00fap d\u1ec5 d\u00e0ng \u0111\u00f3ng, m\u1edf s\u1ea3n ph\u1ea9m<br \/>\n&#8211; Thi\u1ebft k\u1ebf h\u1ed9p c\u00f3 th\u1ec3 ch\u1ed3ng l\u00ean nhau, ti\u1ebft ki\u1ec7m kh\u00f4ng gian l\u01b0u tr\u1eef<br \/>\n<strong>C\u00f4ng d\u1ee5ng:<\/strong><br \/>\n&#8211; D\u00f9ng \u0111\u1ef1ng c\u00e1c lo\u1ea1i th\u1ef1c ph\u1ea9m ch\u1ebf bi\u1ebfn s\u1eb5n nh\u01b0: c\u01a1m, b\u00fan, ph\u1edf, canh, s\u00fap; th\u1ef1c ph\u1ea9m tr\u00e1ng mi\u1ec7ng: \u0111\u1ed3 ng\u1ecdt nh\u01b0 ch\u00e8, tr\u00e1i c\u00e2y c\u1eaft s\u1eb5n&#8230;<\/p>\n<p><img loading=\"lazy\" decoding=\"async\" class=\"alignnone size-medium wp-image-4800\" src=\"http:\/\/tupvietnam.com\/wp-content\/uploads\/2022\/03\/small_round_click_to_go_tupvietnamcom-480x281.jpeg\" alt=\"\" width=\"480\" height=\"281\" \/><br \/>\n<strong>C\u00e1ch b\u1ea3o qu\u1ea3n:<\/strong><br \/>\n&#8211; Kh\u00f4ng \u0111\u1ef1ng th\u1ef1c ph\u1ea9m qu\u00e1 \u0111\u1ea7y, n\u00ean c\u00e1ch mi\u1ec7ng h\u1ed9p 2cm<br \/>\n&#8211; Kh\u00f4ng n\u00ean d\u00f9ng s\u1ea3n ph\u1ea9m trong l\u00f2 vi s\u00f3ng v\u1edbi c\u00e1c ch\u1ebf \u0111\u1ed9 n\u1ea5u \u0103n (n\u01b0\u1edbng, h\u1ea5p) ho\u1eb7c ch\u1ebf \u0111\u1ed9 r\u00e3 \u0111\u00f4ng<br \/>\n&#8211; D\u00f9ng an to\u00e0n trong m\u00e1y r\u1eeda ch\u00e9n (d\u01b0\u1edbi 65\u00b0C)<br \/>\n&#8211; Kh\u00f4ng ti\u1ebfp x\u00fac ho\u1eb7c \u0111\u1ec3 g\u1ea7n ngu\u1ed3n nhi\u1ec7t \u0111\u1ec3 tr\u00e1nh n\u00f3ng ch\u1ea3y, bi\u1ebfn d\u1ea1ng<br \/>\n&#8211; Kh\u00f4ng s\u1eed d\u1ee5ng trong m\u00e1y h\u1ea5p ti\u1ec7t tr\u00f9ng, t\u1ee7 \u0111\u00f4ng ho\u1eb7c ng\u0103n \u0111\u00f4ng t\u1ee7 l\u1ea1nh<br \/>\n&#8211; Kh\u00f4ng ch\u00f9i r\u1eeda b\u1eb1ng d\u1ee5ng c\u1ee5 s\u1eafc nh\u1ecdn<br \/>\n&#8211; Kh\u00f4ng n\u00ean h\u00e2m c\u00e1c lo\u1ea1i th\u1ee9c \u0103n nhi\u1ec1u d\u1ea7u m\u1ee1 ho\u1eb7c caramel\/ \u0111\u01b0\u1eddng n\u00f3ng ch\u1ea3y v\u00ec nhi\u1ec7t \u0111\u1ed9 s\u00f4i c\u1ee7a c\u00e1c lo\u1ea1i th\u1ef1c ph\u1ea9m n\u00e0y r\u1ea5t cao (tr\u00ean 120\u00b0C)<br \/>\n&#8211; V\u1ec7 sinh ngay sau s\u1eed d\u1ee5ng v\u1edbi c\u00e1c th\u1ef1c ph\u1ea9m c\u00f3 \u0111\u1eadm m\u00e0u (c\u00e0 ri, s\u1ed1t c\u00e0 chua,&#8230;) \u0111\u1ec3 h\u1ea1n ch\u1ebf b\u00e1m m\u00e0u th\u1ef1c ph\u1ea9m (hi\u1ec7n t\u01b0\u1ee3ng b\u00e1m m\u00e0u kh\u00f4ng \u1ea3nh h\u01b0\u1edfng \u0111\u1ebfn ch\u1ee9c n\u0103ng s\u1eed d\u1ee5ng c\u1ee7a s\u1ea3n ph\u1ea9m)<\/p>\n<p>&#8211; Khi h\u00e2m n\u00f3ng trong l\u00f2 vi s\u00f3ng ph\u1ea3i m\u1edf to\u00e0n b\u1ed9 n\u1eafp, n\u00ean s\u1eed d\u1ee5ng ch\u1ebf \u0111\u1ed9 trung b\u00ecnh 500W v\u00e0 d\u01b0\u1edbi 3 ph\u00fat. N\u1ebfu mu\u1ed1n h\u00e2m n\u00f3ng trong kho\u1ea3ng th\u1eddi gian l\u00e2u h\u01a1n 3 ph\u00fat, t\u1ea1m ng\u01b0ng nhi\u1ec1u l\u1ea7n v\u00e0 \u0111\u1ea3o \u0111\u1ec1u th\u1ef1c ph\u1ea9m<br \/>\n&#8211; Khi m\u1edf n\u1eafp h\u1ed9p ngay sau khi v\u1eeba h\u00e2m n\u00f3ng, n\u00ean gi\u1eef kho\u1ea3ng c\u00e1ch an to\u00e0n tr\u00e1nh h\u01a1i n\u00f3ng ph\u1ea3 tr\u1ef1c ti\u1ebfp v\u00e0o ng\u01b0\u1eddi. Ch\u00fa \u00fd khi s\u1eed d\u1ee5ng v\u1edbi tr\u1ebb em<br \/>\n<strong>L\u01b0u \u00fd:<\/strong>\u00a0Kh\u00f4ng s\u1eed d\u1ee5ng s\u1ea3n ph\u1ea9m v\u1edbi c\u00f4ng su\u1ea5t cao tr\u00ean 500W ho\u1eb7c h\u00e2m n\u00f3ng th\u1ef1c ph\u1ea9m trong th\u1eddi gian d\u00e0i m\u00e0 kh\u00f4ng \u0111\u1ea3o \u0111\u1ec1u th\u1ef1c ph\u1ea9m b\u00ean trong \u0111\u1ec3 tr\u00e1nh t\u00ecnh tr\u1ea1ng bi\u1ebfn d\u1ea1ng s\u1ea3n ph\u1ea9m<\/p>\n<p><img loading=\"lazy\" decoding=\"async\" class=\"size-medium wp-image-4799 alignleft\" src=\"http:\/\/tupvietnam.com\/wp-content\/uploads\/2022\/03\/small_round_click_to_go_tupvietnam-487x281.jpeg\" alt=\"\" width=\"487\" height=\"281\" \/><\/p>\n","protected":false},"excerpt":{"rendered":"<p><strong>\u01afu \u0111i\u1ec3m v\u00e0 ti\u1ec7n \u00edch:<\/strong><br \/>\n&#8211; Ch\u1ea5t li\u1ec7u nh\u1ef1a nguy\u00ean sinh, an to\u00e0n ch\u1ee9a \u0111\u1ef1ng th\u1ef1c ph\u1ea9m<br \/>\n&#8211; N\u1eafp k\u00edn kh\u00ed, k\u00edn n\u01b0\u1edbc, kh\u00f4ng tho\u00e1t m\u00f9i th\u1ef1c ph\u1ea9m ra ngo\u00e0i v\u00e0 h\u1ea1n ch\u1ebf r\u00f2 r\u1ec9 th\u1ef1c ph\u1ea9m khi mang \u0111i<br \/>\n&#8211; S\u1eed d\u1ee5ng \u0111\u01b0\u1ee3c trong l\u00f2 vi s\u00f3ng v\u1edbi ch\u1ebf \u0111\u1ed9 h\u00e2m n\u00f3ng (nhi\u1ec7t t\u1eeb th\u1ea5p \u0111\u1ebfn trung b\u00ecnh, d\u01b0\u1edbi 500W)<br \/>\n&#8211; Thi\u1ebft k\u1ebf khoen c\u00e0i th\u00f4ng minh tr\u00ean mi\u1ec7ng v\u00e0 \u0111\u00e1y m\u1ed7i h\u1ed9p gi\u00fap c\u00e1c h\u1ed9p k\u1ebft n\u1ed1i v\u1edbi nhau v\u00e0 d\u1ec5 d\u00e0ng g\u1eafn v\u00e0o quai c\u1ea7m<br \/>\n&#8211; B\u1ed9 h\u1ed9p k\u00e8m theo quai c\u1ea7m ti\u1ec7n l\u1ee3i, d\u1ec5 d\u00e0ng mang theo trong c\u00e1c ho\u1ea1t \u0111\u1ed9ng th\u01b0\u1eddng ng\u00e0y<br \/>\n&#8211; Ch\u1ea5t li\u1ec7u n\u1eafp d\u1ebbo gi\u00fap d\u1ec5 d\u00e0ng \u0111\u00f3ng, m\u1edf s\u1ea3n ph\u1ea9m<br \/>\n&#8211; Thi\u1ebft k\u1ebf h\u1ed9p c\u00f3 th\u1ec3 ch\u1ed3ng l\u00ean nhau, ti\u1ebft ki\u1ec7m kh\u00f4ng gian l\u01b0u tr\u1eef<\/p>\n","protected":false},"featured_media":4794,"comment_status":"open","ping_status":"closed","template":"","meta":[],"product_cat":[15,58],"product_tag":[87,88,89],"class_list":["post-4793","product","type-product","status-publish","has-post-thumbnail","hentry","product_cat-san-pham-moi","product_cat-hop-dung-com-hop-ham-lo-vi-song","product_tag-bo-hop-com","product_tag-bo-hop-com-small-round-click-to-go","product_tag-hop-com"],"aioseo_notices":[],"_links":{"self":[{"href":"https:\/\/tiemtaphoa.xyz\/index.php\/wp-json\/wp\/v2\/product\/4793"}],"collection":[{"href":"https:\/\/tiemtaphoa.xyz\/index.php\/wp-json\/wp\/v2\/product"}],"about":[{"href":"https:\/\/tiemtaphoa.xyz\/index.php\/wp-json\/wp\/v2\/types\/product"}],"replies":[{"embeddable":true,"href":"https:\/\/tiemtaphoa.xyz\/index.php\/wp-json\/wp\/v2\/comments?post=4793"}],"wp:featuredmedia":[{"embeddable":true,"href":"https:\/\/tiemtaphoa.xyz\/index.php\/wp-json\/wp\/v2\/media\/4794"}],"wp:attachment":[{"href":"https:\/\/tiemtaphoa.xyz\/index.php\/wp-json\/wp\/v2\/media?parent=4793"}],"wp:term":[{"taxonomy":"product_cat","embeddable":true,"href":"https:\/\/tiemtaphoa.xyz\/index.php\/wp-json\/wp\/v2\/product_cat?post=4793"},{"taxonomy":"product_tag","embeddable":true,"href":"https:\/\/tiemtaphoa.xyz\/index.php\/wp-json\/wp\/v2\/product_tag?post=4793"}],"curies":[{"name":"wp","href":"https:\/\/api.w.org\/{rel}","templated":true}]}}