{"id":4801,"date":"2022-03-10T14:37:49","date_gmt":"2022-03-10T07:37:49","guid":{"rendered":"http:\/\/tupvietnam.com\/?post_type=product&#038;p=4801"},"modified":"2023-01-24T01:00:10","modified_gmt":"2023-01-23T18:00:10","slug":"binh-nuoc-tupperware-eco-bottle-gen-ii-750ml","status":"publish","type":"product","link":"https:\/\/tiemtaphoa.xyz\/index.php\/product\/binh-nuoc-tupperware-eco-bottle-gen-ii-750ml\/","title":{"rendered":"B\u00ecnh N\u01b0\u1edbc Tupperware Eco Bottle Gen II 750ml"},"content":{"rendered":"<p>Dung t\u00edch: 750ml<\/p>\n<p>K\u00edch th\u01b0\u1edbc: 25.7cm x 7.6cm<\/p>\n<p>\u01afu \u0111i\u1ec3m v\u00e0 ti\u1ec7n \u00edch:<\/p>\n<p>Kh\u1ea3 n\u0103ng ch\u1ecbu nhi\u1ec7t: 0 ~ 80\u2070C<\/p>\n<p>o Ch\u1ea5t li\u1ec7u nh\u1ef1a PP nguy\u00ean sinh, an to\u00e0n cho s\u1ee9c kh\u1ecfe.<\/p>\n<p>o Thi\u1ebft k\u1ebf eo thon d\u1ec5 c\u1ea7m n\u1eafm.<\/p>\n<p>o Th\u00e2n b\u00ecnh c\u00f3 c\u00e1c \u0111\u01b0\u1eddng r\u00e3nh gi\u00fap b\u00ecnh n\u1eb1m c\u1ed1 \u0111\u1ecbnh tr\u00ean m\u1eb7t ph\u1eb3ng.<\/p>\n<p>o Th\u00e2n trong gi\u00fap d\u1ec5 nh\u1eadn bi\u1ebft l\u01b0\u1ee3ng n\u01b0\u1edbc b\u00ean trong.<\/p>\n<p>o N\u1eafp b\u1eadt ti\u1ec7n l\u1ee3i khi u\u1ed1ng tr\u1ef1c ti\u1ebfp.<\/p>\n<p>o N\u1eafp k\u00edn h\u1ea1n ch\u1ebf r\u1ec9 n\u01b0\u1edbc ra ngo\u00e0i khi mang \u0111i.<\/p>\n<p>o N\u1eafp k\u00edn kh\u00ed gi\u1eef tr\u1ecdn h\u01b0\u01a1ng v\u1ecb tr\u00e1i c\u00e2y.<\/p>\n<p>o K\u00edch th\u01b0\u1edbc v\u1eeba ph\u1ea3i, d\u00e2y \u0111eo ti\u1ec7n l\u1ee3i, th\u00edch h\u1ee3p mang theo trong c\u00e1c ho\u1ea1t \u0111\u1ed9ng th\u01b0\u1eddng ng\u00e0y.<\/p>\n<p>o \u0110\u1ed9 b\u1ec1n cao, c\u00f3 th\u1ec3 t\u00e1i s\u1eed d\u1ee5ng gi\u00fap b\u1ea3o v\u1ec7 m\u00f4i tr\u01b0\u1eddng.<\/p>\n<p>C\u00f4ng d\u1ee5ng:<\/p>\n<p>D\u00f9ng \u0111\u1ec3 \u0111\u1ef1ng n\u01b0\u1edbc ho\u1eb7c c\u00e1c lo\u1ea1i n\u01b0\u1edbc, n\u01b0\u1edbc tr\u00e1i c\u00e2y, s\u1eefa, sinh t\u1ed1 v\u00e0 mang ra ngo\u00e0i (\u0111\u1ebfn tr\u01b0\u1eddng, sinh ho\u1ea1t ngo\u1ea1i kh\u00f3a&#8230;)<\/p>\n<p>C\u00e1ch b\u1ea3o qu\u1ea3n:<\/p>\n<p>&nbsp;<\/p>\n<p>o D\u00f9ng an to\u00e0n trong m\u00e1y r\u1eeda ch\u00e9n (d\u01b0\u1edbi 65\u2070C)<\/p>\n<p>o Kh\u00f4ng ti\u1ebfp x\u00fac ho\u1eb7c \u0111\u1ec3 g\u1ea7n ngu\u1ed3n l\u1eeda \u0111\u1ec3 tr\u00e1nh n\u00f3ng ch\u1ea3y, bi\u1ebfn d\u1ea1ng.<\/p>\n<p>o Kh\u00f4ng ch\u00f9i r\u1eeda b\u1eb1ng d\u1ee5ng c\u1ee5 s\u1eafc nh\u1ecdn ho\u1eb7c \u0111\u1eb7t s\u1ea3n ph\u1ea9m trong ng\u0103n \u0111\u00f4ng t\u1ee7 l\u1ea1nh.<\/p>\n<p>o Kh\u00f4ng s\u1eed d\u1ee5ng trong l\u00f2 vi s\u00f3ng, m\u00e1y h\u1ea5p ti\u1ec7t tr\u00f9ng.<\/p>\n<p>o Tr\u00e1nh \u0111\u1ef1ng c\u00e1c th\u1ee9c u\u1ed1ng c\u00f3 gas v\u00ec s\u1ef1 gi\u00e3n n\u1edf c\u1ee7a kh\u00ed s\u1ebd l\u00e0m n\u1eafp b\u00ecnh b\u1ecb b\u1eadt l\u00ean, khi\u1ebfn \u0111\u1ed3 u\u1ed1ng\u00a0tr\u00e0n ra ngo\u00e0i.<\/p>\n<p>*** B\u1ea3o h\u00e0nh tr\u1ecdn v\u00f2ng \u0111\u1eddi s\u1ea3n ph\u1ea9m theo ch\u00ednh s\u00e1ch c\u1ee7a Tupperware Vi\u1ec7t Nam<\/p>\n","protected":false},"excerpt":{"rendered":"<p>N\u01b0\u1edbc c\u00f3 vai tr\u00f2 th\u1ea3i \u0111\u1ed9c t\u1ebf b\u00e0o, u\u1ed1ng nhi\u1ec1u n\u01b0\u1edbc gi\u00fap vi\u1ec7c \u0111\u00e0o th\u1ea3i \u0111\u1ed9c t\u1ed1 ra ngo\u00e0i c\u01a1 th\u1ec3 t\u1ed1t h\u01a1n \u0111\u1ed3ng th\u1eddi c\u00f2n gi\u00fap l\u00e0m lo\u00e3ng n\u1ed3ng \u0111\u1ed9 c\u00e1c ch\u1ea5t \u0111\u1ed9c h\u1ea1i c\u00f3 trong c\u01a1 th\u1ec3. C\u00e1c con \u0111\u01b0\u1eddng \u0111\u00e0o th\u1ea3i \u0111\u1ed9c t\u1ed1 th\u01b0\u1eddng l\u00e0 n\u01b0\u1edbc ti\u1ec3u, \u0111\u1ed5 m\u1ed3 h\u00f4i, h\u01a1i th\u1edf, ru\u1ed9t\u2026<\/p>\n<p>Khi ch\u00fang ta \u0103n, th\u1ee9c \u0103n kh\u00f4ng cung c\u1ea5p \u0111\u1ee7 \u0111\u1ed9 \u1ea9m v\u00ec theo t\u00ednh to\u00e1n trung b\u00ecnh m\u1ed7i ng\u00e0y ch\u00fang ta ph\u1ea3i b\u1ed5 sung 2 l\u00edt n\u01b0\u1edbc \u0111\u1ec3 b\u00f9 v\u00e0o l\u01b0\u1ee3ng n\u01b0\u1edbc m\u1ea5t \u0111i do b\u1ecb th\u1ea3i ra ngo\u00e0i qua n\u01b0\u1edbc ti\u1ec3u, m\u1ed3 h\u00f4i (ngay c\u1ea3 d\u01b0\u1edbi 0 \u0111\u1ed9, ch\u00fang ta v\u1eabn ra m\u1ed3 h\u00f4i), ph\u00e2n v\u00e0 h\u01a1i th\u1edf.<\/p>\n<p>M\u1ed9t trong nh\u1eefng\u00a0l\u00fd do quan tr\u1ecdng\u00a0l\u00e0 v\u00ec s\u1ee9c kh\u1ecfe c\u1ee7a ch\u00ednh b\u1ea3n th\u00e2n.\u00a0Ch\u00fang ta th\u01b0\u1eddng xuy\u00ean \u0111i l\u1ea1i, g\u1eb7p g\u1ee1, l\u00e0m vi\u1ec7c, v\u00e0 vi\u1ec7c u\u1ed1ng n\u01b0\u1edbc r\u1ea5t quan tr\u1ecdng th\u00ec ch\u00fang ta l\u1ea1i r\u1ea5t d\u1ec5 qu\u00ean.\u00a0Vi\u1ec7c mang theo b\u00ecnh n\u01b0\u1edbc c\u00e1 nh\u00e2n l\u00e0 m\u1ed9t l\u1ef1a ch\u1ecdn an t\u00e2m v\u00e0 c\u1ef1c k\u1ef3 ti\u1ec7n l\u1ee3i, d\u00f9 \u0111\u00f3 l\u00e0 khi \u0111i d\u00e3 ngo\u1ea1i, h\u1eb9n h\u00f2 hay tham gia h\u1ed9i thao\u2026\u00a0 \u0110\u1eb7c bi\u1ec7t, v\u00e0o nh\u1eefng ng\u00e0y h\u00e8 n\u1eafng n\u00f3ng, ch\u00fang ta d\u1ec5 b\u1ecb\u00a0 say n\u1eafng. Do \u0111\u00f3,\u00a0vi\u1ec7c b\u1ed5 sung n\u01b0\u1edbc k\u1ecbp th\u1eddi l\u00e0 v\u00f4 c\u00f9ng quan tr\u1ecdng, n\u00ean vi\u1ec7c c\u00f3 m\u1ed9t b\u00ecnh n\u01b0\u1edbc lu\u00f4n mang b\u00ean m\u00ecnh l\u00e0 \u0111i\u1ec1u d\u1ec5 hi\u1ec3u.<\/p>\n","protected":false},"featured_media":4806,"comment_status":"open","ping_status":"closed","template":"","meta":[],"product_cat":[85],"product_tag":[90,92,91],"class_list":["post-4801","product","type-product","status-publish","has-post-thumbnail","hentry","product_cat-binh-nuoc-cac-loai","product_tag-binh-nuoc","product_tag-binh-nuoc-tupperware-eco-bottle-gen-ii-750ml","product_tag-eco-bottle-gen-ii-750ml"],"aioseo_notices":[],"_links":{"self":[{"href":"https:\/\/tiemtaphoa.xyz\/index.php\/wp-json\/wp\/v2\/product\/4801"}],"collection":[{"href":"https:\/\/tiemtaphoa.xyz\/index.php\/wp-json\/wp\/v2\/product"}],"about":[{"href":"https:\/\/tiemtaphoa.xyz\/index.php\/wp-json\/wp\/v2\/types\/product"}],"replies":[{"embeddable":true,"href":"https:\/\/tiemtaphoa.xyz\/index.php\/wp-json\/wp\/v2\/comments?post=4801"}],"wp:featuredmedia":[{"embeddable":true,"href":"https:\/\/tiemtaphoa.xyz\/index.php\/wp-json\/wp\/v2\/media\/4806"}],"wp:attachment":[{"href":"https:\/\/tiemtaphoa.xyz\/index.php\/wp-json\/wp\/v2\/media?parent=4801"}],"wp:term":[{"taxonomy":"product_cat","embeddable":true,"href":"https:\/\/tiemtaphoa.xyz\/index.php\/wp-json\/wp\/v2\/product_cat?post=4801"},{"taxonomy":"product_tag","embeddable":true,"href":"https:\/\/tiemtaphoa.xyz\/index.php\/wp-json\/wp\/v2\/product_tag?post=4801"}],"curies":[{"name":"wp","href":"https:\/\/api.w.org\/{rel}","templated":true}]}}