{"id":4864,"date":"2022-03-10T19:57:08","date_gmt":"2022-03-10T12:57:08","guid":{"rendered":"http:\/\/tupvietnam.com\/?post_type=product&#038;p=4864"},"modified":"2023-03-10T09:10:21","modified_gmt":"2023-03-10T02:10:21","slug":"bo-hop-tru-mat-co-nut-ho-hap-ventsmart-4-hop","status":"publish","type":"product","link":"https:\/\/tiemtaphoa.xyz\/index.php\/product\/bo-hop-tru-mat-co-nut-ho-hap-ventsmart-4-hop\/","title":{"rendered":"B\u1ed9 h\u1ed9p tr\u1eef m\u00e1t c\u00f3 n\u00fat h\u00f4 h\u1ea5p Ventsmart 4 h\u1ed9p"},"content":{"rendered":"<p><strong>Dung t\u00edch v\u00e0 k\u00edch th\u01b0\u1edbc:<\/strong><\/p>\n<p>1.8L\/ 19 x 14 x 13.5cm (2) &#8211; 495.000 \u0111\u1ed3ng\/ c\u00e1i<\/p>\n<p>4.4L\/ 28.5 x 19 x 13.5cm (2)\u00a0&#8211; 748.000 \u0111\u1ed3ng\/ c\u00e1i<\/p>\n<p><strong>\u01afu \u0111i\u1ec3m v\u00e0 ti\u1ec7n \u00edch:<\/strong><\/p>\n<p>&#8211; B\u1ed9 h\u1ed9p b\u1ea3o qu\u1ea3n th\u1ef1c ph\u1ea9m c\u00f3 thi\u1ebft k\u1ebf th\u00f4ng minh v\u01b0\u1ee3t tr\u1ed9i<\/p>\n<p>&#8211; H\u01b0\u1edbng d\u1eabn b\u1ea3o qu\u1ea3n rau c\u1ee7 qu\u1ea3 theo nh\u00f3m h\u00f4 h\u1ea5p \u0111\u01b0\u1ee3c in tr\u1ef1c ti\u1ebfp tr\u00ean th\u00e2n h\u1ed9p nh\u1ef1a<\/p>\n<p>&#8211; Vent \u0111i\u1ec1u ch\u1ec9nh 3 h\u1ec7 th\u1ed1ng h\u00f4 h\u1ea5p kh\u00e1c nhau n\u1eb1m ngay tr\u00ean n\u1eafp h\u1ed9p b\u1ea3o qu\u1ea3n th\u1ef1c ph\u1ea9m<\/p>\n<p>&#8211; Thi\u1ebft k\u1ebf 4 h\u1ed1c \u1edf \u0111\u00e1y l\u00e0 n\u01a1i t\u1ee5 n\u01b0\u1edbc th\u1eeba t\u1eeb qu\u00e1 tr\u00ecnh h\u00f4 h\u1ea5p\/r\u1eeda rau, tr\u00e1nh vi\u1ec7c ti\u1ebfp x\u00fac tr\u1ef1c ti\u1ebfp c\u1ee7a n\u01b0\u1edbc v\u00e0 rau qu\u1ea3 d\u1eabn \u0111\u1ebfn \u00fang v\u00e0 th\u1ed1i<\/p>\n<p>&#8211; T\u1ed1i \u0111a h\u00f3a kh\u00f4ng gian t\u1ee7 l\u1ea1nh: S\u1ea3n ph\u1ea9m c\u00f3 nhi\u1ec1u k\u00edch c\u1ee1 nh\u01b0ng thi\u1ebft k\u1ebf theo d\u1ea1ng m\u00f4 \u0111un, ho\u00e0n to\u00e0n c\u00f3 th\u1ec3 x\u1ebfp ch\u1ed3ng c\u00e1c h\u1ed9p tr\u1eef m\u00e1t Tupperware l\u00ean nhau th\u00e0nh kh\u1ed1i, r\u1ea5t ti\u1ebft ki\u1ec7m di\u1ec7n t\u00edch<\/p>\n<p>&#8211; Nh\u1ef1a an to\u00e0n: ch\u1ea5t li\u1ec7u nh\u1ef1a nguy\u00ean sinh kh\u00f4ng ch\u1ee9a BPA, an to\u00e0n \u0111\u1ef1ng th\u1ef1c ph\u1ea9m v\u00e0 an to\u00e0n khi d\u00f9ng trong m\u00f4i tr\u01b0\u1eddng nhi\u1ec7t \u0111\u1ed9 th\u1ea5p trong t\u1ee7 l\u1ea1nh<\/p>\n<p>&#8211; D\u00f9ng an to\u00e0n trong m\u00e1y r\u1eeda ch\u00e9n d\u01b0\u1edbi 65 \u0111\u1ed9 C<\/p>\n<p><strong>C\u00f4ng d\u1ee5ng:\u00a0<\/strong><\/p>\n<p>&#8211; B\u1ed9 h\u1ed9p tr\u1eef m\u00e1t Tupperware chuy\u00ean d\u00f9ng l\u01b0u tr\u1eef c\u00e1c lo\u1ea1i rau c\u1ee7 qu\u1ea3 t\u01b0\u01a1i trong ng\u0103n m\u00e1t t\u1ee7 l\u1ea1nh<\/p>\n","protected":false},"excerpt":{"rendered":"<p><strong>\u01afu \u0111i\u1ec3m v\u00e0 ti\u1ec7n \u00edch:<\/strong><\/p>\n<p>&#8211; B\u1ed9 h\u1ed9p b\u1ea3o qu\u1ea3n th\u1ef1c ph\u1ea9m c\u00f3 thi\u1ebft k\u1ebf th\u00f4ng minh v\u01b0\u1ee3t tr\u1ed9i<\/p>\n<p>&#8211; H\u01b0\u1edbng d\u1eabn b\u1ea3o qu\u1ea3n rau c\u1ee7 qu\u1ea3 theo nh\u00f3m h\u00f4 h\u1ea5p \u0111\u01b0\u1ee3c in tr\u1ef1c ti\u1ebfp tr\u00ean th\u00e2n h\u1ed9p nh\u1ef1a<\/p>\n<p>&#8211; Vent \u0111i\u1ec1u ch\u1ec9nh 3 h\u1ec7 th\u1ed1ng h\u00f4 h\u1ea5p kh\u00e1c nhau n\u1eb1m ngay tr\u00ean n\u1eafp h\u1ed9p b\u1ea3o qu\u1ea3n th\u1ef1c ph\u1ea9m<\/p>\n<p>&#8211; Thi\u1ebft k\u1ebf 4 h\u1ed1c \u1edf \u0111\u00e1y l\u00e0 n\u01a1i t\u1ee5 n\u01b0\u1edbc th\u1eeba t\u1eeb qu\u00e1 tr\u00ecnh h\u00f4 h\u1ea5p\/r\u1eeda rau, tr\u00e1nh vi\u1ec7c ti\u1ebfp x\u00fac tr\u1ef1c ti\u1ebfp c\u1ee7a n\u01b0\u1edbc v\u00e0 rau qu\u1ea3 d\u1eabn \u0111\u1ebfn \u00fang v\u00e0 th\u1ed1i<\/p>\n<p>&#8211; T\u1ed1i \u0111a h\u00f3a kh\u00f4ng gian t\u1ee7 l\u1ea1nh: S\u1ea3n ph\u1ea9m c\u00f3 nhi\u1ec1u k\u00edch c\u1ee1 nh\u01b0ng thi\u1ebft k\u1ebf theo d\u1ea1ng m\u00f4 \u0111un, ho\u00e0n to\u00e0n c\u00f3 th\u1ec3 x\u1ebfp ch\u1ed3ng c\u00e1c h\u1ed9p tr\u1eef m\u00e1t Tupperware l\u00ean nhau th\u00e0nh kh\u1ed1i, r\u1ea5t ti\u1ebft ki\u1ec7m di\u1ec7n t\u00edch<\/p>\n<p>&#8211; Nh\u1ef1a an to\u00e0n: ch\u1ea5t li\u1ec7u nh\u1ef1a nguy\u00ean sinh kh\u00f4ng ch\u1ee9a BPA, an to\u00e0n \u0111\u1ef1ng th\u1ef1c ph\u1ea9m v\u00e0 an to\u00e0n khi d\u00f9ng trong m\u00f4i tr\u01b0\u1eddng nhi\u1ec7t \u0111\u1ed9 th\u1ea5p trong t\u1ee7 l\u1ea1nh<\/p>\n<p>&#8211; D\u00f9ng an to\u00e0n trong m\u00e1y r\u1eeda ch\u00e9n d\u01b0\u1edbi 65 \u0111\u1ed9 C<\/p>\n","protected":false},"featured_media":4865,"comment_status":"open","ping_status":"closed","template":"","meta":[],"product_cat":[48],"product_tag":[],"class_list":["post-4864","product","type-product","status-publish","has-post-thumbnail","hentry","product_cat-hop-tru-mat-trong-tu-lanh"],"aioseo_notices":[],"_links":{"self":[{"href":"https:\/\/tiemtaphoa.xyz\/index.php\/wp-json\/wp\/v2\/product\/4864"}],"collection":[{"href":"https:\/\/tiemtaphoa.xyz\/index.php\/wp-json\/wp\/v2\/product"}],"about":[{"href":"https:\/\/tiemtaphoa.xyz\/index.php\/wp-json\/wp\/v2\/types\/product"}],"replies":[{"embeddable":true,"href":"https:\/\/tiemtaphoa.xyz\/index.php\/wp-json\/wp\/v2\/comments?post=4864"}],"wp:featuredmedia":[{"embeddable":true,"href":"https:\/\/tiemtaphoa.xyz\/index.php\/wp-json\/wp\/v2\/media\/4865"}],"wp:attachment":[{"href":"https:\/\/tiemtaphoa.xyz\/index.php\/wp-json\/wp\/v2\/media?parent=4864"}],"wp:term":[{"taxonomy":"product_cat","embeddable":true,"href":"https:\/\/tiemtaphoa.xyz\/index.php\/wp-json\/wp\/v2\/product_cat?post=4864"},{"taxonomy":"product_tag","embeddable":true,"href":"https:\/\/tiemtaphoa.xyz\/index.php\/wp-json\/wp\/v2\/product_tag?post=4864"}],"curies":[{"name":"wp","href":"https:\/\/api.w.org\/{rel}","templated":true}]}}