{"id":4871,"date":"2022-03-10T20:16:21","date_gmt":"2022-03-10T13:16:21","guid":{"rendered":"http:\/\/tupvietnam.com\/?post_type=product&#038;p=4871"},"modified":"2023-03-19T15:48:52","modified_gmt":"2023-03-19T08:48:52","slug":"bo-hop-tru-mat-tupperware-fresh-clear-5-hop","status":"publish","type":"product","link":"https:\/\/tiemtaphoa.xyz\/index.php\/product\/bo-hop-tru-mat-tupperware-fresh-clear-5-hop\/","title":{"rendered":"B\u1ed9 h\u1ed9p tr\u1eef m\u00e1t Tupperware Fresh Clear 5 h\u1ed9p"},"content":{"rendered":"<p>B\u1ed9 h\u1ed9p tr\u1eef m\u00e1t Tupperware Fresh Clear 5 h\u1ed9p c\u00f3 dung t\u00edch \u0111a d\u1ea1ng \u0111\u01b0\u1ee3c thi\u1ebft k\u1ebf n\u1eafp k\u00edn gi\u00fap b\u1ea3o qu\u1ea3n th\u1ef1c ph\u1ea9m \u0111\u00e3 n\u1ea5u ho\u1eb7c th\u1ef1c ph\u1ea9m qua s\u01a1 ch\u1ebf nh\u01b0 rau c\u1ee7 qu\u1ea3, tr\u00e1i c\u00e2y hoa qu\u1ea3 c\u1eaft s\u1eb5n\u2026 lu\u00f4n \u0111\u01b0\u1ee3c t\u01b0\u01a1i ngon trong ng\u0103n m\u00e1t t\u1ee7 l\u1ea1nh.<\/p>\n<p><img loading=\"lazy\" decoding=\"async\" class=\"alignnone size-medium wp-image-4874\" src=\"http:\/\/tupvietnam.com\/wp-content\/uploads\/2022\/03\/freshclear_kichthuoc_tupvietnam-499x281.png\" alt=\"\" width=\"499\" height=\"281\" \/><\/p>\n<ul>\n<li>Ch\u1ea5t li\u1ec7u b\u1ed9 h\u1ed9p tr\u1eef m\u00e1t Tupperware Fresh Clear 5 h\u1ed9p l\u00e0 nh\u1ef1a nguy\u00ean sinh, an to\u00e0n ti\u1ebfp x\u00fac th\u1ef1c ph\u1ea9m<\/li>\n<li>\u0110\u1eb7c bi\u1ec7t th\u00e2n h\u1ed9p trong veo nh\u01b0 thu\u1ef7 tinh, d\u1ec5 nh\u1eadn bi\u1ebft th\u1ef1c ph\u1ea9m b\u00ean trong h\u1ed9p<\/li>\n<li>N\u1eafp h\u1ed9p thi\u1ebft k\u1ebf k\u00edn kh\u00ed, gi\u00fap m\u00f9i th\u1ef1c ph\u1ea9m kh\u00f4ng tho\u00e1t ra ngo\u00e0i h\u1ed9p, g\u00e2y nhi\u1ec5m m\u00f9i ch\u00e9o trong ng\u0103n m\u00e1t t\u1ee7 l\u1ea1nh<\/li>\n<li>Ch\u1ea5t li\u1ec7u n\u1eafp d\u1ebbo, gi\u00fap \u0111\u00f3ng m\u1edf d\u1ec5 d\u00e0ng<\/li>\n<li>Thi\u1ebft k\u1ebf d\u1ea1ng modun d\u1ec5 d\u00e0ng x\u1ebfp ch\u1ed3ng l\u00ean nhau, ti\u1ebft ki\u1ec7m kh\u00f4ng gian l\u01b0u tr\u1eef<\/li>\n<\/ul>\n<p><img loading=\"lazy\" decoding=\"async\" class=\"alignnone size-medium wp-image-4875\" src=\"http:\/\/tupvietnam.com\/wp-content\/uploads\/2022\/03\/freshclear_uudiem_tupvietnam-499x281.png\" alt=\"\" width=\"499\" height=\"281\" \/><\/p>\n","protected":false},"excerpt":{"rendered":"<p>B\u1ed9 h\u1ed9p tr\u1eef m\u00e1t Tupperware Fresh Clear 5 h\u1ed9p c\u00f3 dung t\u00edch \u0111a d\u1ea1ng \u0111\u01b0\u1ee3c thi\u1ebft k\u1ebf n\u1eafp k\u00edn gi\u00fap b\u1ea3o qu\u1ea3n th\u1ef1c ph\u1ea9m \u0111\u00e3 n\u1ea5u ho\u1eb7c th\u1ef1c ph\u1ea9m qua s\u01a1 ch\u1ebf nh\u01b0 rau c\u1ee7 qu\u1ea3, tr\u00e1i c\u00e2y hoa qu\u1ea3 c\u1eaft s\u1eb5n\u2026 lu\u00f4n \u0111\u01b0\u1ee3c t\u01b0\u01a1i ngon trong ng\u0103n m\u00e1t t\u1ee7 l\u1ea1nh.<\/p>\n","protected":false},"featured_media":4873,"comment_status":"open","ping_status":"closed","template":"","meta":[],"product_cat":[48],"product_tag":[83,95],"class_list":["post-4871","product","type-product","status-publish","has-post-thumbnail","hentry","product_cat-hop-tru-mat-trong-tu-lanh","product_tag-bo-hop-tru-mat","product_tag-fresh-clear-5"],"aioseo_notices":[],"_links":{"self":[{"href":"https:\/\/tiemtaphoa.xyz\/index.php\/wp-json\/wp\/v2\/product\/4871"}],"collection":[{"href":"https:\/\/tiemtaphoa.xyz\/index.php\/wp-json\/wp\/v2\/product"}],"about":[{"href":"https:\/\/tiemtaphoa.xyz\/index.php\/wp-json\/wp\/v2\/types\/product"}],"replies":[{"embeddable":true,"href":"https:\/\/tiemtaphoa.xyz\/index.php\/wp-json\/wp\/v2\/comments?post=4871"}],"wp:featuredmedia":[{"embeddable":true,"href":"https:\/\/tiemtaphoa.xyz\/index.php\/wp-json\/wp\/v2\/media\/4873"}],"wp:attachment":[{"href":"https:\/\/tiemtaphoa.xyz\/index.php\/wp-json\/wp\/v2\/media?parent=4871"}],"wp:term":[{"taxonomy":"product_cat","embeddable":true,"href":"https:\/\/tiemtaphoa.xyz\/index.php\/wp-json\/wp\/v2\/product_cat?post=4871"},{"taxonomy":"product_tag","embeddable":true,"href":"https:\/\/tiemtaphoa.xyz\/index.php\/wp-json\/wp\/v2\/product_tag?post=4871"}],"curies":[{"name":"wp","href":"https:\/\/api.w.org\/{rel}","templated":true}]}}