{"id":4895,"date":"2022-03-14T15:46:04","date_gmt":"2022-03-14T08:46:04","guid":{"rendered":"http:\/\/tupvietnam.com\/?post_type=product&#038;p=4895"},"modified":"2023-03-16T17:40:40","modified_gmt":"2023-03-16T10:40:40","slug":"bo-hop-tru-dong-tupperware-essential-set-7","status":"publish","type":"product","link":"https:\/\/tiemtaphoa.xyz\/index.php\/product\/bo-hop-tru-dong-tupperware-essential-set-7\/","title":{"rendered":"B\u1ed9 h\u1ed9p tr\u1eef \u0111\u00f4ng Tupperware Essential Set 7"},"content":{"rendered":"<p>H\u1ed9p tr\u1eef \u0111\u00f4ng Tupperware Freezermate d\u00f9ng trong ng\u0103n \u0111\u00f4ng t\u1ee7 l\u1ea1nh gi\u00fap gi\u1eef th\u1ef1c ph\u1ea9m lu\u00f4n t\u01b0\u01a1i ngon l\u00e2u h\u01a1n. Nh\u1eefng l\u00fac c\u1ea7n tr\u1eef th\u1ef1c ph\u1ea9m d\u00e0i ng\u00e0y khi hi\u1ec7n nay, h\u1ed9p tr\u1eef \u0111\u00f4ng r\u1ea5t h\u1eefu d\u1ee5ng cho ng\u01b0\u1eddi l\u00e0m b\u1ebfp m\u1ed7i ng\u00e0y.<\/p>\n<p>H\u1ed9p tr\u1eef \u0111\u00f4ng Tupperware Freezermate d\u00f9ng \u0111\u1ec3 b\u1ea3o qu\u1ea3n \u0111a d\u1ea1ng c\u00e1c lo\u1ea1i th\u1ef1c ph\u1ea9m, bao g\u1ed3m, th\u1ef1c ph\u1ea9m t\u01b0\u01a1i s\u1ed1ng nh\u01b0 h\u1ea3i s\u1ea3n, g\u00e0, th\u1ecbt b\u00f2, th\u1ecbt l\u1ee3n, c\u00e1rau c\u1ee7 qu\u1ea3 t\u01b0\u01a1i, th\u1ef1c ph\u1ea9m \u0111\u00e3 qua s\u01a1 ch\u1ebf, \u2026<\/p>\n<p>Gi\u00fap th\u1ef1c ph\u1ea9m\u00a0\u0111\u00f4ng\u00a0l\u00e2u h\u01a1n, v\u1eabn t\u01b0\u01a1i ngon m\u00e0 khi c\u1ea7n d\u00f9ng th\u1ef1c ph\u1ea9m \u0111\u1ec3 ch\u1ebf bi\u1ebfn ngay l\u00e0 c\u00f3 th\u1ec3\u00a0r\u00e3 \u0111\u00f4ng\u00a0v\u00e0 nhanh h\u01a1n, ti\u1ec7n l\u1ee3i h\u01a1n r\u1ea5t nhi\u1ec1u so v\u1edbi nh\u1eefng s\u1ea3n ph\u1ea9m th\u00f4ng th\u01b0\u1eddng kh\u00e1c.<\/p>\n<p>Ngo\u00e0i ra, khi ch\u00fang ta tr\u1eef\u00a0th\u1ef1c ph\u1ea9m b\u1eb1ng h\u1ed9p \u0111\u00f4ng Tupperware, th\u1ef1c ph\u1ea9m tr\u00e1ch b\u1ecb nhi\u1ec5m m\u00f9i ch\u00e9o, gi\u1eefnguy\u00ean v\u1ecb khi ch\u1ebf bi\u1ebfn.<\/p>\n<p>H\u1ed9p b\u1ea3o qu\u1ea3n th\u1ef1c ph\u1ea9m c\u1ee7a Tupperware \u0111\u01b0\u1ee3c l\u00e0m t\u1eeb nh\u1ef1a nguy\u00ean sinh, l\u00e0 lo\u1ea1i v\u1eadt li\u1ec7u an to\u00e0n nh\u1ea5t \u0111\u1ec3 tr\u1eef, ch\u1ee9a th\u1ef1c ph\u1ea9m, an to\u00e0n h\u01a1n so v\u1edbi vi\u1ec7c d\u00f9ng c\u00e1clo\u1ea1i t\u00fai nh\u1ef1a s\u1eed d\u1ee5ng m\u1ed9t l\u1ea7n \u0111\u1ec3 tr\u1eef, ch\u1ee9a th\u1ef1c ph\u1ea9m. Ch\u00fang ta s\u1eed d\u1ee5ng h\u1ed9p b\u1ea3oqu\u1ea3n th\u1ef1c ph\u1ea9m Tupperware n\u00f3i chung v\u00e0 h\u1ed9p tr\u1ef1 \u0111\u00f4ng n\u00f3i ri\u00eang, v\u1eeba an to\u00e0n cho\u00a0th\u1ef1c ph\u1ea9m ch\u1ee9a trong h\u1ed9p, v\u1eeba b\u1ea3o v\u1ec7, th\u00e2n thi\u1ec7n v\u1edbi m\u00f4i tr\u01b0\u1eddng, gi\u1ea3m r\u00e1c th\u1ea3i nh\u1ef1a m\u1ed9t l\u1ea7n.<\/p>\n<p>M\u00e0u t\u00edm \u0111\u01b0\u1ee3c Tupperware cho v\u00e0o n\u1eafp h\u1ed9p, sang tr\u1ecdng, s\u1ea1ch s\u1ebd, trang nh\u00e3<\/p>\n<p><img loading=\"lazy\" decoding=\"async\" class=\"alignnone size-medium wp-image-4899\" src=\"http:\/\/tupvietnam.com\/wp-content\/uploads\/2022\/03\/bo_tru_dong_freezermate_essential_set_7_tupvietnam-503x281.webp\" alt=\"\" width=\"503\" height=\"281\" \/><\/p>\n<p>Chi ti\u1ebft b\u1ed9 h\u1ed9p tr\u1eef \u0111\u00f4ng Tupperware Essential Set 7<\/p>\n<ul>\n<li>2 h\u1ed9p \u0111\u00f4ng 650ml, 15.1 x 11.3 x 7.7 cm<\/li>\n<li>1 h\u1ed9p \u0111\u00f4ng 650ml th\u1ea5p, 22.8 x 15.2 x 3.9 cm<\/li>\n<li>2 h\u1ed9p \u0111\u00f4ng 1.5L, 22.8 x 15.2 x 7.7 cm<\/li>\n<li>1 h\u1ed9p \u0111\u00f4ng 2.3L, 22.7 x 15.1 x 11.4 cm<\/li>\n<li>1 h\u1ed9p \u0111\u00f4ng 3.1L, 30.5 x 22.8 x 7.7cm<\/li>\n<\/ul>\n<p><img loading=\"lazy\" decoding=\"async\" class=\"alignnone size-medium wp-image-4901\" src=\"http:\/\/tupvietnam.com\/wp-content\/uploads\/2022\/03\/bo_tru_dong_freezermate_essential_set_7_tupvietnam2-502x281.webp\" alt=\"\" width=\"502\" height=\"281\" \/><\/p>\n<p>\u01afu \u0111i\u1ec3m c\u1ee7a b\u1ed9 h\u1ed9p tr\u1eef \u0111\u00f4ng Tupperware Essential Set 7<\/p>\n<ul>\n<li>Nh\u1ef1a nguy\u00ean sinh, an to\u00e0n ti\u1ebfp x\u00fac th\u1ef1c ph\u1ea9m<\/li>\n<li>N\u1eafp k\u00edn kh\u00ed, kh\u00f4ng tho\u00e1t m\u00f9i th\u1ef1c ph\u1ea9m ra ngo\u00e0i<\/li>\n<li>Th\u00e2n h\u1ed9p d\u1ebbo gi\u00fap t\u00e1ch th\u1ef1c ph\u1ea9m ra kh\u1ecfi h\u1ed9p d\u1ec5 d\u00e0ng<\/li>\n<li>Th\u00e2n trong, d\u1ec5 nh\u00ecn th\u1ea5y th\u1ef1c ph\u1ea9m b\u00ean trong<\/li>\n<li>K\u00edch th\u01b0\u1edbc h\u1ed9p \u0111a d\u1ea1ng, ph\u00f9 h\u1ee3p nhi\u1ec1u lo\u1ea1i th\u1ef1c ph\u1ea9m kh\u00e1c nhau<\/li>\n<li>X\u1ebfp ch\u1ed3ng g\u1ecdn g\u00e0ng, ti\u1ebft ki\u1ec7m di\u1ec7n t\u00edch<\/li>\n<li>\u0110\u1eb7c bi\u1ec7t h\u1ed9p \u0111\u00f4ng 650ml th\u1ea5p, \u0111\u1ec3 v\u1eeba ng\u0103n h\u00f4ng, c\u1eeda t\u1ee7 l\u1ea1nh<\/li>\n<li>Nhi\u1ec7t \u0111\u1ed9 an to\u00e0n t\u1eeb -20 \u0111\u1ed9 C \u0111\u1ebfn 80 \u0111\u1ed9 C<\/li>\n<\/ul>\n<p>&nbsp;<\/p>\n<div>\n<p>&nbsp;<\/p>\n<p>&nbsp;<\/p>\n<\/div>\n","protected":false},"excerpt":{"rendered":"<p>H\u1ed9p b\u1ea3o qu\u1ea3n th\u1ef1c ph\u1ea9m c\u1ee7a Tupperware \u0111\u01b0\u1ee3c l\u00e0m t\u1eeb nh\u1ef1a nguy\u00ean sinh, l\u00e0 lo\u1ea1i v\u1eadt li\u1ec7u an to\u00e0n nh\u1ea5t \u0111\u1ec3 tr\u1eef, ch\u1ee9a th\u1ef1c ph\u1ea9m, an to\u00e0n h\u01a1n so v\u1edbi vi\u1ec7c d\u00f9ng c\u00e1clo\u1ea1i t\u00fai nh\u1ef1a s\u1eed d\u1ee5ng m\u1ed9t l\u1ea7n \u0111\u1ec3 tr\u1eef, ch\u1ee9a th\u1ef1c ph\u1ea9m. Ch\u00fang ta s\u1eed d\u1ee5ng h\u1ed9p b\u1ea3oqu\u1ea3n th\u1ef1c ph\u1ea9m Tupperware n\u00f3i chung v\u00e0 h\u1ed9p tr\u1ef1 \u0111\u00f4ng n\u00f3i ri\u00eang, v\u1eeba an to\u00e0n cho\u00a0th\u1ef1c ph\u1ea9m ch\u1ee9a trong h\u1ed9p, v\u1eeba b\u1ea3o v\u1ec7, th\u00e2n thi\u1ec7n v\u1edbi m\u00f4i tr\u01b0\u1eddng, gi\u1ea3m r\u00e1c th\u1ea3i nh\u1ef1a m\u1ed9t l\u1ea7n.<\/p>\n<p>M\u00e0u t\u00edm \u0111\u01b0\u1ee3c Tupperware cho v\u00e0o n\u1eafp h\u1ed9p, sang tr\u1ecdng, s\u1ea1ch s\u1ebd, trang nh\u00e3<\/p>\n<p><img loading=\"lazy\" decoding=\"async\" class=\"alignnone size-medium wp-image-4900\" src=\"http:\/\/tupvietnam.com\/wp-content\/uploads\/2022\/03\/bo_tru_dong_freezermate_essential_set_7_tupvietnam1-500x281.webp\" alt=\"\" width=\"500\" height=\"281\" \/><\/p>\n","protected":false},"featured_media":4896,"comment_status":"open","ping_status":"closed","template":"","meta":[],"product_cat":[35],"product_tag":[],"class_list":["post-4895","product","type-product","status-publish","has-post-thumbnail","hentry","product_cat-hop-tru-dong-trong-tu-lanh"],"aioseo_notices":[],"_links":{"self":[{"href":"https:\/\/tiemtaphoa.xyz\/index.php\/wp-json\/wp\/v2\/product\/4895"}],"collection":[{"href":"https:\/\/tiemtaphoa.xyz\/index.php\/wp-json\/wp\/v2\/product"}],"about":[{"href":"https:\/\/tiemtaphoa.xyz\/index.php\/wp-json\/wp\/v2\/types\/product"}],"replies":[{"embeddable":true,"href":"https:\/\/tiemtaphoa.xyz\/index.php\/wp-json\/wp\/v2\/comments?post=4895"}],"wp:featuredmedia":[{"embeddable":true,"href":"https:\/\/tiemtaphoa.xyz\/index.php\/wp-json\/wp\/v2\/media\/4896"}],"wp:attachment":[{"href":"https:\/\/tiemtaphoa.xyz\/index.php\/wp-json\/wp\/v2\/media?parent=4895"}],"wp:term":[{"taxonomy":"product_cat","embeddable":true,"href":"https:\/\/tiemtaphoa.xyz\/index.php\/wp-json\/wp\/v2\/product_cat?post=4895"},{"taxonomy":"product_tag","embeddable":true,"href":"https:\/\/tiemtaphoa.xyz\/index.php\/wp-json\/wp\/v2\/product_tag?post=4895"}],"curies":[{"name":"wp","href":"https:\/\/api.w.org\/{rel}","templated":true}]}}