{"id":4902,"date":"2022-03-14T15:55:36","date_gmt":"2022-03-14T08:55:36","guid":{"rendered":"http:\/\/tupvietnam.com\/?post_type=product&#038;p=4902"},"modified":"2022-03-14T15:55:37","modified_gmt":"2022-03-14T08:55:37","slug":"bo-noi-chao-tupperware-universal-cookware","status":"publish","type":"product","link":"https:\/\/tiemtaphoa.xyz\/index.php\/product\/bo-noi-chao-tupperware-universal-cookware\/","title":{"rendered":"B\u1ed9 n\u1ed3i ch\u1ea3o Tupperware Universal Cookware"},"content":{"rendered":"<p>Ch\u1ea3o Tupperware\u00a0Universal Cookware Frypan<\/p>\n<p>\u0110\u01b0\u1eddng k\u00ednh 24cm<\/p>\n<p>Chi\u1ec1u cao 4.8cm, kh\u00f4ng bao g\u1ed3m n\u1eafp ch\u1ea3o<\/p>\n<p>Ch\u1ea3o Tupperwaree Universal Cookware Frypan 24cm c\u00f3 k\u00edch th\u01b0\u1edbc r\u1ea5t ph\u00f9 h\u1ee3p v\u1edbi vi\u1ec7c ch\u1ebf bi\u1ebfn c\u00e1c m\u00f3n \u0103n h\u1eb1ng ng\u00e0y. Ch\u1ea3o Tupperwaree Universal Cookware Frypan 24cm r\u1ea5t ho\u00e0n h\u1ea3o \u0111\u1ec3 ch\u1ebf bi\u1ebfn c\u00e1c m\u00f3n \u0103n nh\u01b0 \u00e1p ch\u1ea3o th\u1ecbt, c\u00e1, phi-l\u00ea, chi\u00ean x\u00e0o ho\u1eb7c b\u00e1nh pancake, crepe, \u2026<\/p>\n<p><strong>N\u1ed3i Tupperware Universal Cookware<\/strong><\/p>\n<p>Dung t\u00edch 4 l\u00edt<\/p>\n<p>\u0110\u01b0\u1eddng k\u00ednh 24cm<\/p>\n<p>Chi\u1ec1u cao 9.5cm, kh\u00f4ng bao g\u1ed3m n\u1eafp n\u1ed3i<\/p>\n<p>N\u1ed3i Tupperware Universal Cookware \u00a04 l\u00edt c\u00f3 dung t\u00edch th\u00edch h\u1ee3p \u0111\u1ec3 \u0111\u00e1p \u1ee9ng t\u1ea5t c\u1ea3 m\u1ecdi nhu c\u1ea7u n\u1ea5u n\u01b0\u1edbng h\u1eb1ng ng\u00e0y. N\u1ed3i Tupperware Universal Cookware 4 l\u00edt l\u00e0 l\u1ef1a ch\u1ecdn ho\u00e0n h\u1ea3o cho c\u00e1c m\u00f3n lu\u1ed9c, s\u00fap, h\u1ea7m, canh, \u2026<\/p>\n<p>N\u1ed3i ch\u1ea3o x\u1ecbn, ch\u1ea5t l\u01b0\u1ee3ng cao s\u1ebd mang \u0111\u1ebfn nh\u1eefng m\u00f3n \u0103n ngon m\u1ed7i ng\u00e0y.<\/p>\n<p>B\u1ed9 n\u1ed3i ch\u1ea3o Tupperware Universal Cookware s\u1eed d\u1ee5ng \u0111\u01b0\u1ee3c t\u1ea5t c\u1ea3 lo\u1ea1i b\u1ebfp n\u1ea5u tr\u00ean th\u1ecb tr\u01b0\u1eddng, b\u1ebfp gas, b\u1ebfp \u0111i\u1ec7n, b\u1ebfp t\u1eeb, b\u1ebfp h\u1ed3ng ngo\u1ea1i.<\/p>\n<p>\u0110i\u1ec3m kh\u00e1c bi\u1ec7t c\u1ee7a b\u1ed9 n\u1ed3i ch\u1ea3o Tupperware Universal Cookware l\u00e0 \u0111\u00e1y 3 l\u1edbp, th\u00e2n 1 l\u1edbp<\/p>\n<p>\u0110\u00e1y 3 l\u1edbp bao g\u1ed3m 1 l\u1edbp nh\u00f4m \u1edf gi\u1eefa 2 l\u1edbp th\u00e9p kh\u00f4ng g\u1ec9 18\/8 gi\u00fap s\u1ea3n ph\u1ea9m ph\u00f9 h\u1ee3p cho m\u1ecdi lo\u1ea1i b\u1ebfp, ng\u0103n ng\u1eeba hi\u1ec7n t\u01b0\u1ee3ng cong v\u00eanh v\u00e0 gi\u00fap truy\u1ec1n nhi\u1ec7t hi\u1ec7u qu\u1ea3. N\u1ea5u nhanh n\u00f3ng,\u00a0 n\u00f3ng l\u00e2u gi\u00fap th\u1ee9c \u0103n ch\u1ebf bi\u1ebfn r\u1ea5t ngon.<\/p>\n<p>N\u1eafp k\u00ednh trong su\u1ed1t, gi\u00fap quan s\u00e1t \u0111\u01b0\u1ee3c th\u1ef1c ph\u1ea9m b\u00ean trong. Tr\u1ecdng l\u01b0\u1ee3ng n\u1eafp n\u1eb7ng gi\u00fap h\u1ed7 tr\u1ee3 kh\u1ea3 n\u0103ng n\u1ea5u 1 s\u1ed1 m\u00f3n kh\u00f4ng c\u1ea7n n\u01b0\u1edbc.<\/p>\n<p>Tay c\u1ea7m n\u1ed3i ch\u1ea3o k\u00edch th\u01b0\u1edbc l\u1edbn, gi\u00fap ng\u01b0\u1eddi l\u00e0m b\u1ebfp an to\u00e0n v\u00e0 tho\u1ea3i m\u00e1i khi c\u1ea7m<\/p>\n<p>Tay n\u1eafm ph\u00eda tr\u00ean n\u1eafp n\u1ed3i ch\u1ea3o c\u00f3 ch\u1ee9c n\u0103ng g\u00e1c d\u1ee5ng c\u1ee5 n\u1ea5u n\u01b0\u1edbng ti\u1ec7n l\u1ee3i<\/p>\n<p>B\u00ean trong n\u1ed3i c\u00f3 thang \u0111o dung t\u00edch d\u1ec5 d\u00e0ng \u0111\u1ecbnh l\u01b0\u1ee3ng khi n\u1ea5u \u0103n<\/p>\n","protected":false},"excerpt":{"rendered":"<p>Ch\u1ea3o Tupperwaree Universal Cookware Frypan 24cm c\u00f3 k\u00edch th\u01b0\u1edbc r\u1ea5t ph\u00f9 h\u1ee3p v\u1edbi vi\u1ec7c ch\u1ebf bi\u1ebfn c\u00e1c m\u00f3n \u0103n h\u1eb1ng ng\u00e0y. Ch\u1ea3o Tupperwaree Universal Cookware Frypan 24cm r\u1ea5t ho\u00e0n h\u1ea3o \u0111\u1ec3 ch\u1ebf bi\u1ebfn c\u00e1c m\u00f3n \u0103n nh\u01b0 \u00e1p ch\u1ea3o th\u1ecbt, c\u00e1, phi-l\u00ea, chi\u00ean x\u00e0o&#8230;.<\/p>\n<p>&nbsp;<\/p>\n","protected":false},"featured_media":4903,"comment_status":"open","ping_status":"closed","template":"","meta":[],"product_cat":[49],"product_tag":[97,96],"class_list":["post-4902","product","type-product","status-publish","has-post-thumbnail","hentry","product_cat-noi-chao-tupperware-xung-hap","product_tag-chao-tupperware-universal","product_tag-noi-tupperware-universal-cookware"],"aioseo_notices":[],"_links":{"self":[{"href":"https:\/\/tiemtaphoa.xyz\/index.php\/wp-json\/wp\/v2\/product\/4902"}],"collection":[{"href":"https:\/\/tiemtaphoa.xyz\/index.php\/wp-json\/wp\/v2\/product"}],"about":[{"href":"https:\/\/tiemtaphoa.xyz\/index.php\/wp-json\/wp\/v2\/types\/product"}],"replies":[{"embeddable":true,"href":"https:\/\/tiemtaphoa.xyz\/index.php\/wp-json\/wp\/v2\/comments?post=4902"}],"wp:featuredmedia":[{"embeddable":true,"href":"https:\/\/tiemtaphoa.xyz\/index.php\/wp-json\/wp\/v2\/media\/4903"}],"wp:attachment":[{"href":"https:\/\/tiemtaphoa.xyz\/index.php\/wp-json\/wp\/v2\/media?parent=4902"}],"wp:term":[{"taxonomy":"product_cat","embeddable":true,"href":"https:\/\/tiemtaphoa.xyz\/index.php\/wp-json\/wp\/v2\/product_cat?post=4902"},{"taxonomy":"product_tag","embeddable":true,"href":"https:\/\/tiemtaphoa.xyz\/index.php\/wp-json\/wp\/v2\/product_tag?post=4902"}],"curies":[{"name":"wp","href":"https:\/\/api.w.org\/{rel}","templated":true}]}}