{"id":4907,"date":"2022-03-15T10:00:56","date_gmt":"2022-03-15T03:00:56","guid":{"rendered":"http:\/\/tupvietnam.com\/?post_type=product&#038;p=4907"},"modified":"2022-03-22T20:24:27","modified_gmt":"2022-03-22T13:24:27","slug":"bo-hop-bao-quan-thuc-pham-tupperware-freshness-collection","status":"publish","type":"product","link":"https:\/\/tiemtaphoa.xyz\/index.php\/product\/bo-hop-bao-quan-thuc-pham-tupperware-freshness-collection\/","title":{"rendered":"B\u1ed9 h\u1ed9p b\u1ea3o qu\u1ea3n th\u1ef1c ph\u1ea9m Tupperware Freshness Collection"},"content":{"rendered":"<p>T\u00edm to\u00e0n t\u1eadp l\u00e0 \u1ea5n t\u01b0\u1ee3ng \u0111\u1ea7u ti\u00ean v\u1edbi b\u1ed9 h\u1ed9p b\u1ea3o qu\u1ea3n th\u1ef1c ph\u1ea9m Tupperware Freshness Collection. \u1ea4n t\u01b0\u1ee3ng ti\u1ebfp theo l\u00e0 trong t\u1ed5ng s\u1ed1 8 h\u1ed9p, Tupperware \u0111\u01b0a ra gi\u1ea3i ph\u00e1p 4 h\u1ed9p ch\u1eef nh\u1eadt to v\u00e0 4 h\u1ed9p n\u1eafp tr\u00f2n, gi\u00fap vi\u1ec7c l\u01b0u tr\u1eef th\u1ef1c ph\u1ea9m r\u1ea5t ti\u1ec7n l\u1ee3i.<\/p>\n<p>Nh\u01b0 nh\u1eefng h\u1ed9p b\u1ea3o qu\u1ea3n th\u1ef1c ph\u1ea9m Tupperware kh\u00e1c, h\u1ed9p b\u1ea3o qu\u1ea3n th\u1ef1c ph\u1ea9m Tupperware Freshness Collection \u0111\u01b0\u1ee3c l\u00e0m t\u1eeb nh\u1ef1a nguy\u00ean sinh, an to\u00e0n ti\u1ebfp x\u00fac th\u1ef1c ph\u1ea9m.<\/p>\n<p>N\u1eafp tr\u00f2n k\u00edn n\u01b0\u1edbc, c\u00f3 th\u1ec3 d\u00f9ng \u0111\u1ec3 tr\u1eef canh, n\u01b0\u1edbc, s\u00fap, tr\u00e1nh tr\u00e0ng, \u0111\u1ed5 khi di chuy\u1ec3n, mang theo<\/p>\n<p>N\u1eafp ch\u1eef nh\u1eadt k\u00edn kh\u00ed, h\u1ea1n ch\u1ebf tho\u00e1t m\u00f9i th\u1ef1c ph\u1ea9m khi tr\u1eef trong ng\u0103n m\u00e1t t\u1ee7 l\u1ea1nh. B\u00ean c\u1ea1nh \u0111\u00f3, n\u1eafp c\u00f3 g\u1edd m\u1edf d\u1ec5 d\u00e0ng \u0111\u00f3ng m\u1edf h\u1ed9p<\/p>\n<p>Thi\u1ebft k\u1ebf h\u1ed9p b\u1ea3o qu\u1ea3n th\u1ef1c ph\u1ea9m Tupperware Freshness Collection theo ki\u1ec3u m\u00f4 \u0111un, nh\u1edd v\u1eady m\u00e0 c\u00f3 th\u1ec3 x\u1ebfp ch\u1ed3ng l\u00ean r\u1ea5t g\u1ecdn g\u00e0ng<\/p>\n<p>B\u1ed9 h\u1ed9p b\u1ea3o qu\u1ea3n th\u1ef1c ph\u1ea9m Tupperware Freshness Collection, bao g\u1ed3m<\/p>\n<p>4 h\u1ed9p d\u00f2ng Pak N Stor<\/p>\n<p>H\u1ed9p Large Stak N Stor 2.2L x 2 h\u1ed9p<\/p>\n<p>H\u1ed9p Jumbo Stak N Stor 3.1L x 2 h\u1ed9p<\/p>\n<p>4 h\u1ed9p d\u00f2ng Compact Bowl High v\u1edbi dung t\u00edch 650ml x 4 h\u1ed9p<\/p>\n<p>Kh\u1ea3 n\u0103ng ch\u1ecbu nhi\u1ec7t tuy\u1ec7t v\u1eddi t\u1eeb 0 \u0111\u1ed9 C \u0111\u1ebfn 80 \u0111\u1ed9 C<\/p>\n<p>Nh\u1eefng g\u1ee3i \u00fd l\u01b0u tr\u1eef th\u1ef1c ph\u1ea9m khi d\u00f9ng h\u1ed9p b\u1ea3o qu\u1ea3n th\u1ef1c ph\u1ea9m Tupperware Freshness Collection<\/p>\n<p>D\u00f2ng Pak n Stor<\/p>\n<p><img loading=\"lazy\" decoding=\"async\" class=\"alignnone size-medium wp-image-4909\" src=\"http:\/\/tupvietnam.com\/wp-content\/uploads\/2022\/03\/bhbqtp_freshness_collection_tupvietnam-479x281.webp\" alt=\"\" width=\"479\" height=\"281\" \/><\/p>\n<p>&nbsp;<\/p>\n<p>D\u00f2ng Compact Bowl High<\/p>\n<p><img loading=\"lazy\" decoding=\"async\" class=\"alignnone size-medium wp-image-4908\" src=\"http:\/\/tupvietnam.com\/wp-content\/uploads\/2022\/03\/bhbqtp_freshness_collection_2_tupvietnam-480x281.webp\" alt=\"\" width=\"480\" height=\"281\" \/><\/p>\n","protected":false},"excerpt":{"rendered":"<p>T\u00edm to\u00e0n t\u1eadp l\u00e0 \u1ea5n t\u01b0\u1ee3ng \u0111\u1ea7u ti\u00ean v\u1edbi b\u1ed9 h\u1ed9p b\u1ea3o qu\u1ea3n th\u1ef1c ph\u1ea9m Tupperware Freshness Collection. \u1ea4n t\u01b0\u1ee3ng ti\u1ebfp theo l\u00e0 trong t\u1ed5ng s\u1ed1 8 h\u1ed9p, Tupperware \u0111\u01b0a ra gi\u1ea3i ph\u00e1p 4 h\u1ed9p ch\u1eef nh\u1eadt to v\u00e0 4 h\u1ed9p n\u1eafp tr\u00f2n, gi\u00fap vi\u1ec7c l\u01b0u tr\u1eef th\u1ef1c ph\u1ea9m r\u1ea5t ti\u1ec7n l\u1ee3i.<\/p>\n","protected":false},"featured_media":4912,"comment_status":"open","ping_status":"closed","template":"","meta":[],"product_cat":[48],"product_tag":[100,99,98],"class_list":["post-4907","product","type-product","status-publish","has-post-thumbnail","hentry","product_cat-hop-tru-mat-trong-tu-lanh","product_tag-compact-bowl-high","product_tag-pak-n-stor","product_tag-tupperware-freshness-collection"],"aioseo_notices":[],"_links":{"self":[{"href":"https:\/\/tiemtaphoa.xyz\/index.php\/wp-json\/wp\/v2\/product\/4907"}],"collection":[{"href":"https:\/\/tiemtaphoa.xyz\/index.php\/wp-json\/wp\/v2\/product"}],"about":[{"href":"https:\/\/tiemtaphoa.xyz\/index.php\/wp-json\/wp\/v2\/types\/product"}],"replies":[{"embeddable":true,"href":"https:\/\/tiemtaphoa.xyz\/index.php\/wp-json\/wp\/v2\/comments?post=4907"}],"wp:featuredmedia":[{"embeddable":true,"href":"https:\/\/tiemtaphoa.xyz\/index.php\/wp-json\/wp\/v2\/media\/4912"}],"wp:attachment":[{"href":"https:\/\/tiemtaphoa.xyz\/index.php\/wp-json\/wp\/v2\/media?parent=4907"}],"wp:term":[{"taxonomy":"product_cat","embeddable":true,"href":"https:\/\/tiemtaphoa.xyz\/index.php\/wp-json\/wp\/v2\/product_cat?post=4907"},{"taxonomy":"product_tag","embeddable":true,"href":"https:\/\/tiemtaphoa.xyz\/index.php\/wp-json\/wp\/v2\/product_tag?post=4907"}],"curies":[{"name":"wp","href":"https:\/\/api.w.org\/{rel}","templated":true}]}}