{"id":4914,"date":"2022-03-15T10:47:27","date_gmt":"2022-03-15T03:47:27","guid":{"rendered":"http:\/\/tupvietnam.com\/?post_type=product&#038;p=4914"},"modified":"2023-03-11T00:56:40","modified_gmt":"2023-03-10T17:56:40","slug":"bo-hop-tru-dong-frozy-cozy-set-5","status":"publish","type":"product","link":"https:\/\/tiemtaphoa.xyz\/index.php\/product\/bo-hop-tru-dong-frozy-cozy-set-5\/","title":{"rendered":"B\u1ed9 h\u1ed9p tr\u1eef \u0111\u00f4ng Frozy Cozy Set 5"},"content":{"rendered":"<p>B\u1ed9 h\u1ed9p g\u1ed3m:<\/p>\n<p>&#8211; 2 H\u1ed9p\u00a0450ml\/ 15.2 x 11.4 x 6.2cm<\/p>\n<p>&#8211; 1 H\u1ed9p 1L low\/ 22.6 x 15.7 x 6.2cm<\/p>\n<p>&#8211; 1 H\u1ed9p\u00a01.1L high\/ 15.2 x 11.4 x 11.8cm<\/p>\n<p>&#8211; 1 H\u1ed9p\u00a02.5L\/ 22.6. x 15.7 x 11.8cm<\/p>\n<p>&nbsp;<\/p>\n<p><strong>\u01afu \u0111i\u1ec3m &amp; Ti\u1ec7n \u00edch:<\/strong><\/p>\n<p>&#8211; \u0110\u01b0\u1ee3c l\u00e0m t\u1eeb nh\u1ef1a nguy\u00ean sinh, an to\u00e0n ti\u1ebfp x\u00fac th\u1ef1c ph\u1ea9m v\u00e0 c\u00f3 th\u1ec3 s\u1eed d\u1ee5ng \u0111\u01b0\u1ee3c trong ng\u0103n \u0111\u00f4ng v\u00e0 m\u00e1t c\u1ee7a t\u1ee7 l\u1ea1nh<\/p>\n<p>&#8211; Ch\u1ea5t li\u1ec7u LDPE d\u1ebbo linh ho\u1ea1t gi\u00fap d\u1ec5 d\u00e0ng \u0111\u00f3ng m\u1edf h\u1ed9p v\u00e0 kh\u00f3 n\u1ee9t v\u1ee1 trong qu\u00e1 tr\u00ecnh tr\u1eef \u0111\u00f4ng<\/p>\n<p>&#8211; N\u1eafp k\u00edn kh\u00ed, b\u1ea3o v\u1ec7 th\u1ef1c ph\u1ea9m kh\u1ecfi kh\u00ed l\u1ea1nh t\u1ee7 \u0111\u00f4ng, gi\u00fap b\u1ec1 m\u1eb7t th\u1ef1c ph\u1ea9m kh\u00f4ng kh\u00f4, t\u01b0\u01a1i l\u00e2u h\u01a1n, v\u00e0 kh\u00f4ng tho\u00e1t m\u00f9i th\u1ef1c ph\u1ea9m ra ngo\u00e0i<\/p>\n<p>&#8211; H\u1ecda ti\u1ebft hoa tuy\u1ebft tr\u00ean h\u1ed9p gi\u00fap d\u1ec5 nh\u1eadn bi\u1ebft h\u1ed9p chuy\u00ean d\u1ee5ng b\u1ea3o qu\u1ea3n trong ng\u0103n \u0111\u00f4ng v\u00e0 ch\u1ed1ng tr\u01a1n tr\u01b0\u1ee3t khi c\u1ea7m n\u1eafm h\u1ed9p l\u00fac \u1ea9m \u01b0\u1edbt<\/p>\n<p>&#8211; \u0110\u01b0\u1eddng vi\u1ec1n &#8220;MAX&#8221; b\u00ean trong h\u1ed9p gi\u00fap nh\u1eadn bi\u1ebft gi\u1edbi h\u1ea1n m\u1ee9c tr\u1eef th\u1ef1c ph\u1ea9m t\u1ed1i \u0111a<\/p>\n<p>&#8211; G\u00f3c h\u1ed9p bo tr\u00f2n gi\u00fap kh\u00ed l\u1ea1nh ng\u0103n \u0111\u00f4ng l\u01b0u th\u00f4ng nhanh ch\u00f3ng, \u0111\u1ea9y nhanh qu\u00e1 tr\u00ecnh l\u00e0m \u0111\u00f4ng th\u1ef1c ph\u1ea9m. Thi\u1ebft k\u1ebf c\u00f3 g\u1edd m\u1edf, cho vi\u1ec7c m\u1edf\/\u0111\u00f3ng n\u1eafp h\u1ed9p d\u1ec5 d\u00e0ng h\u01a1n.<\/p>\n<p>&#8211; Thi\u1ebft k\u1ebf d\u1ea1ng m\u00f4 \u0111un, n\u1eafp l\u00f5m gi\u00fap x\u1ebfp ch\u1ed3ng h\u1ed9p g\u1ecdn g\u00e0ng, ti\u1ebft ki\u1ec7m di\u1ec7n t\u00edch trong t\u1ee7 l\u1ea1nh<\/p>\n<p><strong>C\u00f4ng d\u1ee5ng:<\/strong><\/p>\n<p>&#8211; B\u1ea3o qu\u1ea3n c\u00e1c lo\u1ea1i th\u1ef1c ph\u1ea9m t\u01b0\u01a1i nh\u01b0 th\u1ecbt s\u1ed1ng, h\u1ea3i s\u1ea3n, tr\u00e1i c\u00e2y, th\u1ee9c \u0103n ch\u1ebf bi\u1ebfn s\u1eb5n,&#8230;<\/p>\n<p><strong>C\u00e1ch b\u1ea3o qu\u1ea3n:<\/strong><\/p>\n<p>&#8211; Nhi\u1ec7t \u0111\u1ed9 an to\u00e0n s\u1eed d\u1ee5ng: -25\u00b0C &#8211; 80\u00b0C<\/p>\n<p>&#8211; Tr\u01b0\u1edbc khi tr\u1eef \u0111\u00f4ng, h\u00e3y \u0111\u1ea3m b\u1ea3o th\u1ef1c ph\u1ea9m \u0111ang \u1edf nhi\u1ec7t \u0111\u1ed9 ph\u00f2ng<\/p>\n<p>&#8211; Khi tr\u1eef th\u1ef1c ph\u1ea9m \u1edf d\u1ea1ng l\u1ecfng, ch\u1eafc ch\u1eafn h\u1ed9p \u0111ang \u0111\u1eb7t trong t\u01b0 th\u1ebf th\u1eb3ng \u0111\u1ee9ng \u0111\u1ec3 tr\u00e1nh r\u00f2 r\u1ec9 ch\u1ea5t l\u1ecfng<\/p>\n<p>&#8211; Kh\u00f4ng \u0111\u1ef1ng th\u1ef1c ph\u1ea9m c\u00f3 nhi\u1ec7t \u0111\u1ed9 cao h\u01a1n 80 \u0366 C<\/p>\n<p>&#8211; S\u1eed d\u1ee5ng an to\u00e0n trong m\u00e1y r\u1eeda ch\u00e9n d\u01b0\u1edbi 65 \u0366 C<\/p>\n<p>&#8211; N\u1eafp v\u00e0 th\u00e2n ph\u1ea3i \u0111\u1eb7t r\u1eddi nhau tr\u01b0\u1edbc khi cho v\u00e0o m\u00e1y r\u1eeda ch\u00e9n<\/p>\n<p>&#8211; Kh\u00f4ng ti\u1ebfp x\u00fac ho\u1eb7c \u0111\u1ec3 g\u1ea7n ngu\u1ed3n nhi\u1ec7t \u0111\u1ec3 tr\u00e1nh n\u00f3ng ch\u1ea3y, bi\u1ebfn d\u1ea1ng<\/p>\n<p>&#8211; Kh\u00f4ng s\u1eed d\u1ee5ng trong l\u00f2 vi s\u00f3ng, m\u00e1y h\u1ea5p ti\u1ec7t tr\u00f9ng<\/p>\n<p>&#8211; Kh\u00f4ng ch\u00f9i r\u1eeda b\u1eb1ng d\u1ee5ng c\u1ee5 s\u1eafc nh\u1ecdn<\/p>\n<p>&#8211; B\u1ea3o qu\u1ea3n n\u01a1i kh\u00f4 tho\u00e1ng<\/p>\n<p>&#8211; Sau khi v\u1ec7 sinh n\u00ean b\u1ea3o qu\u1ea3n t\u00e1ch r\u1eddi th\u00e2n, n\u1eafp \u0111\u1ec3 tr\u00e1nh h\u00ecnh th\u00e0nh m\u00f9i kh\u00f3 ch\u1ecbu<\/p>\n","protected":false},"excerpt":{"rendered":"<p><strong>\u01afu \u0111i\u1ec3m &amp; Ti\u1ec7n \u00edch:<\/strong><\/p>\n<p>&#8211; \u0110\u01b0\u1ee3c l\u00e0m t\u1eeb nh\u1ef1a nguy\u00ean sinh, an to\u00e0n ti\u1ebfp x\u00fac th\u1ef1c ph\u1ea9m v\u00e0 c\u00f3 th\u1ec3 s\u1eed d\u1ee5ng \u0111\u01b0\u1ee3c trong ng\u0103n \u0111\u00f4ng v\u00e0 m\u00e1t c\u1ee7a t\u1ee7 l\u1ea1nh<\/p>\n<p>&#8211; Ch\u1ea5t li\u1ec7u LDPE d\u1ebbo linh ho\u1ea1t gi\u00fap d\u1ec5 d\u00e0ng \u0111\u00f3ng m\u1edf h\u1ed9p v\u00e0 kh\u00f3 n\u1ee9t v\u1ee1 trong qu\u00e1 tr\u00ecnh tr\u1eef \u0111\u00f4ng<\/p>\n<p>&#8211; N\u1eafp k\u00edn kh\u00ed, b\u1ea3o v\u1ec7 th\u1ef1c ph\u1ea9m kh\u1ecfi kh\u00ed l\u1ea1nh t\u1ee7 \u0111\u00f4ng, gi\u00fap b\u1ec1 m\u1eb7t th\u1ef1c ph\u1ea9m kh\u00f4ng kh\u00f4, t\u01b0\u01a1i l\u00e2u h\u01a1n, v\u00e0 kh\u00f4ng tho\u00e1t m\u00f9i th\u1ef1c ph\u1ea9m ra ngo\u00e0i<\/p>\n<p>&#8211; H\u1ecda ti\u1ebft hoa tuy\u1ebft tr\u00ean h\u1ed9p gi\u00fap d\u1ec5 nh\u1eadn bi\u1ebft h\u1ed9p chuy\u00ean d\u1ee5ng b\u1ea3o qu\u1ea3n trong ng\u0103n \u0111\u00f4ng v\u00e0 ch\u1ed1ng tr\u01a1n tr\u01b0\u1ee3t khi c\u1ea7m n\u1eafm h\u1ed9p l\u00fac \u1ea9m \u01b0\u1edbt<\/p>\n<p>&#8211; \u0110\u01b0\u1eddng vi\u1ec1n &#8220;MAX&#8221; b\u00ean trong h\u1ed9p gi\u00fap nh\u1eadn bi\u1ebft gi\u1edbi h\u1ea1n m\u1ee9c tr\u1eef th\u1ef1c ph\u1ea9m t\u1ed1i \u0111a<\/p>\n<p>&#8211; G\u00f3c h\u1ed9p bo tr\u00f2n gi\u00fap kh\u00ed l\u1ea1nh ng\u0103n \u0111\u00f4ng l\u01b0u th\u00f4ng nhanh ch\u00f3ng, \u0111\u1ea9y nhanh qu\u00e1 tr\u00ecnh l\u00e0m \u0111\u00f4ng th\u1ef1c ph\u1ea9m. Thi\u1ebft k\u1ebf c\u00f3 g\u1edd m\u1edf, cho vi\u1ec7c m\u1edf\/\u0111\u00f3ng n\u1eafp h\u1ed9p d\u1ec5 d\u00e0ng h\u01a1n.<\/p>\n","protected":false},"featured_media":4915,"comment_status":"open","ping_status":"closed","template":"","meta":[],"product_cat":[35],"product_tag":[101],"class_list":["post-4914","product","type-product","status-publish","has-post-thumbnail","hentry","product_cat-hop-tru-dong-trong-tu-lanh","product_tag-bo-hop-tru-dong-frozy-cozy-set-5"],"aioseo_notices":[],"_links":{"self":[{"href":"https:\/\/tiemtaphoa.xyz\/index.php\/wp-json\/wp\/v2\/product\/4914"}],"collection":[{"href":"https:\/\/tiemtaphoa.xyz\/index.php\/wp-json\/wp\/v2\/product"}],"about":[{"href":"https:\/\/tiemtaphoa.xyz\/index.php\/wp-json\/wp\/v2\/types\/product"}],"replies":[{"embeddable":true,"href":"https:\/\/tiemtaphoa.xyz\/index.php\/wp-json\/wp\/v2\/comments?post=4914"}],"wp:featuredmedia":[{"embeddable":true,"href":"https:\/\/tiemtaphoa.xyz\/index.php\/wp-json\/wp\/v2\/media\/4915"}],"wp:attachment":[{"href":"https:\/\/tiemtaphoa.xyz\/index.php\/wp-json\/wp\/v2\/media?parent=4914"}],"wp:term":[{"taxonomy":"product_cat","embeddable":true,"href":"https:\/\/tiemtaphoa.xyz\/index.php\/wp-json\/wp\/v2\/product_cat?post=4914"},{"taxonomy":"product_tag","embeddable":true,"href":"https:\/\/tiemtaphoa.xyz\/index.php\/wp-json\/wp\/v2\/product_tag?post=4914"}],"curies":[{"name":"wp","href":"https:\/\/api.w.org\/{rel}","templated":true}]}}