{"id":4916,"date":"2022-03-15T10:57:39","date_gmt":"2022-03-15T03:57:39","guid":{"rendered":"http:\/\/tupvietnam.com\/?post_type=product&#038;p=4916"},"modified":"2022-03-15T10:57:39","modified_gmt":"2022-03-15T03:57:39","slug":"bo-hop-bao-quan-thuc-pham-universal-jar-2-hop","status":"publish","type":"product","link":"https:\/\/tiemtaphoa.xyz\/index.php\/product\/bo-hop-bao-quan-thuc-pham-universal-jar-2-hop\/","title":{"rendered":"B\u1ed8 H\u1ed8P B\u1ea2O QU\u1ea2N TH\u1ef0C PH\u1ea8M UNIVERSAL JAR 2 H\u1ed8P"},"content":{"rendered":"<p><strong>B\u1ed9 s\u1ea3n ph\u1ea9m g\u1ed3m:<\/strong><\/p>\n<p>&#8211;\u00a0H\u1ed9p Universal Jar 1.5L:\u00a01.5L\/ 12.4 x 18.1cm<\/p>\n<p>&#8211; H\u1ed9p Universal Jar 3L:\u00a03L\/ 14.8 x 28.6cm<\/p>\n<p><strong>\u01afu \u0111i\u1ec3m v\u00e0 ti\u1ec7n \u00edch:<\/strong><\/p>\n<p>&#8211; Ch\u1ea5t li\u1ec7u nh\u1ef1a nguy\u00ean sinh, an to\u00e0n ti\u1ebfp x\u00fac v\u1edbi th\u1ef1c ph\u1ea9m<\/p>\n<p>&#8211; Thi\u1ebft k\u1ebf n\u1eafp v\u1eb7n k\u00edn kh\u00ed, k\u00edn n\u01b0\u1edbc, gi\u00fap l\u01b0u tr\u1eef th\u1ef1c ph\u1ea9m l\u1ecfng v\u00e0 h\u1ea1n ch\u1ebf r\u00f2 r\u1ec9 khi di chuy\u1ec3n<\/p>\n<p>&#8211; Mi\u1ec7ng h\u1ed9p r\u1ed9ng, d\u1ec5 v\u1ec7 sinh<\/p>\n<p>&#8211; C\u00e1c n\u1eafp \u0111\u1eady c\u00f3 th\u1ec3 ho\u00e1n \u0111\u1ed5i v\u1edbi nhau; ph\u1ea7n mi\u1ec7ng h\u1ed9p c\u00f3 \u0111\u01b0\u1eddng k\u00ednh nh\u01b0 nhau \u1edf c\u00e1c d\u00f2ng k\u00edch th\u01b0\u1edbc<\/p>\n<p>&#8211; Kh\u1ea3 n\u0103ng ch\u1ecbu nhi\u1ec7t: 0 \u2013 80 \u0366C<\/p>\n<p>&nbsp;<\/p>\n<p><strong>C\u00f4ng d\u1ee5ng:<\/strong><\/p>\n<p>&#8211; Chuy\u00ean d\u00f9ng \u0111\u1ec3 l\u01b0u tr\u1eef th\u1ef1c ph\u1ea9m kh\u00f4, \u0111\u1ed3 ng\u1ecdt, m\u00f3n \u0103n v\u1eb7t, n\u01b0\u1edbc tr\u00e1i c\u00e2y,&#8230;<\/p>\n<p>&#8211; Th\u00edch h\u1ee3p mang theo trong c\u00e1c ho\u1ea1t \u0111\u1ed9ng d\u00e3 ngo\u1ea1i nh\u1edd thi\u1ebft k\u1ebf n\u1eafp k\u00edn n\u01b0\u1edbc, k\u00edn kh\u00ed, h\u1ea1n ch\u1ebf r\u00f2 r\u1ec9 ch\u1ea5t l\u1ecfng khi di chuy\u1ec3n.<\/p>\n<p>&nbsp;<\/p>\n<p><strong>L\u01b0u \u00fd \u0111\u1eb7c bi\u1ec7t:<\/strong><\/p>\n<p>&#8211; Khi s\u1eed d\u1ee5ng \u0111\u1ec3 b\u1ea3o qu\u1ea3n th\u1ef1c ph\u1ea9m l\u00ean men c\u1ea7n th\u1ef1c hi\u1ec7n x\u1ea3 kh\u00ed \u0111\u1ec3 tr\u00e1nh kh\u00ed d\u1ed3n b\u00ean trong g\u00e2y bi\u1ebfn d\u1ea1ng s\u1ea3n ph\u1ea9m.<\/p>\n<p>&#8211; Ch\u1ec9 th\u00edch h\u1ee3p b\u1ea3o qu\u1ea3n th\u1ef1c ph\u1ea9m ng\u00e2m chua trong ng\u0103n m\u00e1t t\u1ee7 l\u1ea1nh v\u1edbi th\u1eddi gian l\u01b0u tr\u1eef ng\u1eafn h\u1ea1n.<\/p>\n<p>&#8211; Vui l\u00f2ng kh\u00f4ng th\u00e1o mi\u1ebfng \u0111\u1ec7m trong n\u1eafp, \u0111\u1ec3 b\u1ea3o \u0111\u1ea3m t\u00ednh k\u00edn kh\u00ed, k\u00edn n\u01b0\u1edbc c\u1ee7a s\u1ea3n ph\u1ea9m.<\/p>\n<p>&#8211; N\u00ean l\u01b0u tr\u1eef th\u1ef1c ph\u1ea9m c\u00e1ch mi\u1ec7ng h\u1ed9p 4cm (bao g\u1ed3m ph\u1ea7n ren tr\u00ean mi\u1ec7ng h\u1ed9p)<\/p>\n<p>&#8211; S\u1ea3n ph\u1ea9m kh\u00f4ng ph\u00f9 h\u1ee3p \u0111\u1ec3 l\u00ean men r\u01b0\u1ee3u, bia ho\u1eb7c l\u01b0u tr\u1eef r\u01b0\u1ee3u, bia<\/p>\n<p>&nbsp;<\/p>\n<p><strong>C\u00e1ch b\u1ea3o qu\u1ea3n:<\/strong><\/p>\n<p>&#8211; R\u1eeda s\u1ea1ch v\u00e0 lau kh\u00f4 trong l\u1ea7n \u0111\u1ea7u ti\u00ean s\u1eed d\u1ee5ng<\/p>\n<p>&#8211; D\u00f9ng an to\u00e0n trong m\u00e1y r\u1eeda ch\u00e9n (d\u01b0\u1edbi 65 \u0366C)<\/p>\n<p>&#8211; Kh\u00f4ng s\u1eed d\u1ee5ng trong ng\u0103n \u0111\u00f4ng t\u1ee7 l\u1ea1nh, l\u00f2 vi s\u00f3ng, m\u00e1y h\u1ea5p ti\u1ec7t tr\u00f9ng<\/p>\n<p>&#8211; Tr\u00e1nh ch\u00f9i r\u1eeda s\u1ea3n ph\u1ea9m b\u1eb1ng d\u1ee5ng c\u1ee5 s\u1eafc nh\u1ecdn<\/p>\n<p>&#8211; B\u1ea3o qu\u1ea3n n\u01a1i kh\u00f4 tho\u00e1ng v\u00e0 lu\u00f4n m\u1edf n\u1eafp s\u1ea3n ph\u1ea9m khi kh\u00f4ng s\u1eed d\u1ee5ng<\/p>\n<p>&#8211; Sau khi v\u1ec7 sinh, ph\u01a1i kh\u00f4 s\u1ea3n ph\u1ea9m, l\u1eafp l\u1ea1i c\u00e1c b\u1ed9 ph\u1eadn \u0111\u1ec3 tr\u00e1nh m\u1ea5t m\u00e1t<\/p>\n","protected":false},"excerpt":{"rendered":"<p><strong>B\u1ed9 s\u1ea3n ph\u1ea9m g\u1ed3m:<\/strong><\/p>\n<p>&#8211;\u00a0H\u1ed9p Universal Jar 1.5L:\u00a01.5L\/ 12.4 x 18.1cm<\/p>\n<p>&#8211; H\u1ed9p Universal Jar 3L:\u00a03L\/ 14.8 x 28.6cm<\/p>\n<p><strong>\u01afu \u0111i\u1ec3m v\u00e0 ti\u1ec7n \u00edch:<\/strong><\/p>\n<p>&#8211; Ch\u1ea5t li\u1ec7u nh\u1ef1a nguy\u00ean sinh, an to\u00e0n ti\u1ebfp x\u00fac v\u1edbi th\u1ef1c ph\u1ea9m<\/p>\n<p>&#8211; Thi\u1ebft k\u1ebf n\u1eafp v\u1eb7n k\u00edn kh\u00ed, k\u00edn n\u01b0\u1edbc, gi\u00fap l\u01b0u tr\u1eef th\u1ef1c ph\u1ea9m l\u1ecfng v\u00e0 h\u1ea1n ch\u1ebf r\u00f2 r\u1ec9 khi di chuy\u1ec3n<\/p>\n<p>&#8211; Mi\u1ec7ng h\u1ed9p r\u1ed9ng, d\u1ec5 v\u1ec7 sinh<\/p>\n<p>&#8211; C\u00e1c n\u1eafp \u0111\u1eady c\u00f3 th\u1ec3 ho\u00e1n \u0111\u1ed5i v\u1edbi nhau; ph\u1ea7n mi\u1ec7ng h\u1ed9p c\u00f3 \u0111\u01b0\u1eddng k\u00ednh nh\u01b0 nhau \u1edf c\u00e1c d\u00f2ng k\u00edch th\u01b0\u1edbc<\/p>\n<p>&#8211; Kh\u1ea3 n\u0103ng ch\u1ecbu nhi\u1ec7t: 0 \u2013 80 \u0366C<\/p>\n","protected":false},"featured_media":4919,"comment_status":"open","ping_status":"closed","template":"","meta":[],"product_cat":[36,41,86],"product_tag":[102],"class_list":["post-4916","product","type-product","status-publish","has-post-thumbnail","hentry","product_cat-hop-bao-quan-thuc-pham-da-nang","product_cat-hop-tru-kho-nha-bep","product_cat-cac-san-pham-khac","product_tag-hop-bao-quan-thuc-pham-universal-jar"],"aioseo_notices":[],"_links":{"self":[{"href":"https:\/\/tiemtaphoa.xyz\/index.php\/wp-json\/wp\/v2\/product\/4916"}],"collection":[{"href":"https:\/\/tiemtaphoa.xyz\/index.php\/wp-json\/wp\/v2\/product"}],"about":[{"href":"https:\/\/tiemtaphoa.xyz\/index.php\/wp-json\/wp\/v2\/types\/product"}],"replies":[{"embeddable":true,"href":"https:\/\/tiemtaphoa.xyz\/index.php\/wp-json\/wp\/v2\/comments?post=4916"}],"wp:featuredmedia":[{"embeddable":true,"href":"https:\/\/tiemtaphoa.xyz\/index.php\/wp-json\/wp\/v2\/media\/4919"}],"wp:attachment":[{"href":"https:\/\/tiemtaphoa.xyz\/index.php\/wp-json\/wp\/v2\/media?parent=4916"}],"wp:term":[{"taxonomy":"product_cat","embeddable":true,"href":"https:\/\/tiemtaphoa.xyz\/index.php\/wp-json\/wp\/v2\/product_cat?post=4916"},{"taxonomy":"product_tag","embeddable":true,"href":"https:\/\/tiemtaphoa.xyz\/index.php\/wp-json\/wp\/v2\/product_tag?post=4916"}],"curies":[{"name":"wp","href":"https:\/\/api.w.org\/{rel}","templated":true}]}}