{"id":4923,"date":"2022-03-15T19:35:52","date_gmt":"2022-03-15T12:35:52","guid":{"rendered":"http:\/\/tupvietnam.com\/?post_type=product&#038;p=4923"},"modified":"2023-06-06T20:09:05","modified_gmt":"2023-06-06T13:09:05","slug":"binh-nuoc-tupperware-eco-fancy-750ml","status":"publish","type":"product","link":"https:\/\/tiemtaphoa.xyz\/index.php\/product\/binh-nuoc-tupperware-eco-fancy-750ml\/","title":{"rendered":"B\u00ecnh n\u01b0\u1edbc Tupperware Eco Fancy 750ml"},"content":{"rendered":"<p>Dung t\u00edch: 750ml<\/p>\n<p>Kh\u1ea3 n\u0103ng ch\u1ecbu nhi\u1ec7t: 0 ~ 80 \u0366C<\/p>\n<p>&nbsp;<\/p>\n<p><strong>\u01afu \u0111i\u1ec3m v\u00e0 ti\u1ec7n \u00edch:\u00a0<\/strong><\/p>\n<p>&#8211; Ch\u1ea5t li\u1ec7u nh\u1ef1a PP nguy\u00ean sinh, an to\u00e0n cho s\u1ee9c kh\u1ecfe.<\/p>\n<p>&#8211; Th\u00e2n b\u00ecnh in h\u1ecda ti\u1ebft c\u00e1 t\u00ednh, n\u1ed5i b\u1eadt<\/p>\n<p>&#8211; N\u1eafp b\u1eadt ti\u1ec7n l\u1ee3i khi u\u1ed1ng tr\u1ef1c ti\u1ebfp.<\/p>\n<p>&#8211; N\u1eafp k\u00edn h\u1ea1n ch\u1ebf r\u1ec9 n\u01b0\u1edbc ra ngo\u00e0i khi mang \u0111i.<\/p>\n<p>&#8211; N\u1eafp k\u00edn kh\u00ed gi\u1eef tr\u1ecdn h\u01b0\u01a1ng v\u1ecb tr\u00e1i c\u00e2y.<\/p>\n<p>&#8211; K\u00edch th\u01b0\u1edbc v\u1eeba v\u1eb7n, ph\u00f9 h\u1ee3p v\u1edbi h\u1ea7u h\u1ebft c\u00e1nh c\u1eeda t\u1ee7 l\u1ea1nh, h\u1ed9c tr\u00ean xe h\u01a1i, xe g\u1eafn m\u00e1y, t\u00fai x\u00e1ch, balo&#8230;<\/p>\n<p>&#8211; \u0110\u1ed9 b\u1ec1n cao, c\u00f3 th\u1ec3 t\u00e1i s\u1eed d\u1ee5ng gi\u00fap b\u1ea3o v\u1ec7 m\u00f4i tr\u01b0\u1eddng.<\/p>\n<p><strong>C\u00f4ng d\u1ee5ng:<\/strong><\/p>\n<p>D\u00f9ng \u0111\u1ec3 \u0111\u1ef1ng n\u01b0\u1edbc ho\u1eb7c c\u00e1c lo\u1ea1i n\u01b0\u1edbc, n\u01b0\u1edbc tr\u00e1i c\u00e2y, s\u1eefa, sinh t\u1ed1 v\u00e0 mang ra ngo\u00e0i (\u0111\u1ebfn tr\u01b0\u1eddng, sinh ho\u1ea1t ngo\u1ea1i kh\u00f3a&#8230;)<\/p>\n<p><strong>C\u00e1ch b\u1ea3o qu\u1ea3n:<\/strong><\/p>\n<p>&#8211;\u00a0 D\u00f9ng an to\u00e0n trong m\u00e1y r\u1eeda ch\u00e9n (d\u01b0\u1edbi 65\u2070C)<\/p>\n<p>&#8211;\u00a0 Kh\u00f4ng ti\u1ebfp x\u00fac ho\u1eb7c \u0111\u1ec3 g\u1ea7n ngu\u1ed3n l\u1eeda \u0111\u1ec3 tr\u00e1nh n\u00f3ng ch\u1ea3y, bi\u1ebfn d\u1ea1ng.<\/p>\n<p>&#8211;\u00a0 Kh\u00f4ng ch\u00f9i r\u1eeda b\u1eb1ng d\u1ee5ng c\u1ee5 s\u1eafc nh\u1ecdn ho\u1eb7c \u0111\u1eb7t s\u1ea3n ph\u1ea9m trong ng\u0103n \u0111\u00f4ng t\u1ee7 l\u1ea1nh.<\/p>\n<p>&#8211;\u00a0 Kh\u00f4ng s\u1eed d\u1ee5ng trong l\u00f2 vi s\u00f3ng, m\u00e1y h\u1ea5p ti\u1ec7t tr\u00f9ng.<\/p>\n<p>&#8211;\u00a0 Tr\u00e1nh \u0111\u1ef1ng c\u00e1c th\u1ee9c u\u1ed1ng c\u00f3 gas v\u00ec s\u1ef1 gi\u00e3n n\u1edf c\u1ee7a kh\u00ed s\u1ebd l\u00e0m n\u1eafp b\u00ecnh b\u1ecb b\u1eadt l\u00ean, khi\u1ebfn \u0111\u1ed3 u\u1ed1ng tr\u00e0n ra ngo\u00e0i.<\/p>\n<p>*** B\u1ea3o h\u00e0nh tr\u1ecdn v\u00f2ng \u0111\u1eddi s\u1ea3n ph\u1ea9m theo ch\u00ednh s\u00e1ch c\u1ee7a Tupperware Vi\u1ec7t Nam<\/p>\n","protected":false},"excerpt":{"rendered":"<p>Dung t\u00edch: 750ml<\/p>\n<p>Kh\u1ea3 n\u0103ng ch\u1ecbu nhi\u1ec7t: 0 ~ 80 \u0366C<\/p>\n<p><strong>\u01afu \u0111i\u1ec3m v\u00e0 ti\u1ec7n \u00edch:\u00a0<\/strong><\/p>\n<p>&#8211; Ch\u1ea5t li\u1ec7u nh\u1ef1a PP nguy\u00ean sinh, an to\u00e0n cho s\u1ee9c kh\u1ecfe.<\/p>\n<p>&#8211; Th\u00e2n b\u00ecnh in h\u1ecda ti\u1ebft c\u00e1 t\u00ednh, n\u1ed5i b\u1eadt<\/p>\n<p>&#8211; N\u1eafp b\u1eadt ti\u1ec7n l\u1ee3i khi u\u1ed1ng tr\u1ef1c ti\u1ebfp.<\/p>\n<p>&#8211; N\u1eafp k\u00edn h\u1ea1n ch\u1ebf r\u1ec9 n\u01b0\u1edbc ra ngo\u00e0i khi mang \u0111i.<\/p>\n<p>&#8211; N\u1eafp k\u00edn kh\u00ed gi\u1eef tr\u1ecdn h\u01b0\u01a1ng v\u1ecb tr\u00e1i c\u00e2y.<\/p>\n<p>&#8211; K\u00edch th\u01b0\u1edbc v\u1eeba v\u1eb7n, ph\u00f9 h\u1ee3p v\u1edbi h\u1ea7u h\u1ebft c\u00e1nh c\u1eeda t\u1ee7 l\u1ea1nh, h\u1ed9c tr\u00ean xe h\u01a1i, xe g\u1eafn m\u00e1y, t\u00fai x\u00e1ch, balo&#8230;<\/p>\n<p>&#8211; \u0110\u1ed9 b\u1ec1n cao, c\u00f3 th\u1ec3 t\u00e1i s\u1eed d\u1ee5ng gi\u00fap b\u1ea3o v\u1ec7 m\u00f4i tr\u01b0\u1eddng.<\/p>\n","protected":false},"featured_media":4924,"comment_status":"open","ping_status":"closed","template":"","meta":[],"product_cat":[85],"product_tag":[],"class_list":["post-4923","product","type-product","status-publish","has-post-thumbnail","hentry","product_cat-binh-nuoc-cac-loai"],"aioseo_notices":[],"_links":{"self":[{"href":"https:\/\/tiemtaphoa.xyz\/index.php\/wp-json\/wp\/v2\/product\/4923"}],"collection":[{"href":"https:\/\/tiemtaphoa.xyz\/index.php\/wp-json\/wp\/v2\/product"}],"about":[{"href":"https:\/\/tiemtaphoa.xyz\/index.php\/wp-json\/wp\/v2\/types\/product"}],"replies":[{"embeddable":true,"href":"https:\/\/tiemtaphoa.xyz\/index.php\/wp-json\/wp\/v2\/comments?post=4923"}],"wp:featuredmedia":[{"embeddable":true,"href":"https:\/\/tiemtaphoa.xyz\/index.php\/wp-json\/wp\/v2\/media\/4924"}],"wp:attachment":[{"href":"https:\/\/tiemtaphoa.xyz\/index.php\/wp-json\/wp\/v2\/media?parent=4923"}],"wp:term":[{"taxonomy":"product_cat","embeddable":true,"href":"https:\/\/tiemtaphoa.xyz\/index.php\/wp-json\/wp\/v2\/product_cat?post=4923"},{"taxonomy":"product_tag","embeddable":true,"href":"https:\/\/tiemtaphoa.xyz\/index.php\/wp-json\/wp\/v2\/product_tag?post=4923"}],"curies":[{"name":"wp","href":"https:\/\/api.w.org\/{rel}","templated":true}]}}