{"id":4936,"date":"2022-03-15T20:09:05","date_gmt":"2022-03-15T13:09:05","guid":{"rendered":"http:\/\/tupvietnam.com\/?post_type=product&#038;p=4936"},"modified":"2024-02-17T06:02:59","modified_gmt":"2024-02-16T23:02:59","slug":"binh-nuoc-chiu-nhiet-tupperware-drinking-flask-280ml","status":"publish","type":"product","link":"https:\/\/tiemtaphoa.xyz\/index.php\/product\/binh-nuoc-chiu-nhiet-tupperware-drinking-flask-280ml\/","title":{"rendered":"B\u00ecnh n\u01b0\u1edbc ch\u1ecbu nhi\u1ec7t Tupperware Drinking Flask 280ml"},"content":{"rendered":"<p>Dung t\u00edch: 280ml<\/p>\n<p>K\u00edch th\u01b0\u1edbc: 14.4 x 8cm<\/p>\n<p>Kh\u1ea3 n\u0103ng ch\u1ecbu nhi\u1ec7t:<\/p>\n<p>N\u1eafp tr\u00ean, th\u00e2n b\u00ecnh: 0 ~ 110 \u0366 C<\/p>\n<p>N\u1eafp \u0111\u1eady (k\u00e8m mi\u1ec7ng u\u1ed1ng): 0 ~ 80 \u0366 C<\/p>\n<p>V\u00f2ng \u0111\u1ec7m: -30 ~ 220 \u0366 C<\/p>\n<p>&nbsp;<\/p>\n<p><strong>\u01afu \u0111i\u1ec3m &amp; Ti\u1ec7n \u00edch:<\/strong><\/p>\n<p>&#8211; \u0110\u01b0\u1ee3c l\u00e0m t\u1eeb nh\u1ef1a nguy\u00ean sinh, an to\u00e0n ti\u1ebfp x\u00fac th\u1ef1c ph\u1ea9m<\/p>\n<p>&#8211; Th\u00e2n b\u00ecnh trong gi\u00fap d\u1ec5 nh\u1eadn bi\u1ebft l\u01b0\u1ee3ng n\u01b0\u1edbc b\u00ean trong<\/p>\n<p>&#8211; Thi\u1ebft k\u1ebf n\u1eafp b\u1eadt ti\u1ec7n l\u1ee3i, d\u1ec5 d\u00e0ng u\u1ed1ng tr\u1ef1c ti\u1ebfp<\/p>\n<p>&#8211; N\u1eafp k\u00edn n\u01b0\u1edbc, h\u1ea1n ch\u1ebf r\u00f2 r\u1ec9 khi mang \u0111i<\/p>\n<p><strong>C\u00f4ng d\u1ee5ng:<\/strong><\/p>\n<p>&#8211; B\u00ecnh d\u00f9ng \u0111\u1ec3 \u0111\u1ef1ng n\u01b0\u1edbc, c\u00e1c lo\u1ea1i n\u01b0\u1edbc tr\u00e1i c\u00e2y, tr\u00e0, c\u00e0 ph\u00ea,\u2026 v\u00e0 mang ra ngo\u00e0i (\u0111\u1ebfn tr\u01b0\u1eddng, \u0111i l\u00e0m, sinh ho\u1ea1t)<\/p>\n<p><strong>C\u00e1ch b\u1ea3o qu\u1ea3n:<\/strong><\/p>\n<p>&#8211; S\u1eed d\u1ee5ng an to\u00e0n trong m\u00e1y r\u1eeda ch\u00e9n d\u01b0\u1edbi 65 \u0366 C<\/p>\n<p>&#8211; Khi d\u00f9ng v\u1edbi nhi\u1ec7t \u0111\u1ed9 cao n\u00ean s\u1eed d\u1ee5ng d\u00e2y \u0111eo \u0111\u1ec3 mang theo s\u1ea3n ph\u1ea9m, h\u1ea1n ch\u1ebf c\u1ea7m n\u1eafm tr\u1ef1c ti\u1ebfp v\u00e0o th\u00e2n b\u00ecnh<\/p>\n<p>&#8211; Tr\u00e1nh \u0111\u1ef1ng th\u1ee9c u\u1ed1ng c\u00f3 gas v\u00ec s\u1ef1 gi\u00e3n n\u1edf c\u1ee7a kh\u00ed s\u1ebd l\u00e0m n\u1eafp b\u00ecnh b\u1ecb b\u1eadt l\u00ean, khi\u1ebfn \u0111\u1ed3 u\u1ed1ng tr\u00e0n ra ngo\u00e0i<\/p>\n<p>&#8211; Kh\u00f4ng s\u1eed d\u1ee5ng trong l\u00f2 vi s\u00f3ng, m\u00e1y h\u1ea5p ti\u1ec7t tr\u00f9ng ho\u1eb7c \u0111\u1eb7t s\u1ea3n ph\u1ea9m trong ng\u0103n \u0111\u00f4ng t\u1ee7 l\u1ea1nh<\/p>\n<p>&#8211; Kh\u00f4ng ch\u00f9i r\u1eeda b\u1eb1ng d\u1ee5ng c\u1ee5 s\u1eafc nh\u1ecdn<\/p>\n<p>&#8211; B\u1ea3o qu\u1ea3n n\u01a1i kh\u00f4 tho\u00e1ng<\/p>\n<p>&#8211; Sau khi v\u1ec7 sinh n\u00ean b\u1ea3o qu\u1ea3n t\u00e1ch r\u1eddi th\u00e2n, n\u1eafp \u0111\u1ec3 tr\u00e1nh h\u00ecnh th\u00e0nh m\u00f9i kh\u00f3<\/p>\n","protected":false},"excerpt":{"rendered":"<p>Dung t\u00edch: 280ml<\/p>\n<p>K\u00edch th\u01b0\u1edbc: 14.4 x 8cm<\/p>\n<p>Kh\u1ea3 n\u0103ng ch\u1ecbu nhi\u1ec7t:<\/p>\n<p>N\u1eafp tr\u00ean, th\u00e2n b\u00ecnh: 0 ~ 110 \u0366 C<\/p>\n<p>N\u1eafp \u0111\u1eady (k\u00e8m mi\u1ec7ng u\u1ed1ng): 0 ~ 80 \u0366 C<\/p>\n<p>V\u00f2ng \u0111\u1ec7m: -30 ~ 220 \u0366 C<\/p>\n<p><strong>\u01afu \u0111i\u1ec3m &amp; Ti\u1ec7n \u00edch:<\/strong><\/p>\n<p>&#8211; \u0110\u01b0\u1ee3c l\u00e0m t\u1eeb nh\u1ef1a nguy\u00ean sinh, an to\u00e0n ti\u1ebfp x\u00fac th\u1ef1c ph\u1ea9m<\/p>\n<p>&#8211; Th\u00e2n b\u00ecnh trong gi\u00fap d\u1ec5 nh\u1eadn bi\u1ebft l\u01b0\u1ee3ng n\u01b0\u1edbc b\u00ean trong<\/p>\n<p>&#8211; Thi\u1ebft k\u1ebf n\u1eafp b\u1eadt ti\u1ec7n l\u1ee3i, d\u1ec5 d\u00e0ng u\u1ed1ng tr\u1ef1c ti\u1ebfp<\/p>\n<p>&#8211; N\u1eafp k\u00edn n\u01b0\u1edbc, h\u1ea1n ch\u1ebf r\u00f2 r\u1ec9 khi mang \u0111i<\/p>\n","protected":false},"featured_media":4938,"comment_status":"open","ping_status":"closed","template":"","meta":[],"product_cat":[85],"product_tag":[103,104],"class_list":["post-4936","product","type-product","status-publish","has-post-thumbnail","hentry","product_cat-binh-nuoc-cac-loai","product_tag-binh-nuoc-chiu-nhiet","product_tag-drinking-flask-280ml"],"aioseo_notices":[],"_links":{"self":[{"href":"https:\/\/tiemtaphoa.xyz\/index.php\/wp-json\/wp\/v2\/product\/4936"}],"collection":[{"href":"https:\/\/tiemtaphoa.xyz\/index.php\/wp-json\/wp\/v2\/product"}],"about":[{"href":"https:\/\/tiemtaphoa.xyz\/index.php\/wp-json\/wp\/v2\/types\/product"}],"replies":[{"embeddable":true,"href":"https:\/\/tiemtaphoa.xyz\/index.php\/wp-json\/wp\/v2\/comments?post=4936"}],"wp:featuredmedia":[{"embeddable":true,"href":"https:\/\/tiemtaphoa.xyz\/index.php\/wp-json\/wp\/v2\/media\/4938"}],"wp:attachment":[{"href":"https:\/\/tiemtaphoa.xyz\/index.php\/wp-json\/wp\/v2\/media?parent=4936"}],"wp:term":[{"taxonomy":"product_cat","embeddable":true,"href":"https:\/\/tiemtaphoa.xyz\/index.php\/wp-json\/wp\/v2\/product_cat?post=4936"},{"taxonomy":"product_tag","embeddable":true,"href":"https:\/\/tiemtaphoa.xyz\/index.php\/wp-json\/wp\/v2\/product_tag?post=4936"}],"curies":[{"name":"wp","href":"https:\/\/api.w.org\/{rel}","templated":true}]}}