{"id":4942,"date":"2022-03-16T11:04:35","date_gmt":"2022-03-16T04:04:35","guid":{"rendered":"http:\/\/tupvietnam.com\/?post_type=product&#038;p=4942"},"modified":"2023-03-10T08:19:37","modified_gmt":"2023-03-10T01:19:37","slug":"am-giu-nhiet-tupperware-thermal-pot-800ml","status":"publish","type":"product","link":"https:\/\/tiemtaphoa.xyz\/index.php\/product\/am-giu-nhiet-tupperware-thermal-pot-800ml\/","title":{"rendered":"\u1ea4m gi\u1eef nhi\u1ec7t Tupperware Thermal Pot 800ml"},"content":{"rendered":"<p>Dung t\u00edch: 800ml<\/p>\n<p>K\u00edch th\u01b0\u1edbc: 17 x 17cm (r\u1ed9ng x cao)<\/p>\n<p>&nbsp;<\/p>\n<p><strong>\u01afu \u0111i\u1ec3m v\u00e0 ti\u1ec7n \u00edch<\/strong><\/p>\n<p>&#8211; Gi\u1eef nhi\u1ec7t l\u00ean \u0111\u1ebfn 6 gi\u1edd. Th\u00e2n \u1ea5m ch\u1ea5t li\u1ec7u th\u00e9p kh\u00f4ng g\u1ec9 304. C\u00f3 l\u1edbp ch\u00e2n kh\u00f4ng c\u00e1ch nhi\u1ec7t<\/p>\n<p>&#8211; Thi\u1ebft k\u1ebf tinh t\u1ebf, m\u00e0u s\u1eafc th\u1eddi trang, thanh l\u1ecbch<\/p>\n<p>&#8211; Mi\u1ec7ng b\u00ecnh r\u1ed9ng, d\u1ec5 v\u1ec7 sinh<\/p>\n<p>&#8211; Dung t\u00edch v\u1eeba ph\u1ea3i ph\u00f9 h\u1ee3p d\u00f9ng t\u1ea1i gia ho\u1eb7c mang \u0111i<\/p>\n<p>&#8211; N\u1eafp v\u1eb7n k\u1ebft h\u1ee3p n\u00fat \u1ea5n l\u1ea5y n\u01b0\u1edbc\/x\u1ea3 kh\u00ed ti\u1ec7n d\u1ee5ng<\/p>\n<p>&#8211; Tay c\u1ea7m v\u1eeba v\u1eb7n, ch\u1eafc ch\u1eafn<\/p>\n<p>&#8211; Mi\u1ec7ng \u1ea5m h\u00ecnh ch\u1eef V gi\u00fap n\u01b0\u1edbc r\u00f3t ra \u1ed5n \u0111\u1ecbnh, h\u1ea1n ch\u1ebf b\u1eafn\/v\u0103ng n\u01b0\u1edbc ra ngo\u00e0i<\/p>\n<p>&#8211; Mi\u1ebfng \u0111\u1ec7m l\u00f3t ch\u1ea5t li\u1ec7u silicone gi\u00fap ch\u1ed1ng tr\u01b0\u1ee3t, ch\u1ed1ng \u0111\u1ed5<\/p>\n<p><strong>C\u00f4ng d\u1ee5ng:<\/strong>\u00a0Tr\u1eef n\u01b0\u1edbc gi\u1eef nhi\u1ec7t n\u00f3ng ho\u1eb7c l\u1ea1nh l\u00ean \u0111\u1ebfn 6 gi\u1edd, ph\u00f9 h\u1ee3p d\u00f9ng trong gia \u0111\u00ecnh ho\u1eb7c n\u01a1i l\u00e0m vi\u1ec7c<\/p>\n<p><strong>C\u00e1ch s\u1eed d\u1ee5ng &amp; b\u1ea3o qu\u1ea3n:<\/strong><\/p>\n<p>&#8211; Tr\u01b0\u1edbc khi s\u1eed d\u1ee5ng \u1ea5m gi\u1eef nhi\u1ec7t n\u00ean v\u1ec7 sinh b\u1eb1ng c\u00e1ch cho n\u01b0\u1edbc \u1ea5m v\u00e0o \u1ea5m, \u0111\u00f3ng ch\u1eb7t n\u1eafp r\u1ed3i l\u1eafc nh\u1eb9, r\u1eeda s\u1ea1ch b\u00ean trong b\u00ecnh. Sau khi s\u1eed d\u1ee5ng, ch\u1ec9 c\u1ea7n r\u1eeda s\u1ea1ch v\u00e0 \u0111\u1ec3 kh\u00f4 \u1ea5m<\/p>\n<p>&#8211; \u0110\u1ec3 n\u00e2ng cao hi\u1ec7u qu\u1ea3 gi\u1eef n\u00f3ng\/ gi\u1eef l\u1ea1nh, \u0111\u1ed5 v\u00e0o \u1ea5m m\u1ed9t l\u01b0\u1ee3ng nh\u1ecf n\u01b0\u1edbc n\u00f3ng\/ n\u01b0\u1edbc l\u1ea1nh tr\u01b0\u1edbc, r\u1ed3i \u1ee7 n\u00f3ng\/ l\u1ea1nh 1-2 ph\u00fat, sau \u0111\u00f3 \u0111\u1ed5 n\u01b0\u1edbc \u0111i r\u1ed3i m\u1edbi cho n\u01b0\u1edbc v\u00e0o<\/p>\n<p>&#8211; H\u1ea1n ch\u1ebf s\u1ed1 l\u1ea7n m\u1edf n\u1eafp \u1ea5m s\u1ebd gi\u00fap n\u00e2ng cao hi\u1ec7u qu\u1ea3 gi\u1eef n\u00f3ng\/ gi\u1eef l\u1ea1nh<\/p>\n<p>&#8211; Tr\u00e1nh l\u00e0m r\u01a1i, va \u0111\u1eadp m\u1ea1nh c\u00f3 th\u1ec3 l\u00e0m h\u1ecfng l\u1edbp ch\u00e2n kh\u00f4ng<\/p>\n<p>&#8211; Tr\u00e1nh xa t\u1ea7m tay c\u1ee7a tr\u1ebb s\u01a1 sinh v\u00e0 tr\u1ebb em<\/p>\n<p>&#8211; Kh\u00f4ng n\u00ean \u0111\u1ed5 n\u01b0\u1edbc qu\u00e1 \u0111\u1ea7y b\u00ecnh. Ch\u1eeba kho\u1ea3ng c\u00e1ch \u00edt nh\u1ea5t 1cm v\u1edbi n\u1eafp \u1ea5m<\/p>\n<p>&#8211; Kh\u00f4ng \u0111\u1eb7t trong c\u1eb7p, t\u00fai, n\u01a1i kh\u00f4ng c\u00e2n b\u1eb1ng. Kh\u00f4ng \u0111\u1eb7t n\u1eb1m ngang ho\u1eb7c k\u1ec1 g\u1ea7n v\u1edbi m\u1eb7t khi m\u1edf n\u1eafp s\u1eed d\u1ee5ng. Tr\u00e1nh tr\u01b0\u1eddng h\u1ee3p n\u01b0\u1edbc b\u00ean trong phun ra do \u00e1p su\u1ea5t nhi\u1ec7t c\u00f3 th\u1ec3 g\u00e2y b\u1ecfng<\/p>\n<p>&#8211; Kh\u00f4ng \u0111\u1ec3 s\u1ea3n ph\u1ea9m trong t\u1ee7 l\u1ea1nh, l\u00f2 vi s\u00f3ng, t\u1ee7 ti\u1ec7t tr\u00f9ng<\/p>\n<p>&#8211; Kh\u00f4ng \u0111\u1ec3 \u1ea5m \u0111un t\u00ec l\u00ean mi\u1ec7ng \u1ea5m gi\u1eef nhi\u1ec7t<\/p>\n<p>&#8211; Kh\u00f4ng \u0111\u1eb7t g\u1ea7n n\u01a1i c\u00f3 ngu\u1ed3n nhi\u1ec7t cao<\/p>\n","protected":false},"excerpt":{"rendered":"<p><strong>\u01afu \u0111i\u1ec3m v\u00e0 ti\u1ec7n \u00edch<\/strong><\/p>\n<p>&#8211; Gi\u1eef nhi\u1ec7t l\u00ean \u0111\u1ebfn 6 gi\u1edd. Th\u00e2n \u1ea5m ch\u1ea5t li\u1ec7u th\u00e9p kh\u00f4ng g\u1ec9 304. C\u00f3 l\u1edbp ch\u00e2n kh\u00f4ng c\u00e1ch nhi\u1ec7t<\/p>\n<p>&#8211; Thi\u1ebft k\u1ebf tinh t\u1ebf, m\u00e0u s\u1eafc th\u1eddi trang, thanh l\u1ecbch<\/p>\n<p>&#8211; Mi\u1ec7ng b\u00ecnh r\u1ed9ng, d\u1ec5 v\u1ec7 sinh<\/p>\n<p>&#8211; Dung t\u00edch v\u1eeba ph\u1ea3i ph\u00f9 h\u1ee3p d\u00f9ng t\u1ea1i gia ho\u1eb7c mang \u0111i<\/p>\n<p>&#8211; N\u1eafp v\u1eb7n k\u1ebft h\u1ee3p n\u00fat \u1ea5n l\u1ea5y n\u01b0\u1edbc\/x\u1ea3 kh\u00ed ti\u1ec7n d\u1ee5ng<\/p>\n<p>&#8211; Tay c\u1ea7m v\u1eeba v\u1eb7n, ch\u1eafc ch\u1eafn<\/p>\n<p>&#8211; Mi\u1ec7ng \u1ea5m h\u00ecnh ch\u1eef V gi\u00fap n\u01b0\u1edbc r\u00f3t ra \u1ed5n \u0111\u1ecbnh, h\u1ea1n ch\u1ebf b\u1eafn\/v\u0103ng n\u01b0\u1edbc ra ngo\u00e0i<\/p>\n<p>&#8211; Mi\u1ebfng \u0111\u1ec7m l\u00f3t ch\u1ea5t li\u1ec7u silicone gi\u00fap ch\u1ed1ng tr\u01b0\u1ee3t, ch\u1ed1ng \u0111\u1ed5<\/p>\n","protected":false},"featured_media":4945,"comment_status":"open","ping_status":"closed","template":"","meta":[],"product_cat":[85],"product_tag":[105],"class_list":["post-4942","product","type-product","status-publish","has-post-thumbnail","hentry","product_cat-binh-nuoc-cac-loai","product_tag-am-giu-nhiet-tupperware"],"aioseo_notices":[],"_links":{"self":[{"href":"https:\/\/tiemtaphoa.xyz\/index.php\/wp-json\/wp\/v2\/product\/4942"}],"collection":[{"href":"https:\/\/tiemtaphoa.xyz\/index.php\/wp-json\/wp\/v2\/product"}],"about":[{"href":"https:\/\/tiemtaphoa.xyz\/index.php\/wp-json\/wp\/v2\/types\/product"}],"replies":[{"embeddable":true,"href":"https:\/\/tiemtaphoa.xyz\/index.php\/wp-json\/wp\/v2\/comments?post=4942"}],"wp:featuredmedia":[{"embeddable":true,"href":"https:\/\/tiemtaphoa.xyz\/index.php\/wp-json\/wp\/v2\/media\/4945"}],"wp:attachment":[{"href":"https:\/\/tiemtaphoa.xyz\/index.php\/wp-json\/wp\/v2\/media?parent=4942"}],"wp:term":[{"taxonomy":"product_cat","embeddable":true,"href":"https:\/\/tiemtaphoa.xyz\/index.php\/wp-json\/wp\/v2\/product_cat?post=4942"},{"taxonomy":"product_tag","embeddable":true,"href":"https:\/\/tiemtaphoa.xyz\/index.php\/wp-json\/wp\/v2\/product_tag?post=4942"}],"curies":[{"name":"wp","href":"https:\/\/api.w.org\/{rel}","templated":true}]}}