{"id":4946,"date":"2022-03-16T11:11:46","date_gmt":"2022-03-16T04:11:46","guid":{"rendered":"http:\/\/tupvietnam.com\/?post_type=product&#038;p=4946"},"modified":"2023-03-15T06:57:43","modified_gmt":"2023-03-14T23:57:43","slug":"xung-hap-2-tang-steam-it","status":"publish","type":"product","link":"https:\/\/tiemtaphoa.xyz\/index.php\/product\/xung-hap-2-tang-steam-it\/","title":{"rendered":"X\u1eedng h\u1ea5p 2 T\u1ea7ng Steam It"},"content":{"rendered":"<p><strong>K\u00edch th\u01b0\u1edbc:<\/strong>\u00a020cm<\/p>\n<p><strong>\u01afu \u0111i\u1ec3m v\u00e0 ti\u1ec7n \u00edch:<\/strong><\/p>\n<p>&#8211; Thi\u1ebft k\u1ebf kh\u00edt ch\u1eb7t v\u00e0 kh\u00e9p k\u00edn gi\u00fap gia t\u0103ng \u00e1p su\u1ea5t b\u00ean trong gi\u00fap cho vi\u1ec7c h\u1ea5p ch\u00edn \u0111\u01b0\u1ee3c nhanh ch\u00f3ng v\u00e0 d\u1ec5 d\u00e0ng h\u01a1n<\/p>\n<p>&#8211; -Ch\u1ea5t li\u1ec7u ch\u1ecbu nhi\u1ec7t cao t\u1eeb 120 &#8211; 130 \u0111\u1ed9 C gi\u00fap an to\u00e0n trong qu\u00e1 tr\u00ecnh h\u1ea5p<\/p>\n<p>&#8211; C\u00f3 v\u1ea1ch chia m\u1ef1c n\u01b0\u1edbc \u0111\u1ec3 h\u1ea5p t\u1ed1i \u0111a 3cm gi\u00fap cho vi\u1ec7c canh ch\u1ec9nh th\u1eddi gian h\u1ea5p \u0111\u01b0\u1ee3c d\u1ec5 d\u00e0ng<\/p>\n<p>&#8211; L\u1ed7 tho\u00e1t kh\u00ed tr\u00ean n\u1eafp gi\u00fap gi\u1ea3m b\u1edbt kh\u00ed v\u00e0 \u00e1p su\u1ea5t kh\u00f4ng c\u1ea7n thi\u1ebft gi\u00fap cho th\u1ee9c \u0103n \u0111ang n\u1ea5u kh\u00f4ng b\u1ecb qu\u00e1 ch\u00edn ho\u1eb7c qu\u00e1 r\u1ee5c<\/p>\n<p>&#8211; B\u1ec1 m\u1eb7t khay h\u1ea5p \u0111\u01b0\u1ee3c thi\u1ebft k\u1ebf b\u1eb1ng nh\u1eefng \u0111\u01b0\u1eddng g\u1edd tr\u00f2n \u0111\u1ed3ng t\u00e2m gi\u00fap th\u1ef1c ph\u1ea9m kh\u00f4ng b\u1ecb b\u00e1m d\u00ednh<\/p>\n<p>&#8211; R\u00e3nh tho\u00e1t n\u01b0\u1edbc ngo\u00e0i c\u00f9ng gi\u00fap h\u1ee9ng tr\u1ecdn h\u01a1i n\u01b0\u1edbc t\u1eeb tr\u00ean n\u1eafp v\u00e0 t\u1ea7ng tr\u00ean tho\u00e1t xu\u1ed1ng gi\u00fap cho b\u1ec1 m\u1eb7t th\u1ef1c ph\u1ea9m kh\u00f4ng b\u1ecb h\u1ecfng v\u00e0 \u0111\u1ecdng n\u01b0\u1edbc<\/p>\n<p><strong>C\u00e1ch s\u1eed d\u1ee5ng:\u00a0<\/strong><\/p>\n<p>&#8211; \u0110\u1eb7t x\u1eedng h\u1ea5p Steam It v\u00e0o ch\u1ea3o c\u00f3 n\u01b0\u1edbc. L\u01b0u \u00fd gi\u1eef m\u1ef1c n\u01b0\u1edbc \u1edf m\u1ee9c ch\u1ec9 \u0111\u1ecbnh tr\u00ean x\u1eedng h\u1ea5p<\/p>\n<p>&#8211; S\u1eed d\u1ee5ng nhi\u1ec7t \u0111\u1ed9 trung b\u00ecnh kho\u1ea3ng t\u1eeb 120 \u0111\u1ed9 C \u0111\u1ebfn 130 \u0111\u1ed9 C \u0111\u1ec3 h\u1ea5p<\/p>\n<p>&#8211; N\u1ebfu n\u01b0\u1edbc \u0111ang qu\u00e1 s\u00f4i, v\u1eb7n nh\u1ecf l\u1eeda \u0111\u1ec3 tr\u00e1nh c\u00e1c b\u1ecdt n\u01b0\u1edbc tr\u00e0n v\u00e0o th\u1ee9c \u0103n<\/p>\n<p>&#8211; \u0110\u1ed5 th\u00eam n\u01b0\u1edbc n\u00f3ng v\u00e0o ch\u1ea3o khi n\u01b0\u1edbc trong ch\u1ea3o b\u1ed1c h\u01a1i g\u1ea7n h\u1ebft<\/p>\n<p>&#8211; C\u1ea9n th\u1eadn khi m\u1edf n\u1eafp \u0111\u1ec3 tr\u00e1nh b\u1ecb b\u1ecfng do h\u01a1i n\u01b0\u1edbc n\u00f3ng b\u1ed1c l\u00ean<\/p>\n<p><strong>B\u00ed quy\u1ebft v\u00e0 ch\u0103m s\u00f3c:\u00a0<\/strong><\/p>\n<p>&#8211; Kh\u00f4ng s\u1eed d\u1ee5ng x\u1eedng h\u1ea5p n\u1ebfu kh\u00f4ng c\u00f3 n\u01b0\u1edbc b\u00ean trong ch\u1ea3o<\/p>\n<p>&#8211; Kh\u00f4ng \u0111\u1ed5 n\u01b0\u1edbc v\u01b0\u1ee3t qu\u00e1 v\u1ea1ch quy \u0111\u1ecbnh<\/p>\n<p>&#8211; Kh\u00f4ng \u0111\u1eb7t x\u1eedng h\u1ea5p v\u00e0o trong ch\u1ea3o \/ n\u1ed3i c\u00f3 k\u00edch th\u01b0\u1edbc chi\u1ec1u ngang nh\u1ecf h\u01a1n x\u1eedng h\u1ea5p<\/p>\n<p>&#8211; Kh\u00f4ng d\u00f9ng mi\u1ebfng x\u1ed1p kim lo\u1ea1i \u0111\u1ec3 v\u1ec7 sinh x\u1eedng h\u1ea5p<\/p>\n","protected":false},"excerpt":{"rendered":"<p><strong>\u01afu \u0111i\u1ec3m v\u00e0 ti\u1ec7n \u00edch:<\/strong><\/p>\n<p>&#8211; Thi\u1ebft k\u1ebf kh\u00edt ch\u1eb7t v\u00e0 kh\u00e9p k\u00edn gi\u00fap gia t\u0103ng \u00e1p su\u1ea5t b\u00ean trong gi\u00fap cho vi\u1ec7c h\u1ea5p ch\u00edn \u0111\u01b0\u1ee3c nhanh ch\u00f3ng v\u00e0 d\u1ec5 d\u00e0ng h\u01a1n<\/p>\n<p>&#8211; -Ch\u1ea5t li\u1ec7u ch\u1ecbu nhi\u1ec7t cao t\u1eeb 120 &#8211; 130 \u0111\u1ed9 C gi\u00fap an to\u00e0n trong qu\u00e1 tr\u00ecnh h\u1ea5p<\/p>\n<p>&#8211; C\u00f3 v\u1ea1ch chia m\u1ef1c n\u01b0\u1edbc \u0111\u1ec3 h\u1ea5p t\u1ed1i \u0111a 3cm gi\u00fap cho vi\u1ec7c canh ch\u1ec9nh th\u1eddi gian h\u1ea5p \u0111\u01b0\u1ee3c d\u1ec5 d\u00e0ng<\/p>\n<p>&#8211; L\u1ed7 tho\u00e1t kh\u00ed tr\u00ean n\u1eafp gi\u00fap gi\u1ea3m b\u1edbt kh\u00ed v\u00e0 \u00e1p su\u1ea5t kh\u00f4ng c\u1ea7n thi\u1ebft gi\u00fap cho th\u1ee9c \u0103n \u0111ang n\u1ea5u kh\u00f4ng b\u1ecb qu\u00e1 ch\u00edn ho\u1eb7c qu\u00e1 r\u1ee5c<\/p>\n<p>&#8211; B\u1ec1 m\u1eb7t khay h\u1ea5p \u0111\u01b0\u1ee3c thi\u1ebft k\u1ebf b\u1eb1ng nh\u1eefng \u0111\u01b0\u1eddng g\u1edd tr\u00f2n \u0111\u1ed3ng t\u00e2m gi\u00fap th\u1ef1c ph\u1ea9m kh\u00f4ng b\u1ecb b\u00e1m d\u00ednh<\/p>\n<p>&#8211; R\u00e3nh tho\u00e1t n\u01b0\u1edbc ngo\u00e0i c\u00f9ng gi\u00fap h\u1ee9ng tr\u1ecdn h\u01a1i n\u01b0\u1edbc t\u1eeb tr\u00ean n\u1eafp v\u00e0 t\u1ea7ng tr\u00ean tho\u00e1t xu\u1ed1ng gi\u00fap cho b\u1ec1 m\u1eb7t th\u1ef1c ph\u1ea9m kh\u00f4ng b\u1ecb h\u1ecfng v\u00e0 \u0111\u1ecdng n\u01b0\u1edbc<\/p>\n","protected":false},"featured_media":4949,"comment_status":"open","ping_status":"closed","template":"","meta":[],"product_cat":[49],"product_tag":[106],"class_list":["post-4946","product","type-product","status-publish","has-post-thumbnail","hentry","product_cat-noi-chao-tupperware-xung-hap","product_tag-xung-hap-2-tang"],"aioseo_notices":[],"_links":{"self":[{"href":"https:\/\/tiemtaphoa.xyz\/index.php\/wp-json\/wp\/v2\/product\/4946"}],"collection":[{"href":"https:\/\/tiemtaphoa.xyz\/index.php\/wp-json\/wp\/v2\/product"}],"about":[{"href":"https:\/\/tiemtaphoa.xyz\/index.php\/wp-json\/wp\/v2\/types\/product"}],"replies":[{"embeddable":true,"href":"https:\/\/tiemtaphoa.xyz\/index.php\/wp-json\/wp\/v2\/comments?post=4946"}],"wp:featuredmedia":[{"embeddable":true,"href":"https:\/\/tiemtaphoa.xyz\/index.php\/wp-json\/wp\/v2\/media\/4949"}],"wp:attachment":[{"href":"https:\/\/tiemtaphoa.xyz\/index.php\/wp-json\/wp\/v2\/media?parent=4946"}],"wp:term":[{"taxonomy":"product_cat","embeddable":true,"href":"https:\/\/tiemtaphoa.xyz\/index.php\/wp-json\/wp\/v2\/product_cat?post=4946"},{"taxonomy":"product_tag","embeddable":true,"href":"https:\/\/tiemtaphoa.xyz\/index.php\/wp-json\/wp\/v2\/product_tag?post=4946"}],"curies":[{"name":"wp","href":"https:\/\/api.w.org\/{rel}","templated":true}]}}