{"id":4957,"date":"2022-03-18T16:29:54","date_gmt":"2022-03-18T09:29:54","guid":{"rendered":"http:\/\/tupvietnam.com\/?post_type=product&#038;p=4957"},"modified":"2023-03-13T02:23:55","modified_gmt":"2023-03-12T19:23:55","slug":"bo-san-pham-memberkit-shake-n-go","status":"publish","type":"product","link":"https:\/\/tiemtaphoa.xyz\/index.php\/product\/bo-san-pham-memberkit-shake-n-go\/","title":{"rendered":"B\u1ed9 S\u1ea3n Ph\u1ea9m Memberkit Shake N Go"},"content":{"rendered":"<p><strong>T\u00ean s\u1ea3n ph\u1ea9m: B\u00ecnh l\u1eafc Quick Shake<\/strong><\/p>\n<p><strong>Dung t\u00edch:<\/strong>\u00a0500ml<\/p>\n<p><strong>K\u00edch th\u01b0\u1edbc:<\/strong>\u00a010.4 x 20cm<\/p>\n<p><strong>\u01afu \u0111i\u1ec3m v\u00e0 ti\u1ec7n \u00edch:<\/strong><\/p>\n<p>&#8211; Ch\u1ea5t li\u1ec7u nh\u1ef1a nguy\u00ean sinh an to\u00e0n khi s\u1eed d\u1ee5ng<\/p>\n<p>&#8211; D\u1ec5 d\u00e0ng \u0111ong \u0111\u1ebfm l\u01b0\u1ee3ng ch\u1ea5t l\u1ecfng v\u00e0 b\u1ed9t nh\u1edd v\u00e0o v\u1ea1ch chia ml ri\u00eang bi\u1ec7t \u0111\u01b0\u1ee3c in tr\u00ean th\u00e2n b\u00ecnh<\/p>\n<p>&#8211; V\u00f2ng quay gi\u00fap tr\u1ed9n \u0111\u1ec1u v\u00e0 \u0111\u00e1nh tan nguy\u00ean li\u1ec7u<\/p>\n<p><strong>C\u00f4ng d\u1ee5ng:<\/strong><\/p>\n<p>&#8211; D\u00f9ng \u0111\u1ec3 l\u1eafc v\u00e0 tr\u1ed9n nguy\u00ean li\u1ec7u (th\u00edch h\u1ee3p l\u00e0m nh\u1eefng m\u00f3n nh\u01b0 s\u1eefa l\u1eafc, yogurt l\u1eafc,\u2026) ho\u1eb7c pha ch\u1ebf c\u00e1c lo\u1ea1i s\u1ed1t.<\/p>\n<p>&#8211; C\u00f3 th\u1ec3 d\u00f9ng \u0111\u1ec3 \u0111ong \u0111\u1ebfm nguy\u00ean li\u1ec7u khi n\u1ea5u \u0103n<\/p>\n<p><strong>B\u00ed quy\u1ebft &amp; Ch\u0103m s\u00f3c:<\/strong><\/p>\n<p>&#8211; Kh\u00f4ng l\u1eafc n\u01b0\u1edbc n\u00f3ng<\/p>\n<p>&#8211; Kh\u00f4ng d\u00f9ng \u0111\u1ec3 \u0111\u1ef1ng n\u01b0\u1edbc c\u00f3 nhi\u1ec7t \u0111\u1ed9 cao h\u01a1n 80 \u0111\u1ed9 C<\/p>\n<p>&#8211; Kh\u00f4ng ch\u00f9i r\u1eeda b\u1eb1ng d\u1ee5ng c\u1ee5 s\u1eafc nh\u1ecdn<\/p>\n<p><strong>T\u00ean s\u1ea3n ph\u1ea9m: B\u00ecnh n\u01b0\u1edbc Eco Bottle 500ml n\u1eafp b\u1eadt<\/strong><\/p>\n<p><strong>Dung t\u00edch:<\/strong>\u00a0500ml<\/p>\n<p><strong>K\u00edch th\u01b0\u1edbc:<\/strong>\u00a07.4 x 21cm<\/p>\n<p><strong>\u01afu \u0111i\u1ec3m v\u00e0 ti\u1ec7n \u00edch:<\/strong><\/p>\n<p>&#8211; N\u1eafp k\u00edn n\u01b0\u1edbc b\u1ea3o \u0111\u1ea3m kh\u00f4ng ch\u1ea3y tr\u00e0n khi mang \u0111i<\/p>\n<p>&#8211; N\u1eafp b\u1eadt ti\u1ec7n l\u1ee3i khi u\u1ed1ng tr\u1ef1c ti\u1ebfp<\/p>\n<p>&#8211; Eo thon v\u1edbi \u0111\u01b0\u1eddng vi\u1ec1n d\u1ecdc th\u00e2n chai gi\u00fap vi\u1ec7c c\u1ea7m n\u1eafm d\u1ec5 d\u00e0ng v\u00e0 c\u1ed1 \u0111\u1ecbnh th\u00e2n chai khi \u0111\u1eb7t n\u1eb1m ngang<\/p>\n<p>&#8211; \u0110\u00e1y vu\u00f4ng gi\u00fap tr\u1ecdng l\u01b0\u1ee3ng chai t\u1ecfa \u0111\u1ec1u v\u00e0o b\u1ed1n g\u00f3c v\u00e0 \u0111\u1ee9ng v\u1eefng ch\u1eafc tr\u00ean m\u1eb7t ph\u1eb3ng<\/p>\n<p><strong>C\u00f4ng d\u1ee5ng:<\/strong><\/p>\n<p>&#8211; Th\u00edch h\u1ee3p mang theo trong c\u00e1c ho\u1ea1t \u0111\u1ed9ng th\u01b0\u1eddng ng\u00e0y<\/p>\n<p><strong>B\u00ed quy\u1ebft &amp; ch\u0103m s\u00f3c:<\/strong><\/p>\n<p>&#8211; Kh\u00f4ng \u0111\u1ef1ng n\u01b0\u1edbc c\u00f3 nhi\u1ec7t \u0111\u1ed9 cao h\u01a1n 80 \u0111\u1ed9 C<\/p>\n<p>&#8211; Tr\u00e1nh ch\u00f9i r\u1eeda b\u1eb1ng d\u1ee5ng c\u1ee5 s\u1eafc nh\u1ecdn<\/p>\n<p>* Tr\u00e1nh \u0111\u1ef1ng n\u01b0\u1edbc n\u00f3ng v\u00e0 c\u00e1c th\u1ee9c u\u1ed1ng c\u00f3 gas<\/p>\n","protected":false},"excerpt":{"rendered":"<p><strong>\u01afu \u0111i\u1ec3m v\u00e0 ti\u1ec7n \u00edch:<\/strong><\/p>\n<p>&#8211; Ch\u1ea5t li\u1ec7u nh\u1ef1a nguy\u00ean sinh an to\u00e0n khi s\u1eed d\u1ee5ng<\/p>\n<p>&#8211; D\u1ec5 d\u00e0ng \u0111ong \u0111\u1ebfm l\u01b0\u1ee3ng ch\u1ea5t l\u1ecfng v\u00e0 b\u1ed9t nh\u1edd v\u00e0o v\u1ea1ch chia ml ri\u00eang bi\u1ec7t \u0111\u01b0\u1ee3c in tr\u00ean th\u00e2n b\u00ecnh<\/p>\n<p>&#8211; V\u00f2ng quay gi\u00fap tr\u1ed9n \u0111\u1ec1u v\u00e0 \u0111\u00e1nh tan nguy\u00ean li\u1ec7u<\/p>\n","protected":false},"featured_media":4959,"comment_status":"open","ping_status":"closed","template":"","meta":[],"product_cat":[85],"product_tag":[],"class_list":["post-4957","product","type-product","status-publish","has-post-thumbnail","hentry","product_cat-binh-nuoc-cac-loai"],"aioseo_notices":[],"_links":{"self":[{"href":"https:\/\/tiemtaphoa.xyz\/index.php\/wp-json\/wp\/v2\/product\/4957"}],"collection":[{"href":"https:\/\/tiemtaphoa.xyz\/index.php\/wp-json\/wp\/v2\/product"}],"about":[{"href":"https:\/\/tiemtaphoa.xyz\/index.php\/wp-json\/wp\/v2\/types\/product"}],"replies":[{"embeddable":true,"href":"https:\/\/tiemtaphoa.xyz\/index.php\/wp-json\/wp\/v2\/comments?post=4957"}],"wp:featuredmedia":[{"embeddable":true,"href":"https:\/\/tiemtaphoa.xyz\/index.php\/wp-json\/wp\/v2\/media\/4959"}],"wp:attachment":[{"href":"https:\/\/tiemtaphoa.xyz\/index.php\/wp-json\/wp\/v2\/media?parent=4957"}],"wp:term":[{"taxonomy":"product_cat","embeddable":true,"href":"https:\/\/tiemtaphoa.xyz\/index.php\/wp-json\/wp\/v2\/product_cat?post=4957"},{"taxonomy":"product_tag","embeddable":true,"href":"https:\/\/tiemtaphoa.xyz\/index.php\/wp-json\/wp\/v2\/product_tag?post=4957"}],"curies":[{"name":"wp","href":"https:\/\/api.w.org\/{rel}","templated":true}]}}