{"id":4972,"date":"2022-03-18T19:04:36","date_gmt":"2022-03-18T12:04:36","guid":{"rendered":"http:\/\/tupvietnam.com\/?post_type=product&#038;p=4972"},"modified":"2023-03-13T11:28:03","modified_gmt":"2023-03-13T04:28:03","slug":"xung-hap-steam-it-3-tang","status":"publish","type":"product","link":"https:\/\/tiemtaphoa.xyz\/index.php\/product\/xung-hap-steam-it-3-tang\/","title":{"rendered":"X\u1eedng H\u1ea5p Steam It 3 T\u1ea7ng"},"content":{"rendered":"<p>\u0110\u01b0\u1eddng k\u00ednh 20cm<\/p>\n<p><strong>\u01afu \u0111i\u1ec3m v\u00e0 ti\u1ec7n \u00edch:<\/strong><\/p>\n<p>&#8211; Thi\u1ebft k\u1ebf kh\u00edt ch\u1eb7t v\u00e0 kh\u00e9p k\u00edn gi\u00fap gia t\u0103ng \u00e1p su\u1ea5t b\u00ean trong gi\u00fap cho vi\u1ec7c h\u1ea5p ch\u00edn \u0111\u01b0\u1ee3c nhanh ch\u00f3ng v\u00e0 d\u1ec5 d\u00e0ng h\u01a1n<\/p>\n<p>&#8211; Ch\u1ea5t li\u1ec7u ch\u1ecbu nhi\u1ec7t cao t\u1eeb 120\u00b0C &#8211; 130\u00b0C gi\u00fap an to\u00e0n trong qu\u00e1 tr\u00ecnh h\u1ea5p<\/p>\n<p>&#8211; C\u00f3 v\u1ea1ch chia m\u1ef1c n\u01b0\u1edbc \u0111\u1ec3 h\u1ea5p t\u1ed1i \u0111a 3cm gi\u00fap cho vi\u1ec7c canh ch\u1ec9nh th\u1eddi gian h\u1ea5p \u0111\u01b0\u1ee3c d\u1ec5 d\u00e0ng<\/p>\n<p>&#8211; L\u1ed7 tho\u00e1t h\u01a1i tr\u00ean n\u1eafp x\u1eedng gi\u00fap gi\u1ea3m b\u1edbt kh\u00ed v\u00e0 \u00e1p su\u1ea5t kh\u00f4ng c\u1ea7n thi\u1ebft gi\u00fap cho th\u1ee9c \u0103n \u0111ang n\u1ea5u kh\u00f4ng b\u1ecb qu\u00e1 ch\u00edn ho\u1eb7c qu\u00e1 r\u1ee5c<\/p>\n<p>&#8211; M\u1eb7t \u0111\u00e1y thi\u1ebft k\u1ebf g\u1ee3n nh\u1ea5p nh\u00f4 \u0111\u1ec3 tr\u00e1nh th\u1ef1c ph\u1ea9m b\u1ecb d\u00ednh l\u1ea1i<\/p>\n<p>&#8211; \u0110\u01b0\u1eddng cong b\u00ean trong c\u1ee7a n\u1eafp \u0111\u1eady cho ph\u00e9p n\u01b0\u1edbc t\u1ee5 l\u1ea1i xung quanh vi\u1ec1n n\u1eafp, tr\u00e1nh t\u00ecnh tr\u1ea1ng n\u01b0\u1edbc t\u1ee5 tr\u00ean b\u1ec1 m\u1eb7t th\u1ef1c ph\u1ea9m.<\/p>\n<p>&nbsp;<\/p>\n<p><strong>H\u01b0\u1edbng d\u1eabn s\u1eed d\u1ee5ng:<\/strong><\/p>\n<p>&#8211; \u0110\u1eb7t x\u1eedng h\u1ea5p l\u00ean ch\u1ea3o \/ n\u1ed3i \u0111\u00e1y b\u1eb1ng, c\u00f3 \u0111\u01b0\u1eddng k\u00ednh l\u1edbn h\u01a1n 22cm<\/p>\n<p>&#8211; M\u1ef1c n\u01b0\u1edbc trong ch\u1ea3o \/ n\u1ed3i gi\u1eef \u1edf m\u1ee9c ch\u1ec9 \u0111\u1ecbnh theo ch\u00e2n \u0111\u00e1y<\/p>\n<p>&#8211; Ch\u1ec9 s\u1eed d\u1ee5ng nhi\u1ec7t \u0111\u1ed9 trung b\u00ecnh kho\u1ea3ng 120\u00b0C &#8211; 130\u00b0C \u0111\u1ec3 h\u1ea5p<\/p>\n<p>&#8211; N\u1ebfu n\u01b0\u1edbc \u0111ang qu\u00e1 s\u00f4i, v\u1eb7n nh\u1ecf l\u1eeda \u0111\u1ec3 tr\u00e1nh c\u00e1c b\u1ecdt n\u01b0\u1edbc tr\u00e0n v\u00e0o th\u1ee9c \u0103n<\/p>\n<p>&#8211; \u0110\u1ed5 th\u00eam n\u01b0\u1edbc n\u00f3ng v\u00e0o ch\u1ea3o \/ n\u1ed3i trong tr\u01b0\u1eddng h\u1ee3p n\u01b0\u1edbc b\u1ed1c h\u01a1i g\u1ea7n h\u1ebft<\/p>\n<p>&#8211; C\u1ea9n th\u1eadn khi m\u1edf n\u1eafp \u0111\u1ec3 tr\u00e1nh b\u1ecb b\u1ecfng do h\u01a1i n\u01b0\u1edbc n\u00f3ng<\/p>\n<p>&#8211; D\u00f9ng mi\u1ebfng v\u1ea3i nh\u1ea5c n\u1ed3i \u0111\u1ec3 nh\u1ea5c x\u1eedng ra kh\u1ecfi b\u1ebfp<\/p>\n<p>&#8211; V\u1ec7 sinh x\u1eedng h\u1ea5p b\u1eb1ng n\u01b0\u1edbc r\u1eeda ch\u00e9n sau khi s\u1eed d\u1ee5ng, sau \u0111\u00f3 ph\u01a1i kh\u00f4<\/p>\n<p><strong>L\u01b0u \u00fd khi s\u1eed d\u1ee5ng:<\/strong><\/p>\n<p>&#8211;\u00a0Vi\u1ec7c s\u1eed d\u1ee5ng s\u1ea3n ph\u1ea9m \u0111\u1ec3 ch\u1ee9a \u0111\u1ef1ng th\u1ef1c ph\u1ea9m \u0111\u1eadm m\u00e0u nh\u01b0 s\u1ed1t c\u00e0 chua, n\u01b0\u1edbc m\u00e0u, m\u00e0u c\u00e0 ri, x\u00f4i g\u1ea5c&#8230; c\u00f3 th\u1ec3 \u1ea3nh h\u01b0\u1edfng \u0111\u1ebfn ngo\u1ea1i quan c\u1ee7a s\u1ea3n ph\u1ea9m, nh\u01b0ng kh\u00f4ng \u1ea3nh h\u01b0\u1edfng \u0111\u1ebfn ch\u1ee9c n\u0103ng c\u1ee7a s\u1ea3n ph\u1ea9m.<\/p>\n<p>&#8211; Kh\u00f4ng \u0111\u01b0\u1ee3c s\u1eed d\u1ee5ng x\u1eedng h\u1ea5p n\u1ebfu kh\u00f4ng c\u00f3 n\u01b0\u1edbc b\u00ean trong ch\u1ea3o \/ n\u1ed3i<\/p>\n<p>&#8211; Kh\u00f4ng \u0111\u1ed5 n\u01b0\u1edbc v\u01b0\u1ee3t qu\u00e1 ph\u1ea7n ch\u00e2n \u0111\u00e1y x\u1eedng<\/p>\n<p>&#8211; Kh\u00f4ng \u0111\u1eb7t x\u1eedng v\u00e0o trong ch\u1ea3o\/ n\u1ed3i c\u00f3 \u0111\u01b0\u1eddng k\u00ednh nh\u1ecf h\u01a1n x\u1eedng h\u1ea5p<\/p>\n<p>&#8211; Kh\u00f4ng d\u00f9ng mi\u1ebfng ch\u00f9i n\u1ed3i b\u1eb1ng v\u1eadt li\u1ec7u c\u1ee9ng \u0111\u1ec3 c\u1ecd r\u1eeda x\u1eedng h\u1ea5p<\/p>\n","protected":false},"excerpt":{"rendered":"<p>\u0110\u01b0\u1eddng k\u00ednh 20cm<\/p>\n<p><strong>\u01afu \u0111i\u1ec3m v\u00e0 ti\u1ec7n \u00edch:<\/strong><\/p>\n<p>&#8211; Thi\u1ebft k\u1ebf kh\u00edt ch\u1eb7t v\u00e0 kh\u00e9p k\u00edn gi\u00fap gia t\u0103ng \u00e1p su\u1ea5t b\u00ean trong gi\u00fap cho vi\u1ec7c h\u1ea5p ch\u00edn \u0111\u01b0\u1ee3c nhanh ch\u00f3ng v\u00e0 d\u1ec5 d\u00e0ng h\u01a1n<\/p>\n<p>&#8211; Ch\u1ea5t li\u1ec7u ch\u1ecbu nhi\u1ec7t cao t\u1eeb 120\u00b0C &#8211; 130\u00b0C gi\u00fap an to\u00e0n trong qu\u00e1 tr\u00ecnh h\u1ea5p<\/p>\n<p>&#8211; C\u00f3 v\u1ea1ch chia m\u1ef1c n\u01b0\u1edbc \u0111\u1ec3 h\u1ea5p t\u1ed1i \u0111a 3cm gi\u00fap cho vi\u1ec7c canh ch\u1ec9nh th\u1eddi gian h\u1ea5p \u0111\u01b0\u1ee3c d\u1ec5 d\u00e0ng<\/p>\n<p>&#8211; L\u1ed7 tho\u00e1t h\u01a1i tr\u00ean n\u1eafp x\u1eedng gi\u00fap gi\u1ea3m b\u1edbt kh\u00ed v\u00e0 \u00e1p su\u1ea5t kh\u00f4ng c\u1ea7n thi\u1ebft gi\u00fap cho th\u1ee9c \u0103n \u0111ang n\u1ea5u kh\u00f4ng b\u1ecb qu\u00e1 ch\u00edn ho\u1eb7c qu\u00e1 r\u1ee5c<\/p>\n<p>&#8211; M\u1eb7t \u0111\u00e1y thi\u1ebft k\u1ebf g\u1ee3n nh\u1ea5p nh\u00f4 \u0111\u1ec3 tr\u00e1nh th\u1ef1c ph\u1ea9m b\u1ecb d\u00ednh l\u1ea1i<\/p>\n<p>&#8211; \u0110\u01b0\u1eddng cong b\u00ean trong c\u1ee7a n\u1eafp \u0111\u1eady cho ph\u00e9p n\u01b0\u1edbc t\u1ee5 l\u1ea1i xung quanh vi\u1ec1n n\u1eafp, tr\u00e1nh t\u00ecnh tr\u1ea1ng n\u01b0\u1edbc t\u1ee5 tr\u00ean b\u1ec1 m\u1eb7t th\u1ef1c ph\u1ea9m.<\/p>\n","protected":false},"featured_media":4974,"comment_status":"open","ping_status":"closed","template":"","meta":[],"product_cat":[49],"product_tag":[109,108],"class_list":["post-4972","product","type-product","status-publish","has-post-thumbnail","hentry","product_cat-noi-chao-tupperware-xung-hap","product_tag-xung-3-tang","product_tag-xung-tim"],"aioseo_notices":[],"_links":{"self":[{"href":"https:\/\/tiemtaphoa.xyz\/index.php\/wp-json\/wp\/v2\/product\/4972"}],"collection":[{"href":"https:\/\/tiemtaphoa.xyz\/index.php\/wp-json\/wp\/v2\/product"}],"about":[{"href":"https:\/\/tiemtaphoa.xyz\/index.php\/wp-json\/wp\/v2\/types\/product"}],"replies":[{"embeddable":true,"href":"https:\/\/tiemtaphoa.xyz\/index.php\/wp-json\/wp\/v2\/comments?post=4972"}],"wp:featuredmedia":[{"embeddable":true,"href":"https:\/\/tiemtaphoa.xyz\/index.php\/wp-json\/wp\/v2\/media\/4974"}],"wp:attachment":[{"href":"https:\/\/tiemtaphoa.xyz\/index.php\/wp-json\/wp\/v2\/media?parent=4972"}],"wp:term":[{"taxonomy":"product_cat","embeddable":true,"href":"https:\/\/tiemtaphoa.xyz\/index.php\/wp-json\/wp\/v2\/product_cat?post=4972"},{"taxonomy":"product_tag","embeddable":true,"href":"https:\/\/tiemtaphoa.xyz\/index.php\/wp-json\/wp\/v2\/product_tag?post=4972"}],"curies":[{"name":"wp","href":"https:\/\/api.w.org\/{rel}","templated":true}]}}