{"id":4982,"date":"2022-03-18T19:50:05","date_gmt":"2022-03-18T12:50:05","guid":{"rendered":"http:\/\/tupvietnam.com\/?post_type=product&#038;p=4982"},"modified":"2023-03-12T15:28:49","modified_gmt":"2023-03-12T08:28:49","slug":"bo-hop-tru-dong-freezermate-fit-set-7-hop","status":"publish","type":"product","link":"https:\/\/tiemtaphoa.xyz\/index.php\/product\/bo-hop-tru-dong-freezermate-fit-set-7-hop\/","title":{"rendered":"B\u1ed9 h\u1ed9p tr\u1eef \u0111\u00f4ng Freezermate Fit Set 7 h\u1ed9p"},"content":{"rendered":"<p><strong>B\u1ed9 s\u1ea3n ph\u1ea9m g\u1ed3m:<\/strong><\/p>\n<p>&#8211; 4 h\u1ed9p Freezermate 650ml \/\u00a015.1 x 11.3 x 7.7 cm<\/p>\n<p>&#8211; 2 h\u1ed9p Freezermate 1.5L\/\u00a022.8 x 15.2 x 7.7 cm<\/p>\n<p>&#8211; 1 h\u1ed9p Freezermate Low 650ml \/\u00a022.8 x 15.2 x 3.9cm<\/p>\n<p>&nbsp;<\/p>\n<p><strong>\u01afu \u0111i\u1ec3m &amp; Ti\u1ec7n \u00edch:<\/strong><\/p>\n<p>&#8211; \u0110\u01b0\u1ee3c l\u00e0m t\u1eeb nh\u1ef1a nguy\u00ean sinh, an to\u00e0n ti\u1ebfp x\u00fac th\u1ef1c ph\u1ea9m<\/p>\n<p>&#8211; N\u1eafp k\u00edn kh\u00ed, b\u1ea3o v\u1ec7 th\u1ef1c ph\u1ea9m kh\u1ecfi kh\u00ed l\u1ea1nh t\u1ee7 \u0111\u00f4ng, gi\u00fap b\u1ec1 m\u1eb7t th\u1ef1c ph\u1ea9m kh\u00f4ng kh\u00f4, t\u01b0\u01a1i l\u00e2u h\u01a1n, v\u00e0 kh\u00f4ng tho\u00e1t m\u00f9i th\u1ef1c ph\u1ea9m ra ngo\u00e0i<\/p>\n<p>&#8211; Thi\u1ebft k\u1ebf d\u1ea1ng m\u00f4 \u0111un gi\u00fap x\u1ebfp ch\u1ed3ng h\u1ed9p g\u1ecdn g\u00e0ng, ti\u1ebft ki\u1ec7m di\u1ec7n t\u00edch. H\u1ed9p Freeezermate 650ml low \u0111\u1ec3 v\u1eeba ng\u0103n b\u00ean h\u00f4ng t\u1ee7 l\u1ea1nh<\/p>\n<p>&#8211; Th\u00e2n h\u1ed9p d\u1ebbo gi\u00fap d\u1ec5 t\u00e1ch th\u1ef1c ph\u1ea9m \u0111\u00f4ng l\u1ea1nh ra kh\u1ecfi h\u1ed9p, r\u00e3 \u0111\u00f4ng d\u1ec5 d\u00e0ng<\/p>\n<p>&#8211; Thi\u1ebft k\u1ebf th\u00f4ng minh gi\u00fap kh\u00ed l\u1ea1nh l\u01b0u th\u00f4ng d\u1ec5 d\u00e0ng, \u0111\u1ea9y nhanh qu\u00e1 tr\u00ecnh l\u00e0m \u0111\u00f4ng th\u1ef1c ph\u1ea9m<\/p>\n<p>&nbsp;<\/p>\n<p><strong>C\u00f4ng d\u1ee5ng:<\/strong><\/p>\n<p>&#8211; H\u1ed9p nh\u1ef1a \u0111\u1ec3 b\u1ea3o qu\u1ea3n c\u00e1c lo\u1ea1i th\u1ef1c ph\u1ea9m t\u01b0\u01a1i nh\u01b0 th\u1ecbt s\u1ed1ng, h\u1ea3i s\u1ea3n, tr\u00e1i c\u00e2y,&#8230;<\/p>\n<p>&nbsp;<\/p>\n<p><strong>B\u00ed quy\u1ebft v\u00e0 ch\u0103m s\u00f3c:<\/strong><\/p>\n<p>&#8211; Nhi\u1ec7t \u0111\u1ed9 an to\u00e0n s\u1eed d\u1ee5ng: -20 \u0111\u1ed9 C &#8211; 80 \u0111\u1ed9 C<\/p>\n<p>&#8211; S\u1eed d\u1ee5ng an to\u00e0n trong m\u00e1y r\u1eeda ch\u00e9n d\u01b0\u1edbi 65 \u0111\u1ed9 C<\/p>\n<p>&#8211; Kh\u00f4ng s\u1eed d\u1ee5ng s\u1ea3n ph\u1ea9m \u0111\u1ec3 n\u1ea5u n\u01b0\u1edbng hay h\u00e2m n\u00f3ng trong l\u00f2 vi s\u00f3ng<\/p>\n<p>&#8211; Tr\u00e1nh ch\u00f9i r\u1eeda s\u1ea3n ph\u1ea9m b\u1eb1ng v\u1eadt d\u1ee5ng s\u1eafc nh\u1ecdn<\/p>\n","protected":false},"excerpt":{"rendered":"<p><strong>B\u1ed9 s\u1ea3n ph\u1ea9m g\u1ed3m:<\/strong><\/p>\n<p>&#8211; 4 h\u1ed9p Freezermate 650ml \/\u00a015.1 x 11.3 x 7.7 cm<\/p>\n<p>&#8211; 2 h\u1ed9p Freezermate 1.5L\/\u00a022.8 x 15.2 x 7.7 cm<\/p>\n<p>&#8211; 1 h\u1ed9p Freezermate Low 650ml \/\u00a022.8 x 15.2 x 3.9cm<\/p>\n","protected":false},"featured_media":4983,"comment_status":"open","ping_status":"closed","template":"","meta":[],"product_cat":[35],"product_tag":[111],"class_list":["post-4982","product","type-product","status-publish","has-post-thumbnail","hentry","product_cat-hop-tru-dong-trong-tu-lanh","product_tag-bo-hop-tru-dong-freezermate-fit-set-7-hop"],"aioseo_notices":[],"_links":{"self":[{"href":"https:\/\/tiemtaphoa.xyz\/index.php\/wp-json\/wp\/v2\/product\/4982"}],"collection":[{"href":"https:\/\/tiemtaphoa.xyz\/index.php\/wp-json\/wp\/v2\/product"}],"about":[{"href":"https:\/\/tiemtaphoa.xyz\/index.php\/wp-json\/wp\/v2\/types\/product"}],"replies":[{"embeddable":true,"href":"https:\/\/tiemtaphoa.xyz\/index.php\/wp-json\/wp\/v2\/comments?post=4982"}],"wp:featuredmedia":[{"embeddable":true,"href":"https:\/\/tiemtaphoa.xyz\/index.php\/wp-json\/wp\/v2\/media\/4983"}],"wp:attachment":[{"href":"https:\/\/tiemtaphoa.xyz\/index.php\/wp-json\/wp\/v2\/media?parent=4982"}],"wp:term":[{"taxonomy":"product_cat","embeddable":true,"href":"https:\/\/tiemtaphoa.xyz\/index.php\/wp-json\/wp\/v2\/product_cat?post=4982"},{"taxonomy":"product_tag","embeddable":true,"href":"https:\/\/tiemtaphoa.xyz\/index.php\/wp-json\/wp\/v2\/product_tag?post=4982"}],"curies":[{"name":"wp","href":"https:\/\/api.w.org\/{rel}","templated":true}]}}