{"id":4985,"date":"2022-03-20T17:23:54","date_gmt":"2022-03-20T10:23:54","guid":{"rendered":"http:\/\/tupvietnam.com\/?post_type=product&#038;p=4985"},"modified":"2023-03-19T16:18:44","modified_gmt":"2023-03-19T09:18:44","slug":"bo-hop-bao-quan-thuc-pham-tupperware-umami","status":"publish","type":"product","link":"https:\/\/tiemtaphoa.xyz\/index.php\/product\/bo-hop-bao-quan-thuc-pham-tupperware-umami\/","title":{"rendered":"B\u1ed9 h\u1ed9p b\u1ea3o qu\u1ea3n th\u1ef1c ph\u1ea9m Tupperware Umami"},"content":{"rendered":"<h2 class=\"desktop-only\" data-initialized=\"true\">B\u1ed9 h\u1ed9p BQTP Umami (2 h\u1ed9p)<\/h2>\n<p>Dung t\u00edch: 500 ml<\/p>\n<p>K\u00edch th\u01b0\u1edbc: 13.7 x 8.07 x 11.3cm<\/p>\n<p>Kh\u1ea3 n\u0103ng ch\u1ecbu nhi\u1ec7t:<\/p>\n<p>&#8211; N\u1eafp, mu\u1ed7ng: 0 \u2013 80 \u0366C<\/p>\n<p>&#8211; Th\u00e2n h\u1ed9p: 0 \u2013 110 \u0366C<\/p>\n<p><img loading=\"lazy\" decoding=\"async\" class=\"alignnone size-medium wp-image-4986\" src=\"http:\/\/tupvietnam.com\/wp-content\/uploads\/2022\/03\/bo_hbqtp_umami_chi_tiet_Tupvietnam-500x281.webp\" alt=\"\" width=\"500\" height=\"281\" \/><\/p>\n<p><strong>\u01afu \u0111i\u1ec3m v\u00e0 ti\u1ec7n \u00edch:<\/strong><\/p>\n<p>&#8211; Nh\u1ef1a nguy\u00ean sinh, an to\u00e0n ti\u1ebfp x\u00fac v\u1edbi th\u1ef1c ph\u1ea9m<\/p>\n<p>&#8211; Thi\u1ebft k\u1ebf th\u00e2n h\u1ed9p trong, gi\u00fap d\u1ec5 d\u00e0ng nh\u1eadn di\u1ec7n v\u00e0 qu\u1ea3n l\u00fd th\u1ef1c ph\u1ea9m<\/p>\n<p>&#8211; N\u1eafp d\u1ebbo v\u00e0 c\u00f3 g\u1edd m\u1edf, d\u1ec5 d\u00e0ng trong vi\u1ec7c \u0111\u00f3ng m\u1edf h\u1ed9p<\/p>\n<p>&#8211; H\u1ed9p k\u00edn kh\u00ed, gi\u00fap b\u1ea3o qu\u1ea3n c\u00e1c lo\u1ea1i gia v\u1ecb, th\u1ef1c ph\u1ea9m kh\u00f4 lu\u00f4n t\u01b0\u01a1i ngon v\u00e0 gi\u1eef nguy\u00ean h\u01b0\u01a1ng v\u1ecb<\/p>\n<p>&#8211; Thi\u1ebft k\u1ebf\u00a0 h\u1ed9p c\u00f3 th\u1ec3 c\u00f3 th\u1ec3 x\u1ebfp ch\u1ed3ng l\u00ean nhau, gi\u00fap ti\u1ebft ki\u1ec7m di\u1ec7n t\u00edch, g\u1ecdn g\u00e0ng k\u1ec7 b\u1ebfp<\/p>\n<p>&#8211; H\u1ed9p k\u00e8m mu\u1ed7ng b\u00ean trong n\u1eafp gi\u00fap l\u1ea5y th\u1ef1c ph\u1ea9m ra kh\u1ecfi h\u1ed9p d\u1ec5 d\u00e0ng, m\u1ed7i h\u1ed9p c\u00f3 mu\u1ed7ng ri\u00eang gi\u00fap th\u1ef1c ph\u1ea9m kh\u00f4ng b\u1ecb l\u1eabn l\u1ed9n v\u00e0o nhau khi s\u1eed d\u1ee5ng<\/p>\n<p>&#8211; Mu\u1ed7ng c\u00f3 thi\u1ebft k\u1ebf \u0111\u1ecbnh l\u01b0\u1ee3ng 2 b\u00ean: 5ml (1tsp) v\u00e0 2.5ml (1\/2 tsp), h\u1ed7 tr\u1ee3 cho vi\u1ec7c \u0111o l\u01b0\u1eddng c\u00e1c lo\u1ea1i gia v\u1ecb d\u1ec5 d\u00e0ng h\u01a1n<\/p>\n<p><strong>C\u00f4ng d\u1ee5ng:<\/strong><\/p>\n<p>&#8211; D\u00f9ng \u0111\u1ec3 b\u1ea3o qu\u1ea3n c\u00e1c th\u1ef1c ph\u1ea9m kh\u00f4 trong k\u1ec7 b\u1ebfp nh\u01b0: gia v\u1ecb (\u0111\u01b0\u1eddng, mu\u1ed1i, h\u1ea1t n\u00eam, ti\u00eau..), tr\u00e0, c\u00e0 ph\u00ea, b\u1ed9t pha ch\u1ebf th\u1ee9c u\u1ed1ng,\u2026<\/p>\n<p><strong>C\u00e1ch b\u1ea3o qu\u1ea3n:<\/strong><\/p>\n<p>&#8211; D\u00f9ng an to\u00e0n trong m\u00e1y r\u1eeda ch\u00e9n\u00a0 (d\u01b0\u1edbi 65\u2070C)<\/p>\n<p>&#8211; Kh\u00f4ng ch\u00f9i r\u1eeda s\u1ea3n ph\u1ea9m v\u1edbi v\u1eadt d\u1ee5ng s\u1eafc nh\u1ecdn<\/p>\n<p>&#8211; Kh\u00f4ng \u0111\u1ef1ng th\u1ef1c ph\u1ea9m l\u1ecfng v\u00e0 \u0111\u1ec3 nghi\u00eang<\/p>\n<p>&#8211; Kh\u00f4ng \u0111\u1ef1ng th\u1ef1c ph\u1ea9m nhi\u1ec7t \u0111\u1ed9 cao h\u01a1n 80 \u0111\u1ed9 C v\u00e0 c\u00e1c lo\u1ea1i caramel n\u00f3ng ch\u1ea3y ho\u1eb7c d\u1ea7u m\u1ee1 c\u00f2n n\u00f3ng<\/p>\n<p>&#8211; Kh\u00f4ng s\u1eed d\u1ee5ng trong l\u00f2 vi s\u00f3ng, m\u00e1y h\u1ea5p ti\u1ec7t tr\u00f9ng ho\u1eb7c \u0111\u1eb7t s\u1ea3n ph\u1ea9m trong ng\u0103n \u0111\u00f4ng t\u1ee7 l\u1ea1nh<\/p>\n<p>&#8211; Kh\u00f4ng ti\u1ebfp x\u00fac ho\u1eb7c \u0111\u1ec3 g\u1ea7n ngu\u1ed3n l\u1eeda \u0111\u1ec3 tr\u00e1nh n\u00f3ng ch\u1ea3y, bi\u1ebfn d\u1ea1ng<\/p>\n<p><img loading=\"lazy\" decoding=\"async\" class=\"alignnone size-medium wp-image-4987\" src=\"http:\/\/tupvietnam.com\/wp-content\/uploads\/2022\/03\/bo_hbqtp_umami_goi_y_su_dung_0_umami-500x281.webp\" alt=\"\" width=\"500\" height=\"281\" \/><\/p>\n","protected":false},"excerpt":{"rendered":"<p><strong>\u01afu \u0111i\u1ec3m v\u00e0 ti\u1ec7n \u00edch:<\/strong><\/p>\n<p>&#8211; Nh\u1ef1a nguy\u00ean sinh, an to\u00e0n ti\u1ebfp x\u00fac v\u1edbi th\u1ef1c ph\u1ea9m<\/p>\n<p>&#8211; Thi\u1ebft k\u1ebf th\u00e2n h\u1ed9p trong, gi\u00fap d\u1ec5 d\u00e0ng nh\u1eadn di\u1ec7n v\u00e0 qu\u1ea3n l\u00fd th\u1ef1c ph\u1ea9m<\/p>\n<p>&#8211; N\u1eafp d\u1ebbo v\u00e0 c\u00f3 g\u1edd m\u1edf, d\u1ec5 d\u00e0ng trong vi\u1ec7c \u0111\u00f3ng m\u1edf h\u1ed9p<\/p>\n<p>&#8211; H\u1ed9p k\u00edn kh\u00ed, gi\u00fap b\u1ea3o qu\u1ea3n c\u00e1c lo\u1ea1i gia v\u1ecb, th\u1ef1c ph\u1ea9m kh\u00f4 lu\u00f4n t\u01b0\u01a1i ngon v\u00e0 gi\u1eef nguy\u00ean h\u01b0\u01a1ng v\u1ecb<\/p>\n<p>&#8211; Thi\u1ebft k\u1ebf\u00a0 h\u1ed9p c\u00f3 th\u1ec3 c\u00f3 th\u1ec3 x\u1ebfp ch\u1ed3ng l\u00ean nhau, gi\u00fap ti\u1ebft ki\u1ec7m di\u1ec7n t\u00edch, g\u1ecdn g\u00e0ng k\u1ec7 b\u1ebfp<\/p>\n<p>&#8211; H\u1ed9p k\u00e8m mu\u1ed7ng b\u00ean trong n\u1eafp gi\u00fap l\u1ea5y th\u1ef1c ph\u1ea9m ra kh\u1ecfi h\u1ed9p d\u1ec5 d\u00e0ng, m\u1ed7i h\u1ed9p c\u00f3 mu\u1ed7ng ri\u00eang gi\u00fap th\u1ef1c ph\u1ea9m kh\u00f4ng b\u1ecb l\u1eabn l\u1ed9n v\u00e0o nhau khi s\u1eed d\u1ee5ng<\/p>\n<p>&#8211; Mu\u1ed7ng c\u00f3 thi\u1ebft k\u1ebf \u0111\u1ecbnh l\u01b0\u1ee3ng 2 b\u00ean: 5ml (1tsp) v\u00e0 2.5ml (1\/2 tsp), h\u1ed7 tr\u1ee3 cho vi\u1ec7c \u0111o l\u01b0\u1eddng c\u00e1c lo\u1ea1i gia v\u1ecb d\u1ec5 d\u00e0ng h\u01a1n<\/p>\n","protected":false},"featured_media":4988,"comment_status":"open","ping_status":"closed","template":"","meta":[],"product_cat":[41,86],"product_tag":[112],"class_list":["post-4985","product","type-product","status-publish","has-post-thumbnail","hentry","product_cat-hop-tru-kho-nha-bep","product_cat-cac-san-pham-khac","product_tag-hop-bao-quan-thuc-pham-do-kho"],"aioseo_notices":[],"_links":{"self":[{"href":"https:\/\/tiemtaphoa.xyz\/index.php\/wp-json\/wp\/v2\/product\/4985"}],"collection":[{"href":"https:\/\/tiemtaphoa.xyz\/index.php\/wp-json\/wp\/v2\/product"}],"about":[{"href":"https:\/\/tiemtaphoa.xyz\/index.php\/wp-json\/wp\/v2\/types\/product"}],"replies":[{"embeddable":true,"href":"https:\/\/tiemtaphoa.xyz\/index.php\/wp-json\/wp\/v2\/comments?post=4985"}],"wp:featuredmedia":[{"embeddable":true,"href":"https:\/\/tiemtaphoa.xyz\/index.php\/wp-json\/wp\/v2\/media\/4988"}],"wp:attachment":[{"href":"https:\/\/tiemtaphoa.xyz\/index.php\/wp-json\/wp\/v2\/media?parent=4985"}],"wp:term":[{"taxonomy":"product_cat","embeddable":true,"href":"https:\/\/tiemtaphoa.xyz\/index.php\/wp-json\/wp\/v2\/product_cat?post=4985"},{"taxonomy":"product_tag","embeddable":true,"href":"https:\/\/tiemtaphoa.xyz\/index.php\/wp-json\/wp\/v2\/product_tag?post=4985"}],"curies":[{"name":"wp","href":"https:\/\/api.w.org\/{rel}","templated":true}]}}