{"id":4995,"date":"2022-03-20T20:19:50","date_gmt":"2022-03-20T13:19:50","guid":{"rendered":"http:\/\/tupvietnam.com\/?post_type=product&#038;p=4995"},"modified":"2023-03-18T16:22:55","modified_gmt":"2023-03-18T09:22:55","slug":"binh-giu-nhiet-tupperware-thermal-1-2l","status":"publish","type":"product","link":"https:\/\/tiemtaphoa.xyz\/index.php\/product\/binh-giu-nhiet-tupperware-thermal-1-2l\/","title":{"rendered":"B\u00ecnh gi\u1eef nhi\u1ec7t Tupperware Thermal 1.2L"},"content":{"rendered":"<p>Dung t\u00edch: 1.2L<\/p>\n<p><strong>\u01afu \u0111i\u1ec3m v\u00e0 ti\u1ec7n \u00edch:<\/strong><\/p>\n<p>&#8211; B\u00ecnh gi\u1eef nhi\u1ec7t ch\u1ea5t l\u01b0\u1ee3ng cao v\u1edbi th\u00e2n 2 l\u1edbp ch\u1ea5t li\u1ec7u th\u00e9p kh\u00f4ng g\u1ec9 304 cao c\u1ea5p v\u00e0 l\u1edbp ch\u00e2n kh\u00f4ng \u1edf gi\u1eefa.<\/p>\n<p>&#8211; C\u00f3 2 n\u1eafp gi\u00fap c\u00e1ch nhi\u1ec7t v\u00e0 gi\u1eef nhi\u1ec7t v\u01b0\u1ee3t tr\u1ed9i. Thi\u1ebft k\u1ebf n\u1eafp c\u00e1ch nhi\u1ec7t, c\u00f3 l\u1edbp ngo\u00e0i l\u00e0 th\u00e9p kh\u00f4ng g\u1ec9 304 cao c\u1ea5p.<\/p>\n<p>&#8211; B\u00ecnh c\u00f3 kh\u1ea3 n\u0103ng gi\u1eef n\u00f3ng\/gi\u1eef l\u1ea1nh t\u1ed1t l\u00ean \u0111\u1ebfn 24 gi\u1edd<\/p>\n<p>&#8211; N\u1eafp trong c\u00f3 gio\u0103ng b\u1eb1ng silicone gi\u00fap gi\u1eef k\u00edn h\u01a1i, h\u1ea1n ch\u1ebf r\u00f2 r\u1ec9 ch\u1ea5t l\u1ecfng ra ngo\u00e0i<\/p>\n<p>&#8211; \u0110\u00e1y b\u00ecnh gi\u1eef nhi\u1ec7t c\u00f3 \u0111\u1ec7m silicone ch\u1ed1ng tr\u01b0\u1ee3t gi\u00fap b\u00ecnh \u0111\u1ee9ng v\u1eefng tr\u00ean m\u1eb7t ph\u1eb3ng<\/p>\n<p>&#8211; Ch\u1ebf \u0111\u1ed9 b\u1ea3o h\u00e0nh ch\u00ednh h\u00e3ng, an t\u00e2m cho kh\u00e1ch h\u00e0ng<\/p>\n<p>&#8211; V\u1eadt li\u1ec7u an to\u00e0n ti\u1ebfp x\u00fac v\u1edbi th\u1ef1c ph\u1ea9m<\/p>\n<p><strong>C\u00f4ng d\u1ee5ng:<\/strong><\/p>\n<p>&#8211; Thu\u1eadn ti\u1ec7n mang theo \u0111\u1ebfn n\u01a1i l\u00e0m vi\u1ec7c ho\u1eb7c trong nh\u1eefng chuy\u1ebfn du l\u1ecbch ng\u1eafn ng\u00e0y m\u00e0 v\u1eabn \u0111\u1ea3m b\u1ea3o th\u1ee9c \u0103n, n\u01b0\u1edbc u\u1ed1ng c\u00f3 th\u1ec3 gi\u1eef \u0111\u01b0\u1ee3c \u0111\u1ed9 n\u00f3ng ho\u1eb7c l\u1ea1nh trong v\u00f2ng 24 gi\u1edd<\/p>\n<p><strong>C\u00e1ch s\u1eed d\u1ee5ng &amp; b\u1ea3o qu\u1ea3n:<\/strong><\/p>\n<p>&#8211; Tr\u01b0\u1edbc khi s\u1eed d\u1ee5ng b\u00ecnh gi\u1eef nhi\u1ec7t n\u00ean v\u1ec7 sinh b\u1eb1ng c\u00e1ch cho n\u01b0\u1edbc n\u00f3ng v\u00e0o b\u00ecnh, \u0111\u00f3ng ch\u1eb7t n\u1eafp trong, n\u1eafp ngo\u00e0i r\u1ed3i l\u1eafc nh\u1eb9, r\u1eeda s\u1ea1ch b\u00ean trong b\u00ecnh<\/p>\n<p>&#8211; Sau khi s\u1eed d\u1ee5ng, ch\u1ec9 c\u1ea7n r\u1eeda s\u1ea1ch v\u00e0 \u0111\u1ec3 kh\u00f4 b\u00ecnh, c\u00f3 th\u1ec3 r\u1eeda b\u1eb1ng n\u01b0\u1edbc \u1ea5m<\/p>\n<p>&#8211; \u0110\u1ec3 n\u00e2ng cao hi\u1ec7u qu\u1ea3 gi\u1eef n\u00f3ng\/ gi\u1eef l\u1ea1nh, \u0111\u1ed5 v\u00e0o b\u00ecnh m\u1ed9t l\u01b0\u1ee3ng nh\u1ecf n\u01b0\u1edbc n\u00f3ng\/ n\u01b0\u1edbc l\u1ea1nh tr\u01b0\u1edbc, r\u1ed3i \u1ee7 n\u00f3ng\/ l\u1ea1nh 1-2 ph\u00fat, sau \u0111\u00f3 \u0111\u1ed5 n\u01b0\u1edbc \u0111i r\u1ed3i m\u1edbi cho th\u1ef1c ph\u1ea9m v\u00e0o<\/p>\n<p>&#8211; H\u1ea1n ch\u1ebf s\u1ed1 l\u1ea7n m\u1edf n\u1eafp b\u00ecnh s\u1ebd gi\u00fap n\u00e2ng cao hi\u1ec7u qu\u1ea3 gi\u1eef nhi\u1ec7t\/ gi\u1eef l\u1ea1nh<\/p>\n<p>&#8211; Kh\u00f4ng n\u00ean \u0111\u1ed5 n\u01b0\u1edbc qu\u00e1 \u0111\u1ea7y b\u00ecnh<\/p>\n<p>&#8211; Kh\u00f4ng \u0111\u1eb7t b\u00ecnh \u1edf tr\u1ea1ng th\u00e1i nghi\u00eang ho\u1eb7c k\u1ec1 g\u1ea7n v\u1edbi m\u1eb7t khi m\u1edf n\u1eafp s\u1eed d\u1ee5ng tr\u00e1nh tr\u01b0\u1eddng h\u1ee3p th\u1ef1c ph\u1ea9m b\u00ean trong phun ra do \u00e1p su\u1ea5t nhi\u1ec7t d\u1ec5 g\u00e2y b\u1ecfng<\/p>\n<p>&#8211; Kh\u00f4ng \u0111\u1ec3 s\u1ea3n ph\u1ea9m trong t\u1ee7 l\u1ea1nh ho\u1eb7c l\u00f2 vi s\u00f3ng<\/p>\n<p>&#8211; Kh\u00f4ng d\u00f9ng trong m\u00e1y r\u1eeda ch\u00e9n<\/p>\n<p>&#8211; H\u1ea1n ch\u1ebf tr\u1eef th\u1ef1c ph\u1ea9m trong b\u00ecnh qu\u00e1 24 gi\u1edd nh\u1eb1m tr\u00e1nh th\u1ef1c ph\u1ea9m bi\u1ebfn ch\u1ea5t ho\u1eb7c h\u01b0 h\u1ecfng<\/p>\n","protected":false},"excerpt":{"rendered":"<p><strong>\u01afu \u0111i\u1ec3m v\u00e0 ti\u1ec7n \u00edch:<\/strong><\/p>\n<p>&#8211; B\u00ecnh gi\u1eef nhi\u1ec7t ch\u1ea5t l\u01b0\u1ee3ng cao v\u1edbi th\u00e2n 2 l\u1edbp ch\u1ea5t li\u1ec7u th\u00e9p kh\u00f4ng g\u1ec9 304 cao c\u1ea5p v\u00e0 l\u1edbp ch\u00e2n kh\u00f4ng \u1edf gi\u1eefa.<\/p>\n<p>&#8211; C\u00f3 2 n\u1eafp gi\u00fap c\u00e1ch nhi\u1ec7t v\u00e0 gi\u1eef nhi\u1ec7t v\u01b0\u1ee3t tr\u1ed9i. Thi\u1ebft k\u1ebf n\u1eafp c\u00e1ch nhi\u1ec7t, c\u00f3 l\u1edbp ngo\u00e0i l\u00e0 th\u00e9p kh\u00f4ng g\u1ec9 304 cao c\u1ea5p.<\/p>\n<p>&#8211; B\u00ecnh c\u00f3 kh\u1ea3 n\u0103ng gi\u1eef n\u00f3ng\/gi\u1eef l\u1ea1nh t\u1ed1t l\u00ean \u0111\u1ebfn 24 gi\u1edd<\/p>\n<p>&#8211; N\u1eafp trong c\u00f3 gio\u0103ng b\u1eb1ng silicone gi\u00fap gi\u1eef k\u00edn h\u01a1i, h\u1ea1n ch\u1ebf r\u00f2 r\u1ec9 ch\u1ea5t l\u1ecfng ra ngo\u00e0i<\/p>\n<p>&#8211; \u0110\u00e1y b\u00ecnh gi\u1eef nhi\u1ec7t c\u00f3 \u0111\u1ec7m silicone ch\u1ed1ng tr\u01b0\u1ee3t gi\u00fap b\u00ecnh \u0111\u1ee9ng v\u1eefng tr\u00ean m\u1eb7t ph\u1eb3ng<\/p>\n<p>&#8211; Ch\u1ebf \u0111\u1ed9 b\u1ea3o h\u00e0nh ch\u00ednh h\u00e3ng, an t\u00e2m cho kh\u00e1ch h\u00e0ng<\/p>\n<p>&#8211; V\u1eadt li\u1ec7u an to\u00e0n ti\u1ebfp x\u00fac v\u1edbi th\u1ef1c ph\u1ea9m<\/p>\n","protected":false},"featured_media":5000,"comment_status":"open","ping_status":"closed","template":"","meta":[],"product_cat":[15,85],"product_tag":[114,113],"class_list":["post-4995","product","type-product","status-publish","has-post-thumbnail","hentry","product_cat-san-pham-moi","product_cat-binh-nuoc-cac-loai","product_tag-1-2l","product_tag-binh-giu-nhiet"],"aioseo_notices":[],"_links":{"self":[{"href":"https:\/\/tiemtaphoa.xyz\/index.php\/wp-json\/wp\/v2\/product\/4995"}],"collection":[{"href":"https:\/\/tiemtaphoa.xyz\/index.php\/wp-json\/wp\/v2\/product"}],"about":[{"href":"https:\/\/tiemtaphoa.xyz\/index.php\/wp-json\/wp\/v2\/types\/product"}],"replies":[{"embeddable":true,"href":"https:\/\/tiemtaphoa.xyz\/index.php\/wp-json\/wp\/v2\/comments?post=4995"}],"wp:featuredmedia":[{"embeddable":true,"href":"https:\/\/tiemtaphoa.xyz\/index.php\/wp-json\/wp\/v2\/media\/5000"}],"wp:attachment":[{"href":"https:\/\/tiemtaphoa.xyz\/index.php\/wp-json\/wp\/v2\/media?parent=4995"}],"wp:term":[{"taxonomy":"product_cat","embeddable":true,"href":"https:\/\/tiemtaphoa.xyz\/index.php\/wp-json\/wp\/v2\/product_cat?post=4995"},{"taxonomy":"product_tag","embeddable":true,"href":"https:\/\/tiemtaphoa.xyz\/index.php\/wp-json\/wp\/v2\/product_tag?post=4995"}],"curies":[{"name":"wp","href":"https:\/\/api.w.org\/{rel}","templated":true}]}}