{"id":5001,"date":"2022-03-20T21:52:27","date_gmt":"2022-03-20T14:52:27","guid":{"rendered":"http:\/\/tupvietnam.com\/?post_type=product&#038;p=5001"},"modified":"2023-06-06T20:10:41","modified_gmt":"2023-06-06T13:10:41","slug":"bo-doi-hoan-hao-tru-mat-tru-dong-mega-13","status":"publish","type":"product","link":"https:\/\/tiemtaphoa.xyz\/index.php\/product\/bo-doi-hoan-hao-tru-mat-tru-dong-mega-13\/","title":{"rendered":"B\u1ed9 \u0111\u00f4i ho\u00e0n h\u1ea3o Tr\u1eef M\u00e1t &#038; Tr\u1eef \u0110\u00f4ng Mega 13"},"content":{"rendered":"<h2 class=\"desktop-only\" data-initialized=\"true\">B\u1ed9 \u0111\u00f4i ho\u00e0n h\u1ea3o Tr\u1eef M\u00e1t &amp; Tr\u1eef \u0110\u00f4ng Mega 13<\/h2>\n<div class=\"text short\">\n<p><strong>2.350.000 VN\u0110\/ b\u1ed9<\/strong><\/p>\n<p><strong>\u00a0H\u1ed9p tr\u1eef \u0111\u00f4ng:<\/strong><\/p>\n<p>&#8211; 1 h\u1ed9p Medium Freezermate : 2.3L:\u00a02.3L\/ 21.5 x 16 x 11.5cm &#8211; 322.000 VN\u0110\/ h\u1ed9p<\/p>\n<p>&#8211; 4 h\u1ed9p Pocket Freezermate:\u00a0820ml\/ 14.2 x 9.2 x 12.3cm &#8211; 238.000 VN\u0110\/ h\u1ed9p<\/p>\n<p>&#8211; 2 Mini Freezermate 290ml:\u00a0290ml\/ 11.1 x 7.3 x 7.7cm &#8211; 350.000 VN\u0110\/2 h\u1ed9p<\/p>\n<p><strong>H\u1ed9p tr\u1eef m\u00e1t:<\/strong><\/p>\n<p>&#8211; 2 H\u1ed9p Medium Stak N Stor:\u00a01.3L \/ 27.5 x 13.6 x 6.8cm &#8211; 335.000 VN\u0110\/ h\u1ed9p<\/p>\n<p>&#8211; 1 H\u1ed9p Large Stak N Stor:\u00a02.2L \/27.5 x 13.6 x 9.7cm &#8211; 392.000 VN\u0110\/ h\u1ed9p<\/p>\n<p>&#8211; 1 H\u1ed9p Jumbo Stak N Stor:\u00a03.1L \/27.5 x 13.6 x 12.8cm &#8211; 434.000 VN\u0110\/ h\u1ed9p<\/p>\n<p><strong>H\u1ed9p tr\u1eef m\u00e1t ho\u1eb7c th\u1ef1c ph\u1ea9m kh\u00f4:<\/strong><strong><br \/>\n<\/strong><br \/>\n&#8211; 2 h\u1ed9p Medium Square Round: 1L\/ 12.8 x 12.8 x 9cm \u2013 135.000 VN\u0110\/ h\u1ed9p<\/p>\n<p><strong>\u01afu \u0111i\u1ec3m v\u00e0 ti\u1ec7n \u00edch c\u1ee7a d\u00f2ng s\u1ea3n ph\u1ea9m tr\u1eef \u0111\u00f4ng:<\/strong><\/p>\n<p>&#8211; \u0110\u01b0\u1ee3c l\u00e0m t\u1eeb nh\u1ef1a nguy\u00ean sinh, an to\u00e0n ti\u1ebfp x\u00fac th\u1ef1c ph\u1ea9m<\/p>\n<p>&#8211; Nhi\u1ec7t \u0111\u1ed9 an to\u00e0n s\u1eed d\u1ee5ng: -20 \u0111\u1ed9 C &#8211; 80 \u0111\u1ed9 C, an to\u00e0n s\u1eed d\u1ee5ng trong t\u1ee7 \u0111\u00f4ng<\/p>\n<p>&#8211; N\u1eafp h\u1ed9p c\u00f3 g\u1edd m\u1edf thu\u1eadn ti\u1ec7n trong vi\u1ec7c \u0111\u00f3ng m\u1edf h\u1ed9p, ngo\u00e0i ra tr\u00ean n\u1eafp c\u00f3 thi\u1ebft k\u1ebf \u0111\u1ed3ng h\u1ed3 gi\u00fap ghi nh\u1edb th\u1eddi gian b\u1eaft \u0111\u1ea7u tr\u1eef \u0111\u00f4ng (v\u1eb7n m\u0169i t\u00ean ch\u1ec9 v\u00e0o v\u1ea1ch tu\u1ea7n c\u1ee7a th\u00e1ng)<\/p>\n<p>&#8211; Th\u00e2n h\u1ed9p trong su\u1ed1t gi\u00fap nh\u00ecn th\u1ea5y th\u1ef1c ph\u1ea9m b\u00ean, tr\u00ean th\u00e0nh th\u00e2n h\u1ed9p c\u00f3 v\u1ea1ch \u0111\u1ecbnh l\u01b0\u1ee3ng m\u1ee9c th\u1ef1c ph\u1ea9m t\u1ed1i \u0111a c\u00f3 th\u1ec3 l\u01b0u tr\u1eef trong h\u1ed9p. K\u00fd hi\u1ec7u hoa tuy\u1ebft ch\u1ec9 r\u00f5 ch\u1ee9c n\u0103ng chuy\u00ean s\u1eed d\u1ee5ng trong ng\u0103n \u0111\u00f4ng t\u1ee7 l\u1ea1nh<\/p>\n<p>&#8211; H\u1ed9p thi\u1ebft k\u1ebf c\u00f3 th\u1ec3 x\u1ebfp ch\u1ed3ng l\u00ean nhau ho\u1eb7c \u0111\u1eb7t v\u00e0o v\u1ecb tr\u00ed b\u00ean h\u00f4ng c\u00e1nh c\u1eeda t\u1ee7 \u0111\u00f4ng, gi\u00fap ti\u1ebft ki\u1ec7m kh\u00f4ng gian, d\u1ec5 d\u00e0ng t\u00ecm ki\u1ebfm th\u1ef1c ph\u1ea9m<\/p>\n<p>&#8211; Thi\u1ebft k\u1ebf c\u00e1c \u0111\u01b0\u1eddng r\u00e3nh b\u00ean h\u00f4ng h\u1ed9p v\u00e0 thi\u1ebft k\u1ebf ch\u00e2n \u0111\u00e1y h\u1ed9p gi\u00fap h\u01a1i l\u1ea1nh v\u1eabn c\u00f3 th\u1ec3 l\u01b0u th\u00f4ng \u0111\u1ec1u \u0111\u1eb7n d\u1ec5 d\u00e0ng ngay c\u1ea3 khi c\u00e1c h\u1ed9p \u0111ang \u0111\u01b0\u1ee3c x\u1ebfp ch\u1ed3ng, gi\u00fap \u0111\u1ea9y nhanh qu\u00e1 tr\u00ecnh l\u00e0m \u0111\u00f4ng<\/p>\n<p>&#8211; D\u1ec5 d\u00e0ng l\u1ea5y th\u1ee9c \u0103n \u0111\u00f4ng c\u1ee9ng ra kh\u1ecfi h\u1ed9p nh\u1edd ch\u1ea5t li\u1ec7u d\u1ebbo \u0111\u1eb7t bi\u1ec7t c\u1ee7a th\u00e2n h\u1ed9p, ch\u1ec9 c\u1ea7n b\u00f3p nh\u1eb9 2 b\u00ean th\u00e0nh h\u1ed9p \u0111\u1ec3 t\u00e1ch th\u1ef1c ph\u1ea9m \u0111ang \u0111\u00f4ng c\u1ee9ng r\u01a1i ra ngo\u00e0i<\/p>\n<p>&#8211; D\u00f9ng an to\u00e0n trong m\u00e1y r\u1eeda ch\u00e9n d\u01b0\u1edbi 65 \u0111\u1ed9 C<\/p>\n<p><strong>C\u00f4ng d\u1ee5ng:<\/strong><\/p>\n<p>&#8211; H\u1ed9p nh\u1ef1a \u0111\u1ec3 b\u1ea3o qu\u1ea3n c\u00e1c lo\u1ea1i th\u1ef1c ph\u1ea9m t\u01b0\u01a1i nh\u01b0 th\u1ecbt s\u1ed1ng, h\u1ea3i s\u1ea3n, g\u00e0 v\u00e0 c\u00e1c lo\u1ea1i rau c\u1ee7 qu\u1ea3 \u0111\u1eb7c bi\u1ec7t v\u00ed d\u1ee5 nh\u01b0 s\u1ea7u ri\u00eang, \u1edbt, h\u00e0nh l\u00e1 x\u1eaft nh\u1ecf, n\u1ea5m\u2026c\u00e1c lo\u1ea1i n\u01b0\u1edbc l\u00e8o d\u00f9ng \u0103n l\u00e2u ng\u00e0y.<\/p>\n<p><strong>\u01afu \u0111i\u1ec3m v\u00e0 ti\u1ec7n \u00edch c\u1ee7a d\u00f2ng s\u1ea3n ph\u1ea9m tr\u1eef m\u00e1t:<\/strong><\/p>\n<p>&#8211; H\u1ed9p nh\u1ef1a c\u00f3 n\u1eafp k\u00edn kh\u00ed, ki\u1ec3m so\u00e1t l\u01b0\u1ee3ng \u0111\u1ed1i l\u01b0u c\u1ee7a kh\u00f4ng kh\u00ed trong v\u00e0 ngo\u00e0i h\u1ed9p gi\u00fap m\u00f9i c\u1ee7a th\u1ef1c ph\u1ea9m s\u1ebd kh\u00f4ng tho\u00e1t ra ngo\u00e0i. Ch\u1ea5t li\u1ec7u n\u1eafp d\u1ebbo, gi\u00fap \u0111\u00f3ng m\u1edf d\u1ec5 d\u00e0ng<\/p>\n<p>&#8211; Thi\u1ebft k\u1ebf c\u00f3 th\u1ec3 x\u1ebfp ch\u1ed3ng, gi\u00fap ti\u1ebft ki\u1ec7m kh\u00f4ng gian<\/p>\n<p>&#8211; Thi\u1ebft k\u1ebf m\u00e9p gi\u00fap d\u1ec5 d\u00e0ng k\u00e9o h\u1ed9p ra kh\u1ecfi t\u1ee7 l\u1ea1nh khi \u0111ang x\u1ebfp ch\u1ed3ng l\u00ean nhau<\/p>\n<p>&#8211; Ch\u1ea5t li\u1ec7u nh\u1ef1a c\u00f3 b\u1ec1 m\u1eb7t h\u01a1i nh\u00e1m tay gi\u00fap c\u1ea7m n\u1eafm ch\u1eafc tay h\u01a1n khi \u0111\u1ec3 h\u1ed9p nh\u1ef1a trong m\u00f4i tr\u01b0\u1eddng t\u1ee7 l\u1ea1nh \u1ea9m \u01b0\u1edbt<\/p>\n<p><strong>C\u00f4ng d\u1ee5ng:<\/strong><\/p>\n<p>&#8211; H\u1ed9p nh\u1ef1a Tupperware cao c\u1ea5p gi\u00fap l\u01b0u tr\u1eef th\u1ee9c \u0103n trong t\u1ee7 l\u1ea1nh, b\u1ea3o \u0111\u1ea3m th\u1ee9c \u0103n lu\u00f4n t\u01b0\u01a1i ngon<\/p>\n<\/div>\n","protected":false},"excerpt":{"rendered":"<p><strong>\u01afu \u0111i\u1ec3m v\u00e0 ti\u1ec7n \u00edch c\u1ee7a d\u00f2ng s\u1ea3n ph\u1ea9m tr\u1eef \u0111\u00f4ng:<\/strong><\/p>\n<p>&#8211; \u0110\u01b0\u1ee3c l\u00e0m t\u1eeb nh\u1ef1a nguy\u00ean sinh, an to\u00e0n ti\u1ebfp x\u00fac th\u1ef1c ph\u1ea9m<\/p>\n<p>&#8211; Nhi\u1ec7t \u0111\u1ed9 an to\u00e0n s\u1eed d\u1ee5ng: -20 \u0111\u1ed9 C &#8211; 80 \u0111\u1ed9 C, an to\u00e0n s\u1eed d\u1ee5ng trong t\u1ee7 \u0111\u00f4ng<\/p>\n<p>&#8211; N\u1eafp h\u1ed9p c\u00f3 g\u1edd m\u1edf thu\u1eadn ti\u1ec7n trong vi\u1ec7c \u0111\u00f3ng m\u1edf h\u1ed9p, ngo\u00e0i ra tr\u00ean n\u1eafp c\u00f3 thi\u1ebft k\u1ebf \u0111\u1ed3ng h\u1ed3 gi\u00fap ghi nh\u1edb th\u1eddi gian b\u1eaft \u0111\u1ea7u tr\u1eef \u0111\u00f4ng (v\u1eb7n m\u0169i t\u00ean ch\u1ec9 v\u00e0o v\u1ea1ch tu\u1ea7n c\u1ee7a th\u00e1ng)<\/p>\n<p>&#8211; Th\u00e2n h\u1ed9p trong su\u1ed1t gi\u00fap nh\u00ecn th\u1ea5y th\u1ef1c ph\u1ea9m b\u00ean, tr\u00ean th\u00e0nh th\u00e2n h\u1ed9p c\u00f3 v\u1ea1ch \u0111\u1ecbnh l\u01b0\u1ee3ng m\u1ee9c th\u1ef1c ph\u1ea9m t\u1ed1i \u0111a c\u00f3 th\u1ec3 l\u01b0u tr\u1eef trong h\u1ed9p. K\u00fd hi\u1ec7u hoa tuy\u1ebft ch\u1ec9 r\u00f5 ch\u1ee9c n\u0103ng chuy\u00ean s\u1eed d\u1ee5ng trong ng\u0103n \u0111\u00f4ng t\u1ee7 l\u1ea1nh<\/p>\n<p>&#8211; H\u1ed9p thi\u1ebft k\u1ebf c\u00f3 th\u1ec3 x\u1ebfp ch\u1ed3ng l\u00ean nhau ho\u1eb7c \u0111\u1eb7t v\u00e0o v\u1ecb tr\u00ed b\u00ean h\u00f4ng c\u00e1nh c\u1eeda t\u1ee7 \u0111\u00f4ng, gi\u00fap ti\u1ebft ki\u1ec7m kh\u00f4ng gian, d\u1ec5 d\u00e0ng t\u00ecm ki\u1ebfm th\u1ef1c ph\u1ea9m<\/p>\n<p>&#8211; Thi\u1ebft k\u1ebf c\u00e1c \u0111\u01b0\u1eddng r\u00e3nh b\u00ean h\u00f4ng h\u1ed9p v\u00e0 thi\u1ebft k\u1ebf ch\u00e2n \u0111\u00e1y h\u1ed9p gi\u00fap h\u01a1i l\u1ea1nh v\u1eabn c\u00f3 th\u1ec3 l\u01b0u th\u00f4ng \u0111\u1ec1u \u0111\u1eb7n d\u1ec5 d\u00e0ng ngay c\u1ea3 khi c\u00e1c h\u1ed9p \u0111ang \u0111\u01b0\u1ee3c x\u1ebfp ch\u1ed3ng, gi\u00fap \u0111\u1ea9y nhanh qu\u00e1 tr\u00ecnh l\u00e0m \u0111\u00f4ng<\/p>\n<p>&#8211; D\u1ec5 d\u00e0ng l\u1ea5y th\u1ee9c \u0103n \u0111\u00f4ng c\u1ee9ng ra kh\u1ecfi h\u1ed9p nh\u1edd ch\u1ea5t li\u1ec7u d\u1ebbo \u0111\u1eb7t bi\u1ec7t c\u1ee7a th\u00e2n h\u1ed9p, ch\u1ec9 c\u1ea7n b\u00f3p nh\u1eb9 2 b\u00ean th\u00e0nh h\u1ed9p \u0111\u1ec3 t\u00e1ch th\u1ef1c ph\u1ea9m \u0111ang \u0111\u00f4ng c\u1ee9ng r\u01a1i ra ngo\u00e0i<\/p>\n<p>&#8211; D\u00f9ng an to<\/p>\n","protected":false},"featured_media":5004,"comment_status":"open","ping_status":"closed","template":"","meta":[],"product_cat":[35,48],"product_tag":[115],"class_list":["post-5001","product","type-product","status-publish","has-post-thumbnail","hentry","product_cat-hop-tru-dong-trong-tu-lanh","product_cat-hop-tru-mat-trong-tu-lanh","product_tag-bo-mega-13"],"aioseo_notices":[],"_links":{"self":[{"href":"https:\/\/tiemtaphoa.xyz\/index.php\/wp-json\/wp\/v2\/product\/5001"}],"collection":[{"href":"https:\/\/tiemtaphoa.xyz\/index.php\/wp-json\/wp\/v2\/product"}],"about":[{"href":"https:\/\/tiemtaphoa.xyz\/index.php\/wp-json\/wp\/v2\/types\/product"}],"replies":[{"embeddable":true,"href":"https:\/\/tiemtaphoa.xyz\/index.php\/wp-json\/wp\/v2\/comments?post=5001"}],"wp:featuredmedia":[{"embeddable":true,"href":"https:\/\/tiemtaphoa.xyz\/index.php\/wp-json\/wp\/v2\/media\/5004"}],"wp:attachment":[{"href":"https:\/\/tiemtaphoa.xyz\/index.php\/wp-json\/wp\/v2\/media?parent=5001"}],"wp:term":[{"taxonomy":"product_cat","embeddable":true,"href":"https:\/\/tiemtaphoa.xyz\/index.php\/wp-json\/wp\/v2\/product_cat?post=5001"},{"taxonomy":"product_tag","embeddable":true,"href":"https:\/\/tiemtaphoa.xyz\/index.php\/wp-json\/wp\/v2\/product_tag?post=5001"}],"curies":[{"name":"wp","href":"https:\/\/api.w.org\/{rel}","templated":true}]}}