{"id":5006,"date":"2022-03-20T22:01:35","date_gmt":"2022-03-20T15:01:35","guid":{"rendered":"http:\/\/tupvietnam.com\/?post_type=product&#038;p=5006"},"modified":"2023-03-20T04:59:41","modified_gmt":"2023-03-19T21:59:41","slug":"binh-giu-nhiet-easy-open-430ml","status":"publish","type":"product","link":"https:\/\/tiemtaphoa.xyz\/index.php\/product\/binh-giu-nhiet-easy-open-430ml\/","title":{"rendered":"B\u00ecnh gi\u1eef nhi\u1ec7t Easy Open 430ml"},"content":{"rendered":"<h2 class=\"desktop-only\" data-initialized=\"true\">B\u00ecnh gi\u1eef nhi\u1ec7t Easy Open 430ml<\/h2>\n<div class=\"text short\">\n<p>B\u00ecnh gi\u1eef nhi\u1ec7t Easy Open Tupperware ch\u1ea5t l\u01b0\u1ee3ng cao c\u1ea5p, m\u00e0u s\u1eafc th\u1eddi trang v\u1edbi ch\u1ea5t li\u1ec7u th\u00e9p kh\u00f4ng g\u1ec9, an to\u00e0n ch\u1ee9a \u0111\u1ef1ng th\u1ef1c ph\u1ea9m<\/p>\n<p>Dung t\u00edch: 430 ml<\/p>\n<p>K\u00edch th\u01b0\u1edbc: 23.4 cm x 6.5 cm<\/p>\n<p><strong>\u01afu \u0111i\u1ec3m v\u00e0 ti\u1ec7n \u00edch:<\/strong><\/p>\n<p>&#8211; B\u00ecnh gi\u1eef nhi\u1ec7t ch\u1ea5t l\u01b0\u1ee3ng cao v\u1edbi ch\u1ea5t li\u1ec7u l\u00f5i th\u00e9p kh\u00f4ng g\u1ec9 304 cao c\u1ea5p, an to\u00e0n cho ch\u1ee9a \u0111\u1ef1ng th\u1ef1c ph\u1ea9m<\/p>\n<p>&#8211; B\u00ecnh c\u00f3 thi\u1ebft k\u1ebf th\u00f4ng minh, nh\u1ecf g\u1ecdn d\u1ec5 d\u00e0ng di chuy\u1ec3n v\u00e0 mang \u0111i<\/p>\n<p>&#8211; Thi\u1ebft k\u1ebf n\u1eafp b\u1eadt \u0111\u01a1n gi\u1ea3n, d\u1ec5 \u0111\u00f3ng m\u1edf v\u00e0 \u0111\u01b0\u1ee3c ch\u1ebf t\u1ea1o c\u00f3 ph\u1ea7n gio\u0103ng b\u1eb1ng silicon gi\u00fap gi\u1eef k\u00edn h\u01a1i, \u0111\u00f3ng kh\u00edt, kh\u00f4ng b\u1ecb r\u00f2 h\u01a1i n\u01b0\u1edbc ra ngo\u00e0i<\/p>\n<p>&#8211; B\u00ecnh c\u00f3 kh\u1ea3 n\u0103ng gi\u1eef n\u00f3ng\/ gi\u1eef l\u1ea1nh t\u1ed1i \u01b0u, l\u00ean \u0111\u1ebfn tr\u00ean 6 gi\u1edd<\/p>\n<p>&#8211; \u0110\u00e1y b\u00ecnh gi\u1eef nhi\u1ec7t c\u00f3 \u0111\u1ec7m silicon ch\u1ed1ng tr\u01b0\u1ee3t gi\u00fap b\u00ecnh \u0111\u1ee9ng v\u1eefng tr\u00ean m\u1eb7t ph\u1eb3ng, kh\u00f4ng b\u1ecb ng\u00e3 \u0111\u1ed5<\/p>\n<p>&#8211; Ch\u1ebf \u0111\u1ed9 b\u1ea3o h\u00e0nh ch\u00ednh h\u00e3ng, an t\u00e2m cho kh\u00e1ch h\u00e0ng<\/p>\n<p>C\u00f4ng d\u1ee5ng:<\/p>\n<p>&#8211; Thu\u1eadn ti\u1ec7n mang theo \u0111\u1ebfn ch\u1ed7 l\u00e0m, tr\u01b0\u1eddng h\u1ecdc, ho\u1eb7c trong nh\u1eefng chuy\u1ebfn du l\u1ecbch ng\u1eafn ng\u00e0y m\u00e0 v\u1eabn \u0111\u1ea3m b\u1ea3o th\u1ee9c \u0103n, n\u01b0\u1edbc u\u1ed1ng c\u00f3 th\u1ec3 gi\u1eef \u0111\u01b0\u1ee3c \u0111\u1ed9 n\u00f3ng ho\u1eb7c l\u1ea1nh l\u00ean \u0111\u1ebfn 6 ti\u1ebfng<\/p>\n<p>B\u00ed quy\u1ebft &amp; Ch\u0103m s\u00f3c:<\/p>\n<p>&#8211; Tr\u01b0\u1edbc khi s\u1eed d\u1ee5ng b\u00ecnh gi\u1eef nhi\u1ec7t n\u00ean v\u1ec7 sinh b\u1eb1ng c\u00e1ch cho n\u01b0\u1edbc n\u00f3ng v\u00e0o b\u00ecnh, \u0111\u00f3ng ch\u1eb7t n\u1eafp trong, n\u1eafp ngo\u00e0i r\u1ed3i l\u1eafc nh\u1eb9, r\u1eeda s\u1ea1ch ru\u1ed9t b\u00ean trong. Sau khi s\u1eed d\u1ee5ng, ch\u1ec9 c\u1ea7n r\u1eeda s\u1ea1ch v\u00e0 lau kh\u00f4 b\u00ecnh, c\u00f3 th\u1ec3 r\u1eeda b\u1eb1ng n\u01b0\u1edbc \u1ea5m<\/p>\n<p>&#8211; \u0110\u1ec3 n\u00e2ng cao hi\u1ec7u qu\u1ea3 gi\u1eef nhi\u1ec7t\/ gi\u1eef l\u1ea1nh, \u0111\u1ed5 v\u00e0o b\u00ecnh m\u1ed9t l\u01b0\u1ee3ng nh\u1ecf n\u01b0\u1edbc n\u00f3ng\/ n\u01b0\u1edbc l\u1ea1nh tr\u01b0\u1edbc, r\u1ed3i \u1ee7 n\u00f3ng\/ l\u1ea1nh 1-2 ph\u00fat, sau \u0111\u00f3 \u0111\u1ed5 n\u01b0\u1edbc \u0111i r\u1ed3i m\u1edbi cho th\u1ee9c u\u1ed1ng v\u00e0o<\/p>\n<p>&#8211; H\u1ea1n ch\u1ebf s\u1ed1 l\u1ea7n m\u1edf n\u1eafp b\u00ecnh s\u1ebd gi\u00fap n\u00e2ng cao hi\u1ec7u qu\u1ea3 gi\u1eef nhi\u1ec7t\/ gi\u1eef l\u1ea1nh<\/p>\n<p>&#8211; Kh\u00f4ng n\u00ean ch\u1ee9a th\u1ee9c u\u1ed1ng \u0111\u1ea7y b\u00ecnh<\/p>\n<p>&#8211; Kh\u00f4ng \u0111\u1eb7t b\u00ecnh \u1edf tr\u1ea1ng th\u00e1i nghi\u00eang ho\u1eb7c k\u1ec1 g\u1ea7n v\u1edbi m\u1eb7t khi m\u1edf n\u1eafp s\u1eed d\u1ee5ng tr\u00e1nh tr\u01b0\u1eddng h\u1ee3p th\u1ee9c u\u1ed1ng b\u00ean trong phun ra do \u00e1p su\u1ea5t nhi\u1ec7t v\u00e0 g\u00e2y b\u1ecfng<\/p>\n<p>&#8211; Kh\u00f4ng \u0111\u1eb7t b\u00ecnh gi\u1eef nhi\u1ec7t v\u00e0o t\u1ee7 l\u1ea1nh, l\u00f2 vi s\u00f3ng, m\u00e1y r\u1eeda ch\u00e9n<\/p>\n<p>&#8211; H\u1ea1n ch\u1ebf tr\u1eef th\u1ee9c u\u1ed1ng trong b\u00ecnh qu\u00e1 24 gi\u1edd nh\u1eb1m tr\u00e1nh th\u1ee9c u\u1ed1ng bi\u1ebfn ch\u1ea5t ho\u1eb7c h\u01b0 h\u1ecfng<\/p>\n<\/div>\n","protected":false},"excerpt":{"rendered":"<p><strong>\u01afu \u0111i\u1ec3m v\u00e0 ti\u1ec7n \u00edch:<\/strong><\/p>\n<p>&#8211; B\u00ecnh gi\u1eef nhi\u1ec7t ch\u1ea5t l\u01b0\u1ee3ng cao v\u1edbi ch\u1ea5t li\u1ec7u l\u00f5i th\u00e9p kh\u00f4ng g\u1ec9 304 cao c\u1ea5p, an to\u00e0n cho ch\u1ee9a \u0111\u1ef1ng th\u1ef1c ph\u1ea9m<\/p>\n<p>&#8211; B\u00ecnh c\u00f3 thi\u1ebft k\u1ebf th\u00f4ng minh, nh\u1ecf g\u1ecdn d\u1ec5 d\u00e0ng di chuy\u1ec3n v\u00e0 mang \u0111i<\/p>\n<p>&#8211; Thi\u1ebft k\u1ebf n\u1eafp b\u1eadt \u0111\u01a1n gi\u1ea3n, d\u1ec5 \u0111\u00f3ng m\u1edf v\u00e0 \u0111\u01b0\u1ee3c ch\u1ebf t\u1ea1o c\u00f3 ph\u1ea7n gio\u0103ng b\u1eb1ng silicon gi\u00fap gi\u1eef k\u00edn h\u01a1i, \u0111\u00f3ng kh\u00edt, kh\u00f4ng b\u1ecb r\u00f2 h\u01a1i n\u01b0\u1edbc ra ngo\u00e0i<\/p>\n<p>&#8211; B\u00ecnh c\u00f3 kh\u1ea3 n\u0103ng gi\u1eef n\u00f3ng\/ gi\u1eef l\u1ea1nh t\u1ed1i \u01b0u, l\u00ean \u0111\u1ebfn tr\u00ean 6 gi\u1edd<\/p>\n<p>&#8211; \u0110\u00e1y b\u00ecnh gi\u1eef nhi\u1ec7t c\u00f3 \u0111\u1ec7m silicon ch\u1ed1ng tr\u01b0\u1ee3t gi\u00fap b\u00ecnh \u0111\u1ee9ng v\u1eefng tr\u00ean m\u1eb7t ph\u1eb3ng, kh\u00f4ng b\u1ecb ng\u00e3 \u0111\u1ed5<\/p>\n<p>&#8211; Ch\u1ebf \u0111\u1ed9 b\u1ea3o h\u00e0nh ch\u00ednh h\u00e3ng, an t\u00e2m cho kh\u00e1ch h\u00e0ng<\/p>\n<p>&nbsp;<\/p>\n","protected":false},"featured_media":5007,"comment_status":"open","ping_status":"closed","template":"","meta":[],"product_cat":[85],"product_tag":[116],"class_list":["post-5006","product","type-product","status-publish","has-post-thumbnail","hentry","product_cat-binh-nuoc-cac-loai","product_tag-binh-giu-nhiet-430ml"],"aioseo_notices":[],"_links":{"self":[{"href":"https:\/\/tiemtaphoa.xyz\/index.php\/wp-json\/wp\/v2\/product\/5006"}],"collection":[{"href":"https:\/\/tiemtaphoa.xyz\/index.php\/wp-json\/wp\/v2\/product"}],"about":[{"href":"https:\/\/tiemtaphoa.xyz\/index.php\/wp-json\/wp\/v2\/types\/product"}],"replies":[{"embeddable":true,"href":"https:\/\/tiemtaphoa.xyz\/index.php\/wp-json\/wp\/v2\/comments?post=5006"}],"wp:featuredmedia":[{"embeddable":true,"href":"https:\/\/tiemtaphoa.xyz\/index.php\/wp-json\/wp\/v2\/media\/5007"}],"wp:attachment":[{"href":"https:\/\/tiemtaphoa.xyz\/index.php\/wp-json\/wp\/v2\/media?parent=5006"}],"wp:term":[{"taxonomy":"product_cat","embeddable":true,"href":"https:\/\/tiemtaphoa.xyz\/index.php\/wp-json\/wp\/v2\/product_cat?post=5006"},{"taxonomy":"product_tag","embeddable":true,"href":"https:\/\/tiemtaphoa.xyz\/index.php\/wp-json\/wp\/v2\/product_tag?post=5006"}],"curies":[{"name":"wp","href":"https:\/\/api.w.org\/{rel}","templated":true}]}}