{"id":5014,"date":"2022-03-20T22:29:09","date_gmt":"2022-03-20T15:29:09","guid":{"rendered":"http:\/\/tupvietnam.com\/?post_type=product&#038;p=5014"},"modified":"2023-03-13T08:34:39","modified_gmt":"2023-03-13T01:34:39","slug":"bo-hop-tupperware-tru-mat-tru-dong-blue-ocean-set-15","status":"publish","type":"product","link":"https:\/\/tiemtaphoa.xyz\/index.php\/product\/bo-hop-tupperware-tru-mat-tru-dong-blue-ocean-set-15\/","title":{"rendered":"B\u1ed8 H\u1ed8P TUPPERWARE TR\u1eee M\u00c1T &#038; TR\u1eee \u0110\u00d4NG BLUE OCEAN SET 15"},"content":{"rendered":"<h2 class=\"BlockTitle__Wrapper-sc-qpz3fo-0 eHltcn\">M\u00f4 T\u1ea3 S\u1ea3n Ph\u1ea9m<\/h2>\n<div class=\"content\">\n<div class=\"ToggleContent__Wrapper-sc-1dbmfaw-1 cqXrJr\">\n<div class=\"ToggleContent__View-sc-1dbmfaw-0 wyACs\">\n<div>\n<p>B\u1ed8 H\u1ed8P TR\u1eee M\u00c1T &amp; TR\u1eee \u0110\u00d4NG BLUE OCEAN SET 15<\/p>\n<p>Gi\u00e1: 2.450.000 VN\u0110\/ b\u1ed9<\/p>\n<p>D\u00f2ng s\u1ea3n ph\u1ea9m tr\u1eef \u0111\u00f4ng<\/p>\n<p>H\u1ed9p Medium Freezermate (1) 2.3L\/ 22.7 x 15.1 x 11.4cm<\/p>\n<p>H\u1ed9p Pocket Freezermate (4) 820ml\/ 14.4 x 9.3 x 12.2cm<\/p>\n<p>H\u1ed9p Mini Freezermate (2) 290ml\/ 11.3 x 7.5 x 7.7cm<\/p>\n<p>D\u00f2ng s\u1ea3n ph\u1ea9m tr\u1eef m\u00e1t<\/p>\n<p>H\u1ed9p Medium Stak N Stor (1) 1.3L\/ 27.5 x 13.6 x 6.8cm<\/p>\n<p>H\u1ed9p Large Stak N Stor (2) 2.2L\/ 27.5 x 13.6 x 9.7cm<\/p>\n<p>H\u1ed9p Jumbo Stak N Stor (1) 3.1L\/ 27.5 x 13.6 x 12.8cm<\/p>\n<p>H\u1ed9p Modular Bowl 1L (1) 19.3cm x 6cm<\/p>\n<p>H\u1ed9p Modular Bowl 1.5L (1) 19.3cm x 8.8cm<\/p>\n<p>H\u1ed9p Medium Square Round (2) 12.8 x 12.8 x 9.7cm<\/p>\n<p>*D\u00f2ng s\u1ea3n ph\u1ea9m tr\u1eef \u0111\u00f4ng<\/p>\n<p>\u01afu \u0111i\u1ec3m v\u00e0 ti\u1ec7n \u00edch:<\/p>\n<p>&#8211; Nhi\u1ec7t \u0111\u1ed9 an to\u00e0n: -20 \u0111\u1ed9 C \u2013 80 \u0111\u1ed9 C<\/p>\n<p>&#8211; Ch\u1ea5t li\u1ec7u nh\u1ef1a nguy\u00ean sinh, an to\u00e0n ti\u1ebfp x\u00fac v\u1edbi th\u1ef1c ph\u1ea9m<\/p>\n<p>&#8211; N\u1eafp k\u00edn kh\u00ed, ng\u0103n ch\u1eb7n tho\u00e1t m\u00f9i th\u1ef1c ph\u1ea9m ra ngo\u00e0i<\/p>\n<p>&#8211; N\u1eafp h\u1ed9p c\u00f3 g\u1edd m\u1edf thu\u1eadn ti\u1ec7n trong vi\u1ec7c \u0111\u00f3ng m\u1edf h\u1ed9p, n\u1eafp h\u1ed9p thi\u1ebft k\u1ebf \u0111\u1ed3ng h\u1ed3 gi\u00fap ghi nh\u1edb th\u1eddi gian b\u1eaft \u0111\u1ea7u tr\u1eef \u0111\u00f4ng (v\u1eb7n m\u0169i t\u00ean ch\u1ec9 v\u00e0o v\u1ea1ch tu\u1ea7n c\u1ee7a th\u00e1ng)<\/p>\n<p>&#8211; Th\u00e2n h\u1ed9p trong, d\u1ec5 d\u00e0ng nh\u1eadn bi\u1ebft th\u1ef1c ph\u1ea9m b\u00ean trong, tr\u00ean th\u00e0nh th\u00e2n h\u1ed9p c\u00f3 v\u1ea1ch \u0111\u1ecbnh l\u01b0\u1ee3ng m\u1ee9c th\u1ef1c ph\u1ea9m t\u1ed1i \u0111a c\u00f3 th\u1ec3 l\u01b0u tr\u1eef trong h\u1ed9p. K\u00fd hi\u1ec7u hoa tuy\u1ebft ch\u1ec9 r\u00f5 ch\u1ee9c n\u0103ng chuy\u00ean s\u1eed d\u1ee5ng trong ng\u0103n \u0111\u00f4ng t\u1ee7 l\u1ea1nh<\/p>\n<p>&#8211; H\u1ed9p thi\u1ebft k\u1ebf c\u00f3 th\u1ec3 x\u1ebfp ch\u1ed3ng l\u00ean nhau ho\u1eb7c \u0111\u1eb7t v\u00e0o v\u1ecb tr\u00ed b\u00ean h\u00f4ng c\u00e1nh c\u1eeda t\u1ee7 \u0111\u00f4ng, gi\u00fap ti\u1ebft ki\u1ec7m kh\u00f4ng gian l\u01b0u tr\u1eef<\/p>\n<p>&#8211; Thi\u1ebft k\u1ebf \u0111\u01b0\u1eddng r\u00e3nh b\u00ean h\u00f4ng h\u1ed9p gi\u00fap h\u01a1i l\u1ea1nh l\u01b0u th\u00f4ng d\u1ec5 d\u00e0ng khi c\u00e1c h\u1ed9p \u0111ang \u0111\u01b0\u1ee3c x\u1ebfp ch\u1ed3ng l\u00ean nhau<\/p>\n<p>&#8211; Th\u00e2n h\u1ed9p c\u00f3 ch\u1ea5t li\u1ec7u d\u1ebbo, gi\u00fap d\u1ec5 d\u00e1ng t\u00e1ch th\u1ef1c ph\u1ea9m \u0111\u00f4ng l\u1ea1nh ra kh\u1ecfi h\u1ed9p<\/p>\n<p>H\u01b0\u1edbng d\u1eabn s\u1eed d\u1ee5ng:<\/p>\n<p>&#8211; H\u1ed9p d\u00f9ng \u0111\u1ec3 b\u1ea3o qu\u1ea3n c\u00e1c lo\u1ea1i th\u1ef1c ph\u1ea9m t\u01b0\u01a1i nh\u01b0 th\u1ecbt s\u1ed1ng, h\u1ea3i s\u1ea3n, tr\u00e1i c\u00e2y,<\/p>\n<p>&#8211; H\u1ed9p Modular Bowl thi\u1ebft k\u1ebf n\u1eafp tr\u00f2n k\u00edn n\u01b0\u1edbc, ph\u00f9 h\u1ee3p \u0111\u1ef1ng th\u1ef1c ph\u1ea9m l\u1ecfng nh\u01b0 canh, s\u00fap,<\/p>\n<p>L\u01b0u \u00fd khi s\u1eed d\u1ee5ng<\/p>\n<p>&#8211; R\u1eeda s\u1ea1ch v\u00e0 \u0111\u1ec3 kh\u00f4 l\u1ea7n \u0111\u1ea7u ti\u00ean s\u1eed d\u1ee5ng<\/p>\n<p>&#8211; Kh\u00f4ng s\u1eed d\u1ee5ng trong l\u00f2 vi s\u00f3ng, m\u00e1y h\u1ea5p ti\u1ec7t tr\u00f9ng<\/p>\n<p>&#8211; Tr\u00e1nh ch\u00f9i r\u1eeda b\u1eb1ng v\u1eadt s\u1eafc nh\u1ecdn<\/p>\n<p>&#8211; Tr\u00e1nh \u0111\u1ef1ng th\u1ef1c ph\u1ea9m nhi\u1ec7t \u0111\u1ed9 cao h\u01a1n 80 \u0111\u1ed9 C<\/p>\n<p>&#8211; D\u00f9ng an to\u00e0n trong m\u00e1y r\u1eeda ch\u00e9n d\u01b0\u1edbi 65 \u0111\u1ed9 C<\/p>\n<p>&#8211; Kh\u00f4ng ti\u1ebfp x\u00fac ho\u1eb7c \u0111\u1ec3 g\u1ea7n ngu\u1ed3n l\u1eeda \u0111\u1ec3 tr\u00e1nh n\u00f3ng ch\u1ea3y, bi\u1ebfn d\u1ea1ng<\/p>\n<\/div>\n<\/div>\n<\/div>\n<\/div>\n","protected":false},"excerpt":{"rendered":"<p>\u01afu \u0111i\u1ec3m v\u00e0 ti\u1ec7n \u00edch:<\/p>\n<p>&#8211; Nhi\u1ec7t \u0111\u1ed9 an to\u00e0n: -20 \u0111\u1ed9 C \u2013 80 \u0111\u1ed9 C<\/p>\n<p>&#8211; Ch\u1ea5t li\u1ec7u nh\u1ef1a nguy\u00ean sinh, an to\u00e0n ti\u1ebfp x\u00fac v\u1edbi th\u1ef1c ph\u1ea9m<\/p>\n<p>&#8211; N\u1eafp k\u00edn kh\u00ed, ng\u0103n ch\u1eb7n tho\u00e1t m\u00f9i th\u1ef1c ph\u1ea9m ra ngo\u00e0i<\/p>\n<p>&#8211; N\u1eafp h\u1ed9p c\u00f3 g\u1edd m\u1edf thu\u1eadn ti\u1ec7n trong vi\u1ec7c \u0111\u00f3ng m\u1edf h\u1ed9p, n\u1eafp h\u1ed9p thi\u1ebft k\u1ebf \u0111\u1ed3ng h\u1ed3 gi\u00fap ghi nh\u1edb th\u1eddi gian b\u1eaft \u0111\u1ea7u tr\u1eef \u0111\u00f4ng (v\u1eb7n m\u0169i t\u00ean ch\u1ec9 v\u00e0o v\u1ea1ch tu\u1ea7n c\u1ee7a th\u00e1ng)<\/p>\n<p>&#8211; Th\u00e2n h\u1ed9p trong, d\u1ec5 d\u00e0ng nh\u1eadn bi\u1ebft th\u1ef1c ph\u1ea9m b\u00ean trong, tr\u00ean th\u00e0nh th\u00e2n h\u1ed9p c\u00f3 v\u1ea1ch \u0111\u1ecbnh l\u01b0\u1ee3ng m\u1ee9c th\u1ef1c ph\u1ea9m t\u1ed1i \u0111a c\u00f3 th\u1ec3 l\u01b0u tr\u1eef trong h\u1ed9p. K\u00fd hi\u1ec7u hoa tuy\u1ebft ch\u1ec9 r\u00f5 ch\u1ee9c n\u0103ng chuy\u00ean s\u1eed d\u1ee5ng trong ng\u0103n \u0111\u00f4ng t\u1ee7 l\u1ea1nh<\/p>\n<p>&#8211; H\u1ed9p thi\u1ebft k\u1ebf c\u00f3 th\u1ec3 x\u1ebfp ch\u1ed3ng l\u00ean nhau ho\u1eb7c \u0111\u1eb7t v\u00e0o v\u1ecb tr\u00ed b\u00ean h\u00f4ng c\u00e1nh c\u1eeda t\u1ee7 \u0111\u00f4ng, gi\u00fap ti\u1ebft ki\u1ec7m kh\u00f4ng gian l\u01b0u tr\u1eef<\/p>\n","protected":false},"featured_media":5018,"comment_status":"open","ping_status":"closed","template":"","meta":[],"product_cat":[35,48],"product_tag":[118],"class_list":["post-5014","product","type-product","status-publish","has-post-thumbnail","hentry","product_cat-hop-tru-dong-trong-tu-lanh","product_cat-hop-tru-mat-trong-tu-lanh","product_tag-bo-mega-15"],"aioseo_notices":[],"_links":{"self":[{"href":"https:\/\/tiemtaphoa.xyz\/index.php\/wp-json\/wp\/v2\/product\/5014"}],"collection":[{"href":"https:\/\/tiemtaphoa.xyz\/index.php\/wp-json\/wp\/v2\/product"}],"about":[{"href":"https:\/\/tiemtaphoa.xyz\/index.php\/wp-json\/wp\/v2\/types\/product"}],"replies":[{"embeddable":true,"href":"https:\/\/tiemtaphoa.xyz\/index.php\/wp-json\/wp\/v2\/comments?post=5014"}],"wp:featuredmedia":[{"embeddable":true,"href":"https:\/\/tiemtaphoa.xyz\/index.php\/wp-json\/wp\/v2\/media\/5018"}],"wp:attachment":[{"href":"https:\/\/tiemtaphoa.xyz\/index.php\/wp-json\/wp\/v2\/media?parent=5014"}],"wp:term":[{"taxonomy":"product_cat","embeddable":true,"href":"https:\/\/tiemtaphoa.xyz\/index.php\/wp-json\/wp\/v2\/product_cat?post=5014"},{"taxonomy":"product_tag","embeddable":true,"href":"https:\/\/tiemtaphoa.xyz\/index.php\/wp-json\/wp\/v2\/product_tag?post=5014"}],"curies":[{"name":"wp","href":"https:\/\/api.w.org\/{rel}","templated":true}]}}