{"id":5019,"date":"2022-03-21T21:12:42","date_gmt":"2022-03-21T14:12:42","guid":{"rendered":"http:\/\/tupvietnam.com\/?post_type=product&#038;p=5019"},"modified":"2023-03-21T09:41:59","modified_gmt":"2023-03-21T02:41:59","slug":"bo-hop-bao-quan-thuc-pham-tupperware-pak-n-stor-4-hop","status":"publish","type":"product","link":"https:\/\/tiemtaphoa.xyz\/index.php\/product\/bo-hop-bao-quan-thuc-pham-tupperware-pak-n-stor-4-hop\/","title":{"rendered":"B\u1ed9 h\u1ed9p b\u1ea3o qu\u1ea3n th\u1ef1c ph\u1ea9m Tupperware Pak N Stor 4 h\u1ed9p"},"content":{"rendered":"<h2 class=\"desktop-only\" data-initialized=\"true\">H\u1ed9p B\u1ea3o Qu\u1ea3n Th\u1ef1c Ph\u1ea9m Pak N Stor (4)<\/h2>\n<div class=\"text short\">\n<p><strong>Dung t\u00edch: 1.4L<\/strong><\/p>\n<p><strong>K\u00edch th\u01b0\u1edbc: 26 x 13 x 6.7cm<\/strong><\/p>\n<p><strong>\u01afu \u0111i\u1ec3m v\u00e0 ti\u1ec7n \u00edch<\/strong><\/p>\n<p>&#8211; Nhi\u1ec7t \u0111\u1ed9 an to\u00e0n: 0\u00b0C &#8211; 80\u00b0C<\/p>\n<p>&#8211; Ch\u1ea5t li\u1ec7u nh\u1ef1a nguy\u00ean sinh, an to\u00e0n ti\u1ebfp x\u00fac v\u1edbi th\u1ef1c ph\u1ea9m<\/p>\n<p>&#8211; N\u1eafp h\u1ed9p thi\u1ebft k\u1ebf k\u00edn kh\u00ed, gi\u00fap m\u00f9i c\u1ee7a th\u1ef1c ph\u1ea9m kh\u00f4ng tho\u00e1t ra ngo\u00e0i<\/p>\n<p>&#8211; Ch\u1ea5t li\u1ec7u n\u1eafp d\u1ebbo, gi\u00fap \u0111\u00f3ng m\u1edf d\u1ec5 d\u00e0ng<\/p>\n<p>&#8211; Thi\u1ebft k\u1ebf th\u00f4ng minh c\u00f3 th\u1ec3 x\u1ebfp ch\u1ed3ng l\u00ean nhau<\/p>\n<p>&#8211; Ch\u1ea5t li\u1ec7u nh\u1ef1a c\u00f3 b\u1ec1 m\u1eb7t nh\u00e1m tay gi\u00fap c\u1ea7m ch\u1eafc tay h\u01a1n<\/p>\n<p><strong>C\u00f4ng d\u1ee5ng:<\/strong><\/p>\n<p>&#8211; \u0110\u1ef1ng th\u1ef1c ph\u1ea9m kh\u00f4, th\u1ef1c ph\u1ea9m s\u01a1 ch\u1ebf, ch\u1ebf bi\u1ebfn s\u1eb5n ho\u1eb7c tr\u00e1i c\u00e2y, \u0111\u1ed3 ng\u1ecdt,&#8230; trong ng\u0103n m\u00e1t t\u1ee7 l\u1ea1nh<\/p>\n<p><strong>C\u00e1ch s\u1eed d\u1ee5ng &amp; b\u1ea3o qu\u1ea3n<\/strong><\/p>\n<p>&#8211; H\u1ed9p Pak N Stor c\u00f3 dung t\u00edch v\u1eeba ph\u1ea3i v\u00e0 thi\u1ebft k\u1ebf n\u1eafp k\u00edn kh\u00ed gi\u00fap b\u1ea3o qu\u1ea3n th\u1ee9c \u0103n \u0111\u00e3 n\u1ea5u ho\u1eb7c th\u1ef1c ph\u1ea9m \u0111\u00e3 qua s\u01a1 ch\u1ebf nh\u01b0 rau c\u1ee7 qu\u1ea3, tr\u00e1i c\u00e2y c\u1eaft s\u1eb5n,\u2026 lu\u00f4n t\u01b0\u01a1i ngon trong ng\u0103n m\u00e1t t\u1ee7 l\u1ea1nh<\/p>\n<p>&#8211; \u1ea4n tay v\u00e0o gi\u1eefa n\u1eafp, d\u00f9ng 1 tay kh\u00e1c k\u00e9o nh\u1eb9 th\u1ebb m\u1edf ra \u0111\u1ec3 tho\u00e1t kh\u00ed th\u1eeba trong h\u1ed9p ra ngo\u00e0i<\/p>\n<p>&#8211; Kh\u00f4ng d\u00f9ng \u0111\u01b0\u1ee3c trong t\u1ee7 \u0111\u00f4ng ho\u1eb7c l\u00f2 vi s\u00f3ng, m\u00e1y h\u1ea5p ti\u1ec7t tr\u00f9ng<\/p>\n<p>&#8211; Tr\u00e1nh s\u1eed d\u1ee5ng v\u1eadt s\u1eafc nh\u1ecdn \u0111\u1ec3 ch\u00f9i r\u1eeda<\/p>\n<p>&#8211; Tr\u00e1nh \u0111\u1ef1ng th\u1ef1c ph\u1ea9m c\u00f3 nhi\u1ec7t \u0111\u1ed9 cao h\u01a1n 80 \u0111\u1ed9 C<\/p>\n<p>&#8211; Kh\u00f4ng ti\u1ebfp x\u00fac ho\u1eb7c \u0111\u1ec3 s\u1ea3n ph\u1ea9m g\u1ea7n ngu\u1ed3n nhi\u1ec7t \u0111\u1ec3 tr\u00e1nh n\u00f3ng ch\u1ea3y, bi\u1ebfn d\u1ea1ng<\/p>\n<\/div>\n","protected":false},"excerpt":{"rendered":"<p><strong>\u01afu \u0111i\u1ec3m v\u00e0 ti\u1ec7n \u00edch<\/strong><\/p>\n<p>&#8211; Nhi\u1ec7t \u0111\u1ed9 an to\u00e0n: 0\u00b0C &#8211; 80\u00b0C<\/p>\n<p>&#8211; Ch\u1ea5t li\u1ec7u nh\u1ef1a nguy\u00ean sinh, an to\u00e0n ti\u1ebfp x\u00fac v\u1edbi th\u1ef1c ph\u1ea9m<\/p>\n<p>&#8211; N\u1eafp h\u1ed9p thi\u1ebft k\u1ebf k\u00edn kh\u00ed, gi\u00fap m\u00f9i c\u1ee7a th\u1ef1c ph\u1ea9m kh\u00f4ng tho\u00e1t ra ngo\u00e0i<\/p>\n<p>&#8211; Ch\u1ea5t li\u1ec7u n\u1eafp d\u1ebbo, gi\u00fap \u0111\u00f3ng m\u1edf d\u1ec5 d\u00e0ng<\/p>\n<p>&#8211; Thi\u1ebft k\u1ebf th\u00f4ng minh c\u00f3 th\u1ec3 x\u1ebfp ch\u1ed3ng l\u00ean nhau<\/p>\n<p>&#8211; Ch\u1ea5t li\u1ec7u nh\u1ef1a c\u00f3 b\u1ec1 m\u1eb7t nh\u00e1m tay gi\u00fap c\u1ea7m ch\u1eafc tay h\u01a1n<\/p>\n","protected":false},"featured_media":5024,"comment_status":"open","ping_status":"closed","template":"","meta":[],"product_cat":[48,36,86],"product_tag":[119,99],"class_list":["post-5019","product","type-product","status-publish","has-post-thumbnail","hentry","product_cat-hop-tru-mat-trong-tu-lanh","product_cat-hop-bao-quan-thuc-pham-da-nang","product_cat-cac-san-pham-khac","product_tag-dung-thuc-pham-kho","product_tag-pak-n-stor"],"aioseo_notices":[],"_links":{"self":[{"href":"https:\/\/tiemtaphoa.xyz\/index.php\/wp-json\/wp\/v2\/product\/5019"}],"collection":[{"href":"https:\/\/tiemtaphoa.xyz\/index.php\/wp-json\/wp\/v2\/product"}],"about":[{"href":"https:\/\/tiemtaphoa.xyz\/index.php\/wp-json\/wp\/v2\/types\/product"}],"replies":[{"embeddable":true,"href":"https:\/\/tiemtaphoa.xyz\/index.php\/wp-json\/wp\/v2\/comments?post=5019"}],"wp:featuredmedia":[{"embeddable":true,"href":"https:\/\/tiemtaphoa.xyz\/index.php\/wp-json\/wp\/v2\/media\/5024"}],"wp:attachment":[{"href":"https:\/\/tiemtaphoa.xyz\/index.php\/wp-json\/wp\/v2\/media?parent=5019"}],"wp:term":[{"taxonomy":"product_cat","embeddable":true,"href":"https:\/\/tiemtaphoa.xyz\/index.php\/wp-json\/wp\/v2\/product_cat?post=5019"},{"taxonomy":"product_tag","embeddable":true,"href":"https:\/\/tiemtaphoa.xyz\/index.php\/wp-json\/wp\/v2\/product_tag?post=5019"}],"curies":[{"name":"wp","href":"https:\/\/api.w.org\/{rel}","templated":true}]}}