{"id":5027,"date":"2022-03-21T21:35:04","date_gmt":"2022-03-21T14:35:04","guid":{"rendered":"http:\/\/tupvietnam.com\/?post_type=product&#038;p=5027"},"modified":"2023-03-15T00:19:20","modified_gmt":"2023-03-14T17:19:20","slug":"bo-hop-tru-dong-tupperware-freezermate-gen-ii-5-7-lit-2-hop","status":"publish","type":"product","link":"https:\/\/tiemtaphoa.xyz\/index.php\/product\/bo-hop-tru-dong-tupperware-freezermate-gen-ii-5-7-lit-2-hop\/","title":{"rendered":"B\u1ed9 h\u1ed9p tr\u1eef \u0111\u00f4ng Tupperware Freezermate Gen II 5.7 l\u00edt (2 h\u1ed9p)"},"content":{"rendered":"<h2 class=\"desktop-only\" data-initialized=\"true\">B\u1ed8 H\u1ed8P TR\u1eee \u0110\u00d4NG FREEZERMATE GEN II 5.7L (2)<\/h2>\n<div class=\"text short\">\n<p>&#8211; Dung t\u00edch: 5.7L<\/p>\n<p>&#8211; K\u00edch th\u01b0\u1edbc: 30.7 x 22.5 x 11 cm<\/p>\n<p>&#8211; Nhi\u1ec7t \u0111\u1ed9 an to\u00e0n: &#8211; 25 \u0366C \u0111\u1ebfn 80 \u0366C<\/p>\n<p>&nbsp;<\/p>\n<p><strong>\u01afu \u0111i\u1ec3m v\u00e0 ti\u1ec7n \u00edch:<\/strong><\/p>\n<p>&#8211; Ch\u1ea5t li\u1ec7u d\u1ebbo linh ho\u1ea1t, kh\u00f3 n\u1ee9t v\u1ee1 trong qu\u00e1 tr\u00ecnh tr\u1eef \u0111\u00f4ng, gi\u00fap s\u1eed d\u1ee5ng b\u1ec1n b\u1ec9 trong th\u1eddi gian d\u00e0i<\/p>\n<p>&#8211; Nh\u1ef1a nguy\u00ean sinh, an to\u00e0n ti\u1ebfp x\u00fac th\u1ef1c ph\u1ea9m, c\u00f3 th\u1ec3 s\u1eed d\u1ee5ng trong c\u1ea3 ng\u0103n \u0111\u00f4ng v\u00e0 ng\u0103n m\u00e1t t\u1ee7 l\u1ea1nh<\/p>\n<p>&#8211; N\u1eafp k\u00edn kh\u00ed, b\u1ea3o v\u1ec7 th\u1ef1c ph\u1ea9m kh\u1ecfi kh\u00ed l\u1ea1nh t\u1ee7 \u0111\u00f4ng, gi\u00fap b\u1ec1 m\u1eb7t th\u1ef1c ph\u1ea9m kh\u00f4ng kh\u00f4, t\u01b0\u01a1i l\u00e2u h\u01a1n, v\u00e0 kh\u00f4ng tho\u00e1t m\u00f9i th\u1ef1c ph\u1ea9m ra ngo\u00e0i<\/p>\n<p>&#8211; H\u1ecda ti\u1ebft hoa tuy\u1ebft tr\u00ean h\u1ed9p gi\u00fap d\u1ec5 nh\u1eadn bi\u1ebft h\u1ed9p chuy\u00ean d\u1ee5ng b\u1ea3o qu\u1ea3n trong ng\u0103n \u0111\u00f4ng v\u00e0 ch\u1ed1ng tr\u01a1n tr\u01b0\u1ee3t khi c\u1ea7m n\u1eafm h\u1ed9p l\u00fac \u1ea9m \u01b0\u1edbt<\/p>\n<p>&#8211; \u0110\u01b0\u1eddng vi\u1ec1n &#8220;MAX&#8221; b\u00ean trong h\u1ed9p gi\u00fap nh\u1eadn bi\u1ebft gi\u1edbi h\u1ea1n m\u1ee9c tr\u1eef th\u1ef1c ph\u1ea9m t\u1ed1i \u0111a<\/p>\n<p>&#8211; G\u00f3c h\u1ed9p bo tr\u00f2n gi\u00fap kh\u00ed l\u1ea1nh ng\u0103n \u0111\u00f4ng l\u01b0u th\u00f4ng nhanh ch\u00f3ng, \u0111\u1ea9y nhanh qu\u00e1 tr\u00ecnh l\u00e0m \u0111\u00f4ng th\u1ef1c ph\u1ea9m<\/p>\n<p>&#8211; Thi\u1ebft k\u1ebf d\u1ea1ng m\u00f4 \u0111un gi\u00fap x\u1ebfp ch\u1ed3ng h\u1ed9p g\u1ecdn g\u00e0ng, ti\u1ebft ki\u1ec7m di\u1ec7n t\u00edch<\/p>\n<p><strong>C\u00f4ng d\u1ee5ng:<\/strong><\/p>\n<p>&#8211; H\u1ed9p c\u00f3 k\u00edch th\u01b0\u1edbc r\u1ed9ng r\u00e3i, ph\u00f9 h\u1ee3p v\u1edbi nhu c\u1ea7u l\u01b0u tr\u1eef l\u01b0\u1ee3ng th\u1ef1c ph\u1ea9m l\u1edbn<\/p>\n<p><strong>C\u00e1ch b\u1ea3o qu\u1ea3n:<\/strong><\/p>\n<p>&#8211; Tr\u01b0\u1edbc khi tr\u1eef \u0111\u00f4ng, h\u00e3y \u0111\u1ea3m b\u1ea3o th\u1ef1c ph\u1ea9m \u0111ang \u1edf nhi\u1ec7t \u0111\u1ed9 ph\u00f2ng. Khi tr\u1eef th\u1ef1c ph\u1ea9m d\u1ea1ng l\u1ecfng trong h\u1ed9p Freezermate, ch\u1eafc ch\u1eafn h\u1ed9p \u0111ang \u0111\u1eb7t trong t\u01b0 th\u1ebf th\u1eb3ng \u0111\u1ee9ng \u0111\u1ec3 tr\u00e1nh r\u00f2 r\u1ec9 ch\u1ea5t l\u1ecfng<\/p>\n<p>&#8211; R\u1eeda s\u1ea1ch v\u00e0 \u0111\u1ec3 kh\u00f4 s\u1ea3n ph\u1ea9m tr\u01b0\u1edbc khi s\u1eed d\u1ee5ng l\u1ea7n \u0111\u1ea7u ti\u00ean<\/p>\n<p>&#8211; S\u1eed d\u1ee5ng an to\u00e0n trong m\u00e1y r\u1eeda ch\u00e9n d\u01b0\u1edbi 65 \u0366C<\/p>\n<p>&#8211; N\u1eafp v\u00e0 th\u00e2n ph\u1ea3i \u0111\u1eb7t r\u1eddi nhau tr\u01b0\u1edbc khi cho v\u00e0o m\u00e1y r\u1eeda ch\u00e9n<\/p>\n<p>&#8211; Kh\u00f4ng s\u1eed d\u1ee5ng trong l\u00f2 vi s\u00f3ng, m\u00e1y h\u1ea5p ti\u1ec7t tr\u00f9ng<\/p>\n<p>&#8211; Tr\u00e1nh \u0111\u1ef1ng th\u1ef1c ph\u1ea9m nhi\u1ec7t \u0111\u1ed9 cao h\u01a1n 80 \u0366 C<\/p>\n<p>&#8211; Kh\u00f4ng ti\u1ebfp x\u00fac ho\u1eb7c \u0111\u1ec3 g\u1ea7n ngu\u1ed3n nhi\u1ec7t \u0111\u1ec3 tr\u00e1nh n\u00f3ng ch\u1ea3y, bi\u1ebfn d\u1ea1ng<\/p>\n<p>&#8211; \u0110\u1eb7t n\u1eafp \u1edf ng\u0103n tr\u00ean c\u00f9ng c\u1ee7a m\u00e1y r\u1eeda ch\u00e9n, ph\u1ea7n th\u00e2n \u0111\u1eb7t xa c\u00e1c v\u1eadt s\u1eafc nh\u1ecdn \u0111\u1ec3 tr\u00e1nh bi\u1ebfn d\u1ea1ng s\u1ea3n ph\u1ea9m. N\u00ean tr\u00e1ng s\u01a1 h\u1ed9p v\u1edbi n\u01b0\u1edbc tr\u01b0\u1edbc khi cho v\u00e0o m\u00e1y r\u1eeda ch\u00e9n<\/p>\n<p>&#8211; Vi\u1ec7c s\u1eed d\u1ee5ng s\u1ea3n ph\u1ea9m \u0111\u1ec3 ch\u1ee9a \u0111\u1ef1ng th\u1ef1c ph\u1ea9m \u0111\u1eadm m\u00e0u nh\u01b0 b\u1ed9t \u1edbt, b\u1ed9t ngh\u1ec7&#8230; c\u00f3 th\u1ec3 \u1ea3nh h\u01b0\u1edfng \u0111\u1ebfn ngo\u1ea1i quan c\u1ee7a h\u1ed9p, nh\u01b0ng kh\u00f4ng \u1ea3nh h\u01b0\u1edfng \u0111\u1ebfn ch\u1ee9c n\u0103ng l\u01b0u tr\u1eef c\u1ee7a s\u1ea3n ph\u1ea9m<\/p>\n<\/div>\n","protected":false},"excerpt":{"rendered":"<p><strong>\u01afu \u0111i\u1ec3m v\u00e0 ti\u1ec7n \u00edch:<\/strong><\/p>\n<p>&#8211; Ch\u1ea5t li\u1ec7u d\u1ebbo linh ho\u1ea1t, kh\u00f3 n\u1ee9t v\u1ee1 trong qu\u00e1 tr\u00ecnh tr\u1eef \u0111\u00f4ng, gi\u00fap s\u1eed d\u1ee5ng b\u1ec1n b\u1ec9 trong th\u1eddi gian d\u00e0i<\/p>\n<p>&#8211; Nh\u1ef1a nguy\u00ean sinh, an to\u00e0n ti\u1ebfp x\u00fac th\u1ef1c ph\u1ea9m, c\u00f3 th\u1ec3 s\u1eed d\u1ee5ng trong c\u1ea3 ng\u0103n \u0111\u00f4ng v\u00e0 ng\u0103n m\u00e1t t\u1ee7 l\u1ea1nh<\/p>\n<p>&#8211; N\u1eafp k\u00edn kh\u00ed, b\u1ea3o v\u1ec7 th\u1ef1c ph\u1ea9m kh\u1ecfi kh\u00ed l\u1ea1nh t\u1ee7 \u0111\u00f4ng, gi\u00fap b\u1ec1 m\u1eb7t th\u1ef1c ph\u1ea9m kh\u00f4ng kh\u00f4, t\u01b0\u01a1i l\u00e2u h\u01a1n, v\u00e0 kh\u00f4ng tho\u00e1t m\u00f9i th\u1ef1c ph\u1ea9m ra ngo\u00e0i<\/p>\n<p>&#8211; H\u1ecda ti\u1ebft hoa tuy\u1ebft tr\u00ean h\u1ed9p gi\u00fap d\u1ec5 nh\u1eadn bi\u1ebft h\u1ed9p chuy\u00ean d\u1ee5ng b\u1ea3o qu\u1ea3n trong ng\u0103n \u0111\u00f4ng v\u00e0 ch\u1ed1ng tr\u01a1n tr\u01b0\u1ee3t khi c\u1ea7m n\u1eafm h\u1ed9p l\u00fac \u1ea9m \u01b0\u1edbt<\/p>\n<p>&#8211; \u0110\u01b0\u1eddng vi\u1ec1n &#8220;MAX&#8221; b\u00ean trong h\u1ed9p gi\u00fap nh\u1eadn bi\u1ebft gi\u1edbi h\u1ea1n m\u1ee9c tr\u1eef th\u1ef1c ph\u1ea9m t\u1ed1i \u0111a<\/p>\n<p>&#8211; G\u00f3c h\u1ed9p bo tr\u00f2n gi\u00fap kh\u00ed l\u1ea1nh ng\u0103n \u0111\u00f4ng l\u01b0u th\u00f4ng nhanh ch\u00f3ng, \u0111\u1ea9y nhanh qu\u00e1 tr\u00ecnh l\u00e0m \u0111\u00f4ng th\u1ef1c ph\u1ea9m<\/p>\n<p>&#8211; Thi\u1ebft k\u1ebf d\u1ea1ng m\u00f4 \u0111un gi\u00fap x\u1ebfp ch\u1ed3ng h\u1ed9p g\u1ecdn g\u00e0ng, ti\u1ebft ki\u1ec7m di\u1ec7n t\u00edch<\/p>\n<p><strong>C\u00f4ng d\u1ee5ng:<\/strong><\/p>\n","protected":false},"featured_media":5029,"comment_status":"open","ping_status":"closed","template":"","meta":[],"product_cat":[35],"product_tag":[120],"class_list":["post-5027","product","type-product","status-publish","has-post-thumbnail","hentry","product_cat-hop-tru-dong-trong-tu-lanh","product_tag-hop-tru-dong-5-7l"],"aioseo_notices":[],"_links":{"self":[{"href":"https:\/\/tiemtaphoa.xyz\/index.php\/wp-json\/wp\/v2\/product\/5027"}],"collection":[{"href":"https:\/\/tiemtaphoa.xyz\/index.php\/wp-json\/wp\/v2\/product"}],"about":[{"href":"https:\/\/tiemtaphoa.xyz\/index.php\/wp-json\/wp\/v2\/types\/product"}],"replies":[{"embeddable":true,"href":"https:\/\/tiemtaphoa.xyz\/index.php\/wp-json\/wp\/v2\/comments?post=5027"}],"wp:featuredmedia":[{"embeddable":true,"href":"https:\/\/tiemtaphoa.xyz\/index.php\/wp-json\/wp\/v2\/media\/5029"}],"wp:attachment":[{"href":"https:\/\/tiemtaphoa.xyz\/index.php\/wp-json\/wp\/v2\/media?parent=5027"}],"wp:term":[{"taxonomy":"product_cat","embeddable":true,"href":"https:\/\/tiemtaphoa.xyz\/index.php\/wp-json\/wp\/v2\/product_cat?post=5027"},{"taxonomy":"product_tag","embeddable":true,"href":"https:\/\/tiemtaphoa.xyz\/index.php\/wp-json\/wp\/v2\/product_tag?post=5027"}],"curies":[{"name":"wp","href":"https:\/\/api.w.org\/{rel}","templated":true}]}}