{"id":5030,"date":"2022-03-21T21:52:51","date_gmt":"2022-03-21T14:52:51","guid":{"rendered":"http:\/\/tupvietnam.com\/?post_type=product&#038;p=5030"},"modified":"2023-03-19T12:35:24","modified_gmt":"2023-03-19T05:35:24","slug":"bo-san-pham-tupperware-memberkit-tasty-set-gia-re","status":"publish","type":"product","link":"https:\/\/tiemtaphoa.xyz\/index.php\/product\/bo-san-pham-tupperware-memberkit-tasty-set-gia-re\/","title":{"rendered":"B\u1ed9 S\u1ea3n Ph\u1ea9m Tupperware Memberkit Tasty Set gi\u00e1 r\u1ebb"},"content":{"rendered":"<h2 class=\"desktop-only\" data-initialized=\"true\">B\u1ed8 S\u1ea2N PH\u1ea8M MEMBERKIT TASTY SET GEN II<\/h2>\n<div class=\"text short\">\n<p>Gi\u00e1: 470.000 VN\u0110\/ b\u1ed9<\/p>\n<p>B\u1ed9 s\u1ea3n ph\u1ea9m g\u1ed3m:<\/p>\n<p>&#8211; 1 B\u00ecnh N\u01b0\u1edbc Slim Line Gen II 2L\/ 11.8 x 11.8 x 29.5 cm<\/p>\n<p>&#8211; 1 H\u1ed9p BQTP Medium Square Round 1L\/ 12.8 x 12.8 x 9.7 cm<\/p>\n<p>Nhi\u1ec7t \u0111\u1ed9 an to\u00e0n: 0 ~ 80\u2070C<\/p>\n<p>&nbsp;<\/p>\n<p><strong>\u01afu \u0111i\u1ec3m v\u00e0 ti\u1ec7n \u00edch:<\/strong><\/p>\n<p>1. B\u00ecnh N\u01b0\u1edbc Slim Line Gen II 2L<\/p>\n<p>&#8211; C\u00f3 thang \u0111o dung t\u00edch gi\u00fap d\u1ec5 d\u00e0ng \u0111\u1ecbnh l\u01b0\u1ee3ng<\/p>\n<p>&#8211; Ph\u00f9 h\u1ee3p \u0111\u1ec3 \u0111\u1eb7t v\u00e0o c\u00e1nh c\u1eeda t\u1ee7 l\u1ea1nh<\/p>\n<p>&#8211; Thi\u1ebft k\u1ebf n\u1eafp b\u1eadt c\u1ea3i ti\u1ebfn: ch\u1ed1ng r\u1ec9, ch\u1ed1ng tr\u00e0n, h\u1ea1n ch\u1ebf v\u0103ng b\u1eafn n\u01b0\u1edbc<\/p>\n<p>&#8211; N\u1eafp b\u1ea3o v\u1ec7 mi\u1ec7ng r\u00f3t c\u00f3 th\u1ec3 gi\u1eef y\u00ean v\u1ecb tr\u00ed khi \u0111\u01b0\u1ee3c m\u1edf<\/p>\n<p>&#8211; N\u1eafp l\u1edbn d\u1ec5 \u0111\u00f3ng m\u1edf gi\u00fap v\u1ec7 sinh ti\u1ec7n l\u1ee3i<\/p>\n<p>2. H\u1ed9p BQTP Medium Square Round 1L<\/p>\n<p>&#8211; C\u1ea5u t\u1ea1o n\u1eafp h\u1ed9p b\u1ea3o qu\u1ea3n th\u1ef1c ph\u1ea9m k\u00edn kh\u00ed, h\u1ea1n ch\u1ebf tho\u00e1t m\u00f9i th\u1ef1c ph\u1ea9m ra ngo\u00e0i<\/p>\n<p>&#8211; Ch\u1ea5t li\u1ec7u n\u1eafp d\u1ebbo, gi\u00fap \u0111\u00f3ng m\u1edf d\u1ec5 d\u00e0ng<\/p>\n<p>&#8211; Thi\u1ebft k\u1ebf th\u00f4ng minh c\u00f3 th\u1ec3 x\u1ebfp ch\u1ed3ng, gi\u00fap ti\u1ebft ki\u1ec7m kh\u00f4ng gian l\u01b0u tr\u1eef<\/p>\n<p>&#8211; Ch\u1ea5t li\u1ec7u nh\u1ef1a c\u00f3 b\u1ec1 m\u1eb7t nh\u00e1m tay gi\u00fap c\u1ea7m ch\u1eafc tay h\u01a1n<\/p>\n<p>&nbsp;<\/p>\n<p><strong>C\u00f4ng d\u1ee5ng:\u00a0<\/strong><\/p>\n<p>&#8211; B\u00ecnh N\u01b0\u1edbc Slim Line Gen II 2L ph\u00f9 h\u1ee3p \u0111\u1ef1ng c\u00e1c lo\u1ea1i n\u01b0\u1edbc tr\u00e0, n\u01b0\u1edbc tr\u00e1i c\u00e2y, n\u01b0\u1edbc ng\u00e2m detox\u2026<\/p>\n<p>&#8211; H\u1ed9p BQTP Medium Square Round 1L ph\u00f9 h\u1ee3p \u0111\u1ef1ng c\u00e1c lo\u1ea1i b\u00e1nh, tr\u00e1i c\u00e2y, h\u1ea1t, ng\u0169 c\u1ed1c, \u0111\u1ed3 \u0103n v\u1eb7t\u2026<\/p>\n<p>&nbsp;<\/p>\n<p><strong>C\u00e1ch s\u1eed d\u1ee5ng v\u00e0 b\u1ea3o qu\u1ea3n:<\/strong><\/p>\n<p>&#8211; R\u1eeda s\u1ea1ch v\u00e0 lau kh\u00f4 trong l\u1ea7n \u0111\u1ea7u ti\u00ean s\u1eed d\u1ee5ng<\/p>\n<p>&#8211; D\u00f9ng an to\u00e0n trong m\u00e1y r\u1eeda ch\u00e9n (d\u01b0\u1edbi 65\u00b0C)<\/p>\n<p>&#8211; Kh\u00f4ng \u0111\u1ef1ng n\u01b0\u1edbc\/th\u1ef1c ph\u1ea9m c\u00f3 nhi\u1ec7t \u0111\u1ed9 cao h\u01a1n 80\u00b0C<\/p>\n<p>&#8211; Kh\u00f4ng ti\u1ebfp x\u00fac ho\u1eb7c \u0111\u1ec3 g\u1ea7n ngu\u1ed3n nhi\u1ec7t \u0111\u1ebf tr\u00e1nh n\u00f3ng ch\u1ea3y, bi\u1ebfn d\u1ea1ng<\/p>\n<p>&#8211; Kh\u00f4ng s\u1eed d\u1ee5ng trong l\u00f2 vi s\u00f3ng, m\u00e1y h\u1ea5p ti\u1ec7t tr\u00f9ng ho\u1eb7c \u0111\u1eb7t s\u1ea3n ph\u1ea9m trong ng\u0103n \u0111\u00f4ng t\u1ee7 l\u1ea1nh<\/p>\n<p>&#8211; Kh\u00f4ng ch\u00f9i r\u1eeda b\u1eb1ng v\u1eadt d\u1ee5ng s\u1eafc nh\u1ecdn<\/p>\n<p>&#8211; Tr\u00e1nh \u0111\u1ef1ng c\u00e1c th\u1ee9c u\u1ed1ng c\u00f3 gas v\u00ec s\u1ef1 gi\u00e3n n\u1edf c\u1ee7a kh\u00ed s\u1ebd l\u00e0m n\u1eafp b\u1eadt l\u00ean, khi\u1ebfn \u0111\u1ed3 u\u1ed1ng tr\u00e0n ra ngo\u00e0i<\/p>\n<p>&#8211; B\u1ea3o qu\u1ea3n th\u00e2n v\u00e0 n\u1eafp t\u00e1ch r\u1eddi khi kh\u00f4ng s\u1eed d\u1ee5ng \u0111\u1ec3 tr\u00e1nh h\u00ecnh th\u00e0nh m\u00f9i kh\u00f3 ch\u1ecbu<\/p>\n<\/div>\n","protected":false},"excerpt":{"rendered":"<p><strong>\u01afu \u0111i\u1ec3m v\u00e0 ti\u1ec7n \u00edch:<\/strong><\/p>\n<p>1. B\u00ecnh N\u01b0\u1edbc Slim Line Gen II 2L<\/p>\n<p>&#8211; C\u00f3 thang \u0111o dung t\u00edch gi\u00fap d\u1ec5 d\u00e0ng \u0111\u1ecbnh l\u01b0\u1ee3ng<\/p>\n<p>&#8211; Ph\u00f9 h\u1ee3p \u0111\u1ec3 \u0111\u1eb7t v\u00e0o c\u00e1nh c\u1eeda t\u1ee7 l\u1ea1nh<\/p>\n<p>&#8211; Thi\u1ebft k\u1ebf n\u1eafp b\u1eadt c\u1ea3i ti\u1ebfn: ch\u1ed1ng r\u1ec9, ch\u1ed1ng tr\u00e0n, h\u1ea1n ch\u1ebf v\u0103ng b\u1eafn n\u01b0\u1edbc<\/p>\n<p>&#8211; N\u1eafp b\u1ea3o v\u1ec7 mi\u1ec7ng r\u00f3t c\u00f3 th\u1ec3 gi\u1eef y\u00ean v\u1ecb tr\u00ed khi \u0111\u01b0\u1ee3c m\u1edf<\/p>\n<p>&#8211; N\u1eafp l\u1edbn d\u1ec5 \u0111\u00f3ng m\u1edf gi\u00fap v\u1ec7 sinh ti\u1ec7n l\u1ee3i<\/p>\n<p>2. H\u1ed9p BQTP Medium Square Round 1L<\/p>\n<p>&#8211; C\u1ea5u t\u1ea1o n\u1eafp h\u1ed9p b\u1ea3o qu\u1ea3n th\u1ef1c ph\u1ea9m k\u00edn kh\u00ed, h\u1ea1n ch\u1ebf tho\u00e1t m\u00f9i th\u1ef1c ph\u1ea9m ra ngo\u00e0i<\/p>\n<p>&#8211; Ch\u1ea5t li\u1ec7u n\u1eafp d\u1ebbo, gi\u00fap \u0111\u00f3ng m\u1edf d\u1ec5 d\u00e0ng<\/p>\n<p>&#8211; Thi\u1ebft k\u1ebf th\u00f4ng minh c\u00f3 th\u1ec3 x\u1ebfp ch\u1ed3ng, gi\u00fap ti\u1ebft ki\u1ec7m kh\u00f4ng gian l\u01b0u tr\u1eef<\/p>\n<p>&#8211; Ch\u1ea5t li\u1ec7u nh\u1ef1a c\u00f3 b\u1ec1 m\u1eb7t nh\u00e1m tay gi\u00fap c\u1ea7m ch\u1eafc tay h\u01a1n<\/p>\n<p>&nbsp;<\/p>\n","protected":false},"featured_media":5031,"comment_status":"open","ping_status":"closed","template":"","meta":[],"product_cat":[36,85,86],"product_tag":[121,122],"class_list":["post-5030","product","type-product","status-publish","has-post-thumbnail","hentry","product_cat-hop-bao-quan-thuc-pham-da-nang","product_cat-binh-nuoc-cac-loai","product_cat-cac-san-pham-khac","product_tag-binh-nuoc-slim-line-gen-ii-2l","product_tag-hop-bqtp-medium-square-round-1l"],"aioseo_notices":[],"_links":{"self":[{"href":"https:\/\/tiemtaphoa.xyz\/index.php\/wp-json\/wp\/v2\/product\/5030"}],"collection":[{"href":"https:\/\/tiemtaphoa.xyz\/index.php\/wp-json\/wp\/v2\/product"}],"about":[{"href":"https:\/\/tiemtaphoa.xyz\/index.php\/wp-json\/wp\/v2\/types\/product"}],"replies":[{"embeddable":true,"href":"https:\/\/tiemtaphoa.xyz\/index.php\/wp-json\/wp\/v2\/comments?post=5030"}],"wp:featuredmedia":[{"embeddable":true,"href":"https:\/\/tiemtaphoa.xyz\/index.php\/wp-json\/wp\/v2\/media\/5031"}],"wp:attachment":[{"href":"https:\/\/tiemtaphoa.xyz\/index.php\/wp-json\/wp\/v2\/media?parent=5030"}],"wp:term":[{"taxonomy":"product_cat","embeddable":true,"href":"https:\/\/tiemtaphoa.xyz\/index.php\/wp-json\/wp\/v2\/product_cat?post=5030"},{"taxonomy":"product_tag","embeddable":true,"href":"https:\/\/tiemtaphoa.xyz\/index.php\/wp-json\/wp\/v2\/product_tag?post=5030"}],"curies":[{"name":"wp","href":"https:\/\/api.w.org\/{rel}","templated":true}]}}