{"id":5034,"date":"2022-03-21T22:10:25","date_gmt":"2022-03-21T15:10:25","guid":{"rendered":"http:\/\/tupvietnam.com\/?post_type=product&#038;p=5034"},"modified":"2023-06-06T20:11:37","modified_gmt":"2023-06-06T13:11:37","slug":"bo-hop-bao-quan-ngam-tupperware-kimchi-keeper","status":"publish","type":"product","link":"https:\/\/tiemtaphoa.xyz\/index.php\/product\/bo-hop-bao-quan-ngam-tupperware-kimchi-keeper\/","title":{"rendered":"B\u1ed9 h\u1ed9p b\u1ea3o qu\u1ea3n ng\u00e2m Tupperware Kimchi Keeper"},"content":{"rendered":"<h2 class=\"desktop-only\" data-initialized=\"true\">B\u1ed9 h\u1ed9p b\u1ea3o qu\u1ea3n th\u1ef1c ph\u1ea9m ng\u00e2m (2)<\/h2>\n<div class=\"text short\">\n<p><strong>B\u1ed9 s\u1ea3n ph\u1ea9m g\u1ed3m:\u00a0<\/strong><\/p>\n<p>&#8211; H\u1ed9p b\u1ea3o qu\u1ea3n th\u1ef1c ph\u1ea9m ng\u00e2m 5.5L (29.9 x 23.2 x 10.8 cm): gi\u00e1 765.000 VN\u0110\/ c\u00e1i<\/p>\n<p>&#8211; H\u1ed9p b\u1ea3o qu\u1ea3n th\u1ef1c ph\u1ea9m ng\u00e2m 6.9L (33.6 x 25.4 x 10.6 cm): gi\u00e1 855.000 VN\u0110\/ c\u00e1i<\/p>\n<p><strong>\u01afu \u0111i\u1ec3m v\u00e0 ti\u1ec7n \u00edch:<\/strong><\/p>\n<p>&#8211; Ch\u1ea5t li\u1ec7u nh\u1ef1a nguy\u00ean sinh, an to\u00e0n ti\u1ebfp x\u00fac v\u1edbi th\u1ef1c ph\u1ea9m<\/p>\n<p>&#8211; N\u1eafp k\u00edn kh\u00ed, gi\u00fap b\u1ec1 m\u1eb7t th\u1ef1c ph\u1ea9m kh\u00f4ng kh\u00f4, t\u01b0\u01a1i l\u00e2u h\u01a1n, v\u00e0 kh\u00f4ng tho\u00e1t m\u00f9i th\u1ef1c ph\u1ea9m ra ngo\u00e0i<\/p>\n<p>&#8211; H\u1ed9p c\u00f3 n\u1eafp d\u1ebbo, gi\u00fap d\u1ec5 d\u00e0ng \u0111\u00f3ng &#8211; m\u1edf<\/p>\n<p>&#8211; Thi\u1ebft k\u1ebf tay c\u1ea7m 2 b\u00ean gi\u00fap vi\u1ec7c c\u1ea7m n\u1eafm d\u1ec5 d\u00e0ng khi di chuy\u1ec3n<\/p>\n<p>&#8211; Thi\u1ebft k\u1ebf h\u1ed9p c\u00f3 th\u1ec3 x\u1ebfp ch\u1ed3ng l\u00ean nhau, ti\u1ebft ki\u1ec7m kh\u00f4ng gian, gi\u00fap t\u1ee7 l\u1ea1nh g\u1ecdn g\u00e0ng v\u00e0 s\u1ea1ch s\u1ebd<\/p>\n<p><strong>C\u00e1ch b\u1ea3o qu\u1ea3n:<\/strong><\/p>\n<p>&#8211; Kh\u00f4ng \u0111\u1ef1ng th\u1ef1c ph\u1ea9m c\u00f3 nhi\u1ec7t \u0111\u1ed9 cao h\u01a1n 80 \u0366C<\/p>\n<p>&#8211; D\u00f9ng an to\u00e0n trong m\u00e1y r\u1eeda ch\u00e9n (d\u01b0\u1edbi 65 \u0366C)<\/p>\n<p>&#8211; Kh\u00f4ng ti\u1ebfp x\u00fac ho\u1eb7c \u0111\u1ec3 g\u1ea7n ngu\u1ed3n nhi\u1ec7t \u0111\u1ec3 tr\u00e1nh n\u00f3ng ch\u1ea3y, bi\u1ebfn d\u1ea1ng<\/p>\n<p>&#8211; Kh\u00f4ng s\u1eed d\u1ee5ng trong l\u00f2 vi s\u00f3ng, m\u00e1y h\u1ea5p ti\u1ec7t tr\u00f9ng ho\u1eb7c \u0111\u1eb7t s\u1ea3n ph\u1ea9m trong ng\u0103n \u0111\u00f4ng t\u1ee7 l\u1ea1nh<\/p>\n<p>&#8211; Kh\u00f4ng ch\u00f9i r\u1eeda b\u1eb1ng d\u1ee5ng c\u1ee5 s\u1eafc nh\u1ecdn<\/p>\n<p>&#8211; B\u1ea3o qu\u1ea3n n\u01a1i kh\u00f4 tho\u00e1ng<\/p>\n<p>&#8211; Sau khi v\u1ec7 sinh n\u00ean b\u1ea3o qu\u1ea3n t\u00e1ch r\u1eddi th\u00e2n, n\u1eafp \u0111\u1ec3 tr\u00e1nh h\u00ecnh th\u00e0nh m\u00f9i kh\u00f3 ch\u1ecbu<\/p>\n<\/div>\n","protected":false},"excerpt":{"rendered":"<p>&#8211; H\u1ed9p b\u1ea3o qu\u1ea3n th\u1ef1c ph\u1ea9m ng\u00e2m 6.9L (33.6 x 25.4 x 10.6 cm): gi\u00e1 855.000 VN\u0110\/ c\u00e1i<\/p>\n<p><strong>\u01afu \u0111i\u1ec3m v\u00e0 ti\u1ec7n \u00edch:<\/strong><\/p>\n<p>&#8211; Ch\u1ea5t li\u1ec7u nh\u1ef1a nguy\u00ean sinh, an to\u00e0n ti\u1ebfp x\u00fac v\u1edbi th\u1ef1c ph\u1ea9m<\/p>\n<p>&#8211; N\u1eafp k\u00edn kh\u00ed, gi\u00fap b\u1ec1 m\u1eb7t th\u1ef1c ph\u1ea9m kh\u00f4ng kh\u00f4, t\u01b0\u01a1i l\u00e2u h\u01a1n, v\u00e0 kh\u00f4ng tho\u00e1t m\u00f9i th\u1ef1c ph\u1ea9m ra ngo\u00e0i<\/p>\n<p>&#8211; H\u1ed9p c\u00f3 n\u1eafp d\u1ebbo, gi\u00fap d\u1ec5 d\u00e0ng \u0111\u00f3ng &#8211; m\u1edf<\/p>\n<p>&#8211; Thi\u1ebft k\u1ebf tay c\u1ea7m 2 b\u00ean gi\u00fap vi\u1ec7c c\u1ea7m n\u1eafm d\u1ec5 d\u00e0ng khi di chuy\u1ec3n<\/p>\n<p>&#8211; Thi\u1ebft k\u1ebf h\u1ed9p c\u00f3 th\u1ec3 x\u1ebfp ch\u1ed3ng l\u00ean nhau, ti\u1ebft ki\u1ec7m kh\u00f4ng gian, gi\u00fap t\u1ee7 l\u1ea1nh g\u1ecdn g\u00e0ng v\u00e0 s\u1ea1ch s\u1ebd<\/p>\n","protected":false},"featured_media":5036,"comment_status":"open","ping_status":"closed","template":"","meta":[],"product_cat":[36,86],"product_tag":[123],"class_list":["post-5034","product","type-product","status-publish","has-post-thumbnail","hentry","product_cat-hop-bao-quan-thuc-pham-da-nang","product_cat-cac-san-pham-khac","product_tag-hop-ngam-kimchi-keeper"],"aioseo_notices":[],"_links":{"self":[{"href":"https:\/\/tiemtaphoa.xyz\/index.php\/wp-json\/wp\/v2\/product\/5034"}],"collection":[{"href":"https:\/\/tiemtaphoa.xyz\/index.php\/wp-json\/wp\/v2\/product"}],"about":[{"href":"https:\/\/tiemtaphoa.xyz\/index.php\/wp-json\/wp\/v2\/types\/product"}],"replies":[{"embeddable":true,"href":"https:\/\/tiemtaphoa.xyz\/index.php\/wp-json\/wp\/v2\/comments?post=5034"}],"wp:featuredmedia":[{"embeddable":true,"href":"https:\/\/tiemtaphoa.xyz\/index.php\/wp-json\/wp\/v2\/media\/5036"}],"wp:attachment":[{"href":"https:\/\/tiemtaphoa.xyz\/index.php\/wp-json\/wp\/v2\/media?parent=5034"}],"wp:term":[{"taxonomy":"product_cat","embeddable":true,"href":"https:\/\/tiemtaphoa.xyz\/index.php\/wp-json\/wp\/v2\/product_cat?post=5034"},{"taxonomy":"product_tag","embeddable":true,"href":"https:\/\/tiemtaphoa.xyz\/index.php\/wp-json\/wp\/v2\/product_tag?post=5034"}],"curies":[{"name":"wp","href":"https:\/\/api.w.org\/{rel}","templated":true}]}}