{"id":5109,"date":"2022-03-31T21:26:22","date_gmt":"2022-03-31T14:26:22","guid":{"rendered":"http:\/\/tupvietnam.com\/?post_type=product&#038;p=5109"},"modified":"2023-03-12T19:38:22","modified_gmt":"2023-03-12T12:38:22","slug":"dung-cu-quay-rau-spinning-chef","status":"publish","type":"product","link":"https:\/\/tiemtaphoa.xyz\/index.php\/product\/dung-cu-quay-rau-spinning-chef\/","title":{"rendered":"D\u1ee5ng c\u1ee5 quay rau Spinning Chef"},"content":{"rendered":"<h2 class=\"desktop-only\" data-initialized=\"true\">D\u1ee5ng c\u1ee5 quay rau Spinning Chef<\/h2>\n<div class=\"text short\">\n<p><strong>Gi\u00e1 b\u00e1n: 1.080.000 \u0111\u1ed3ng\/ c\u00e1i<\/strong><\/p>\n<p><strong>Dung t\u00edch:\u00a0<\/strong>3.9L<strong>\u00a0<\/strong><\/p>\n<p><strong>K\u00edch th\u01b0\u1edbc:<\/strong>\u00a023.1 x 18cm<\/p>\n<p><strong>\u01afu \u0111i\u1ec3m &amp; Ti\u1ec7n \u00edch:<\/strong><\/p>\n<p>&#8211; An to\u00e0n ti\u1ebfp x\u00fac th\u1ef1c ph\u1ea9m v\u00e0 s\u1eed d\u1ee5ng \u0111\u01b0\u1ee3c trong ng\u0103n m\u00e1t t\u1ee7 l\u1ea1nh<\/p>\n<p>&#8211; D\u1ec5 d\u00e0ng s\u1eed d\u1ee5ng \u0111\u1ec3 quay kh\u00f4 th\u1ee9c \u0103n ch\u1ec9 b\u1eb1ng 1 thao t\u00e1c quay v\u1edbi n\u1eafm tay quay<\/p>\n<p>&#8211; V\u00f2ng silicone ch\u1ed1ng tr\u01b0\u1ee3t d\u01b0\u1edbi \u0111\u00e1y gi\u00fap s\u1ea3n ph\u1ea9m \u0111\u1ee9ng v\u1eefng tr\u00ean m\u1eb7t b\u00e0n khi \u0111ang th\u1ef1c hi\u1ec7n thao t\u00e1c quay<\/p>\n<p>C\u00f4ng d\u1ee5ng:<\/p>\n<p>&#8211; D\u1ee5ng c\u1ee5 quay Spinning Chef gi\u00fap l\u00e0m r\u00e1o n\u01b0\u1edbc c\u00e1c lo\u1ea1i rau c\u1ee7 qu\u1ea3 v\u00e0 c\u00e1c lo\u1ea1i th\u1ecbt, c\u00e1,\u2026sau khi r\u1eeda m\u00e0 kh\u00f4ng l\u00e0m d\u1eadp\/ n\u00e1t th\u1ef1c ph\u1ea9m<\/p>\n<p>&#8211; Ph\u1ea7n th\u00e2n c\u1ee7a d\u1ee5ng c\u1ee5 c\u00f3 th\u1ec3 \u0111\u01b0\u1ee3c s\u1eed d\u1ee5ng nh\u01b0 th\u1ed1 tr\u1ed9n salad\/th\u1ef1c ph\u1ea9m ho\u1eb7c \u0111\u1ec3 l\u01b0u tr\u1eef th\u1ef1c ph\u1ea9m trong ng\u0103n m\u00e1t t\u1ee7 l\u1ea1nh<\/p>\n<p><strong>C\u00e1ch s\u1eed d\u1ee5ng:<\/strong><\/p>\n<p>&#8211; R\u1eeda s\u1ea1ch v\u00e0 lau kh\u00f4 s\u1ea3n ph\u1ea9m tr\u01b0\u1edbc khi s\u1eed d\u1ee5ng l\u1ea7n \u0111\u1ea7u<\/p>\n<p>&#8211; S\u1eed d\u1ee5ng ri\u00eang ph\u1ea7n th\u00e2n c\u1ee7a d\u1ee5ng c\u1ee5 \u0111\u1ec3 \u0111\u1ef1ng n\u01b0\u1edbc v\u00e0 r\u1eeda th\u1ef1c ph\u1ea9m<\/p>\n<p>&#8211; Sau khi r\u1eeda th\u1ef1c ph\u1ea9m xong, chuy\u1ec3n ph\u1ea7n th\u1ef1c ph\u1ea9m \u0111\u00e3 r\u1eeda v\u00e0o trong r\u1ed5 c\u1ee7a s\u1ea3n ph\u1ea9m<\/p>\n<p>B\u00ed quy\u1ebft v\u00e0 ch\u0103m s\u00f3c:<\/p>\n<p>&#8211; Kh\u00f4ng \u0111\u1ec3 th\u1ef1c ph\u1ea9m qu\u00e1 \u0111\u1ea7y v\u00ec s\u1ebd kh\u00f3 l\u00e0m r\u00e1o h\u1ebft n\u01b0\u1edbc \u0111\u1ecdng trong th\u1ef1c ph\u1ea9m<\/p>\n<p>&#8211; Nhi\u1ec7t \u0111\u1ed9 an to\u00e0n s\u1eed d\u1ee5ng: 0 \u0111\u1ed9 &#8211; 80 \u0111\u1ed9 C<\/p>\n<p>&#8211; S\u1eed d\u1ee5ng an to\u00e0n trong m\u00e1y r\u1eeda ch\u00e9n d\u01b0\u1edbi 65 \u0111\u1ed9 C<\/p>\n<\/div>\n","protected":false},"excerpt":{"rendered":"<p><strong>Dung t\u00edch:\u00a0<\/strong>3.9L<strong>\u00a0<\/strong><\/p>\n<p><strong>K\u00edch th\u01b0\u1edbc:<\/strong>\u00a023.1 x 18cm<\/p>\n<p><strong>\u01afu \u0111i\u1ec3m &amp; Ti\u1ec7n \u00edch:<\/strong><\/p>\n<p>&#8211; An to\u00e0n ti\u1ebfp x\u00fac th\u1ef1c ph\u1ea9m v\u00e0 s\u1eed d\u1ee5ng \u0111\u01b0\u1ee3c trong ng\u0103n m\u00e1t t\u1ee7 l\u1ea1nh<\/p>\n<p>&#8211; D\u1ec5 d\u00e0ng s\u1eed d\u1ee5ng \u0111\u1ec3 quay kh\u00f4 th\u1ee9c \u0103n ch\u1ec9 b\u1eb1ng 1 thao t\u00e1c quay v\u1edbi n\u1eafm tay quay<\/p>\n<p>&#8211; V\u00f2ng silicone ch\u1ed1ng tr\u01b0\u1ee3t d\u01b0\u1edbi \u0111\u00e1y gi\u00fap s\u1ea3n ph\u1ea9m \u0111\u1ee9ng v\u1eefng tr\u00ean m\u1eb7t b\u00e0n khi \u0111ang th\u1ef1c hi\u1ec7n thao t\u00e1c quay<\/p>\n<p>C\u00f4ng d\u1ee5ng:<\/p>\n<p>&#8211; D\u1ee5ng c\u1ee5 quay Spinning Chef gi\u00fap l\u00e0m r\u00e1o n\u01b0\u1edbc c\u00e1c lo\u1ea1i rau c\u1ee7 qu\u1ea3 v\u00e0 c\u00e1c lo\u1ea1i th\u1ecbt, c\u00e1,\u2026sau khi r\u1eeda m\u00e0 kh\u00f4ng l\u00e0m d\u1eadp\/ n\u00e1t th\u1ef1c ph\u1ea9m<\/p>\n<p>&#8211; Ph\u1ea7n th\u00e2n c\u1ee7a d\u1ee5ng c\u1ee5 c\u00f3 th\u1ec3 \u0111\u01b0\u1ee3c s\u1eed d\u1ee5ng nh\u01b0 th\u1ed1 tr\u1ed9n salad\/th\u1ef1c ph\u1ea9m ho\u1eb7c \u0111\u1ec3 l\u01b0u tr\u1eef th\u1ef1c ph\u1ea9m trong ng\u0103n m\u00e1t t\u1ee7 l\u1ea1nh<\/p>\n","protected":false},"featured_media":5111,"comment_status":"open","ping_status":"closed","template":"","meta":[],"product_cat":[36,86],"product_tag":[],"class_list":["post-5109","product","type-product","status-publish","has-post-thumbnail","hentry","product_cat-hop-bao-quan-thuc-pham-da-nang","product_cat-cac-san-pham-khac"],"aioseo_notices":[],"_links":{"self":[{"href":"https:\/\/tiemtaphoa.xyz\/index.php\/wp-json\/wp\/v2\/product\/5109"}],"collection":[{"href":"https:\/\/tiemtaphoa.xyz\/index.php\/wp-json\/wp\/v2\/product"}],"about":[{"href":"https:\/\/tiemtaphoa.xyz\/index.php\/wp-json\/wp\/v2\/types\/product"}],"replies":[{"embeddable":true,"href":"https:\/\/tiemtaphoa.xyz\/index.php\/wp-json\/wp\/v2\/comments?post=5109"}],"wp:featuredmedia":[{"embeddable":true,"href":"https:\/\/tiemtaphoa.xyz\/index.php\/wp-json\/wp\/v2\/media\/5111"}],"wp:attachment":[{"href":"https:\/\/tiemtaphoa.xyz\/index.php\/wp-json\/wp\/v2\/media?parent=5109"}],"wp:term":[{"taxonomy":"product_cat","embeddable":true,"href":"https:\/\/tiemtaphoa.xyz\/index.php\/wp-json\/wp\/v2\/product_cat?post=5109"},{"taxonomy":"product_tag","embeddable":true,"href":"https:\/\/tiemtaphoa.xyz\/index.php\/wp-json\/wp\/v2\/product_tag?post=5109"}],"curies":[{"name":"wp","href":"https:\/\/api.w.org\/{rel}","templated":true}]}}