{"id":5114,"date":"2022-03-31T21:52:07","date_gmt":"2022-03-31T14:52:07","guid":{"rendered":"http:\/\/tupvietnam.com\/?post_type=product&#038;p=5114"},"modified":"2023-03-15T06:54:24","modified_gmt":"2023-03-14T23:54:24","slug":"thung-gao-rice-smart-junior-5kg","status":"publish","type":"product","link":"https:\/\/tiemtaphoa.xyz\/index.php\/product\/thung-gao-rice-smart-junior-5kg\/","title":{"rendered":"Th\u00f9ng g\u1ea1o Rice Smart Junior 5kg"},"content":{"rendered":"<h2 class=\"desktop-only\" data-initialized=\"true\"><span style=\"color: #333333; font-size: 16px;\">Dung t\u00edch: 5kg<\/span><\/h2>\n<div class=\"text short\">\n<p>K\u00edch th\u01b0\u1edbc: 29.4 x 19.5 x 22.8cm<br \/>\nNhi\u1ec7t \u0111\u1ed9 an to\u00e0n: 0 ~ 80\u2070C<\/p>\n<p>&nbsp;<\/p>\n<p><strong>\u01afu \u0111i\u1ec3m v\u00e0 ti\u1ec7n \u00edch:<\/strong><br \/>\n&#8211; Ch\u1ea5t li\u1ec7u nh\u1ef1a nguy\u00ean sinh, an to\u00e0n ti\u1ebfp x\u00fac v\u1edbi th\u1ef1c ph\u1ea9m<br \/>\n&#8211; Thi\u1ebft k\u1ebf g\u1ecdn nh\u1eb9, ph\u00f9 h\u1ee3p v\u1edbi m\u1ecdi gian b\u1ebfp v\u00e0 ti\u1ebft ki\u1ec7m kh\u00f4ng gian l\u01b0u tr\u1eef<br \/>\n&#8211; Khay l\u1ea5y g\u1ea1o \u0111\u01b0\u1ee3c thi\u1ebft k\u1ebf tinh t\u1ebf gi\u00fap d\u1ec5 d\u00e0ng l\u1ea5y g\u1ea1o b\u1eb1ng m\u1ed9t tay. Nguy\u00ean l\u00fd l\u1ea5y g\u1ea1o tu\u1ea7n ho\u00e0n \u201cV\u00e0o tr\u01b0\u1edbc \u2013 Ra tr\u01b0\u1edbc\u201d (First in \u2013 First out), gi\u00fap g\u1ea1o trong th\u00f9ng lu\u00f4n t\u01b0\u01a1i m\u1edbi<br \/>\n&#8211; N\u1eafp h\u1ed9p c\u00f3 g\u1edd m\u1edf thu\u1eadn ti\u1ec7n trong vi\u1ec7c \u0111\u00f3ng, m\u1edf h\u1ed9p<br \/>\n&#8211; Thi\u1ebft k\u1ebf c\u1eeda s\u1ed5 m\u1eb7t tr\u01b0\u1edbc nh\u1ef1a trong, gi\u00fap d\u1ec5 d\u00e0ng nh\u00ecn th\u1ea5y m\u1ee9c g\u1ea1o \u0111\u01b0\u1ee3c ch\u1ee9a b\u00ean trong.<br \/>\n&#8211; Thi\u1ebft k\u1ebf l\u00f5m hai b\u00ean h\u00f4ng c\u1ee7a th\u00f9ng g\u1ea1o gi\u00fap an to\u00e0n c\u1ea7m n\u1eafm b\u1eb1ng hai tay khi th\u00f9ng g\u1ea1o ch\u1ee9a \u0111\u1ea7y<\/p>\n<p><strong>C\u00f4ng d\u1ee5ng:<\/strong><br \/>\n&#8211; V\u1edbi dung t\u00edch nh\u1ecf g\u1ecdn 5kg, s\u1ea3n ph\u1ea9m th\u00f9ng g\u1ea1o Rice Smart Junior ph\u00f9 h\u1ee3p v\u1edbi vi\u1ec7c b\u1ea3o qu\u1ea3n c\u00e1c lo\u1ea1i th\u1ef1c ph\u1ea9m nh\u01b0 g\u1ea1o, n\u1ebfp, g\u1ea1o l\u1ee9t, h\u1ea1t dinh d\u01b0\u1ee1ng,\u2026<\/p>\n<p><strong>H\u01b0\u1edbng d\u1eabn c\u00e1ch th\u00e1o:<\/strong><br \/>\n&#8211; B\u01b0\u1edbc 1: M\u1edf n\u1eafp th\u00f9ng g\u1ea1o<br \/>\n&#8211; B\u01b0\u1edbc 2: L\u1eafp khay \u0111\u1ef1ng g\u1ea1o ra kh\u1ecfi ph\u1ea7n \u0111\u00e1y<br \/>\n&#8211; B\u01b0\u1edbc 3: L\u1ea5y ph\u1ea7n th\u00e2n ra kh\u1ecfi \u0111\u00e1y<br \/>\n&#8211; B\u01b0\u1edbc 4: L\u1ea5y mi\u1ebfng nh\u1ef1a tr\u1eafng ra kh\u1ecfi ph\u1ea7n th\u00e2n<br \/>\n&#8211; B\u01b0\u1edbc 5: L\u1ea5y thanh tr\u01b0\u1ee3t ra kh\u1ecfi ph\u1ea7n \u0111\u00e1y<\/p>\n<p><strong>H\u01b0\u1edbng d\u1eabn c\u00e1ch l\u1eafp:<\/strong><br \/>\n&#8211; B\u01b0\u1edbc 1: L\u1eafp thanh tr\u01b0\u1ee3t v\u00e0o ph\u1ea7n \u0111\u00e1y<br \/>\n&#8211; B\u01b0\u1edbc 2: L\u1eafp khay \u0111\u1ef1ng g\u1ea1o v\u00e0o khe \u1edf ph\u1ea7n \u0111\u00e1y<br \/>\n&#8211; B\u01b0\u1edbc 3: L\u1eafp mi\u1ebfng nh\u1ef1a tr\u1eafng v\u00e0o th\u00e2n<br \/>\n&#8211; B\u01b0\u1edbc 4: L\u1eafp ph\u1ea7n th\u00e2n v\u00e0o \u0111\u00e1y<br \/>\n&#8211; B\u01b0\u1edbc 5: Cho g\u1ea1o v\u00e0o<br \/>\n&#8211; B\u01b0\u1edbc 6: \u0110\u1eady n\u1eafp th\u00f9ng g\u1ea1o<\/p>\n<p><strong>C\u00e1ch b\u1ea3o qu\u1ea3n:<\/strong><br \/>\n&#8211; R\u1eeda s\u1ea1ch v\u00e0 \u0111\u1ec3 kh\u00f4 th\u00f9ng g\u1ea1o l\u1ea7n \u0111\u1ea7u ti\u00ean s\u1eed d\u1ee5ng<br \/>\n&#8211; B\u1ea3o qu\u1ea3n th\u00f9ng g\u1ea1o n\u01a1i kh\u00f4 tho\u00e1ng, s\u1ea1ch s\u1ebd<br \/>\n&#8211; Kh\u00f4ng d\u00f9ng \u0111\u01b0\u1ee3c trong t\u1ee7 \u0111\u00f4ng ho\u1eb7c l\u00f2 vi s\u00f3ng, m\u00e1y h\u1ea5p ti\u1ec7t tr\u00f9ng<br \/>\n&#8211; D\u00f9ng an to\u00e0n trong m\u00e1y r\u1eeda ch\u00e9n d\u01b0\u1edbi 65 \u0366C<br \/>\n&#8211; Tr\u00e1nh ch\u00f9i r\u1eeda b\u1eb1ng v\u1eadt s\u1eafc nh\u1ecdn<br \/>\n&#8211; Kh\u00f4ng ti\u1ebfp x\u00fac ho\u1eb7c \u0111\u1ec3 g\u1ea7n ngu\u1ed3n l\u1eeda \u0111\u1ec3 tr\u00e1nh n\u00f3ng ch\u1ea3y, bi\u1ebfn d\u1ea1ng<\/p>\n<\/div>\n","protected":false},"excerpt":{"rendered":"<p><strong>\u01afu \u0111i\u1ec3m v\u00e0 ti\u1ec7n \u00edch:<\/strong><br \/>\n&#8211; Ch\u1ea5t li\u1ec7u nh\u1ef1a nguy\u00ean sinh, an to\u00e0n ti\u1ebfp x\u00fac v\u1edbi th\u1ef1c ph\u1ea9m<br \/>\n&#8211; Thi\u1ebft k\u1ebf g\u1ecdn nh\u1eb9, ph\u00f9 h\u1ee3p v\u1edbi m\u1ecdi gian b\u1ebfp v\u00e0 ti\u1ebft ki\u1ec7m kh\u00f4ng gian l\u01b0u tr\u1eef<br \/>\n&#8211; Khay l\u1ea5y g\u1ea1o \u0111\u01b0\u1ee3c thi\u1ebft k\u1ebf tinh t\u1ebf gi\u00fap d\u1ec5 d\u00e0ng l\u1ea5y g\u1ea1o b\u1eb1ng m\u1ed9t tay. Nguy\u00ean l\u00fd l\u1ea5y g\u1ea1o tu\u1ea7n ho\u00e0n \u201cV\u00e0o tr\u01b0\u1edbc \u2013 Ra tr\u01b0\u1edbc\u201d (First in \u2013 First out), gi\u00fap g\u1ea1o trong th\u00f9ng lu\u00f4n t\u01b0\u01a1i m\u1edbi<br \/>\n&#8211; N\u1eafp h\u1ed9p c\u00f3 g\u1edd m\u1edf thu\u1eadn ti\u1ec7n trong vi\u1ec7c \u0111\u00f3ng, m\u1edf h\u1ed9p<br \/>\n&#8211; Thi\u1ebft k\u1ebf c\u1eeda s\u1ed5 m\u1eb7t tr\u01b0\u1edbc nh\u1ef1a trong, gi\u00fap d\u1ec5 d\u00e0ng nh\u00ecn th\u1ea5y m\u1ee9c g\u1ea1o \u0111\u01b0\u1ee3c ch\u1ee9a b\u00ean trong.<br \/>\n&#8211; Thi\u1ebft k\u1ebf l\u00f5m hai b\u00ean h\u00f4ng c\u1ee7a th\u00f9ng g\u1ea1o gi\u00fap an to\u00e0n c\u1ea7m n\u1eafm b\u1eb1ng hai tay khi th\u00f9ng g\u1ea1o ch\u1ee9a \u0111\u1ea7y<\/p>\n","protected":false},"featured_media":5115,"comment_status":"open","ping_status":"closed","template":"","meta":[],"product_cat":[86],"product_tag":[124],"class_list":["post-5114","product","type-product","status-publish","has-post-thumbnail","hentry","product_cat-cac-san-pham-khac","product_tag-thung-gao-rice-smart-junior-5kg"],"aioseo_notices":[],"_links":{"self":[{"href":"https:\/\/tiemtaphoa.xyz\/index.php\/wp-json\/wp\/v2\/product\/5114"}],"collection":[{"href":"https:\/\/tiemtaphoa.xyz\/index.php\/wp-json\/wp\/v2\/product"}],"about":[{"href":"https:\/\/tiemtaphoa.xyz\/index.php\/wp-json\/wp\/v2\/types\/product"}],"replies":[{"embeddable":true,"href":"https:\/\/tiemtaphoa.xyz\/index.php\/wp-json\/wp\/v2\/comments?post=5114"}],"wp:featuredmedia":[{"embeddable":true,"href":"https:\/\/tiemtaphoa.xyz\/index.php\/wp-json\/wp\/v2\/media\/5115"}],"wp:attachment":[{"href":"https:\/\/tiemtaphoa.xyz\/index.php\/wp-json\/wp\/v2\/media?parent=5114"}],"wp:term":[{"taxonomy":"product_cat","embeddable":true,"href":"https:\/\/tiemtaphoa.xyz\/index.php\/wp-json\/wp\/v2\/product_cat?post=5114"},{"taxonomy":"product_tag","embeddable":true,"href":"https:\/\/tiemtaphoa.xyz\/index.php\/wp-json\/wp\/v2\/product_tag?post=5114"}],"curies":[{"name":"wp","href":"https:\/\/api.w.org\/{rel}","templated":true}]}}