{"id":5144,"date":"2022-05-07T10:28:18","date_gmt":"2022-05-07T03:28:18","guid":{"rendered":"http:\/\/tupvietnam.com\/?post_type=product&#038;p=5144"},"modified":"2022-05-07T10:28:19","modified_gmt":"2022-05-07T03:28:19","slug":"hop-com-lolly-tup","status":"publish","type":"product","link":"https:\/\/tiemtaphoa.xyz\/index.php\/product\/hop-com-lolly-tup\/","title":{"rendered":"H\u1ed8P C\u01a0M LOLLY TUP"},"content":{"rendered":"<h2 class=\"desktop-only\" data-initialized=\"true\">H\u1ed8P C\u01a0M LOLLY TUP<\/h2>\n<div class=\"text short\">\n<p><strong>Gi\u00e1: 150.000 VN\u0110\/ c\u00e1i<\/strong><\/p>\n<p>Dung t\u00edch: 550ml<br \/>\nK\u00edch th\u01b0\u1edbc: 16.7 x 15.7 x 5cm<br \/>\nNhi\u1ec7t \u0111\u1ed9 an to\u00e0n: 0 ~ 80\u2070C<\/p>\n<p>&nbsp;<\/p>\n<p><strong>\u01afu \u0111i\u1ec3m v\u00e0 ti\u1ec7n \u00edch:<\/strong><br \/>\n&#8211; Ch\u1ea5t li\u1ec7u nh\u1ef1a nguy\u00ean sinh, an to\u00e0n ti\u1ebfp x\u00fac v\u1edbi th\u1ef1c ph\u1ea9m<br \/>\n&#8211; N\u1eafp k\u00edn kh\u00ed, ng\u0103n ch\u1eb7n tho\u00e1t m\u00f9i th\u1ef1c ph\u1ea9m ra ngo\u00e0i, gi\u1eef th\u1ef1c ph\u1ea9m t\u01b0\u01a1i ngon l\u00e2u h\u01a1n<br \/>\n&#8211; Thi\u1ebft k\u1ebf chia ng\u0103n thu\u1eadn ti\u1ec7n cho vi\u1ec7c b\u1ea3o qu\u1ea3n nhi\u1ec1u lo\u1ea1i th\u1ef1c ph\u1ea9m kh\u00e1c nhau<br \/>\n&#8211; N\u1eafp h\u1ed9p c\u00f3 g\u1edd m\u1edf thu\u1eadn ti\u1ec7n trong vi\u1ec7c \u0111\u00f3ng, m\u1edf h\u1ed9p<br \/>\n&#8211; Thi\u1ebft k\u1ebf d\u1ea1ng m\u00f4-\u0111un c\u00f3 th\u1ec3 x\u1ebfp ch\u1ed3ng, gi\u00fap ti\u1ebft ki\u1ec7m kh\u00f4ng gian l\u01b0u tr\u1eef<br \/>\n&#8211; H\u1ed9p c\u00f3 k\u00edch th\u01b0\u1edbc g\u1ecdn nh\u1eb9, gi\u00fap d\u1ec5 d\u00e0ng mang theo trong c\u00e1c ho\u1ea1t \u0111\u1ed9ng h\u00e0ng ng\u00e0y<\/p>\n<p><strong>C\u00f4ng d\u1ee5ng:<\/strong><br \/>\n&#8211; D\u00f9ng \u0111\u1ef1ng c\u00e1c lo\u1ea1i th\u1ef1c ph\u1ea9m ch\u1ebf bi\u1ebfn s\u1eb5n v\u00e0 mang theo khi \u0111i l\u00e0m, \u0111i h\u1ecdc v\u00e0 c\u00e1c ho\u1ea1t \u0111\u1ed9ng th\u01b0\u1eddng ng\u00e0y kh\u00e1c,&#8230;<br \/>\n&#8211; D\u00f9ng \u0111\u1ef1ng th\u1ef1c ph\u1ea9m an to\u00e0n trong ng\u0103n m\u00e1t t\u1ee7 l\u1ea1nh<\/p>\n<p><strong>C\u00e1ch b\u1ea3o qu\u1ea3n:<\/strong><br \/>\n&#8211; R\u1eeda s\u1ea1ch v\u00e0 \u0111\u1ec3 kh\u00f4 l\u1ea7n \u0111\u1ea7u ti\u00ean s\u1eed d\u1ee5ng<br \/>\n&#8211; Kh\u00f4ng d\u00f9ng \u0111\u01b0\u1ee3c trong t\u1ee7 \u0111\u00f4ng ho\u1eb7c l\u00f2 vi s\u00f3ng, m\u00e1y h\u1ea5p ti\u1ec7t tr\u00f9ng<br \/>\n&#8211; Tr\u00e1nh ch\u00f9i r\u1eeda b\u1eb1ng v\u1eadt s\u1eafc nh\u1ecdn<br \/>\n&#8211; D\u00f9ng an to\u00e0n trong m\u00e1y r\u1eeda ch\u00e9n d\u01b0\u1edbi 65 \u0366 C<br \/>\n&#8211; Kh\u00f4ng ti\u1ebfp x\u00fac ho\u1eb7c \u0111\u1ec3 g\u1ea7n ngu\u1ed3n nhi\u1ec7t \u0111\u1ec3 tr\u00e1nh n\u00f3ng ch\u1ea3y, bi\u1ebfn d\u1ea1ng<br \/>\n&#8211; Vi\u1ec7c s\u1eed d\u1ee5ng s\u1ea3n ph\u1ea9m \u0111\u1ec3 ch\u1ee9a \u0111\u1ef1ng th\u1ef1c ph\u1ea9m \u0111\u1eadm m\u00e0u nh\u01b0 b\u1ed9t \u1edbt, b\u1ed9t ngh\u1ec7&#8230; c\u00f3 th\u1ec3 \u1ea3nh h\u01b0\u1edfng \u0111\u1ebfn ngo\u1ea1i quan c\u1ee7a h\u1ed9p, nh\u01b0ng kh\u00f4ng \u1ea3nh h\u01b0\u1edfng \u0111\u1ebfn ch\u1ee9c n\u0103ng l\u01b0u tr\u1eef c\u1ee7a s\u1ea3n ph\u1ea9m<\/p>\n<\/div>\n","protected":false},"excerpt":{"rendered":"<p><strong>C\u00f4ng d\u1ee5ng:<\/strong><br \/>\n&#8211; D\u00f9ng \u0111\u1ef1ng c\u00e1c lo\u1ea1i th\u1ef1c ph\u1ea9m ch\u1ebf bi\u1ebfn s\u1eb5n v\u00e0 mang theo khi \u0111i l\u00e0m, \u0111i h\u1ecdc v\u00e0 c\u00e1c ho\u1ea1t \u0111\u1ed9ng th\u01b0\u1eddng ng\u00e0y kh\u00e1c,&#8230;<br \/>\n&#8211; D\u00f9ng \u0111\u1ef1ng th\u1ef1c ph\u1ea9m an to\u00e0n trong ng\u0103n m\u00e1t t\u1ee7 l\u1ea1nh<\/p>\n<p><strong>C\u00e1ch b\u1ea3o qu\u1ea3n:<\/strong><\/p>\n","protected":false},"featured_media":5145,"comment_status":"open","ping_status":"closed","template":"","meta":[],"product_cat":[15,58],"product_tag":[126],"class_list":["post-5144","product","type-product","status-publish","has-post-thumbnail","hentry","product_cat-san-pham-moi","product_cat-hop-dung-com-hop-ham-lo-vi-song","product_tag-hop-com-tupperware"],"aioseo_notices":[],"_links":{"self":[{"href":"https:\/\/tiemtaphoa.xyz\/index.php\/wp-json\/wp\/v2\/product\/5144"}],"collection":[{"href":"https:\/\/tiemtaphoa.xyz\/index.php\/wp-json\/wp\/v2\/product"}],"about":[{"href":"https:\/\/tiemtaphoa.xyz\/index.php\/wp-json\/wp\/v2\/types\/product"}],"replies":[{"embeddable":true,"href":"https:\/\/tiemtaphoa.xyz\/index.php\/wp-json\/wp\/v2\/comments?post=5144"}],"wp:featuredmedia":[{"embeddable":true,"href":"https:\/\/tiemtaphoa.xyz\/index.php\/wp-json\/wp\/v2\/media\/5145"}],"wp:attachment":[{"href":"https:\/\/tiemtaphoa.xyz\/index.php\/wp-json\/wp\/v2\/media?parent=5144"}],"wp:term":[{"taxonomy":"product_cat","embeddable":true,"href":"https:\/\/tiemtaphoa.xyz\/index.php\/wp-json\/wp\/v2\/product_cat?post=5144"},{"taxonomy":"product_tag","embeddable":true,"href":"https:\/\/tiemtaphoa.xyz\/index.php\/wp-json\/wp\/v2\/product_tag?post=5144"}],"curies":[{"name":"wp","href":"https:\/\/api.w.org\/{rel}","templated":true}]}}