{"id":5252,"date":"2023-09-26T20:39:04","date_gmt":"2023-09-26T13:39:04","guid":{"rendered":"https:\/\/webbachhoa.com\/?post_type=product&#038;p=5252"},"modified":"2023-09-26T20:39:45","modified_gmt":"2023-09-26T13:39:45","slug":"tinh-dau-himalaya-amber-noir-50ml","status":"publish","type":"product","link":"https:\/\/tiemtaphoa.xyz\/index.php\/product\/tinh-dau-himalaya-amber-noir-50ml\/","title":{"rendered":"Tinh d\u1ea7u Himalaya Amber Noir 50ml"},"content":{"rendered":"<p>Tinh d\u1ea7u Amber Noir v\u1edbi l\u1edbp h\u01b0\u01a1ng \u0111\u1ea7u ng\u1ecdt ng\u00e0o v\u00e0 g\u1ee3i c\u1ea3m c\u1ee7a qu\u1ea3 m\u1eadn v\u00e0 cam qu\u00fdt k\u1ebft h\u1ee3p v\u1edbi h\u01b0\u01a1ng h\u1ed5 ph\u00e1ch v\u00e0 hoa nh\u00e0i n\u1ed3ng n\u00e0n. \u0110\u1ecdng l\u1ea1i tr\u00ean h\u01b0\u01a1ng cu\u1ed1i c\u1ee7a x\u1ea1 h\u01b0\u01a1ng v\u00e0 Amyris. M\u00f9i h\u01b0\u01a1ng n\u00e0y c\u00f3 s\u1ee9c h\u1ea5p d\u1eabn, ph\u00f9 h\u1ee3p x\u00f4ng h\u01b0\u01a1ng cho ng\u00f4i nh\u00e0 trong su\u1ed1t c\u1ea3 n\u0103m.<\/p>\n<p>Trong \u0111\u00f3 tinh d\u1ea7u Qu\u00fdt l\u00e0 ch\u1ea5t ch\u1ed1ng oxy h\u00f3a m\u1ea1nh m\u1ebd c\u0169ng nh\u01b0 l\u00e0m gi\u1ea3m c\u0103ng th\u1eb3ng v\u00e0 m\u1ec7t m\u1ecfi th\u1ea7n kinh. Tinh d\u1ea7u h\u1ed5 ph\u00e1ch \u0111\u01b0\u1ee3c s\u1eed d\u1ee5ng h\u1ed7 tr\u1ee3 l\u00e0m d\u1ecbu t\u00e2m tr\u00ed, gi\u00fap l\u00e0m gi\u1ea3m b\u1edbt c\u0103ng th\u1eb3ng v\u00e0 m\u1ec7t m\u1ecfi d\u00f9ng \u0111\u1ec3 cung c\u1ea5p m\u1ed9t tinh th\u1ea7n s\u00e1ng su\u1ed1t v\u00e0 th\u1ee9c t\u1ec9nh. Tinh d\u1ea7u hoa nh\u00e0i l\u00e0 t\u00e1c nh\u00e2n t\u1ef1 nhi\u00ean h\u1ed7 tr\u1ee3 gi\u1ea3m c\u0103ng th\u1eb3ng.<\/p>\n<p>H\u01b0\u01a1ng \u0111\u1ea7u: Cam Qu\u00fdt, M\u1eadn<\/p>\n<p>H\u01b0\u01a1ng gi\u1eefa: Hoa Nh\u00e0i, H\u1ed5 Ph\u00e1ch<\/p>\n<p>H\u01b0\u01a1ng cu\u1ed1i: Nh\u1ef1a C\u00e2y B\u1ed3 \u0110\u1ec1, Amyris, X\u1ea1 H\u01b0\u01a1ng \u0110en<\/p>\n<p>Tinh d\u1ea7u Amber Noir<\/p>\n<p>Th\u00f4ng tin s\u1ea3n ph\u1ea9m Tinh D\u1ea7u Amber Noir<br \/>\nTh\u00e0nh ph\u1ea7n: Cam Qu\u00fdt, M\u1eadn, Hoa Nh\u00e0i, H\u1ed5 Ph\u00e1ch, Nh\u1ef1a C\u00e2y B\u1ed3 \u0110\u1ec1, Amyris, X\u1ea1 H\u01b0\u01a1ng \u0110en<br \/>\n<img loading=\"lazy\" decoding=\"async\" class=\"wp-image-5251 aligncenter\" src=\"http:\/\/webbachhoa.com\/wp-content\/uploads\/2023\/09\/tinh_dau_amber_noir__1__b8a4fe117ecf44e59a0166e80740417a_grande-281x281.jpg\" alt=\"\" width=\"506\" height=\"506\" \/><br \/>\nC\u00f4ng d\u1ee5ng: D\u00f9ng \u0111\u1ec3 x\u00f4ng h\u01b0\u01a1ng gi\u00fap t\u1ea1o kh\u00f4ng gian th\u01a1m ng\u00e1t mang l\u1ea1i c\u1ea3m gi\u00e1c th\u01b0 th\u00e1i, d\u1ec5 ch\u1ecbu.<\/p>\n<p>Th\u1eddi gian s\u1eed d\u1ee5ng: 3 n\u0103m<\/p>\n<p>Xu\u1ea5t x\u1ee9: USA &#8211; \u0110\u00f3ng g\u00f3i b\u1edfi c\u00f4ng ty TNHH Triple Tree Aroma<\/p>\n<p>M\u00f9i h\u01b0\u01a1ng: H\u01b0\u01a1ng th\u01a1m g\u1ed7 \u1ea5m, tho\u1ea3ng v\u1ecb ng\u1ecdt d\u1ecbu<\/p>\n<p>Tinh d\u1ea7u Amber Noir<\/p>\n<p>Nh\u1eefng l\u00fd do b\u1ea1n n\u00ean s\u1edf h\u1eefu ngay Tinh d\u1ea7u Amber Noir<br \/>\nL\u00e0m d\u1ecbu tinh th\u1ea7n, gi\u00fap c\u1ea3m gi\u00e1c lo l\u1eafng.<\/p>\n<p>Kh\u00e1ng khu\u1ea9n, kh\u1eed m\u00f9i v\u00e0 thanh l\u1ecdc kh\u00f4ng kh\u00ed<\/p>\n<p>T\u1ea1o c\u1ea3m gi\u00e1c th\u01b0 th\u00e1i, d\u1ec5 ch\u1ecbu gi\u00fap gi\u1ea3m c\u0103ng th\u1eb3ng.<\/p>\n<p>Mang \u0111\u1ebfn ngu\u1ed3n n\u0103ng l\u01b0\u1ee3ng t\u00edch c\u1ef1c<\/p>\n<p>H\u01b0\u1edbng d\u1eabn s\u1eed d\u1ee5ng tinh d\u1ea7u Amber Noir<br \/>\nNh\u1ecf 5-10 gi\u1ecdt tinh d\u1ea7u v\u00e0o \u0111\u00e8n x\u00f4ng ho\u1eb7c m\u00e1y khu\u1ebfch t\u00e1n tinh d\u1ea7u \u0111\u00e3 c\u00f3 n\u01b0\u1edbc v\u00e0 t\u1eadn h\u01b0\u1edfng kh\u00f4ng gian th\u01a1m m\u00e1t, th\u01b0 gi\u00e3n.<\/p>\n<p>Nh\u1eefng l\u01b0u \u00fd khi s\u1eed d\u1ee5ng:<\/p>\n<p>T\u00f9y thu\u1ed9c v\u00e0o k\u00edch th\u01b0\u1edbc c\u1ee7a kh\u00f4ng gian b\u1ea1n mu\u1ed1n x\u00f4ng v\u00e0 n\u1ed3ng \u0111\u1ed9 m\u00f9i h\u01b0\u01a1ng mong mu\u1ed1n m\u00e0 b\u1ea1n c\u00f3 th\u1ec3 \u0111i\u1ec1u ch\u1ec9nh l\u01b0\u1ee3ng tinh d\u1ea7u cho v\u00e0o.<\/p>\n<p>B\u1ea3o qu\u1ea3n n\u01a1i kh\u00f4 m\u00e1t, tr\u00e1nh \u00e1nh n\u1eafng m\u1eb7t tr\u1eddi, c\u00e1c ngu\u1ed3n nhi\u1ec7t<\/p>\n<p>Kh\u00f4ng s\u1eed d\u1ee5ng tr\u1ef1c ti\u1ebfp l\u00ean da, tr\u00e1nh ti\u1ebfp x\u00fac v\u1edbi m\u1eaft, ng\u01b0ng s\u1eed d\u1ee5ng n\u1ebfu c\u00f3 m\u00f9i l\u1ea1 ho\u1eb7c d\u1ecb \u1ee9ng.<\/p>\n<p>Mua tinh d\u1ea7u Amber Noir ch\u1ea5t l\u01b0\u1ee3ng \u1edf \u0111\u00e2u?<br \/>\nHimalaya \u0111\u01b0a b\u1ea1n v\u00e0o h\u00e0nh tr\u00ecnh tr\u1ea3i nghi\u1ec7m h\u01b0\u01a1ng th\u01a1m \u0111\u1ed9c \u0111\u00e1o v\u00e0 th\u01b0 gi\u00e3n tinh t\u1ebf. Himalaya mang \u0111\u1ebfn cho b\u1ea1n nh\u1eefng s\u1ea3n ph\u1ea9m \u0111\u00e1p \u1ee9ng m\u1ecdi nhu c\u1ea7u v\u1ec1 h\u01b0\u01a1ng th\u01a1m, t\u1eeb th\u01a1m nh\u00e0, th\u01a1m xe, th\u01a1m KS, Spa, Shop,&#8230; cho \u0111\u1ebfn c\u00e1c s\u1ea3n ph\u1ea9m h\u1ed7 tr\u1ee3 ch\u0103m s\u00f3c s\u1ee9c kh\u1ecfe b\u1eb1ng h\u01b0\u01a1ng th\u01a1m t\u1eeb thi\u00ean nhi\u00ean.<\/p>\n<p>Nh\u1eefng l\u00fd do b\u1ea1n n\u00ean l\u1ef1a ch\u1ecdn tinh d\u1ea7u Himalaya:<\/p>\n<p>Tinh d\u1ea7u ch\u1ea5t l\u01b0\u1ee3ng v\u00e0 an to\u00e0n: Tinh d\u1ea7u Amber Noir \u0111\u01b0\u1ee3c k\u1ebft h\u1ee3p t\u1eeb nhi\u1ec1u lo\u1ea1i tinh d\u1ea7u nguy\u00ean ch\u1ea5t kh\u00e1c nhau, kh\u00f4ng ch\u1ee9a h\u00f3a ch\u1ea5t \u0111\u1ed9c h\u1ea1i hay ph\u1ee5 gia. B\u1ea1n c\u00f3 th\u1ec3 ho\u00e0n to\u00e0n y\u00ean t\u00e2m v\u1ec1 ch\u1ea5t l\u01b0\u1ee3ng v\u00e0 an to\u00e0n khi s\u1eed d\u1ee5ng.<\/p>\n<p>\u0110a d\u1ea1ng m\u00f9i h\u01b0\u01a1ng: Ngo\u00e0i tinh d\u1ea7u Amber Noir th\u00ec Himalaya c\u00f2n c\u00f3 h\u01a1n 40 m\u00f9i h\u01b0\u01a1ng \u0111\u1ed9c \u0111\u00e1o kh\u00e1c, Himalaya \u0111em \u0111\u1ebfn s\u1ef1 l\u1ef1a ch\u1ecdn \u0111a d\u1ea1ng \u0111\u1ec3 b\u1ea1n t\u1eadn h\u01b0\u1edfng m\u00f9i th\u01a1m phong ph\u00fa v\u00e0 \u0111\u1eb7c s\u1eafc cho kh\u00f4ng gian s\u1ed1ng.<\/p>\n<p>Ch\u00ednh s\u00e1ch \u0111\u1ed5i s\u1ea3n ph\u1ea9m: H\u00e3y y\u00ean t\u00e2m th\u1eed tr\u1ea3i nghi\u1ec7m h\u01b0\u01a1ng th\u01a1m m\u1edbi m\u1ebb v\u1edbi ch\u00ednh s\u00e1ch \u0111\u1ed5i s\u1ea3n ph\u1ea9m trong v\u00f2ng 7 ng\u00e0y \u0111\u1ea7u ti\u00ean. N\u1ebfu b\u1ea1n kh\u00f4ng h\u00e0i l\u00f2ng v\u1ec1 m\u00f9i h\u01b0\u01a1ng c\u1ee7a tinh d\u1ea7u, ch\u00fang t\u00f4i s\u1ebd h\u1ed7 tr\u1ee3 \u0111\u1ed5i sang s\u1ea3n ph\u1ea9m m\u1edbi c\u00f9ng lo\u1ea1i.<\/p>\n<p>Mi\u1ec5n ph\u00ed v\u1eadn chuy\u1ec3n: Mi\u1ec5n ph\u00ed v\u1eadn chuy\u1ec3n cho h\u00f3a \u0111\u01a1n tr\u00ean 500,000 VND t\u1ea1i n\u1ed9i th\u00e0nh TP.HCM v\u00e0 H\u00e0 N\u1ed9i, v\u00e0 t\u1eeb 1,000,000 VND cho ngo\u1ea1i th\u00e0nh.<\/p>\n<p>M\u1ea1ng l\u01b0\u1edbi r\u1ed9ng kh\u1eafp: V\u1edbi h\u01a1n 30 c\u1ee7a h\u00e0ng tinh d\u1ea7u tr\u1ea3i d\u00e0i to\u00e0n qu\u1ed1c, gi\u00fap b\u1ea1n d\u1ec5 d\u00e0ng mua s\u1eafm v\u00e0 tr\u1ea3i nghi\u1ec7m h\u01b0\u01a1ng th\u01a1m thi\u00ean nhi\u00ean.<\/p>\n<p>H\u00e3y \u0111\u1ec3 Tinh d\u1ea7u Amber Noir l\u00e0m n\u00ean \u0111i\u1ec1u k\u1ef3 di\u1ec7u cho kh\u00f4ng gian s\u1ed1ng c\u1ee7a b\u1ea1n ngay h\u00f4m nay!<\/p>\n","protected":false},"excerpt":{"rendered":"<p>Tinh d\u1ea7u Amber Noir v\u1edbi l\u1edbp h\u01b0\u01a1ng \u0111\u1ea7u ng\u1ecdt ng\u00e0o v\u00e0 g\u1ee3i c\u1ea3m c\u1ee7a qu\u1ea3 m\u1eadn v\u00e0 cam qu\u00fdt k\u1ebft h\u1ee3p v\u1edbi h\u01b0\u01a1ng h\u1ed5 ph\u00e1ch v\u00e0 hoa nh\u00e0i n\u1ed3ng n\u00e0n. \u0110\u1ecdng l\u1ea1i tr\u00ean h\u01b0\u01a1ng cu\u1ed1i c\u1ee7a x\u1ea1 h\u01b0\u01a1ng v\u00e0 Amyris. M\u00f9i h\u01b0\u01a1ng n\u00e0y c\u00f3 s\u1ee9c h\u1ea5p d\u1eabn, ph\u00f9 h\u1ee3p x\u00f4ng h\u01b0\u01a1ng cho ng\u00f4i nh\u00e0 trong su\u1ed1t c\u1ea3 n\u0103m.<\/p>\n","protected":false},"featured_media":5249,"comment_status":"open","ping_status":"closed","template":"","meta":[],"product_cat":[128,15],"product_tag":[142],"class_list":["post-5252","product","type-product","status-publish","has-post-thumbnail","hentry","product_cat-tinh-dau","product_cat-san-pham-moi","product_tag-tinh-dau-himalaya-amber-noir"],"aioseo_notices":[],"_links":{"self":[{"href":"https:\/\/tiemtaphoa.xyz\/index.php\/wp-json\/wp\/v2\/product\/5252"}],"collection":[{"href":"https:\/\/tiemtaphoa.xyz\/index.php\/wp-json\/wp\/v2\/product"}],"about":[{"href":"https:\/\/tiemtaphoa.xyz\/index.php\/wp-json\/wp\/v2\/types\/product"}],"replies":[{"embeddable":true,"href":"https:\/\/tiemtaphoa.xyz\/index.php\/wp-json\/wp\/v2\/comments?post=5252"}],"wp:featuredmedia":[{"embeddable":true,"href":"https:\/\/tiemtaphoa.xyz\/index.php\/wp-json\/wp\/v2\/media\/5249"}],"wp:attachment":[{"href":"https:\/\/tiemtaphoa.xyz\/index.php\/wp-json\/wp\/v2\/media?parent=5252"}],"wp:term":[{"taxonomy":"product_cat","embeddable":true,"href":"https:\/\/tiemtaphoa.xyz\/index.php\/wp-json\/wp\/v2\/product_cat?post=5252"},{"taxonomy":"product_tag","embeddable":true,"href":"https:\/\/tiemtaphoa.xyz\/index.php\/wp-json\/wp\/v2\/product_tag?post=5252"}],"curies":[{"name":"wp","href":"https:\/\/api.w.org\/{rel}","templated":true}]}}