{"id":5259,"date":"2023-09-26T20:44:34","date_gmt":"2023-09-26T13:44:34","guid":{"rendered":"https:\/\/webbachhoa.com\/?post_type=product&#038;p=5259"},"modified":"2023-09-26T20:45:16","modified_gmt":"2023-09-26T13:45:16","slug":"tinh-dau-himalaya-bahamae-breez-50ml","status":"publish","type":"product","link":"https:\/\/tiemtaphoa.xyz\/index.php\/product\/tinh-dau-himalaya-bahamae-breez-50ml\/","title":{"rendered":"Tinh d\u1ea7u Himalaya Bahamae Breez 50ml"},"content":{"rendered":"<p>Tinh d\u1ea7u Bahama Breeze l\u00e0\u00a0<em><strong>m\u1ed9t s\u1ef1 k\u1ebft h\u1ee3p h\u01b0\u01a1ng th\u01a1m tr\u00e1i c\u00e2y nhi\u1ec7t \u0111\u1edbi. Nh\u01b0 m\u1ed9t m\u00f3n gi\u1ea3i kh\u00e1t m\u00e1t l\u1ea1nh v\u00e0o m\u00f9a h\u00e8<\/strong><\/em>\u00a0v\u1edbi s\u1ef1 pha tr\u1ed9n c\u1ee7a c\u00e1c lo\u1ea1i tr\u00e1i c\u00e2y, d\u1ee9a, b\u01b0\u1edfi v\u00e0 xo\u00e0i. Himalaya s\u1ebd d\u00f9ng h\u01b0\u01a1ng th\u01a1m \u0111\u1ec3\u00a0<strong><em>mang \u0111\u1ebfn cho b\u1ea1n l\u00e0n gi\u00f3 m\u00e1t l\u00e0nh c\u00f9ng s\u1ef1 tho\u1ea3i m\u00e1i c\u1ea3m gi\u00e1c nh\u01b0 \u0111ang th\u01b0\u1edfng th\u1ee9c 1 ly cocktail b\u00ean b\u1edd bi\u1ec3n xanh c\u00e1t tr\u1eafng v\u1edbi kh\u00f4ng kh\u00ed trong l\u00e0nh \u0111\u1ec3 \u0111\u00f3n ch\u00e0o ng\u00e0y m\u1edbi.\u00a0<\/em><\/strong><\/p>\n<ul>\n<li><strong>H\u01b0\u01a1ng \u0110\u1ea7u:<\/strong>\u00a0Exotic Fruit, D\u1ee9a, Chanh D\u00e2y, B\u01b0\u1edfi<\/li>\n<li><strong>H\u01b0\u01a1ng Gi\u1eefa:\u00a0<\/strong>Xo\u00e0i, \u0110\u00e0o, Tr\u00e1i C\u00e2y Nhi\u1ec7t \u0110\u1edbi<\/li>\n<li><strong>H\u01b0\u01a1ng Cu\u1ed1i:\u00a0<\/strong>X\u1ea1 H\u01b0\u01a1ng<\/li>\n<\/ul>\n<p><img decoding=\"async\" src=\"https:\/\/file.hstatic.net\/200000455999\/file\/tinh_dau_bahama_breeze__1__0cd9b9b1d43b4a59b7d02beea67c2506_grande.jpg\" alt=\"Tinh d\u1ea7u bahama Brezzee\" \/><\/p>\n<hr \/>\n<h2>Th\u00f4ng tin s\u1ea3n ph\u1ea9m Tinh D\u1ea7u Bahama Breeze<\/h2>\n<ul>\n<li><strong>Th\u00e0nh ph\u1ea7n:<\/strong>\u00a0Exotic Fruit, D\u1ee9a, Chanh D\u00e2y, B\u01b0\u1edfi, Xo\u00e0i, \u0110\u00e0o, Tr\u00e1i C\u00e2y Nhi\u1ec7t \u0110\u1edbi, X\u1ea1 H\u01b0\u01a1ng<\/li>\n<li><strong>C\u00f4ng d\u1ee5ng:\u00a0<\/strong>D\u00f9ng \u0111\u1ec3 x\u00f4ng h\u01b0\u01a1ng gi\u00fap t\u1ea1o kh\u00f4ng gian th\u01a1m ng\u00e1t, mang l\u1ea1i c\u1ea3m gi\u00e1c t\u01b0\u01a1i m\u00e1t nh\u01b0 \u0111ang th\u01b0\u1edfng th\u1ee9c 1 ly cocktail<\/li>\n<li><strong>Th\u1eddi gian s\u1eed d\u1ee5ng:\u00a0<\/strong>3 n\u0103m<\/li>\n<li><strong>Xu\u1ea5t x\u1ee9:\u00a0<\/strong>Ph\u00e1p &#8211; \u0110\u00f3ng g\u00f3i b\u1edfi c\u00f4ng ty TNHH Triple Tree Aroma<\/li>\n<li><strong>M\u00f9i h\u01b0\u01a1ng:\u00a0<\/strong>M\u1ed9t s\u1ef1 k\u1ebft h\u1ee3p h\u01b0\u01a1ng th\u01a1m tr\u00e1i c\u00e2y nhi\u1ec7t \u0111\u1edbi t\u01b0\u01a1i m\u00e1t<\/li>\n<\/ul>\n<p><img decoding=\"async\" src=\"https:\/\/file.hstatic.net\/200000455999\/file\/tinh_dau_bahama_breeze_a52816f31fb44cb49340887c58dac100_grande.jpg\" alt=\"Tinh d\u1ea7u bahama Brezzee\" \/><\/p>\n<hr \/>\n<h2>Nh\u1eefng l\u00fd do b\u1ea1n n\u00ean s\u1edf h\u1eefu ngay Tinh d\u1ea7u Bahama Breeze<\/h2>\n<ul>\n<li>Gi\u00fap th\u01b0 gi\u00e3n, gi\u1ea3m b\u1edbt c\u0103ng th\u1eb3ng v\u00e0 lo l\u1eafng<\/li>\n<li>Thanh l\u1ecdc kh\u00f4ng kh\u00ed, t\u1ea1o h\u01b0\u01a1ng th\u01a1m ng\u00e1t<\/li>\n<li>Mang l\u1ea1i h\u01b0\u01a1ng th\u01a1m t\u1ea1o c\u1ea3m gi\u00e1c t\u01b0\u01a1i m\u00e1t, gi\u00fap t\u1ec9nh t\u00e1o tinh th\u1ea7n<\/li>\n<\/ul>\n<p>&nbsp;<\/p>\n<hr \/>\n<h2>H\u01b0\u1edbng d\u1eabn s\u1eed d\u1ee5ng tinh d\u1ea7u Tinh D\u1ea7u Bahama Breeze<\/h2>\n<p>Nh\u1ecf 5-10 gi\u1ecdt tinh d\u1ea7u v\u00e0o \u0111\u00e8n x\u00f4ng ho\u1eb7c m\u00e1y khu\u1ebfch t\u00e1n tinh d\u1ea7u \u0111\u00e3 c\u00f3 n\u01b0\u1edbc v\u00e0 t\u1eadn h\u01b0\u1edfng kh\u00f4ng gian th\u01a1m m\u00e1t, th\u01b0 gi\u00e3n.<\/p>\n<p><strong>Nh\u1eefng l\u01b0u \u00fd khi s\u1eed d\u1ee5ng:<\/strong><\/p>\n<ul>\n<li>T\u00f9y thu\u1ed9c v\u00e0o k\u00edch th\u01b0\u1edbc c\u1ee7a kh\u00f4ng gian b\u1ea1n mu\u1ed1n x\u00f4ng v\u00e0 n\u1ed3ng \u0111\u1ed9 m\u00f9i h\u01b0\u01a1ng mong mu\u1ed1n m\u00e0 b\u1ea1n c\u00f3 th\u1ec3 \u0111i\u1ec1u ch\u1ec9nh l\u01b0\u1ee3ng tinh d\u1ea7u cho v\u00e0o.<\/li>\n<li>B\u1ea3o qu\u1ea3n n\u01a1i kh\u00f4 m\u00e1t, tr\u00e1nh \u00e1nh n\u1eafng m\u1eb7t tr\u1eddi, c\u00e1c ngu\u1ed3n nhi\u1ec7t<\/li>\n<li>Kh\u00f4ng s\u1eed d\u1ee5ng tr\u1ef1c ti\u1ebfp l\u00ean da, tr\u00e1nh ti\u1ebfp x\u00fac v\u1edbi m\u1eaft, ng\u01b0ng s\u1eed d\u1ee5ng n\u1ebfu c\u00f3 m\u00f9i l\u1ea1 ho\u1eb7c d\u1ecb \u1ee9ng.<\/li>\n<\/ul>\n<div>\n<table border=\"1\" cellspacing=\"0\" cellpadding=\"20\">\n<tbody>\n<tr>\n<td>\n<h2><strong>Mua tinh d\u1ea7u Tinh D\u1ea7u Bahama Breeze ch\u1ea5t l\u01b0\u1ee3ng \u1edf \u0111\u00e2u?<\/strong><\/h2>\n<p>Himalaya \u0111\u01b0a b\u1ea1n v\u00e0o h\u00e0nh tr\u00ecnh tr\u1ea3i nghi\u1ec7m h\u01b0\u01a1ng th\u01a1m \u0111\u1ed9c \u0111\u00e1o v\u00e0 th\u01b0 gi\u00e3n tinh t\u1ebf. Himalaya mang \u0111\u1ebfn cho b\u1ea1n nh\u1eefng s\u1ea3n ph\u1ea9m \u0111\u00e1p \u1ee9ng m\u1ecdi nhu c\u1ea7u v\u1ec1 h\u01b0\u01a1ng th\u01a1m, t\u1eeb th\u01a1m nh\u00e0, th\u01a1m xe, th\u01a1m KS, Spa, Shop,&#8230; cho \u0111\u1ebfn c\u00e1c s\u1ea3n ph\u1ea9m h\u1ed7 tr\u1ee3 ch\u0103m s\u00f3c s\u1ee9c kh\u1ecfe b\u1eb1ng h\u01b0\u01a1ng th\u01a1m t\u1eeb thi\u00ean nhi\u00ean.<\/p>\n<p><strong>Nh\u1eefng l\u00fd do b\u1ea1n n\u00ean l\u1ef1a ch\u1ecdn tinh d\u1ea7u Himalaya:<\/strong><\/p>\n<ul>\n<li><em><strong>Tinh d\u1ea7u ch\u1ea5t l\u01b0\u1ee3ng v\u00e0 an to\u00e0n: T<\/strong>inh d\u1ea7u Tinh D\u1ea7u Bahama Breeze\u00a0 \u0111\u01b0\u1ee3c k\u1ebft h\u1ee3p t\u1eeb nhi\u1ec1u lo\u1ea1i tinh d\u1ea7u nguy\u00ean ch\u1ea5t kh\u00e1c nhau, kh\u00f4ng ch\u1ee9a h\u00f3a ch\u1ea5t \u0111\u1ed9c h\u1ea1i hay ph\u1ee5 gia. B\u1ea1n c\u00f3 th\u1ec3 ho\u00e0n to\u00e0n y\u00ean t\u00e2m v\u1ec1 ch\u1ea5t l\u01b0\u1ee3ng v\u00e0 an to\u00e0n khi s\u1eed d\u1ee5ng.<\/em><\/li>\n<li><em><strong>\u0110a d\u1ea1ng m\u00f9i h\u01b0\u01a1ng:<\/strong>\u00a0Ngo\u00e0i tinh d\u1ea7u Tinh D\u1ea7u Bahama Breeze\u00a0 th\u00ec Himalaya c\u00f2n c\u00f3\u00a0 h\u01a1n 40 m\u00f9i h\u01b0\u01a1ng \u0111\u1ed9c \u0111\u00e1o kh\u00e1c, Himalaya \u0111em \u0111\u1ebfn s\u1ef1 l\u1ef1a ch\u1ecdn \u0111a d\u1ea1ng \u0111\u1ec3 b\u1ea1n t\u1eadn h\u01b0\u1edfng m\u00f9i th\u01a1m phong ph\u00fa v\u00e0 \u0111\u1eb7c s\u1eafc cho kh\u00f4ng gian s\u1ed1ng.<\/em><\/li>\n<li><em><strong>Ch\u00ednh s\u00e1ch \u0111\u1ed5i s\u1ea3n ph\u1ea9m:\u00a0<\/strong>H\u00e3y y\u00ean t\u00e2m th\u1eed tr\u1ea3i nghi\u1ec7m h\u01b0\u01a1ng th\u01a1m m\u1edbi m\u1ebb v\u1edbi ch\u00ednh s\u00e1ch \u0111\u1ed5i s\u1ea3n ph\u1ea9m trong v\u00f2ng 7 ng\u00e0y \u0111\u1ea7u ti\u00ean. N\u1ebfu b\u1ea1n kh\u00f4ng h\u00e0i l\u00f2ng v\u1ec1 m\u00f9i h\u01b0\u01a1ng c\u1ee7a tinh d\u1ea7u, ch\u00fang t\u00f4i s\u1ebd h\u1ed7 tr\u1ee3 \u0111\u1ed5i sang s\u1ea3n ph\u1ea9m m\u1edbi c\u00f9ng lo\u1ea1i.<\/em><\/li>\n<li><em><strong>Mi\u1ec5n ph\u00ed v\u1eadn chuy\u1ec3n:\u00a0<\/strong>Mi\u1ec5n ph\u00ed v\u1eadn chuy\u1ec3n cho h\u00f3a \u0111\u01a1n tr\u00ean 500,000 VND t\u1ea1i n\u1ed9i th\u00e0nh TP.HCM v\u00e0 H\u00e0 N\u1ed9i, v\u00e0 t\u1eeb 1,000,000 VND cho ngo\u1ea1i th\u00e0nh.<\/em><\/li>\n<li><em><strong>M\u1ea1ng l\u01b0\u1edbi r\u1ed9ng kh\u1eafp:\u00a0<\/strong>V\u1edbi h\u01a1n 30 c\u1ee7a h\u00e0ng tinh d\u1ea7u tr\u1ea3i d\u00e0i to\u00e0n qu\u1ed1c, gi\u00fap b\u1ea1n d\u1ec5 d\u00e0ng mua s\u1eafm v\u00e0 tr\u1ea3i nghi\u1ec7m h\u01b0\u01a1ng th\u01a1m thi\u00ean nhi\u00ean.<\/em><\/li>\n<\/ul>\n<p>H\u00e3y \u0111\u1ec3 Tinh d\u1ea7u Tinh D\u1ea7u Bahama Breeze l\u00e0m n\u00ean \u0111i\u1ec1u k\u1ef3 di\u1ec7u cho kh\u00f4ng gian s\u1ed1ng c\u1ee7a b\u1ea1n ngay h\u00f4m nay!<\/td>\n<\/tr>\n<\/tbody>\n<\/table>\n<\/div>\n","protected":false},"excerpt":{"rendered":"<p>Tinh d\u1ea7u Bahama Breeze l\u00e0\u00a0<em><strong>m\u1ed9t s\u1ef1 k\u1ebft h\u1ee3p h\u01b0\u01a1ng th\u01a1m tr\u00e1i c\u00e2y nhi\u1ec7t \u0111\u1edbi. Nh\u01b0 m\u1ed9t m\u00f3n gi\u1ea3i kh\u00e1t m\u00e1t l\u1ea1nh v\u00e0o m\u00f9a h\u00e8<\/strong><\/em>\u00a0v\u1edbi s\u1ef1 pha tr\u1ed9n c\u1ee7a c\u00e1c lo\u1ea1i tr\u00e1i c\u00e2y, d\u1ee9a, b\u01b0\u1edfi v\u00e0 xo\u00e0i. Himalaya s\u1ebd d\u00f9ng h\u01b0\u01a1ng th\u01a1m \u0111\u1ec3\u00a0<strong><em>mang \u0111\u1ebfn cho b\u1ea1n l\u00e0n gi\u00f3 m\u00e1t l\u00e0nh c\u00f9ng s\u1ef1 tho\u1ea3i m\u00e1i c\u1ea3m gi\u00e1c nh\u01b0 \u0111ang th\u01b0\u1edfng th\u1ee9c 1 ly cocktail b\u00ean b\u1edd bi\u1ec3n xanh c\u00e1t tr\u1eafng v\u1edbi kh\u00f4ng kh\u00ed trong l\u00e0nh \u0111\u1ec3 \u0111\u00f3n ch\u00e0o ng\u00e0y m\u1edbi.\u00a0<\/em><\/strong><\/p>\n<ul>\n<li><\/li>\n<\/ul>\n","protected":false},"featured_media":5260,"comment_status":"open","ping_status":"closed","template":"","meta":[],"product_cat":[128],"product_tag":[143],"class_list":["post-5259","product","type-product","status-publish","has-post-thumbnail","hentry","product_cat-tinh-dau","product_tag-bahamae-breez"],"aioseo_notices":[],"_links":{"self":[{"href":"https:\/\/tiemtaphoa.xyz\/index.php\/wp-json\/wp\/v2\/product\/5259"}],"collection":[{"href":"https:\/\/tiemtaphoa.xyz\/index.php\/wp-json\/wp\/v2\/product"}],"about":[{"href":"https:\/\/tiemtaphoa.xyz\/index.php\/wp-json\/wp\/v2\/types\/product"}],"replies":[{"embeddable":true,"href":"https:\/\/tiemtaphoa.xyz\/index.php\/wp-json\/wp\/v2\/comments?post=5259"}],"wp:featuredmedia":[{"embeddable":true,"href":"https:\/\/tiemtaphoa.xyz\/index.php\/wp-json\/wp\/v2\/media\/5260"}],"wp:attachment":[{"href":"https:\/\/tiemtaphoa.xyz\/index.php\/wp-json\/wp\/v2\/media?parent=5259"}],"wp:term":[{"taxonomy":"product_cat","embeddable":true,"href":"https:\/\/tiemtaphoa.xyz\/index.php\/wp-json\/wp\/v2\/product_cat?post=5259"},{"taxonomy":"product_tag","embeddable":true,"href":"https:\/\/tiemtaphoa.xyz\/index.php\/wp-json\/wp\/v2\/product_tag?post=5259"}],"curies":[{"name":"wp","href":"https:\/\/api.w.org\/{rel}","templated":true}]}}