{"id":5262,"date":"2023-09-26T20:52:06","date_gmt":"2023-09-26T13:52:06","guid":{"rendered":"https:\/\/webbachhoa.com\/?post_type=product&#038;p=5262"},"modified":"2023-09-26T20:52:07","modified_gmt":"2023-09-26T13:52:07","slug":"tinh-dau-himalaya-bamboo-20ml","status":"publish","type":"product","link":"https:\/\/tiemtaphoa.xyz\/index.php\/product\/tinh-dau-himalaya-bamboo-20ml\/","title":{"rendered":"Tinh d\u1ea7u Himalaya Bamboo 20ml"},"content":{"rendered":"<div class=\"mb-3 mb-sm-0 col-12 col-md-8 product-content js-content-wrapper card border-0\">\n<div id=\"ega-uti-editable-content\" class=\"rte js-product-getcontent product_getcontent pos-relative\" data-platform=\"haravan\" data-id=\"1037845769\">\n<div id=\"content\" class=\"content js-content\">\n<p><em><strong>Tinh d\u1ea7u Green Bamboo<\/strong><\/em>\u00a0khi\u1ebfn ng\u01b0\u1eddi d\u00f9ng c\u00f3 c\u1ea3m gi\u00e1c ng\u1eedi th\u1ea5y\u00a0<em><strong>m\u00f9i \u1ea9m c\u1ee7a gi\u00f3 khi \u0111i trong r\u1eebng tre v\u00e0o bu\u1ed5i s\u00e1ng. C\u0169ng c\u00f3 \u0111\u00f4i khi gi\u1ed1ng nh\u01b0 ki\u1ec3u ng\u1eedi th\u1ea5y m\u00f9i m\u01b0a m\u00f9a h\u00e8 \u1edf n\u00f4ng th\u00f4n.<\/strong><\/em>\u00a0M\u00f9i c\u00f3 v\u1ebb nh\u1ea1t nh\u00f2a, c\u00f3 v\u1ebb nh\u01b0 kh\u00f4ng c\u00f3 g\u00ec nh\u01b0ng l\u1ea1i cho ng\u01b0\u1eddi th\u01b0\u1edfng th\u1ee9c m\u1ed9t c\u1ea3m gi\u00e1c y\u00ean t\u0129nh v\u00e0 du d\u01b0\u01a1ng.<\/p>\n<ul>\n<li><strong>H\u01b0\u01a1ng \u0110\u1ea7u:\u00a0<\/strong>Nha \u0110am, Chanh, D\u01b0a L\u01b0\u1edbi<\/li>\n<li><strong>H\u01b0\u01a1ng Gi\u1eefa:\u00a0<\/strong>Tre, L\u00e1 Xanh<\/li>\n<li><strong>H\u01b0\u01a1ng Cu\u1ed1i:<\/strong>\u00a0R\u00eau, Hoa C\u00fac, H\u1ed5 Ph\u00e1ch<\/li>\n<\/ul>\n<p><img decoding=\"async\" src=\"https:\/\/file.hstatic.net\/200000455999\/file\/tinh_dau_himalaya_bamboo__1__91cb8a34a03849bf8e3541b31ba49a2e_grande.jpg\" alt=\"Tinh d\u1ea7u Himalaya Bamboo\" \/><\/p>\n<hr \/>\n<h2><strong>Th\u00f4ng tin s\u1ea3n ph\u1ea9m Tinh D\u1ea7u Himalaya Bamboo<\/strong><\/h2>\n<ul>\n<li><strong>Th\u00e0nh ph\u1ea7n:<\/strong>\u00a0Nha \u0110am, Chanh, D\u01b0a L\u01b0\u1edbi, Tre, L\u00e1 Xanh, R\u00eau, Hoa C\u00fac, H\u1ed5 Ph\u00e1ch<\/li>\n<li><strong>C\u00f4ng d\u1ee5ng:\u00a0<\/strong>D\u00f9ng \u0111\u1ec3 x\u00f4ng h\u01b0\u01a1ng gi\u00fap t\u1ea1o kh\u00f4ng gian th\u01a1m ng\u00e1t, mang l\u1ea1i c\u1ea3m gi\u00e1c t\u01b0\u01a1i m\u00e1t, s\u1ea3ng kho\u00e1i<\/li>\n<li><strong>Th\u1eddi gian s\u1eed d\u1ee5ng:\u00a0<\/strong>3 n\u0103m<\/li>\n<li><strong>Xu\u1ea5t x\u1ee9:<\/strong>\u00a0USA &#8211; \u0110\u00f3ng g\u00f3i b\u1edfi c\u00f4ng ty TNHH Triple Tree Aroma<\/li>\n<li><strong>M\u00f9i h\u01b0\u01a1ng:\u00a0<\/strong>H\u01b0\u01a1ng th\u01a1m t\u01b0\u01a1i m\u00e1t c\u1ee7a l\u0169y tre v\u00e0o bu\u1ed5i s\u00e1ng s\u1edbm<\/li>\n<\/ul>\n<p><img decoding=\"async\" src=\"https:\/\/file.hstatic.net\/200000455999\/file\/tinh_dau_himalaya_bamboo_0ecee18060ce41f3a1b16e5f0dce698a_grande.jpg\" alt=\"Tinh d\u1ea7u Himalaya Bamboo\" \/><\/p>\n<hr \/>\n<h2><strong>Nh\u1eefng l\u00fd do b\u1ea1n n\u00ean s\u1edf h\u1eefu ngay Tinh d\u1ea7u Himalaya Bamboo\u00a0<\/strong><\/h2>\n<ul>\n<li>Gi\u00fap th\u01b0 gi\u00e3n, gi\u1ea3m b\u1edbt c\u0103ng th\u1eb3ng v\u00e0 lo l\u1eafng<\/li>\n<li>Thanh l\u1ecdc kh\u00f4ng kh\u00ed, t\u1ea1o h\u01b0\u01a1ng th\u01a1m ng\u00e1t<\/li>\n<li>Gi\u00fap kh\u00f4ng gian tr\u1edf n\u00ean th\u01b0 th\u00e1i, d\u1ec5 ch\u1ecbu, s\u1ea3ng kh\u00f3ai<\/li>\n<\/ul>\n<p>&nbsp;<\/p>\n<hr \/>\n<h2><strong>H\u01b0\u1edbng d\u1eabn s\u1eed d\u1ee5ng tinh d\u1ea7u Tinh D\u1ea7u Himalaya Bamboo\u00a0<\/strong><\/h2>\n<p>Nh\u1ecf 5-10 gi\u1ecdt tinh d\u1ea7u v\u00e0o \u0111\u00e8n x\u00f4ng ho\u1eb7c m\u00e1y khu\u1ebfch t\u00e1n tinh d\u1ea7u \u0111\u00e3 c\u00f3 n\u01b0\u1edbc v\u00e0 t\u1eadn h\u01b0\u1edfng kh\u00f4ng gian th\u01a1m m\u00e1t, th\u01b0 gi\u00e3n.<\/p>\n<p><strong>Nh\u1eefng l\u01b0u \u00fd khi s\u1eed d\u1ee5ng:<\/strong><\/p>\n<ul>\n<li>T\u00f9y thu\u1ed9c v\u00e0o k\u00edch th\u01b0\u1edbc c\u1ee7a kh\u00f4ng gian b\u1ea1n mu\u1ed1n x\u00f4ng v\u00e0 n\u1ed3ng \u0111\u1ed9 m\u00f9i h\u01b0\u01a1ng mong mu\u1ed1n m\u00e0 b\u1ea1n c\u00f3 th\u1ec3 \u0111i\u1ec1u ch\u1ec9nh l\u01b0\u1ee3ng tinh d\u1ea7u cho v\u00e0o.<\/li>\n<li>B\u1ea3o qu\u1ea3n n\u01a1i kh\u00f4 m\u00e1t, tr\u00e1nh \u00e1nh n\u1eafng m\u1eb7t tr\u1eddi, c\u00e1c ngu\u1ed3n nhi\u1ec7t<\/li>\n<li>Kh\u00f4ng s\u1eed d\u1ee5ng tr\u1ef1c ti\u1ebfp l\u00ean da, tr\u00e1nh ti\u1ebfp x\u00fac v\u1edbi m\u1eaft, ng\u01b0ng s\u1eed d\u1ee5ng n\u1ebfu c\u00f3 m\u00f9i l\u1ea1 ho\u1eb7c d\u1ecb \u1ee9ng.<\/li>\n<\/ul>\n<table border=\"1\" cellspacing=\"0\" cellpadding=\"20\">\n<tbody>\n<tr>\n<td>\n<h2><strong>Mua tinh d\u1ea7u Tinh D\u1ea7u Himalaya Bamboo ch\u1ea5t l\u01b0\u1ee3ng \u1edf \u0111\u00e2u?<\/strong><\/h2>\n<p>Himalaya \u0111\u01b0a b\u1ea1n v\u00e0o h\u00e0nh tr\u00ecnh tr\u1ea3i nghi\u1ec7m h\u01b0\u01a1ng th\u01a1m \u0111\u1ed9c \u0111\u00e1o v\u00e0 th\u01b0 gi\u00e3n tinh t\u1ebf. Himalaya mang \u0111\u1ebfn cho b\u1ea1n nh\u1eefng s\u1ea3n ph\u1ea9m \u0111\u00e1p \u1ee9ng m\u1ecdi nhu c\u1ea7u v\u1ec1 h\u01b0\u01a1ng th\u01a1m, t\u1eeb th\u01a1m nh\u00e0, th\u01a1m xe, th\u01a1m KS, Spa, Shop,&#8230; cho \u0111\u1ebfn c\u00e1c s\u1ea3n ph\u1ea9m h\u1ed7 tr\u1ee3 ch\u0103m s\u00f3c s\u1ee9c kh\u1ecfe b\u1eb1ng h\u01b0\u01a1ng th\u01a1m t\u1eeb thi\u00ean nhi\u00ean.<\/p>\n<p><strong>Nh\u1eefng l\u00fd do b\u1ea1n n\u00ean l\u1ef1a ch\u1ecdn tinh d\u1ea7u Himalaya:<\/strong><\/p>\n<ul>\n<li><em><strong>Tinh d\u1ea7u ch\u1ea5t l\u01b0\u1ee3ng v\u00e0 an to\u00e0n<\/strong>: Tinh d\u1ea7u Tinh D\u1ea7u Himalaya Bamboo\u00a0 \u0111\u01b0\u1ee3c k\u1ebft h\u1ee3p t\u1eeb nhi\u1ec1u lo\u1ea1i tinh d\u1ea7u nguy\u00ean ch\u1ea5t kh\u00e1c nhau, kh\u00f4ng ch\u1ee9a h\u00f3a ch\u1ea5t \u0111\u1ed9c h\u1ea1i hay ph\u1ee5 gia. B\u1ea1n c\u00f3 th\u1ec3 ho\u00e0n to\u00e0n y\u00ean t\u00e2m v\u1ec1 ch\u1ea5t l\u01b0\u1ee3ng v\u00e0 an to\u00e0n khi s\u1eed d\u1ee5ng.<\/em><\/li>\n<li><em><strong>\u0110a d\u1ea1ng m\u00f9i h\u01b0\u01a1ng:<\/strong>\u00a0Ngo\u00e0i tinh d\u1ea7u Tinh D\u1ea7u Himalaya Bamboo\u00a0 th\u00ec Himalaya c\u00f2n c\u00f3\u00a0 h\u01a1n 40 m\u00f9i h\u01b0\u01a1ng \u0111\u1ed9c \u0111\u00e1o kh\u00e1c, Himalaya \u0111em \u0111\u1ebfn s\u1ef1 l\u1ef1a ch\u1ecdn \u0111a d\u1ea1ng \u0111\u1ec3 b\u1ea1n t\u1eadn h\u01b0\u1edfng m\u00f9i th\u01a1m phong ph\u00fa v\u00e0 \u0111\u1eb7c s\u1eafc cho kh\u00f4ng gian s\u1ed1ng.<\/em><\/li>\n<li><em><strong>Ch\u00ednh s\u00e1ch \u0111\u1ed5i s\u1ea3n ph\u1ea9m:<\/strong>\u00a0H\u00e3y y\u00ean t\u00e2m th\u1eed tr\u1ea3i nghi\u1ec7m h\u01b0\u01a1ng th\u01a1m m\u1edbi m\u1ebb v\u1edbi ch\u00ednh s\u00e1ch \u0111\u1ed5i s\u1ea3n ph\u1ea9m trong v\u00f2ng 7 ng\u00e0y \u0111\u1ea7u ti\u00ean. N\u1ebfu b\u1ea1n kh\u00f4ng h\u00e0i l\u00f2ng v\u1ec1 m\u00f9i h\u01b0\u01a1ng c\u1ee7a tinh d\u1ea7u, ch\u00fang t\u00f4i s\u1ebd h\u1ed7 tr\u1ee3 \u0111\u1ed5i sang s\u1ea3n ph\u1ea9m m\u1edbi c\u00f9ng lo\u1ea1i.<\/em><\/li>\n<li><em><strong>Mi\u1ec5n ph\u00ed v\u1eadn chuy\u1ec3n:\u00a0<\/strong>Mi\u1ec5n ph\u00ed v\u1eadn chuy\u1ec3n cho h\u00f3a \u0111\u01a1n tr\u00ean 500,000 VND t\u1ea1i n\u1ed9i th\u00e0nh TP.HCM v\u00e0 H\u00e0 N\u1ed9i, v\u00e0 t\u1eeb 1,000,000 VND cho ngo\u1ea1i th\u00e0nh.<\/em><\/li>\n<li><em><strong>M\u1ea1ng l\u01b0\u1edbi r\u1ed9ng kh\u1eafp:<\/strong>\u00a0V\u1edbi h\u01a1n 30 c\u1ee7a h\u00e0ng tinh d\u1ea7u tr\u1ea3i d\u00e0i to\u00e0n qu\u1ed1c, gi\u00fap b\u1ea1n d\u1ec5 d\u00e0ng mua s\u1eafm v\u00e0 tr\u1ea3i nghi\u1ec7m h\u01b0\u01a1ng th\u01a1m thi\u00ean nhi\u00ean.<\/em><\/li>\n<\/ul>\n<p>H\u00e3y \u0111\u1ec3 Tinh d\u1ea7u Tinh D\u1ea7u Himalaya Bamboo l\u00e0m n\u00ean \u0111i\u1ec1u k\u1ef3 di\u1ec7u cho kh\u00f4ng gian s\u1ed1ng c\u1ee7a b\u1ea1n ngay h\u00f4m nay!<\/td>\n<\/tr>\n<\/tbody>\n<\/table>\n<\/div>\n<\/div>\n<div class=\"js-seemore ega-pro__seemore text-center pos-relative mt-3 show\"><a class=\"btn btn-main btn-pill mx-auto\" title=\"Thu g\u1ecdn\">Thu g\u1ecdn<\/a><\/div>\n<\/div>\n<div class=\"col-12 col-md-4 pl-0 pl-md-3 product-right pr-0\">\n<div class=\"product-related-blog\"><\/div>\n<\/div>\n","protected":false},"excerpt":{"rendered":"<p><em><strong>Tinh d\u1ea7u Green Bamboo<\/strong><\/em>\u00a0khi\u1ebfn ng\u01b0\u1eddi d\u00f9ng c\u00f3 c\u1ea3m gi\u00e1c ng\u1eedi th\u1ea5y\u00a0<em><strong>m\u00f9i \u1ea9m c\u1ee7a gi\u00f3 khi \u0111i trong r\u1eebng tre v\u00e0o bu\u1ed5i s\u00e1ng. C\u0169ng c\u00f3 \u0111\u00f4i khi gi\u1ed1ng nh\u01b0 ki\u1ec3u ng\u1eedi th\u1ea5y m\u00f9i m\u01b0a m\u00f9a h\u00e8 \u1edf n\u00f4ng th\u00f4n.<\/strong><\/em>\u00a0M\u00f9i c\u00f3 v\u1ebb nh\u1ea1t nh\u00f2a, c\u00f3 v\u1ebb nh\u01b0 kh\u00f4ng c\u00f3 g\u00ec nh\u01b0ng l\u1ea1i cho ng\u01b0\u1eddi th\u01b0\u1edfng th\u1ee9c m\u1ed9t c\u1ea3m gi\u00e1c y\u00ean t\u0129nh v\u00e0 du d\u01b0\u01a1ng.<\/p>\n<ul>\n<li>&nbsp;<\/li>\n<\/ul>\n","protected":false},"featured_media":5263,"comment_status":"open","ping_status":"closed","template":"","meta":[],"product_cat":[128],"product_tag":[144],"class_list":["post-5262","product","type-product","status-publish","has-post-thumbnail","hentry","product_cat-tinh-dau","product_tag-bamboo"],"aioseo_notices":[],"_links":{"self":[{"href":"https:\/\/tiemtaphoa.xyz\/index.php\/wp-json\/wp\/v2\/product\/5262"}],"collection":[{"href":"https:\/\/tiemtaphoa.xyz\/index.php\/wp-json\/wp\/v2\/product"}],"about":[{"href":"https:\/\/tiemtaphoa.xyz\/index.php\/wp-json\/wp\/v2\/types\/product"}],"replies":[{"embeddable":true,"href":"https:\/\/tiemtaphoa.xyz\/index.php\/wp-json\/wp\/v2\/comments?post=5262"}],"wp:featuredmedia":[{"embeddable":true,"href":"https:\/\/tiemtaphoa.xyz\/index.php\/wp-json\/wp\/v2\/media\/5263"}],"wp:attachment":[{"href":"https:\/\/tiemtaphoa.xyz\/index.php\/wp-json\/wp\/v2\/media?parent=5262"}],"wp:term":[{"taxonomy":"product_cat","embeddable":true,"href":"https:\/\/tiemtaphoa.xyz\/index.php\/wp-json\/wp\/v2\/product_cat?post=5262"},{"taxonomy":"product_tag","embeddable":true,"href":"https:\/\/tiemtaphoa.xyz\/index.php\/wp-json\/wp\/v2\/product_tag?post=5262"}],"curies":[{"name":"wp","href":"https:\/\/api.w.org\/{rel}","templated":true}]}}