{"id":5274,"date":"2023-09-27T11:02:35","date_gmt":"2023-09-27T04:02:35","guid":{"rendered":"https:\/\/webbachhoa.com\/?post_type=product&#038;p=5274"},"modified":"2023-09-27T11:03:47","modified_gmt":"2023-09-27T04:03:47","slug":"nen-thom-himalaya-amber-noir-2-bac","status":"publish","type":"product","link":"https:\/\/tiemtaphoa.xyz\/index.php\/product\/nen-thom-himalaya-amber-noir-2-bac\/","title":{"rendered":"N\u1ebfn Th\u01a1m Himalaya Amber Noir (2 b\u1ea5c)"},"content":{"rendered":"<p><strong>N\u1ebfn th\u01a1m\u00a0Amber Noir<\/strong>\u00a0l\u00e0 l\u1edbp h\u01b0\u01a1ng \u0111\u1ea7u ng\u1ecdt ng\u00e0o v\u00e0 g\u1ee3i c\u1ea3m c\u1ee7a m\u1eadn tr\u00e1i c\u00e2y v\u00e0 cam qu\u00fdt k\u1ebft h\u1ee3p v\u1edbi h\u01b0\u01a1ng h\u1ed5 ph\u00e1ch v\u00e0 hoa nh\u00e0i n\u1ed3ng n\u00e0n, \u0111\u1ecdng l\u1ea1i tr\u00ean h\u01b0\u01a1ng cu\u1ed1i c\u1ee7a x\u1ea1 h\u01b0\u01a1ng v\u00e0 Amyris.\u00a0<strong>M\u00f9i h\u01b0\u01a1ng\u00a0n\u00e0y c\u00f3 s\u1ee9c h\u1ea5p d\u1eabn, ph\u00f9 h\u1ee3p x\u00f4ng h\u01b0\u01a1ng cho ng\u00f4i nh\u00e0 trong su\u1ed1t c\u1ea3 n\u0103m<\/strong>.<\/p>\n<p>Trong \u0111\u00f3 tinh d\u1ea7u Qu\u00fdt<strong>\u00a0l\u00e0\u00a0ch\u1ea5t ch\u1ed1ng oxy h\u00f3a m\u1ea1nh m\u1ebd c\u0169ng nh\u01b0 l\u00e0m gi\u1ea3m c\u0103ng th\u1eb3ng v\u00e0 m\u1ec7t m\u1ecfi th\u1ea7n kinh<\/strong>. Tinh d\u1ea7u h\u1ed5 ph\u00e1ch\u00a0\u0111\u01b0\u1ee3c\u00a0<strong>s\u1eed d\u1ee5ng h\u1ed7 tr\u1ee3 l\u00e0m d\u1ecbu t\u00e2m tr\u00ed, gi\u00fap l\u00e0m gi\u1ea3m b\u1edbt c\u0103ng th\u1eb3ng v\u00e0 m\u1ec7t m\u1ecfi d\u00f9ng \u0111\u1ec3 cung c\u1ea5p m\u1ed9t tinh th\u1ea7n s\u00e1ng su\u1ed1t v\u00e0 th\u1ee9c t\u1ec9nh<\/strong>.<\/p>\n<p>Tinh d\u1ea7u hoa nh\u00e0i\u00a0l\u00e0 t\u00e1c nh\u00e2n t\u1ef1 nhi\u00ean h\u1ed7 tr\u1ee3\u00a0<strong>gi\u1ea3m c\u0103ng th\u1eb3ng\u00a0\u0111\u01b0\u1ee3c s\u1eed d\u1ee5ng nh\u01b0 thu\u1ed1c an th\u1ea7n, c\u00f2n c\u00f3 th\u1ec3 gi\u00fap l\u00e0m m\u1edd ho\u1eb7c lo\u1ea1i b\u1ecf s\u1eb9o cho da<\/strong>.<\/p>\n<p>Do \u0111\u00f3\u00a0<strong>N\u1ebfn th\u01a1m\u00a0Amber Noir<\/strong>\u00a0t\u1ea1o n\u00ean t\u1eeb nhi\u1ec1u lo\u1ea1i tinh d\u1ea7u nguy\u00ean ch\u1ea5t r\u1ea5t ph\u00f9 h\u1ee3p cho nh\u1eefng kh\u00f4ng gian ngh\u1ec9 ng\u01a1i ho\u1eb7c b\u1ea1n c\u00f3 th\u1ec3 s\u1eed d\u1ee5ng \u0111\u1ec3 t\u1ea1o ra m\u1ed9t ph\u00f2ng Spa th\u01b0 gi\u00e3n t\u1ea1i nh\u00e0, th\u1eadm ch\u00ed ch\u1ec9 c\u1ea7n nh\u1ecf v\u00e0i gi\u1ecdt tinh d\u1ea7u l\u00ean kh\u0103n gi\u1ea5y \u1ea9m\u00a0v\u00e0 \u0111\u1ec3 l\u00ean m\u00e1y \u0111i\u1ec1u h\u00f2a ho\u1eb7c qu\u1ea1t m\u00e1y s\u1ebd gi\u00fap h\u01b0\u01a1ng th\u01a1m d\u1ec5 ch\u1ecbu bay kh\u1eafp ph\u00f2ng khi\u1ebfn t\u00e2m tr\u00ed b\u1ea1n th\u01b0 gi\u1ea3n tho\u1ea3i m\u00e1i sau m\u1ed9t ng\u00e0y d\u00e0i m\u1ec7t m\u1ecfi.<\/p>\n<p><strong>Gi\u00fap gi\u1ea3m c\u0103ng th\u1eb3ng v\u00e0 m\u1ec7t m\u1ecfi, mang l\u1ea1i tinh th\u1ea7n minh m\u1eabn v\u00e0 t\u1ec9nh t\u00e1o.<\/strong><\/p>\n<p><strong>H\u01b0\u01a1ng \u0111\u1ea7u:<\/strong>\u00a0Cam qu\u00fdt, m\u1eadn<\/p>\n<p><strong>H\u01b0\u01a1ng gi\u1eefa:<\/strong>\u00a0Hoa nh\u00e0i, h\u1ed5 ph\u00e1ch<\/p>\n<p><strong>H\u01b0\u01a1ng cu\u1ed1i:<\/strong>\u00a0Benzoin, amyris, x\u1ea1 h\u01b0\u01a1ng \u0111en<\/p>\n<hr \/>\n<p><strong>Th\u00e0nh ph\u1ea7n:<\/strong>\u00a0S\u00e1p Ong, S\u00e1p C\u1ecd, Tinh D\u1ea7u<br \/>\n<strong>C\u00f4ng d\u1ee5ng:<\/strong>\u00a0T\u1ea1o H\u01b0\u01a1ng Th\u01a1m, Th\u1eafp S\u00e1ng<br \/>\n<strong>Th\u1eddi gian ch\u00e1y:<\/strong>\u00a060 &#8211; 70\u00a0gi\u1edd\u00a0(Size 400g) \/ 80\u00a0&#8211; 90 gi\u1edd (Size 600g)<br \/>\n<strong>H\u01b0\u1edbng d\u1eabn s\u1eed d\u1ee5ng:<\/strong>\u00a0C\u1eaft b\u1edbt c\u00f2n 0.5cm tr\u01b0\u1edbc khi \u0111\u1ed1t, l\u1ea7n \u0111\u1ea7u \u0111\u1ed1t li\u00ean t\u1ee5c trong 2h, ng\u01b0ng \u0111\u1ed1t khi s\u00e1p ch\u1ec9 c\u00f2n 1 cm d\u01b0\u1edbi \u0111\u00e1y<br \/>\n<strong>B\u1ea3o qu\u1ea3n:<\/strong>\u00a0N\u01a1i kh\u00f4 m\u00e1t, tr\u00e1nh \u00e1nh n\u1eafng m\u1eb7t tr\u1eddi<br \/>\n<strong>Th\u00f4ng tin c\u1ea3nh b\u00e1o:<\/strong>\u00a0Ch\u1ec9 \u0111\u1ed1t n\u1ebfn trong t\u1ea7m nh\u00ecn, kh\u00f4ng \u0111\u1ec3 tr\u00ean b\u1ec1 m\u1eb7t n\u1ed9i th\u1ea5t c\u00f3 s\u01a1n, n\u00ean s\u1eed d\u1ee5ng \u0111\u0129a l\u00f3t c\u00e1ch nhi\u1ec7t, \u0111\u1ec3 xa v\u1eadt d\u1ec5 b\u1eaft ch\u00e1y, xa t\u1ea7m tay tr\u1ebb em, v\u1eadt nu\u00f4i<\/p>\n","protected":false},"excerpt":{"rendered":"<p><strong>N\u1ebfn th\u01a1m\u00a0Amber Noir<\/strong>\u00a0l\u00e0 l\u1edbp h\u01b0\u01a1ng \u0111\u1ea7u ng\u1ecdt ng\u00e0o v\u00e0 g\u1ee3i c\u1ea3m c\u1ee7a m\u1eadn tr\u00e1i c\u00e2y v\u00e0 cam qu\u00fdt k\u1ebft h\u1ee3p v\u1edbi h\u01b0\u01a1ng h\u1ed5 ph\u00e1ch v\u00e0 hoa nh\u00e0i n\u1ed3ng n\u00e0n, \u0111\u1ecdng l\u1ea1i tr\u00ean h\u01b0\u01a1ng cu\u1ed1i c\u1ee7a x\u1ea1 h\u01b0\u01a1ng v\u00e0 Amyris.\u00a0<strong>M\u00f9i h\u01b0\u01a1ng\u00a0n\u00e0y c\u00f3 s\u1ee9c h\u1ea5p d\u1eabn, ph\u00f9 h\u1ee3p x\u00f4ng h\u01b0\u01a1ng cho ng\u00f4i nh\u00e0 trong su\u1ed1t c\u1ea3 n\u0103m<\/strong>.<\/p>\n","protected":false},"featured_media":5275,"comment_status":"open","ping_status":"closed","template":"","meta":[],"product_cat":[129,15],"product_tag":[146],"class_list":["post-5274","product","type-product","status-publish","has-post-thumbnail","hentry","product_cat-nen-thom","product_cat-san-pham-moi","product_tag-nen-thom-himalaya-amber-noir-2-bac"],"aioseo_notices":[],"_links":{"self":[{"href":"https:\/\/tiemtaphoa.xyz\/index.php\/wp-json\/wp\/v2\/product\/5274"}],"collection":[{"href":"https:\/\/tiemtaphoa.xyz\/index.php\/wp-json\/wp\/v2\/product"}],"about":[{"href":"https:\/\/tiemtaphoa.xyz\/index.php\/wp-json\/wp\/v2\/types\/product"}],"replies":[{"embeddable":true,"href":"https:\/\/tiemtaphoa.xyz\/index.php\/wp-json\/wp\/v2\/comments?post=5274"}],"wp:featuredmedia":[{"embeddable":true,"href":"https:\/\/tiemtaphoa.xyz\/index.php\/wp-json\/wp\/v2\/media\/5275"}],"wp:attachment":[{"href":"https:\/\/tiemtaphoa.xyz\/index.php\/wp-json\/wp\/v2\/media?parent=5274"}],"wp:term":[{"taxonomy":"product_cat","embeddable":true,"href":"https:\/\/tiemtaphoa.xyz\/index.php\/wp-json\/wp\/v2\/product_cat?post=5274"},{"taxonomy":"product_tag","embeddable":true,"href":"https:\/\/tiemtaphoa.xyz\/index.php\/wp-json\/wp\/v2\/product_tag?post=5274"}],"curies":[{"name":"wp","href":"https:\/\/api.w.org\/{rel}","templated":true}]}}