{"id":5280,"date":"2023-09-27T11:29:09","date_gmt":"2023-09-27T04:29:09","guid":{"rendered":"https:\/\/webbachhoa.com\/?post_type=product&#038;p=5280"},"modified":"2023-09-27T11:29:09","modified_gmt":"2023-09-27T04:29:09","slug":"nen-thom-himalaya-cinnamon-stick-140g","status":"publish","type":"product","link":"https:\/\/tiemtaphoa.xyz\/index.php\/product\/nen-thom-himalaya-cinnamon-stick-140g\/","title":{"rendered":"N\u1ebfn Th\u01a1m Himalaya Cinnamon Stick (140g)"},"content":{"rendered":"<div class=\"mb-3 mb-sm-0 col-12 col-md-8 product-content js-content-wrapper card border-0\">\n<div id=\"ega-uti-editable-content\" class=\"rte js-product-getcontent product_getcontent pos-relative\" data-platform=\"haravan\" data-id=\"1045185522\">\n<div id=\"content\" class=\"content js-content\">\n<p>\u0110\u00fang nh\u01b0 m\u00f9i \u0111\u1eb7c bi\u1ec7t c\u1ee7a\u00a0thanh qu\u1ebf, m\u00f9i h\u01b0\u01a1ng g\u1ed7 m\u1ea1nh m\u1ebd n\u00e0y c\u00f3 th\u1ec3 t\u1ef1 bay l\u00ean ho\u1eb7c pha tr\u1ed9n v\u1edbi c\u00e1c lo\u1ea1i n\u01b0\u1edbc hoa kh\u00e1c \u0111\u1ec3 t\u1ea1o th\u00eam s\u1ef1 bi\u1ebfn h\u00f3a. Cinnamon Stick l\u00e0 s\u1ef1 k\u1ebft h\u1ee3p c\u1ee7a L\u00e1 qu\u1ebf v\u00e0 h\u1ea1t nh\u1ee5c \u0111\u1eadu kh\u1ea5u n\u01b0\u1edbng khi\u1ebfn n\u1ed1t\u00a0h\u01b0\u01a1ng \u0111\u1ea7u \u1ea5m \u00e1p v\u00e0 d\u1ec5 ch\u1ecbu. Sau \u0111\u00f3, n\u1ed1t h\u01b0\u01a1ng gi\u1eefa qu\u1ebf t\u01b0\u01a1i xay v\u00e0 m\u1ed9t ch\u00fat \u0111inh h\u01b0\u01a1ng nghi\u1ec1n v\u00e0 n\u1ed1t h\u01b0\u01a1ng cu\u1ed1i\u00a0\u00a0ch\u00ednh l\u00e0 m\u00f9i h\u01b0\u01a1ng c\u1ee7a qu\u1ebf, g\u1ed7 ch\u1ea1m v\u00e0o vani, tonka t\u1ea1o ra m\u1ed9t n\u1ed1t h\u01b0\u01a1ng khi\u1ebfn ng\u01b0\u1eddi ta mu\u1ed1n h\u00edt h\u00e0 m\u00e3i s\u1ef1 n\u1ed3ng \u1ea5m \u00e1p v\u00e0 pha ch\u00fat ng\u1ecdt d\u1ecbu \u1ea5y.<\/p>\n<p>M\u00f9i h\u01b0\u01a1ng Cinnamon Stick quy\u1ebfn r\u0169, l\u00e0 &#8220;gia v\u1ecb&#8221; t\u1ea1o ra m\u1ed9t b\u1ea7u kh\u00f4ng kh\u00ed \u1ea5m c\u00fang trong kh\u00f4ng gian th\u00e2n m\u1eadt h\u01a1n. H\u01b0\u01a1ng th\u01a1m ho\u00e0i c\u1ed5 n\u00e0y g\u1ee3i l\u00ean nh\u1eefng k\u1ef7 ni\u1ec7m v\u1ec1 nh\u1eefng bu\u1ed5i h\u1ecdp m\u1eb7t trong k\u1ef3 ngh\u1ec9, s\u1ef1 \u1ea5m \u00e1p khi \u0111\u01b0\u1ee3c \u1edf b\u00ean c\u1ea1nh nh\u1eefng ng\u01b0\u1eddi th\u00e2n y\u00eau v\u00e0 l\u00e0 m\u1ed9t s\u1ef1 b\u1ed5 sung ho\u00e0n h\u1ea3o trong l\u1ec5 h\u1ed9i cho b\u1ea5t k\u1ef3 d\u1ecbp n\u00e0o.<\/p>\n<p>H\u01b0\u01a1ng \u0111\u1ea7u: Qu\u1ebf, nh\u1ee5c \u0111\u1eadu kh\u1ea5u<br \/>\nH\u01b0\u01a1ng gi\u1eefa: \u0110inh h\u01b0\u01a1ng, qu\u1ebf<br \/>\nH\u01b0\u01a1ng cu\u1ed1i: G\u1ed7, vani, tonka, qu\u1ebf<\/p>\n<hr \/>\n<p><strong>Th\u00e0nh ph\u1ea7n:\u00a0<\/strong>S\u00e1p Ong, S\u00e1p C\u1ecd, Tinh D\u1ea7u<\/p>\n<p><strong>Xu\u1ea5t x\u1ee9:\u00a0<\/strong>Vi\u1ec7t Nam<\/p>\n<p><strong>C\u00f4ng d\u1ee5ng:<\/strong>\u00a0T\u1ea1o H\u01b0\u01a1ng Th\u01a1m, Th\u1eafp S\u00e1ng<\/p>\n<p><strong>Kh\u1ed1i l\u01b0\u1ee3ng:<\/strong>\u00a0140g<\/p>\n<p><strong>Th\u1eddi gian ch\u00e1y:<\/strong>\u00a030gi\u1edd &#8211; Di\u1ec7n t\u00edch ph\u00f2ng ph\u00f9 h\u1ee3p: 15m\u00b2 &#8211; 20m\u00b2<\/p>\n<p><strong>H\u01b0\u1edbng d\u1eabn s\u1eed d\u1ee5ng:<\/strong>\u00a0C\u1eaft b\u1ea5c c\u00f2n 0.5cm tr\u01b0\u1edbc khi \u0111\u1ed1t, l\u1ea7n \u0111\u1ea7u \u0111\u1ed1t li\u00ean t\u1ee5c trong 2h, ng\u01b0ng \u0111\u1ed1t khi s\u00e1p ch\u1ec9 c\u00f2n 1 cm d\u01b0\u1edbi \u0111\u00e1y<\/p>\n<p><strong>B\u1ea3o qu\u1ea3n:<\/strong>\u00a0N\u01a1i kh\u00f4 m\u00e1t, tr\u00e1nh \u00e1nh n\u1eafng m\u1eb7t tr\u1eddi<\/p>\n<p><strong>Th\u00f4ng tin c\u1ea3nh b\u00e1o:<\/strong>\u00a0Ch\u1ec9 \u0111\u1ed1t n\u1ebfn trong t\u1ea7m nh\u00ecn, kh\u00f4ng \u0111\u1ec3 tr\u00ean b\u1ec1 m\u1eb7t n\u1ed9i th\u1ea5t c\u00f3 s\u01a1n, n\u00ean s\u1eed d\u1ee5ng \u0111\u0129a l\u00f3t c\u00e1ch nhi\u1ec7t, \u0111\u1ec3 xa v\u1eadt d\u1ec5 b\u1eaft ch\u00e1y, xa t\u1ea7m tay tr\u1ebb em, v\u1eadt nu\u00f4i<\/p>\n<\/div>\n<\/div>\n<div class=\"js-seemore ega-pro__seemore text-center pos-relative mt-3 show\"><a class=\"btn btn-main btn-pill mx-auto\" title=\"Thu g\u1ecdn\">Thu g\u1ecdn<\/a><\/div>\n<\/div>\n<div class=\"col-12 col-md-4 pl-0 pl-md-3 product-right pr-0\">\n<div class=\"product-related-blog\"><\/div>\n<\/div>\n","protected":false},"excerpt":{"rendered":"<p>\u0110\u00fang nh\u01b0 m\u00f9i \u0111\u1eb7c bi\u1ec7t c\u1ee7a\u00a0thanh qu\u1ebf, m\u00f9i h\u01b0\u01a1ng g\u1ed7 m\u1ea1nh m\u1ebd n\u00e0y c\u00f3 th\u1ec3 t\u1ef1 bay l\u00ean ho\u1eb7c pha tr\u1ed9n v\u1edbi c\u00e1c lo\u1ea1i n\u01b0\u1edbc hoa kh\u00e1c \u0111\u1ec3 t\u1ea1o th\u00eam s\u1ef1 bi\u1ebfn h\u00f3a. Cinnamon Stick l\u00e0 s\u1ef1 k\u1ebft h\u1ee3p c\u1ee7a L\u00e1 qu\u1ebf v\u00e0 h\u1ea1t nh\u1ee5c \u0111\u1eadu kh\u1ea5u n\u01b0\u1edbng khi\u1ebfn n\u1ed1t\u00a0h\u01b0\u01a1ng \u0111\u1ea7u \u1ea5m \u00e1p v\u00e0 d\u1ec5 ch\u1ecbu. Sau \u0111\u00f3, n\u1ed1t h\u01b0\u01a1ng gi\u1eefa qu\u1ebf t\u01b0\u01a1i xay v\u00e0 m\u1ed9t ch\u00fat \u0111inh h\u01b0\u01a1ng nghi\u1ec1n v\u00e0 n\u1ed1t h\u01b0\u01a1ng cu\u1ed1i\u00a0\u00a0ch\u00ednh l\u00e0 m\u00f9i h\u01b0\u01a1ng c\u1ee7a qu\u1ebf, g\u1ed7 ch\u1ea1m v\u00e0o vani, tonka t\u1ea1o ra m\u1ed9t n\u1ed1t h\u01b0\u01a1ng khi\u1ebfn ng\u01b0\u1eddi ta mu\u1ed1n h\u00edt h\u00e0 m\u00e3i s\u1ef1 n\u1ed3ng \u1ea5m \u00e1p v\u00e0 pha ch\u00fat ng\u1ecdt d\u1ecbu \u1ea5y.<\/p>\n","protected":false},"featured_media":5281,"comment_status":"open","ping_status":"closed","template":"","meta":[],"product_cat":[129],"product_tag":[148],"class_list":["post-5280","product","type-product","status-publish","has-post-thumbnail","hentry","product_cat-nen-thom","product_tag-nen-thom-himalaya-cinnamon-stick"],"aioseo_notices":[],"_links":{"self":[{"href":"https:\/\/tiemtaphoa.xyz\/index.php\/wp-json\/wp\/v2\/product\/5280"}],"collection":[{"href":"https:\/\/tiemtaphoa.xyz\/index.php\/wp-json\/wp\/v2\/product"}],"about":[{"href":"https:\/\/tiemtaphoa.xyz\/index.php\/wp-json\/wp\/v2\/types\/product"}],"replies":[{"embeddable":true,"href":"https:\/\/tiemtaphoa.xyz\/index.php\/wp-json\/wp\/v2\/comments?post=5280"}],"wp:featuredmedia":[{"embeddable":true,"href":"https:\/\/tiemtaphoa.xyz\/index.php\/wp-json\/wp\/v2\/media\/5281"}],"wp:attachment":[{"href":"https:\/\/tiemtaphoa.xyz\/index.php\/wp-json\/wp\/v2\/media?parent=5280"}],"wp:term":[{"taxonomy":"product_cat","embeddable":true,"href":"https:\/\/tiemtaphoa.xyz\/index.php\/wp-json\/wp\/v2\/product_cat?post=5280"},{"taxonomy":"product_tag","embeddable":true,"href":"https:\/\/tiemtaphoa.xyz\/index.php\/wp-json\/wp\/v2\/product_tag?post=5280"}],"curies":[{"name":"wp","href":"https:\/\/api.w.org\/{rel}","templated":true}]}}