{"id":5283,"date":"2023-09-27T11:32:12","date_gmt":"2023-09-27T04:32:12","guid":{"rendered":"https:\/\/webbachhoa.com\/?post_type=product&#038;p=5283"},"modified":"2023-09-27T11:32:12","modified_gmt":"2023-09-27T04:32:12","slug":"nen-thom-himalaya-honeysuckle-jasmine-2-bac","status":"publish","type":"product","link":"https:\/\/tiemtaphoa.xyz\/index.php\/product\/nen-thom-himalaya-honeysuckle-jasmine-2-bac\/","title":{"rendered":"N\u1ebfn Th\u01a1m Himalaya Honeysuckle &#038; Jasmine (2 b\u1ea5c)"},"content":{"rendered":"<p><strong>Honeysuckle Jasmine mang h\u01b0\u01a1ng th\u01a1m hoa ng\u1ecdt ng\u00e0o nh\u01b0 m\u1eadt ong, s\u1ebd khi\u1ebfn b\u1ea1n nh\u01b0 tr\u1ea3i qua m\u1ed9t m\u00f9a h\u00e8 \u1edf mi\u1ec1n Nam Hoa K\u1ef3<\/strong><\/p>\n<p>H\u01b0\u01a1ng th\u01a1m nh\u1eb9 nh\u00e0ng, m\u01a1 m\u1ed9ng n\u00e0y m\u1edf ra v\u1edbi h\u01b0\u01a1ng \u0111\u1ea7u c\u1ee7a chanh v\u00e0 g\u1eebng tr\u01b0\u1edbc khi nh\u01b0\u1eddng ch\u1ed7 cho h\u01b0\u01a1ng hoa nh\u00e0i v\u00e0 kim ng\u00e2n. Cu\u1ed1i c\u00f9ng l\u00e0 m\u1ed9t ch\u00fat h\u01b0\u01a1ng violet, power v\u00e0 amyris h\u00f2a quy\u1ec7n v\u1edbi h\u01b0\u01a1ng g\u1ed7 trong h\u01b0\u01a1ng th\u01a1m hoa c\u1ecf tr\u00f2n tr\u1ecba n\u00e0y.<\/p>\n<p><strong>Honeysuckle Jasmine<\/strong>\u00a0l\u00e0 m\u1ed9t h\u01b0\u01a1ng th\u01a1m ng\u1ecdt ng\u00e0o, tan ch\u1ea3y trong m\u00f9a xu\u00e2n v\u00e0 m\u00f9a h\u00e8, v\u00e0 l\u00e0 m\u1ed9t lo\u00e0i hoa quy\u1ebfn r\u0169 \u0111\u1ec3 mang theo quanh n\u0103m.<\/p>\n<p><strong>H\u01b0\u01a1ng \u0111\u1ea7u:<\/strong>\u00a0Chanh, G\u1eebng<br \/>\n<strong>H\u01b0\u01a1ng gi\u1eefa:<\/strong>\u00a0Hoa nh\u00e0i, Kim ng\u00e2n<br \/>\n<strong>H\u01b0\u01a1ng cu\u1ed1i:<\/strong>\u00a0G\u1ed7, Violet, Amyris<\/p>\n<hr \/>\n<p><strong>Th\u00e0nh ph\u1ea7n:<\/strong>\u00a0S\u00e1p Ong, S\u00e1p C\u1ecd, Tinh D\u1ea7u<br \/>\n<strong>C\u00f4ng d\u1ee5ng:<\/strong>\u00a0T\u1ea1o H\u01b0\u01a1ng Th\u01a1m, Th\u1eafp S\u00e1ng<br \/>\n<strong>Th\u1eddi gian ch\u00e1y:<\/strong>\u00a060 &#8211; 70\u00a0gi\u1edd\u00a0(Size 400g) \/ 80\u00a0&#8211; 90 gi\u1edd (Size 600g)<br \/>\n<strong>H\u01b0\u1edbng d\u1eabn s\u1eed d\u1ee5ng:<\/strong>\u00a0C\u1eaft b\u1edbt c\u00f2n 0.5cm tr\u01b0\u1edbc khi \u0111\u1ed1t, l\u1ea7n \u0111\u1ea7u \u0111\u1ed1t li\u00ean t\u1ee5c trong 2h, ng\u01b0ng \u0111\u1ed1t khi s\u00e1p ch\u1ec9 c\u00f2n 1 cm d\u01b0\u1edbi \u0111\u00e1y<br \/>\n<strong>B\u1ea3o qu\u1ea3n:<\/strong>\u00a0N\u01a1i kh\u00f4 m\u00e1t, tr\u00e1nh \u00e1nh n\u1eafng m\u1eb7t tr\u1eddi<br \/>\n<strong>Th\u00f4ng tin c\u1ea3nh b\u00e1o:<\/strong>\u00a0Ch\u1ec9 \u0111\u1ed1t n\u1ebfn trong t\u1ea7m nh\u00ecn, kh\u00f4ng \u0111\u1ec3 tr\u00ean b\u1ec1 m\u1eb7t n\u1ed9i th\u1ea5t c\u00f3 s\u01a1n, n\u00ean s\u1eed d\u1ee5ng \u0111\u0129a l\u00f3t c\u00e1ch nhi\u1ec7t, \u0111\u1ec3 xa v\u1eadt d\u1ec5 b\u1eaft ch\u00e1y, xa t\u1ea7m tay tr\u1ebb em, v\u1eadt nu\u00f4i<\/p>\n","protected":false},"excerpt":{"rendered":"<p><strong>Honeysuckle Jasmine mang h\u01b0\u01a1ng th\u01a1m hoa ng\u1ecdt ng\u00e0o nh\u01b0 m\u1eadt ong, s\u1ebd khi\u1ebfn b\u1ea1n nh\u01b0 tr\u1ea3i qua m\u1ed9t m\u00f9a h\u00e8 \u1edf mi\u1ec1n Nam Hoa K\u1ef3<\/strong><\/p>\n<p>H\u01b0\u01a1ng th\u01a1m nh\u1eb9 nh\u00e0ng, m\u01a1 m\u1ed9ng n\u00e0y m\u1edf ra v\u1edbi h\u01b0\u01a1ng \u0111\u1ea7u c\u1ee7a chanh v\u00e0 g\u1eebng tr\u01b0\u1edbc khi nh\u01b0\u1eddng ch\u1ed7 cho h\u01b0\u01a1ng hoa nh\u00e0i v\u00e0 kim ng\u00e2n. Cu\u1ed1i c\u00f9ng l\u00e0 m\u1ed9t ch\u00fat h\u01b0\u01a1ng violet, power v\u00e0 amyris h\u00f2a quy\u1ec7n v\u1edbi h\u01b0\u01a1ng g\u1ed7 trong h\u01b0\u01a1ng th\u01a1m hoa c\u1ecf tr\u00f2n tr\u1ecba n\u00e0y.<\/p>\n","protected":false},"featured_media":5284,"comment_status":"open","ping_status":"closed","template":"","meta":[],"product_cat":[129],"product_tag":[149],"class_list":["post-5283","product","type-product","status-publish","has-post-thumbnail","hentry","product_cat-nen-thom","product_tag-nen-thom-himalaya-honeysuckle-jasmine"],"aioseo_notices":[],"_links":{"self":[{"href":"https:\/\/tiemtaphoa.xyz\/index.php\/wp-json\/wp\/v2\/product\/5283"}],"collection":[{"href":"https:\/\/tiemtaphoa.xyz\/index.php\/wp-json\/wp\/v2\/product"}],"about":[{"href":"https:\/\/tiemtaphoa.xyz\/index.php\/wp-json\/wp\/v2\/types\/product"}],"replies":[{"embeddable":true,"href":"https:\/\/tiemtaphoa.xyz\/index.php\/wp-json\/wp\/v2\/comments?post=5283"}],"wp:featuredmedia":[{"embeddable":true,"href":"https:\/\/tiemtaphoa.xyz\/index.php\/wp-json\/wp\/v2\/media\/5284"}],"wp:attachment":[{"href":"https:\/\/tiemtaphoa.xyz\/index.php\/wp-json\/wp\/v2\/media?parent=5283"}],"wp:term":[{"taxonomy":"product_cat","embeddable":true,"href":"https:\/\/tiemtaphoa.xyz\/index.php\/wp-json\/wp\/v2\/product_cat?post=5283"},{"taxonomy":"product_tag","embeddable":true,"href":"https:\/\/tiemtaphoa.xyz\/index.php\/wp-json\/wp\/v2\/product_tag?post=5283"}],"curies":[{"name":"wp","href":"https:\/\/api.w.org\/{rel}","templated":true}]}}