{"id":5286,"date":"2023-09-27T16:12:51","date_gmt":"2023-09-27T09:12:51","guid":{"rendered":"https:\/\/webbachhoa.com\/?post_type=product&#038;p=5286"},"modified":"2023-09-27T16:12:51","modified_gmt":"2023-09-27T09:12:51","slug":"nen-thom-himalaya-sea-salt-orchid-140g","status":"publish","type":"product","link":"https:\/\/tiemtaphoa.xyz\/index.php\/product\/nen-thom-himalaya-sea-salt-orchid-140g\/","title":{"rendered":"N\u1ebfn Th\u01a1m Himalaya Sea salt &#038; Orchid (140g)"},"content":{"rendered":"<div class=\"mb-3 mb-sm-0 col-12 col-md-8 product-content js-content-wrapper card border-0\">\n<div id=\"ega-uti-editable-content\" class=\"rte js-product-getcontent product_getcontent pos-relative\" data-platform=\"haravan\" data-id=\"1045183576\">\n<div id=\"content\" class=\"content js-content\">\n<p>Sea Salt v\u00e0 Orchid\u00a0l\u00e0 s\u1ef1 pha tr\u1ed9n m\u01b0\u1ee3t m\u00e0 v\u00e0 tao nh\u00e3 gi\u1eefa\u00a0h\u01b0\u01a1ng hoa lan\u00a0m\u1ec1m m\u1ea1i\u00a0v\u1edbi nh\u1eefng \u0111i\u1ec3m n\u1ed5i b\u1eadt c\u1ee7a\u00a0mu\u1ed1i mang l\u1ea1i m\u1ed9t m\u00f9i h\u01b0\u01a1ng tinh t\u1ebf v\u00e0 thanh l\u1ecbch. H\u01b0\u01a1ng \u0111\u1ea7u ozonic s\u1eafc n\u00e9t h\u00f2a quy\u1ec7n v\u1edbi h\u01b0\u01a1ng gi\u1eefa c\u1ee7a mu\u1ed1i bi\u1ec3n, l\u00e1 xanh t\u01b0\u01a1i v\u00e0 lan Nam Phi say \u0111\u1eafm, t\u1ea5t c\u1ea3 n\u1eb1m tr\u00ean h\u01b0\u01a1ng cu\u1ed1i th\u01b0 gi\u00e3n c\u1ee7a \u0111\u1eadu tonka, h\u1ed5 ph\u00e1ch v\u00e0 m\u1ed9t ch\u00fat x\u1ea1 h\u01b0\u01a1ng.\u00a0H\u01b0\u01a1ng th\u01a1m khi\u1ebfn b\u1ea1n t\u01b0\u1edfng t\u01b0\u1ee3ng m\u00ecnh \u0111ang n\u1eb1m tr\u00ean m\u1ed9t b\u00e3i bi\u1ec3n \u0111\u1ea7y th\u01a1 m\u1ed9ng.<\/p>\n<p>H\u01b0\u01a1ng gi\u1eefa t\u1ee5 h\u1ed9i c\u1ee7a nh\u1eefng lo\u00e0i hoa nh\u01b0 hoa lan Nam Phi, l\u00e1 xanh v\u00e0 mu\u1ed1i bi\u1ec3n\u00a0l\u00e0m cho b\u1ea1n ch\u00ecm \u0111\u1eafm gi\u1eefa m\u1ed9t r\u1eebng hoa nh\u1eb9 nh\u00e0ng, d\u1ecbu \u00eam. Cu\u1ed1i c\u00f9ng l\u00e0 h\u01b0\u01a1ng h\u1ed5 ph\u00e1ch\u00a0k\u1ebft h\u1ee3p v\u1edbi \u0111\u1eadu Tonka v\u00e0 x\u1ea1 h\u01b0\u01a1ng\u00a0khi\u1ebfn b\u1ea1n c\u1ea3m th\u1ea5y b\u00ecnh y\u00ean<\/p>\n<p>H\u01b0\u01a1ng \u0111\u1ea7u: Cam, ozone<\/p>\n<p>H\u01b0\u01a1ng gi\u1eefa: L\u00e1 xanh, hoa lan Nam Phi, mu\u1ed1i bi\u1ec3n<\/p>\n<p>H\u01b0\u01a1ng cu\u1ed1i: H\u1ed5 ph\u00e1ch, x\u1ea1 h\u01b0\u01a1ng nh\u1eb9, \u0111\u1eadu Tonka<\/p>\n<hr \/>\n<p><strong>Th\u00e0nh ph\u1ea7n:\u00a0<\/strong>S\u00e1p Ong, S\u00e1p C\u1ecd, Tinh D\u1ea7u<\/p>\n<p><strong>Xu\u1ea5t x\u1ee9:\u00a0<\/strong>Vi\u1ec7t Nam<\/p>\n<p><strong>C\u00f4ng d\u1ee5ng:<\/strong>\u00a0T\u1ea1o H\u01b0\u01a1ng Th\u01a1m, Th\u1eafp S\u00e1ng<\/p>\n<p><strong>Kh\u1ed1i l\u01b0\u1ee3ng:<\/strong>\u00a0140g<\/p>\n<p><strong>Th\u1eddi gian ch\u00e1y:<\/strong>\u00a030gi\u1edd &#8211; Di\u1ec7n t\u00edch ph\u00f2ng ph\u00f9 h\u1ee3p: 15m\u00b2 &#8211; 20m\u00b2<\/p>\n<p><strong>H\u01b0\u1edbng d\u1eabn s\u1eed d\u1ee5ng:<\/strong>\u00a0C\u1eaft b\u1ea5c c\u00f2n 0.5cm tr\u01b0\u1edbc khi \u0111\u1ed1t, l\u1ea7n \u0111\u1ea7u \u0111\u1ed1t li\u00ean t\u1ee5c trong 2h, ng\u01b0ng \u0111\u1ed1t khi s\u00e1p ch\u1ec9 c\u00f2n 1 cm d\u01b0\u1edbi \u0111\u00e1y<\/p>\n<p><strong>B\u1ea3o qu\u1ea3n:<\/strong>\u00a0N\u01a1i kh\u00f4 m\u00e1t, tr\u00e1nh \u00e1nh n\u1eafng m\u1eb7t tr\u1eddi<\/p>\n<p><strong>Th\u00f4ng tin c\u1ea3nh b\u00e1o:<\/strong>\u00a0Ch\u1ec9 \u0111\u1ed1t n\u1ebfn trong t\u1ea7m nh\u00ecn, kh\u00f4ng \u0111\u1ec3 tr\u00ean b\u1ec1 m\u1eb7t n\u1ed9i th\u1ea5t c\u00f3 s\u01a1n, n\u00ean s\u1eed d\u1ee5ng \u0111\u0129a l\u00f3t c\u00e1ch nhi\u1ec7t, \u0111\u1ec3 xa v\u1eadt d\u1ec5 b\u1eaft ch\u00e1y, xa t\u1ea7m tay tr\u1ebb em, v\u1eadt nu\u00f4i<\/p>\n<\/div>\n<\/div>\n<div class=\"js-seemore ega-pro__seemore text-center pos-relative mt-3 show\"><\/div>\n<\/div>\n","protected":false},"excerpt":{"rendered":"<p>Sea Salt v\u00e0 Orchid\u00a0l\u00e0 s\u1ef1 pha tr\u1ed9n m\u01b0\u1ee3t m\u00e0 v\u00e0 tao nh\u00e3 gi\u1eefa\u00a0h\u01b0\u01a1ng hoa lan\u00a0m\u1ec1m m\u1ea1i\u00a0v\u1edbi nh\u1eefng \u0111i\u1ec3m n\u1ed5i b\u1eadt c\u1ee7a\u00a0mu\u1ed1i mang l\u1ea1i m\u1ed9t m\u00f9i h\u01b0\u01a1ng tinh t\u1ebf v\u00e0 thanh l\u1ecbch. H\u01b0\u01a1ng \u0111\u1ea7u ozonic s\u1eafc n\u00e9t h\u00f2a quy\u1ec7n v\u1edbi h\u01b0\u01a1ng gi\u1eefa c\u1ee7a mu\u1ed1i bi\u1ec3n, l\u00e1 xanh t\u01b0\u01a1i v\u00e0 lan Nam Phi say \u0111\u1eafm, t\u1ea5t c\u1ea3 n\u1eb1m tr\u00ean h\u01b0\u01a1ng cu\u1ed1i th\u01b0 gi\u00e3n c\u1ee7a \u0111\u1eadu tonka, h\u1ed5 ph\u00e1ch v\u00e0 m\u1ed9t ch\u00fat x\u1ea1 h\u01b0\u01a1ng.\u00a0H\u01b0\u01a1ng th\u01a1m khi\u1ebfn b\u1ea1n t\u01b0\u1edfng t\u01b0\u1ee3ng m\u00ecnh \u0111ang n\u1eb1m tr\u00ean m\u1ed9t b\u00e3i bi\u1ec3n \u0111\u1ea7y th\u01a1 m\u1ed9ng.<\/p>\n","protected":false},"featured_media":5287,"comment_status":"open","ping_status":"closed","template":"","meta":[],"product_cat":[129],"product_tag":[150],"class_list":["post-5286","product","type-product","status-publish","has-post-thumbnail","hentry","product_cat-nen-thom","product_tag-nen-thom-himalaya-sea-salt"],"aioseo_notices":[],"_links":{"self":[{"href":"https:\/\/tiemtaphoa.xyz\/index.php\/wp-json\/wp\/v2\/product\/5286"}],"collection":[{"href":"https:\/\/tiemtaphoa.xyz\/index.php\/wp-json\/wp\/v2\/product"}],"about":[{"href":"https:\/\/tiemtaphoa.xyz\/index.php\/wp-json\/wp\/v2\/types\/product"}],"replies":[{"embeddable":true,"href":"https:\/\/tiemtaphoa.xyz\/index.php\/wp-json\/wp\/v2\/comments?post=5286"}],"wp:featuredmedia":[{"embeddable":true,"href":"https:\/\/tiemtaphoa.xyz\/index.php\/wp-json\/wp\/v2\/media\/5287"}],"wp:attachment":[{"href":"https:\/\/tiemtaphoa.xyz\/index.php\/wp-json\/wp\/v2\/media?parent=5286"}],"wp:term":[{"taxonomy":"product_cat","embeddable":true,"href":"https:\/\/tiemtaphoa.xyz\/index.php\/wp-json\/wp\/v2\/product_cat?post=5286"},{"taxonomy":"product_tag","embeddable":true,"href":"https:\/\/tiemtaphoa.xyz\/index.php\/wp-json\/wp\/v2\/product_tag?post=5286"}],"curies":[{"name":"wp","href":"https:\/\/api.w.org\/{rel}","templated":true}]}}