{"id":5289,"date":"2023-09-28T13:11:46","date_gmt":"2023-09-28T06:11:46","guid":{"rendered":"https:\/\/webbachhoa.com\/?post_type=product&#038;p=5289"},"modified":"2023-09-28T13:11:47","modified_gmt":"2023-09-28T06:11:47","slug":"nen-thom-himalaya-lemon-lavender-230g","status":"publish","type":"product","link":"https:\/\/tiemtaphoa.xyz\/index.php\/product\/nen-thom-himalaya-lemon-lavender-230g\/","title":{"rendered":"N\u1ebfn th\u01a1m Himalaya Lemon &#038; Lavender (230g)"},"content":{"rendered":"<p>Nh\u1eefng lo l\u1eafng trong cu\u1ed9c s\u1ed1ng khi\u1ebfn ch\u00fang ta g\u1eb7p kh\u00f3 kh\u0103n v\u1edbi gi\u1ea5c ng\u1ee7 m\u1ed7i \u0111\u00eam. L\u00fac n\u00e0y \u0111\u00e2y li\u1ec7u ph\u00e1p h\u01b0\u01a1ng th\u01a1m t\u1eeb hoa Lavender &#8211; m\u00f9i h\u01b0\u01a1ng n\u1ed5i ti\u1ebfng trong vi\u1ec7c h\u1ed7 tr\u1ee3 gi\u1ea5c ng\u1ee7 v\u00e0 chanh, s\u1ebd gi\u00fap b\u1ea1n xoa d\u1ecbu c\u0103ng th\u1eb3ng, th\u01b0 gi\u00e3n tinh th\u1ea7n. Tinh d\u1ea7u Chanh th\u01a1m thanh m\u00e1t ho\u00e0 c\u00f9ng v\u1ecb tr\u1ea7m \u1ea5m c\u1ee7a hoa O\u1ea3i H\u01b0\u01a1ng s\u1ebd mang \u0111\u1ebfn b\u1ea7u kh\u00f4ng kh\u00ed trong l\u00e0nh t\u1ea1o c\u1ea3m gi\u00e1c tho\u1ea3i m\u00e1i, th\u01b0 gi\u00e3n, d\u1ecbu \u0111i c\u0103ng th\u1eb3ng.<\/p>\n<hr \/>\n<p>Th\u00e0nh ph\u1ea7n: S\u00e1p ong, s\u00e1p c\u1ecd, tinh d\u1ea7u<br \/>\nC\u00f4ng d\u1ee5ng: T\u1ea1o h\u01b0\u01a1ng th\u01a1m, th\u1eafp s\u00e1ng<br \/>\nKh\u1ed1i l\u01b0\u1ee3ng: 230g<br \/>\nTh\u1eddi gian ch\u00e1y: 40\u00a0&#8211; 45\u00a0gi\u1edd<br \/>\nH\u01b0\u1edbng d\u1eabn s\u1eed d\u1ee5ng: C\u1eaft b\u1edbt c\u00f2n 0.6\u00a0cm tr\u01b0\u1edbc khi \u0111\u1ed1t, l\u1ea7n \u0111\u1ea7u \u0111\u1ed1t li\u00ean t\u1ee5c trong 2h, th\u1eddi gian m\u1ed7i l\u1ea7n \u0111\u1ed1t t\u1eeb 1 &#8211; 2h. Kho\u1ea3ng c\u00e1ch gi\u1eefa m\u1ed7i l\u1ea7n s\u1eed d\u1ee5ng l\u00e0 4h, sau khi s\u00e1p n\u1ebfn ngu\u1ed9i ho\u00e0n to\u00e0n.\u00a0Ng\u01b0ng \u0111\u1ed1t khi s\u00e1p ch\u1ec9 c\u00f2n 1 cm d\u01b0\u1edbi \u0111\u00e1y<br \/>\nB\u1ea3o qu\u1ea3n: N\u01a1i kh\u00f4 m\u00e1t, tr\u00e1nh \u00e1nh n\u1eafng m\u1eb7t tr\u1eddi<br \/>\nTh\u00f4ng tin c\u1ea3nh b\u00e1o: Ch\u1ec9 \u0111\u1ed1t n\u1ebfn trong t\u1ea7m nh\u00ecn, kh\u00f4ng \u0111\u1ec3 tr\u00ean b\u1ec1 m\u1eb7t n\u1ed9i th\u1ea5t c\u00f3 s\u01a1n, n\u00ean s\u1eed d\u1ee5ng \u0111\u0129a l\u00f3t c\u00e1ch nhi\u1ec7t, \u0111\u1ec3 xa v\u1eadt d\u1ec5 b\u1eaft ch\u00e1y, xa t\u1ea7m tay tr\u1ebb em, v\u1eadt nu\u00f4i<\/p>\n","protected":false},"excerpt":{"rendered":"<p>Nh\u1eefng lo l\u1eafng trong cu\u1ed9c s\u1ed1ng khi\u1ebfn ch\u00fang ta g\u1eb7p kh\u00f3 kh\u0103n v\u1edbi gi\u1ea5c ng\u1ee7 m\u1ed7i \u0111\u00eam. L\u00fac n\u00e0y \u0111\u00e2y li\u1ec7u ph\u00e1p h\u01b0\u01a1ng th\u01a1m t\u1eeb hoa Lavender &#8211; m\u00f9i h\u01b0\u01a1ng n\u1ed5i ti\u1ebfng trong vi\u1ec7c h\u1ed7 tr\u1ee3 gi\u1ea5c ng\u1ee7 v\u00e0 chanh, s\u1ebd gi\u00fap b\u1ea1n xoa d\u1ecbu c\u0103ng th\u1eb3ng, th\u01b0 gi\u00e3n tinh th\u1ea7n. Tinh d\u1ea7u Chanh th\u01a1m thanh m\u00e1t ho\u00e0 c\u00f9ng v\u1ecb tr\u1ea7m \u1ea5m c\u1ee7a hoa O\u1ea3i H\u01b0\u01a1ng s\u1ebd mang \u0111\u1ebfn b\u1ea7u kh\u00f4ng kh\u00ed trong l\u00e0nh t\u1ea1o c\u1ea3m gi\u00e1c tho\u1ea3i m\u00e1i, th\u01b0 gi\u00e3n, d\u1ecbu \u0111i c\u0103ng th\u1eb3ng.<\/p>\n","protected":false},"featured_media":5291,"comment_status":"open","ping_status":"closed","template":"","meta":[],"product_cat":[129],"product_tag":[],"class_list":["post-5289","product","type-product","status-publish","has-post-thumbnail","hentry","product_cat-nen-thom"],"aioseo_notices":[],"_links":{"self":[{"href":"https:\/\/tiemtaphoa.xyz\/index.php\/wp-json\/wp\/v2\/product\/5289"}],"collection":[{"href":"https:\/\/tiemtaphoa.xyz\/index.php\/wp-json\/wp\/v2\/product"}],"about":[{"href":"https:\/\/tiemtaphoa.xyz\/index.php\/wp-json\/wp\/v2\/types\/product"}],"replies":[{"embeddable":true,"href":"https:\/\/tiemtaphoa.xyz\/index.php\/wp-json\/wp\/v2\/comments?post=5289"}],"wp:featuredmedia":[{"embeddable":true,"href":"https:\/\/tiemtaphoa.xyz\/index.php\/wp-json\/wp\/v2\/media\/5291"}],"wp:attachment":[{"href":"https:\/\/tiemtaphoa.xyz\/index.php\/wp-json\/wp\/v2\/media?parent=5289"}],"wp:term":[{"taxonomy":"product_cat","embeddable":true,"href":"https:\/\/tiemtaphoa.xyz\/index.php\/wp-json\/wp\/v2\/product_cat?post=5289"},{"taxonomy":"product_tag","embeddable":true,"href":"https:\/\/tiemtaphoa.xyz\/index.php\/wp-json\/wp\/v2\/product_tag?post=5289"}],"curies":[{"name":"wp","href":"https:\/\/api.w.org\/{rel}","templated":true}]}}