{"id":5292,"date":"2023-09-28T13:14:58","date_gmt":"2023-09-28T06:14:58","guid":{"rendered":"https:\/\/webbachhoa.com\/?post_type=product&#038;p=5292"},"modified":"2023-09-28T13:14:58","modified_gmt":"2023-09-28T06:14:58","slug":"nen-thom-himalaya-lemongrass-citriodora-230g","status":"publish","type":"product","link":"https:\/\/tiemtaphoa.xyz\/index.php\/product\/nen-thom-himalaya-lemongrass-citriodora-230g\/","title":{"rendered":"N\u1ebfn Th\u01a1m Himalaya Lemongrass &#038; Citriodora (230g)"},"content":{"rendered":"<p><strong>M\u00f9i h\u01b0\u01a1ng nh\u01b0 ph\u00e1c th\u1ea3o m\u1ed9t m\u00f9a \u0111\u00f4ng, \u1ea5m c\u00fang, v\u1eeba \u0111\u1ee7, \u1ea5m no, xen th\u00eam m\u1ed9t ch\u00fat l\u00e0nh l\u1ea1nh tho\u1ea3ng qua. m\u00f9i h\u01b0\u01a1ng n\u00e0y r\u1ea5t xanh, r\u1ea5t th\u1ea3nh th\u01a1i<\/strong>. C\u00f3 ch\u00fat s\u1ea3 chanh h\u01a1i the the m\u1edf \u0111\u1ea7u c\u00f9ng v\u1edbi m\u00f9i h\u01b0\u01a1ng b\u1ea1ch \u0111\u00e0n xanh, cay cay, mang m\u00f9i h\u01b0\u01a1ng \u0111\u1eb7c tr\u01b0ng, thu\u1ea7n ph\u00e1c g\u1ed7 l\u00e2u n\u0103m. Rong ch\u01a1i tinh ngh\u1ecbch theo v\u01b0\u1eddn b\u1ea1ch \u0111\u00e0n tr\u1ea3i d\u00e0i t\u1edbi ch\u00e2n tr\u1eddi.<\/p>\n<p><strong>N\u1ebfn th\u01a1m Lemongrass &amp; Citriodora t\u1ef1 nhi\u00ean gi\u00fap thanh l\u1ecdc kh\u00f4ng kh\u00ed, l\u00e0m d\u1ecbu th\u1ea7n kinh, th\u01b0 gi\u00e3n tinh th\u1ea7n, \u0111u\u1ed5i mu\u1ed7i<\/strong>. N\u1ebfn th\u01a1m Lemongrass &amp; Citriodora \u0111\u01b0\u1ee3c chi\u1ebft xu\u1ea5t t\u1eeb l\u00e1 s\u1ea3 v\u00e0 l\u00e1 b\u1ea1ch \u0111\u00e0ng chanh, c\u00f3<strong>\u00a0t\u00e1c d\u1ee5ng kh\u00e1ng khu\u1ea9n m\u1ea1nh, mang l\u1ea1i s\u1ef1 thanh khi\u1ebft. T\u0103ng c\u01b0\u1eddng h\u1ec7 mi\u1ec5n d\u1ecbch, ch\u1ed1ng c\u1ea3m c\u00fam, m\u1ec7t m\u1ecfi<\/strong>.<\/p>\n<hr \/>\n<div><strong>Th\u00e0nh ph\u1ea7n<\/strong>: S\u00e1p ong, s\u00e1p c\u1ecd, tinh d\u1ea7u<br \/>\n<strong>C\u00f4ng d\u1ee5ng<\/strong>: T\u1ea1o h\u01b0\u01a1ng th\u01a1m, th\u1eafp s\u00e1ng<br \/>\n<strong>Kh\u1ed1i l\u01b0\u1ee3ng<\/strong>: 230g<br \/>\n<strong>Th\u1eddi gian ch\u00e1y<\/strong>: 40\u00a0&#8211; 45\u00a0gi\u1edd<br \/>\n<strong>H\u01b0\u1edbng d\u1eabn s\u1eed d\u1ee5ng<\/strong>: C\u1eaft b\u1edbt c\u00f2n 0.6\u00a0cm tr\u01b0\u1edbc khi \u0111\u1ed1t, l\u1ea7n \u0111\u1ea7u \u0111\u1ed1t li\u00ean t\u1ee5c trong 2h, th\u1eddi gian m\u1ed7i l\u1ea7n \u0111\u1ed1t t\u1eeb 1 &#8211; 2h. Kho\u1ea3ng c\u00e1ch gi\u1eefa m\u1ed7i l\u1ea7n s\u1eed d\u1ee5ng l\u00e0 4h, sau khi s\u00e1p n\u1ebfn ngu\u1ed9i ho\u00e0n to\u00e0n.\u00a0Ng\u01b0ng \u0111\u1ed1t khi s\u00e1p ch\u1ec9 c\u00f2n 1 cm d\u01b0\u1edbi \u0111\u00e1y<br \/>\n<strong>B\u1ea3o qu\u1ea3n<\/strong>: N\u01a1i kh\u00f4 m\u00e1t, tr\u00e1nh \u00e1nh n\u1eafng m\u1eb7t tr\u1eddi<br \/>\n<strong>Th\u00f4ng tin c\u1ea3nh b\u00e1o<\/strong>: Ch\u1ec9 \u0111\u1ed1t n\u1ebfn trong t\u1ea7m nh\u00ecn, kh\u00f4ng \u0111\u1ec3 tr\u00ean b\u1ec1 m\u1eb7t n\u1ed9i th\u1ea5t c\u00f3 s\u01a1n, n\u00ean s\u1eed d\u1ee5ng \u0111\u0129a l\u00f3t c\u00e1ch nhi\u1ec7t, \u0111\u1ec3 xa v\u1eadt d\u1ec5 b\u1eaft ch\u00e1y, xa t\u1ea7m tay tr\u1ebb em, v\u1eadt nu\u00f4i<\/div>\n","protected":false},"excerpt":{"rendered":"<p><strong>M\u00f9i h\u01b0\u01a1ng nh\u01b0 ph\u00e1c th\u1ea3o m\u1ed9t m\u00f9a \u0111\u00f4ng, \u1ea5m c\u00fang, v\u1eeba \u0111\u1ee7, \u1ea5m no, xen th\u00eam m\u1ed9t ch\u00fat l\u00e0nh l\u1ea1nh tho\u1ea3ng qua. m\u00f9i h\u01b0\u01a1ng n\u00e0y r\u1ea5t xanh, r\u1ea5t th\u1ea3nh th\u01a1i<\/strong>. C\u00f3 ch\u00fat s\u1ea3 chanh h\u01a1i the the m\u1edf \u0111\u1ea7u c\u00f9ng v\u1edbi m\u00f9i h\u01b0\u01a1ng b\u1ea1ch \u0111\u00e0n xanh, cay cay, mang m\u00f9i h\u01b0\u01a1ng \u0111\u1eb7c tr\u01b0ng, thu\u1ea7n ph\u00e1c g\u1ed7 l\u00e2u n\u0103m. Rong ch\u01a1i tinh ngh\u1ecbch theo v\u01b0\u1eddn b\u1ea1ch \u0111\u00e0n tr\u1ea3i d\u00e0i t\u1edbi ch\u00e2n tr\u1eddi.<\/p>\n","protected":false},"featured_media":5291,"comment_status":"open","ping_status":"closed","template":"","meta":[],"product_cat":[129],"product_tag":[151],"class_list":["post-5292","product","type-product","status-publish","has-post-thumbnail","hentry","product_cat-nen-thom","product_tag-lemongrass-citriodora"],"aioseo_notices":[],"_links":{"self":[{"href":"https:\/\/tiemtaphoa.xyz\/index.php\/wp-json\/wp\/v2\/product\/5292"}],"collection":[{"href":"https:\/\/tiemtaphoa.xyz\/index.php\/wp-json\/wp\/v2\/product"}],"about":[{"href":"https:\/\/tiemtaphoa.xyz\/index.php\/wp-json\/wp\/v2\/types\/product"}],"replies":[{"embeddable":true,"href":"https:\/\/tiemtaphoa.xyz\/index.php\/wp-json\/wp\/v2\/comments?post=5292"}],"wp:featuredmedia":[{"embeddable":true,"href":"https:\/\/tiemtaphoa.xyz\/index.php\/wp-json\/wp\/v2\/media\/5291"}],"wp:attachment":[{"href":"https:\/\/tiemtaphoa.xyz\/index.php\/wp-json\/wp\/v2\/media?parent=5292"}],"wp:term":[{"taxonomy":"product_cat","embeddable":true,"href":"https:\/\/tiemtaphoa.xyz\/index.php\/wp-json\/wp\/v2\/product_cat?post=5292"},{"taxonomy":"product_tag","embeddable":true,"href":"https:\/\/tiemtaphoa.xyz\/index.php\/wp-json\/wp\/v2\/product_tag?post=5292"}],"curies":[{"name":"wp","href":"https:\/\/api.w.org\/{rel}","templated":true}]}}