{"id":5300,"date":"2023-09-28T13:28:57","date_gmt":"2023-09-28T06:28:57","guid":{"rendered":"https:\/\/webbachhoa.com\/?post_type=product&#038;p=5300"},"modified":"2023-09-28T13:28:58","modified_gmt":"2023-09-28T06:28:58","slug":"combo-3-chai-nuoc-hoa-quan-ao-nu-himalaya","status":"publish","type":"product","link":"https:\/\/tiemtaphoa.xyz\/index.php\/product\/combo-3-chai-nuoc-hoa-quan-ao-nu-himalaya\/","title":{"rendered":"Combo 3 chai n\u01b0\u1edbc hoa qu\u1ea7n \u00e1o N\u1eef Himalaya"},"content":{"rendered":"<p>B\u1ed9 s\u01b0u t\u1eadp n\u01b0\u1edbc hoa qu\u1ea7n \u00e1o &#8220;Th\u01a1m chu\u1ea9n Gu&#8221; c\u1ee7a Himalaya l\u00e0 s\u1ef1 k\u1ebft h\u1ee3p gi\u1eefa khoa h\u1ecdc m\u00f9i h\u01b0\u01a1ng v\u00e0 t\u00e2m l\u00fd h\u1ecdc h\u00e0nh vi. M\u00f9i h\u01b0\u01a1ng \u0111\u01b0\u1ee3c xem l\u00e0 t\u00e1c nh\u00e2n c\u00f3 t\u00e1c \u0111\u1ed9ng c\u1ef1c l\u1edbn \u0111\u1ebfn c\u1ea3m x\u00fac c\u1ee7a b\u1ea3n th\u00e2n v\u00e0 ng\u01b0\u1eddi xung quanh n\u00ean khi b\u1ea1n s\u1eed d\u1ee5ng m\u00f9i h\u01b0\u01a1ng \u0111\u00fang b\u1ed1i c\u1ea3nh , kh\u00f4ng gian v\u00e0 phong c\u00e1ch th\u1eddi trang s\u1ebd nh\u1eadn \u0111\u01b0\u1ee3c s\u1ef1 \u0111\u00e1nh gi\u00e1 cao t\u1eeb nh\u1eefng ng\u01b0\u1eddi xung quanh trong c\u00e1c t\u00ecnh hu\u1ed1ng giao ti\u1ebfp th\u1eadm ch\u00ed c\u1ea3 khi ai \u0111\u00f3 ch\u1ec9 \u0111i tho\u00e1ng qua n\u01a1i b\u1ea1n hi\u1ec7n di\u1ec7n. Ngo\u00e0i ra, m\u00f9i h\u01b0\u01a1ng c\u00f2n gi\u00fap b\u1ea3n th\u00e2n b\u1ea1n t\u1eadn h\u01b0\u1edfng s\u1ef1 tho\u1ea3i m\u00e1i, t\u1ef1 tin, vui v\u1ebb v\u00e0 y\u00eau b\u1ea3n th\u00e2n h\u01a1n ngay c\u1ea3 khi ch\u1ec9 \u1edf m\u1ed9t m\u00ecnh.<\/p>\n<div>&#8211; Combo 3 chai m\u00f9i h\u01b0\u01a1ng:<\/div>\n<div>+\/\u00a0<em><strong>Elegance<\/strong><\/em>\u00a0&#8211; Th\u1ea7n th\u00e1i c\u1ee7a qu\u00fd c\u00f4 Ki\u00eau Sa, Quy\u1ebfn R\u0169 v\u00e0 Sang Tr\u1ecdng<\/div>\n<div>+\/\u00a0<em><strong>Casual\u00a0<\/strong><\/em>&#8211; C\u1ea3m gi\u00e1c t\u1ea1o n\u00ean ng\u01b0\u1eddi ph\u1ee5 n\u1eef Dung d\u1ecb, Thanh tao v\u00e0 Thu\u1ef3 m\u1ecb<\/div>\n<div>+\/\u00a0<em><strong>Flexible<\/strong><\/em>\u00a0\u2013 Kh\u00ed ch\u1ea5t c\u1ee7a c\u00f4 n\u00e0ng \u0110\u1ed9c L\u1eadp, T\u1ef1 ch\u1ee7 v\u00e0 N\u0103ng \u0110\u1ed9ng<\/div>\n<div><\/div>\n<div>&#8211; Quy c\u00e1ch \u0111\u00f3ng g\u00f3i: Combo 3 chai th\u1ee7y tinh v\u1edbi 3 m\u00f9i h\u01b0\u01a1ng<\/div>\n<div>&#8211; Dung t\u00edch 50ml &#8211; Th\u1eddi gian l\u01b0u h\u01b0\u01a1ng tr\u00ean \u00e1o qu\u1ea7n: 8h &#8211; 10h<\/div>\n<div>&#8211; C\u00f4ng d\u1ee5ng: T\u1ea1o h\u01b0\u01a1ng th\u01a1m<\/div>\n<div>&#8211; Khuy\u1ebfn c\u00e1o: Tr\u00e1nh ti\u1ebfp x\u00fac v\u1edbi m\u1eaft, ng\u01b0ng s\u1eed d\u1ee5ng khi c\u00f3 m\u00f9i l\u1ea1.<\/div>\n","protected":false},"excerpt":{"rendered":"<p>B\u1ed9 s\u01b0u t\u1eadp n\u01b0\u1edbc hoa qu\u1ea7n \u00e1o &#8220;Th\u01a1m chu\u1ea9n Gu&#8221; c\u1ee7a Himalaya l\u00e0 s\u1ef1 k\u1ebft h\u1ee3p gi\u1eefa khoa h\u1ecdc m\u00f9i h\u01b0\u01a1ng v\u00e0 t\u00e2m l\u00fd h\u1ecdc h\u00e0nh vi. M\u00f9i h\u01b0\u01a1ng \u0111\u01b0\u1ee3c xem l\u00e0 t\u00e1c nh\u00e2n c\u00f3 t\u00e1c \u0111\u1ed9ng c\u1ef1c l\u1edbn \u0111\u1ebfn c\u1ea3m x\u00fac c\u1ee7a b\u1ea3n th\u00e2n v\u00e0 ng\u01b0\u1eddi xung quanh n\u00ean khi b\u1ea1n s\u1eed d\u1ee5ng m\u00f9i h\u01b0\u01a1ng \u0111\u00fang b\u1ed1i c\u1ea3nh , kh\u00f4ng gian v\u00e0 phong c\u00e1ch th\u1eddi trang s\u1ebd nh\u1eadn \u0111\u01b0\u1ee3c s\u1ef1 \u0111\u00e1nh gi\u00e1 cao t\u1eeb nh\u1eefng ng\u01b0\u1eddi xung quanh trong c\u00e1c t\u00ecnh hu\u1ed1ng giao ti\u1ebfp th\u1eadm ch\u00ed c\u1ea3 khi ai \u0111\u00f3 ch\u1ec9 \u0111i tho\u00e1ng qua n\u01a1i b\u1ea1n hi\u1ec7n di\u1ec7n. Ngo\u00e0i ra, m\u00f9i h\u01b0\u01a1ng c\u00f2n gi\u00fap b\u1ea3n th\u00e2n b\u1ea1n t\u1eadn h\u01b0\u1edfng s\u1ef1 tho\u1ea3i m\u00e1i, t\u1ef1 tin, vui v\u1ebb v\u00e0 y\u00eau b\u1ea3n th\u00e2n h\u01a1n ngay c\u1ea3 khi ch\u1ec9 \u1edf m\u1ed9t m\u00ecnh.<\/p>\n","protected":false},"featured_media":5301,"comment_status":"open","ping_status":"closed","template":"","meta":[],"product_cat":[131],"product_tag":[156,155,157],"class_list":["post-5300","product","type-product","status-publish","has-post-thumbnail","hentry","product_cat-nuoc-hoa","product_tag-casual","product_tag-elegance","product_tag-flexible"],"aioseo_notices":[],"_links":{"self":[{"href":"https:\/\/tiemtaphoa.xyz\/index.php\/wp-json\/wp\/v2\/product\/5300"}],"collection":[{"href":"https:\/\/tiemtaphoa.xyz\/index.php\/wp-json\/wp\/v2\/product"}],"about":[{"href":"https:\/\/tiemtaphoa.xyz\/index.php\/wp-json\/wp\/v2\/types\/product"}],"replies":[{"embeddable":true,"href":"https:\/\/tiemtaphoa.xyz\/index.php\/wp-json\/wp\/v2\/comments?post=5300"}],"wp:featuredmedia":[{"embeddable":true,"href":"https:\/\/tiemtaphoa.xyz\/index.php\/wp-json\/wp\/v2\/media\/5301"}],"wp:attachment":[{"href":"https:\/\/tiemtaphoa.xyz\/index.php\/wp-json\/wp\/v2\/media?parent=5300"}],"wp:term":[{"taxonomy":"product_cat","embeddable":true,"href":"https:\/\/tiemtaphoa.xyz\/index.php\/wp-json\/wp\/v2\/product_cat?post=5300"},{"taxonomy":"product_tag","embeddable":true,"href":"https:\/\/tiemtaphoa.xyz\/index.php\/wp-json\/wp\/v2\/product_tag?post=5300"}],"curies":[{"name":"wp","href":"https:\/\/api.w.org\/{rel}","templated":true}]}}