{"id":5322,"date":"2023-09-29T07:49:54","date_gmt":"2023-09-29T00:49:54","guid":{"rendered":"https:\/\/webbachhoa.com\/?post_type=product&#038;p=5322"},"modified":"2023-09-29T07:49:55","modified_gmt":"2023-09-29T00:49:55","slug":"nuoc-hoa-jillian-beloved-j-50-ml","status":"publish","type":"product","link":"https:\/\/tiemtaphoa.xyz\/index.php\/product\/nuoc-hoa-jillian-beloved-j-50-ml\/","title":{"rendered":"N\u01af\u1edaC HOA JILLIAN &#8211; BELOVED J 50 ML"},"content":{"rendered":"<p>Beloved J l\u00e0 m\u1ed9t t\u00e1c ph\u1ea9m ngh\u1ec7 thu\u1eadt, l\u00e0 khu v\u01b0\u1eddn nh\u1ecf \u0111\u1ea7y hoa l\u1eb7ng l\u1ebd n\u00e9p m\u00ecnh gi\u1eefa l\u00f2ng th\u00e0nh ph\u1ed1, l\u00e0 \u00e2m nh\u1ea1c ph\u1ee9c \u0111i\u1ec7u c\u1ee7a Bach, l\u00e0 nh\u1eefng h\u1ecda ti\u1ebft \u0111\u1ed1i x\u1ee9ng tr\u00ean \u00f4 g\u1ea1ch c\u00f3 tu\u1ed5i \u0111\u1eddi ch\u1ea1m m\u1ed1c tr\u0103m n\u0103m, l\u00e0 chi\u1ebfc v\u00e1y duy\u00ean d\u00e1ng c\u1ee7a ng\u01b0\u1eddi ph\u1ee5 n\u1eef ch\u01a1i v\u0129 c\u1ea7m, l\u00e0 nh\u1eefng n\u00e9t \u0111\u1eb9p c\u1ed5 \u0111i\u1ec3n \u0111\u01b0\u1ee3c x\u1ebfp \u0111\u1eb7t tinh t\u1ebf trong t\u1eebng note h\u01b0\u01a1ng.<\/p>\n<p>Nh\u00f3m h\u01b0\u01a1ng: Flower mix Fresh<\/p>\n<hr \/>\n<p><strong>Phong c\u00e1ch: n\u1eef t\u00ednh, thanh l\u1ecbch, l\u00f4i cu\u1ed1n<\/strong><\/p>\n","protected":false},"excerpt":{"rendered":"<p>Beloved J l\u00e0 m\u1ed9t t\u00e1c ph\u1ea9m ngh\u1ec7 thu\u1eadt, l\u00e0 khu v\u01b0\u1eddn nh\u1ecf \u0111\u1ea7y hoa l\u1eb7ng l\u1ebd n\u00e9p m\u00ecnh gi\u1eefa l\u00f2ng th\u00e0nh ph\u1ed1, l\u00e0 \u00e2m nh\u1ea1c ph\u1ee9c \u0111i\u1ec7u c\u1ee7a Bach, l\u00e0 nh\u1eefng h\u1ecda ti\u1ebft \u0111\u1ed1i x\u1ee9ng tr\u00ean \u00f4 g\u1ea1ch c\u00f3 tu\u1ed5i \u0111\u1eddi ch\u1ea1m m\u1ed1c tr\u0103m n\u0103m, l\u00e0 chi\u1ebfc v\u00e1y duy\u00ean d\u00e1ng c\u1ee7a ng\u01b0\u1eddi ph\u1ee5 n\u1eef ch\u01a1i v\u0129 c\u1ea7m, l\u00e0 nh\u1eefng n\u00e9t \u0111\u1eb9p c\u1ed5 \u0111i\u1ec3n \u0111\u01b0\u1ee3c x\u1ebfp \u0111\u1eb7t tinh t\u1ebf trong t\u1eebng note h\u01b0\u01a1ng.<\/p>\n","protected":false},"featured_media":5323,"comment_status":"open","ping_status":"closed","template":"","meta":[],"product_cat":[131],"product_tag":[162],"class_list":["post-5322","product","type-product","status-publish","has-post-thumbnail","hentry","product_cat-nuoc-hoa","product_tag-nuoc-hoa-jillian-beloved"],"aioseo_notices":[],"_links":{"self":[{"href":"https:\/\/tiemtaphoa.xyz\/index.php\/wp-json\/wp\/v2\/product\/5322"}],"collection":[{"href":"https:\/\/tiemtaphoa.xyz\/index.php\/wp-json\/wp\/v2\/product"}],"about":[{"href":"https:\/\/tiemtaphoa.xyz\/index.php\/wp-json\/wp\/v2\/types\/product"}],"replies":[{"embeddable":true,"href":"https:\/\/tiemtaphoa.xyz\/index.php\/wp-json\/wp\/v2\/comments?post=5322"}],"wp:featuredmedia":[{"embeddable":true,"href":"https:\/\/tiemtaphoa.xyz\/index.php\/wp-json\/wp\/v2\/media\/5323"}],"wp:attachment":[{"href":"https:\/\/tiemtaphoa.xyz\/index.php\/wp-json\/wp\/v2\/media?parent=5322"}],"wp:term":[{"taxonomy":"product_cat","embeddable":true,"href":"https:\/\/tiemtaphoa.xyz\/index.php\/wp-json\/wp\/v2\/product_cat?post=5322"},{"taxonomy":"product_tag","embeddable":true,"href":"https:\/\/tiemtaphoa.xyz\/index.php\/wp-json\/wp\/v2\/product_tag?post=5322"}],"curies":[{"name":"wp","href":"https:\/\/api.w.org\/{rel}","templated":true}]}}