{"id":5326,"date":"2023-09-29T07:51:58","date_gmt":"2023-09-29T00:51:58","guid":{"rendered":"https:\/\/webbachhoa.com\/?post_type=product&#038;p=5326"},"modified":"2023-09-29T07:51:59","modified_gmt":"2023-09-29T00:51:59","slug":"nuoc-hoa-jillian-bewitching-kiss-50-ml","status":"publish","type":"product","link":"https:\/\/tiemtaphoa.xyz\/index.php\/product\/nuoc-hoa-jillian-bewitching-kiss-50-ml\/","title":{"rendered":"N\u01af\u1edaC HOA JILLIAN \u2013 BEWITCHING KISS 50 ML"},"content":{"rendered":"<p>Bewitching Kiss th\u1ec3 hi\u1ec7n h\u01b0\u01a1ng th\u01a1m ng\u1ecdt ng\u00e0o theo m\u1ed9t phong c\u00e1ch r\u1ea5t kh\u00e1c bi\u1ec7t. Kh\u00f4ng g\u1ee3i n\u00ean c\u1ea3m gi\u00e1c m\u1ecfng manh y\u1ebfu \u0111u\u1ed1i, m\u00f9i h\u01b0\u01a1ng c\u1ee7a Bewitching Kiss t\u00e1o b\u1ea1o, m\u00e3nh li\u1ec7t v\u00e0 tr\u00e0n \u0111\u1ea7y s\u1ef1 t\u1ef1 tin.<\/p>\n<p>T\u1ea7ng h\u01b0\u01a1ng \u0111\u1ea7u ti\u00ean m\u1edf ra v\u1edbi l\u1edbp m\u00e0ng s\u01b0\u01a1ng citrus m\u00e1t l\u1ea1nh t\u1eeb cam \u0111\u1eafng v\u00e0 \u0111i\u1ec3m nh\u1ea5n th\u00fa v\u1ecb c\u1ee7a l\u00fd chua \u0111en. Bewitching Kiss sau \u0111\u00f3 nhanh ch\u00f3ng b\u01b0\u1edbc sang t\u1ea7ng h\u01b0\u01a1ng ti\u1ebfp theo b\u1eb1ng m\u00f9i h\u01b0\u01a1ng h\u1ea5p d\u1eabn c\u1ee7a hoa h\u1ed3ng. H\u01b0\u01a1ng th\u01a1m l\u00fac n\u00e0y nh\u1eb9 nh\u00e0ng h\u01a1n khi \u0111\u00e3 b\u1eaft \u0111\u1ea7u \u1ed5n \u0111\u1ecbnh v\u00e0 l\u1eafng \u0111\u1ecdng tr\u00ean da.<\/p>\n<p>Vanilla l\u00e0 note h\u01b0\u01a1ng \u0111\u00f3ng vai tr\u00f2 ch\u1ee7 \u0111\u1ea1o v\u1edbi m\u00f9i v\u1ecb ng\u1ecdt ng\u00e0o c\u00f3 th\u1ec3 c\u1ea3m nh\u1eadn r\u00f5 ngay c\u1ea3 khi h\u01b0\u01a1ng th\u01a1m \u0111\u00e3 d\u1ea7n tan bi\u1ebfn. Th\u1ebf nh\u01b0ng Bewitching Kiss kh\u00f4ng ch\u1ec9 \u00eam \u00e1i v\u00e0 d\u1ec5 th\u01b0\u01a1ng m\u1ed9t c\u00e1ch \u0111\u01a1n thu\u1ea7n nh\u01b0 th\u1ebf. Ch\u00fat h\u0103ng \u0111\u1eafng c\u1ee7a hoa v\u00f2i voi, ch\u00fat n\u1ed3ng n\u00e0n c\u1ee7a c\u00e1c lo\u1ea1i g\u1ed7, ch\u00fat m\u1ec1m m\u1ea1i c\u1ee7a nh\u00f3m h\u01b0\u01a1ng hoa v\u00e0 l\u1edbp n\u1ec1n \u0111\u1ea7y s\u1ee9c h\u00fat c\u1ee7a x\u1ea1 h\u01b0\u01a1ng c\u00f9ng h\u1ed5 ph\u00e1ch t\u1ea1o n\u00ean m\u1ed9t h\u01b0\u01a1ng th\u01a1m khi\u1ebfn ng\u01b0\u1eddi ta ph\u1ea3i say, ph\u1ea3i nh\u1edb.<\/p>\n<p>S\u1edf h\u1eefu v\u1ecb ng\u1ecdt \u0111\u1eb7c tr\u01b0ng c\u1ee7a ph\u01b0\u01a1ng \u0110\u00f4ng v\u00e0 c\u00f3 \u0111\u1ed9 l\u01b0u h\u01b0\u01a1ng \u1ed5n \u0111\u1ecbnh, Bewitching Kiss th\u00edch h\u1ee3p s\u1eed d\u1ee5ng v\u00e0o bu\u1ed5i t\u1ed1i ho\u1eb7c m\u00f9a thu &#8211; \u0111\u00f4ng.<\/p>\n<p>Nh\u00f3m h\u01b0\u01a1ng: Flower mix Balsamic<\/p>\n<hr \/>\n<p><strong>Phong c\u00e1ch: ng\u1ecdt ng\u00e0o, s\u1eafc s\u1ea3o, tr\u1ebb trung<\/strong><\/p>\n","protected":false},"excerpt":{"rendered":"<p>Bewitching Kiss th\u1ec3 hi\u1ec7n h\u01b0\u01a1ng th\u01a1m ng\u1ecdt ng\u00e0o theo m\u1ed9t phong c\u00e1ch r\u1ea5t kh\u00e1c bi\u1ec7t. Kh\u00f4ng g\u1ee3i n\u00ean c\u1ea3m gi\u00e1c m\u1ecfng manh y\u1ebfu \u0111u\u1ed1i, m\u00f9i h\u01b0\u01a1ng c\u1ee7a Bewitching Kiss t\u00e1o b\u1ea1o, m\u00e3nh li\u1ec7t v\u00e0 tr\u00e0n \u0111\u1ea7y s\u1ef1 t\u1ef1 tin.<\/p>\n","protected":false},"featured_media":5328,"comment_status":"open","ping_status":"closed","template":"","meta":[],"product_cat":[131],"product_tag":[163],"class_list":["post-5326","product","type-product","status-publish","has-post-thumbnail","hentry","product_cat-nuoc-hoa","product_tag-nuoc-hoa-jillian-bewitching-kiss"],"aioseo_notices":[],"_links":{"self":[{"href":"https:\/\/tiemtaphoa.xyz\/index.php\/wp-json\/wp\/v2\/product\/5326"}],"collection":[{"href":"https:\/\/tiemtaphoa.xyz\/index.php\/wp-json\/wp\/v2\/product"}],"about":[{"href":"https:\/\/tiemtaphoa.xyz\/index.php\/wp-json\/wp\/v2\/types\/product"}],"replies":[{"embeddable":true,"href":"https:\/\/tiemtaphoa.xyz\/index.php\/wp-json\/wp\/v2\/comments?post=5326"}],"wp:featuredmedia":[{"embeddable":true,"href":"https:\/\/tiemtaphoa.xyz\/index.php\/wp-json\/wp\/v2\/media\/5328"}],"wp:attachment":[{"href":"https:\/\/tiemtaphoa.xyz\/index.php\/wp-json\/wp\/v2\/media?parent=5326"}],"wp:term":[{"taxonomy":"product_cat","embeddable":true,"href":"https:\/\/tiemtaphoa.xyz\/index.php\/wp-json\/wp\/v2\/product_cat?post=5326"},{"taxonomy":"product_tag","embeddable":true,"href":"https:\/\/tiemtaphoa.xyz\/index.php\/wp-json\/wp\/v2\/product_tag?post=5326"}],"curies":[{"name":"wp","href":"https:\/\/api.w.org\/{rel}","templated":true}]}}