{"id":5364,"date":"2023-09-29T09:14:11","date_gmt":"2023-09-29T02:14:11","guid":{"rendered":"https:\/\/webbachhoa.com\/?post_type=product&#038;p=5364"},"modified":"2023-09-29T09:14:11","modified_gmt":"2023-09-29T02:14:11","slug":"combo-ho-tro-suc-khoe-hau-covid","status":"publish","type":"product","link":"https:\/\/tiemtaphoa.xyz\/index.php\/product\/combo-ho-tro-suc-khoe-hau-covid\/","title":{"rendered":"Combo h\u1ed7 tr\u1ee3 s\u1ee9c kho\u1ebb h\u1eadu Covid"},"content":{"rendered":"<p>H\u1eadu COVID-19 ng\u01b0\u1eddi b\u1ec7nh c\u00f2n \u0111\u1ed1i di\u1ec7n nhi\u1ec1u v\u1ea5n \u0111\u1ec1 v\u1ec1 s\u1ee9c kh\u1ecfe cho n\u00ean c\u1ea7n ph\u1ea3i sinh ho\u1ea1t, dinh d\u01b0\u1ee1ng h\u1ee3p l\u00fd \u0111\u1ec3 ph\u1ee5c h\u1ed3i d\u1ea7n c\u00e1c ch\u1ee9c n\u0103ng c\u01a1 th\u1ec3. B\u1edfi v\u00ec, COVID-19 g\u00e2y t\u1ed5n th\u01b0\u01a1ng kh\u00f4ng ch\u1ec9 \u1edf ph\u1ed5i m\u00e0 c\u00f2n nhi\u1ec1u c\u01a1 quan kh\u00e1c.<\/p>\n<div>\nM\u1ed9t s\u1ed1 nh\u1eefng bi\u1ec3u hi\u1ec7n th\u01b0\u1eddng g\u1eb7p sau h\u1eadu Covid nh\u01b0 :kho\u0301 th\u01a1\u0309 nh\u1eb9 ho\u0103\u0323c h\u1ee5t h\u01a1i, m\u1ec7t m\u1ecfi hay ch\u00f3ng m\u1eb7t, ho, \u0111au \u0111\u1ea7u, t\u1ee9c ng\u1ef1c, tim \u0111\u1eadp nhanh ho\u1eb7c \u0111\u00e1nh tr\u1ed1ng ng\u1ef1c, c\u00f3 th\u1ec3 \u0111au c\u01a1, kh\u1edbp. Ho\u1eb7c c\u00f3 tr\u01b0\u1eddng h\u1ee3p xu\u1ea5t hi\u1ec7n r\u1ed1i lo\u1ea1n ti\u00eau h\u00f3a (\u0103n kh\u00f4ng ngon mi\u1ec7ng, ch\u00e1n \u0103n, \u0111au d\u1ea1 d\u00e0y, ti\u00eau ch\u1ea3y\u2026), r\u1ed1i lo\u1ea1n v\u1ecb gi\u00e1c ho\u1eb7c kh\u1ee9u gi\u00e1c.\u00a0\u1ede da c\u00f3 th\u1ec3 th\u1ea5y hi\u1ec7n t\u01b0\u1ee3ng ph\u00e1t ban. V\u1ec1 th\u1ea7n kinh c\u00f3 th\u1ec3 xu\u1ea5t hi\u1ec7n r\u1ed1i lo\u1ea1n gi\u1ea5c ng\u1ee7 ho\u1eb7c kh\u00f3 t\u1eadp trung t\u01b0 t\u01b0\u1edfng, ho\u1eb7c thay \u0111\u1ed5i t\u00e2m tr\u1ea1ng.<\/div>\n<div><\/div>\n<div>V\u00ec v\u1eady Himalaya mu\u1ed1n \u0111\u01b0a nh\u1eefng s\u1ea3n ph\u1ea9m c\u1ee7a m\u00ecnh \u0111\u1ec3 gi\u00fap h\u1ed7 tr\u1ee3 m\u1ecdi ng\u01b0\u1eddi c\u1ea3i thi\u1ec7n t\u00ecnh tr\u1ea1ng s\u1ee9c kh\u1ecfe v\u1edbi combo s\u1ea3n ph\u1ea9m bao g\u1ed3m: l\u00e1 x\u00f4ng gi\u1ea3i c\u1ea3m, th\u1ea3o m\u1ed9c n\u1ea5u tr\u00e0 xuy\u00ean t\u00e2m li\u00ean, dung d\u1ecbch di\u1ec7t khu\u1ea9n v\u00e0 cu\u1ed1i c\u00f9ng l\u00e0 tinh d\u1ea7u l\u0103n Active.<\/div>\n<div><\/div>\n<div><em><strong>L\u00e1 x\u00f4ng gi\u1ea3i c\u1ea3m<\/strong><\/em>\u00a0c\u00f3 th\u00e0nh ph\u1ea7n: Xuy\u00ean t\u00e2m li\u00ean, \u0111inh h\u01b0\u01a1ng, l\u00e1 s\u1ea3, qu\u1ebf, v\u1ecf b\u01b0\u1edfi, kinh gi\u1edbi, b\u1ea1ch h\u00e0, t\u00eda t\u00f4, g\u1eebng, h\u01b0\u01a1ng nhu,&#8230; V\u1edbi c\u00f4ng d\u1ee5ng\u00a0gi\u00fap an\u00a0th\u1ea7n, t\u00e2m tr\u1ea1ng th\u01b0 th\u00e1i, ng\u1ee7 ngon gi\u1ea5c. C\u00e1c lo\u1ea1i tinh d\u1ea7u trong th\u1ea3o m\u1ed9c c\u00f3 t\u00e1c d\u1ee5ng gi\u1ea3i c\u1ea3m, n\u00e2ng cao s\u1ee9c \u0111\u1ec1 kh\u00e1ng cho c\u01a1 th\u1ec3. Gi\u00fap thanh l\u1ecdc kh\u00f4ng kh\u00ed, kh\u1eed khu\u1ea9n, \u0111em \u0111\u1ebfn kh\u00f4ng gian trong l\u00e0nh. \u0110em l\u1ea1i h\u01b0\u01a1ng th\u01a1m th\u1ea3o m\u1ed9c t\u1ef1 nhi\u00ean cho c\u0103n ph\u00f2ng v\u00e0\u00a0\u0111\u1ea9y l\u00f9i nh\u1eefng m\u00f9i \u1ea9m m\u1ed1c kh\u00f3 ch\u1ecbu.<\/div>\n<div><\/div>\n<div><em><strong>Th\u1ea3o m\u1ed9c n\u1ea5u tr\u00e0 Xuy\u00ean t\u00e2m li\u00ean\u00a0<\/strong><\/em>c\u00f3 th\u00e0nh ph\u1ea7n:<\/div>\n<div>\n<p><strong>Xuy\u00ean t\u00e2m li\u00ean<\/strong>: ch\u1ed1ng vi\u00eam, kh\u00e1ng khu\u1ea9n hi\u1ec7u qu\u1ea3. C\u00f3 t\u00e1c d\u1ee5ng \u1ee9c ch\u1ebf virus v\u00e0 gi\u1ea3m nhi\u1ec7t \u0111\u1ed9 c\u01a1 th\u1ec3<\/p>\n<p><strong>K\u1ef7 t\u1eed<\/strong>: c\u00f3 h\u00e0m l\u01b0\u1ee3ng vitamint C g\u1ea5p 6 l\u1ea7n cam gi\u00fap ch\u1ed1ng oxy h\u00f3a, gi\u00fap \u1ed5n \u0111\u1ecbnh l\u01b0\u1ee3ng \u0111\u01b0\u1eddng trong m\u00e1u, gi\u1ea3i \u0111\u1ed9c gan, gi\u00fap \u0111\u1eb9p da.<\/p>\n<p><strong>C\u1ecf ng\u1ecdt<\/strong>: c\u00f3 v\u1ecb ng\u1ecdt g\u1ea5p 300 l\u1ea7n \u0111\u01b0\u1eddng v\u1edbi c\u00f4ng d\u1ee5ng \u0111i\u1ec1u v\u1ecb, l\u1ee3i ti\u1ec3u, t\u1ed1t cho ng\u01b0\u1eddi\u00a0b\u1ec7nh ti\u1ec3u \u0111\u01b0\u1eddng,\u00a0cao huy\u1ebft \u00e1p.<\/p>\n<p>V\u00e0 c\u00e1c lo\u1ea1i th\u1ea3o m\u1ed9c kh\u00e1c.<\/p>\n<p>Th\u1ea3o m\u1ed9c n\u1ea5u tr\u00e0 c\u00f3 c\u00f4ng d\u1ee5ng\u00a0 gi\u00fap t\u0103ng h\u1ec7 mi\u1ec5n d\u1ecbch cho c\u01a1 th\u1ec3, ch\u1ed1ng oxy h\u00f3a, thanh nhi\u1ec7t c\u01a1 th\u1ec3, k\u00edch th\u00edch ti\u00eau h\u00f3a,l\u1ee3i ti\u1ec3u. T\u1ed1t cho ng\u01b0\u1eddi huy\u1ebft \u00e1p cao, ti\u1ec3u \u0111\u01b0\u1eddng.T\u1ed1t cho ph\u00f2ng ng\u1eeba v\u00e0 \u0111ang trong qu\u00e1 tr\u00ecnh \u0111i\u1ec1u tr\u1ecb COVID 19.<\/p>\n<p><em><strong>Tinh d\u1ea7u l\u0103n\u00a0Active<\/strong><\/em>\u00a0l\u00e0 s\u1ef1 k\u1ebft h\u1ee3p nhi\u1ec1u tinh ch\u1ea5t tinh d\u1ea7u thi\u00ean nhi\u00ean, \u0111\u01b0\u1ee3c thi\u1ebft k\u1ebf cho 2 m\u1ee5c \u0111\u00edch s\u1eed d\u1ee5ng ch\u00ednh (Focus) l\u00e0\u00a0gi\u00fap cho h\u1ec7 th\u1ea7n kinh c\u00f3 s\u1ef1 t\u1eadp trung nhanh ch\u00f3ng, c\u00e2n b\u1eb1ng v\u00e0 t\u01b0 duy s\u1eafc b\u00e9n \u0111\u1ec3 mang l\u1ea1i n\u0103ng su\u1ea5t l\u00e0m vi\u1ec7c, s\u00e1ng t\u1ea1o t\u1ed1i \u0111a cho b\u1ea1n v\u00e0\u00a0\u00a0(Move free) gi\u00fap gi\u1ea3i quy\u1ebft s\u1ef1 kh\u00f3 ch\u1ecbu, m\u1ea5t n\u0103ng l\u01b0\u1ee3ng, tr\u1ea1ng th\u00e1i n\u1eb7ng \u0111\u1ea7u, ch\u00f3ng m\u1eb7t, l\u00ec b\u00ec, nh\u1ee9c m\u1ecfi c\u01a1, x\u01b0\u01a1ng kh\u1edbp, l\u00e0m d\u1ecbu c\u00e1c v\u1ebft c\u00f4n tr\u00f9ng c\u1eafn,\u2026 Ngo\u00e0i ra c\u00f3 th\u1ec3 s\u1eed d\u1ee5ng khi tr\u1eddi l\u1ea1nh, s\u1eed d\u1ee5ng \u0111\u1ec3 l\u00e0m d\u1ecbu c\u00e1c v\u1ebft c\u00f4n tr\u00f9ng c\u1eafn, ng\u0103n ng\u1eeba mu\u1ed7i \u0111\u1ed1t.<\/p>\n<p>S\u1ea3n ph\u1ea9m tuy\u1ec7t v\u1eddi n\u00e0y l\u00e0 th\u1ee9 c\u1ea7n thi\u1ebft ph\u1ea3i c\u00f3 tr\u00ean b\u00e0n l\u00e0m vi\u1ec7c, b\u00e0n h\u1ecdc, tr\u00ean xe h\u01a1i v\u00e0 \u0111\u1eb7c bi\u1ec7t m\u1ed7i khi \u0111i xa ( du l\u1ecbch hay c\u00f4ng t\u00e1c ). H\u00e3y s\u1eed d\u1ee5ng tinh d\u1ea7u l\u0103n Active \u0111\u1ec3 c\u1ea3m nh\u1eadn s\u1ef1 k\u1ef3 di\u1ec7u c\u1ee7a li\u1ec7u ph\u00e1p h\u01b0\u01a1ng th\u01a1m cho b\u1ea3n th\u00e2n v\u00e0 gia \u0111\u00ecnh y\u00eau qu\u00fd c\u1ee7a b\u1ea1n.<\/p>\n<p><em><strong>Dung d\u1ecbch di\u1ec7t khu\u1ea9n\u00a0<\/strong><\/em><\/p>\n<p>&#8211; C\u00e1c chuy\u00ean gia y t\u1ebf khuy\u1ebfn c\u00e1o th\u01b0\u1eddng xuy\u00ean gi\u1eef \u0111\u00f4i b\u00e0n tay s\u1ea1ch l\u00e0 bi\u1ec7n ph\u00e1p \u0111\u01a1n gi\u1ea3n v\u00e0 hi\u1ec7u qu\u1ea3 nh\u1ea5t \u0111\u1ec3 ph\u00f2ng ch\u1ed1ng c\u00e1c b\u1ec7nh truy\u1ec1n nhi\u1ec5m. B\u1edfi tr\u00ean 1 cm2 da c\u1ee7a ng\u01b0\u1eddi b\u00ecnh th\u01b0\u1eddng c\u00f3 ch\u1ee9a t\u1edbi 40.000 vi khu\u1ea9n. \u0110\u1eb7c bi\u1ec7t s\u1ed1 l\u01b0\u1ee3ng n\u00e0y c\u00f2n nhi\u1ec1u h\u01a1n \u1edf tr\u00ean da b\u00e0n tay, v\u1ed1n l\u00e0 n\u01a1i th\u01b0\u1eddng xuy\u00ean ti\u1ebfp x\u00fac v\u1edbi \u0111\u1ee7 m\u1ecdi v\u1eadt d\u1ee5ng trong cu\u1ed9c s\u1ed1ng h\u00e0ng ng\u00e0y.<\/p>\n<p>&#8211; Dung d\u1ecbch di\u1ec7t khu\u1ea9n Himalaya\u00a0\u00a0gi\u00fap ti\u00eau di\u1ec7t nhanh ch\u00f3ng v\u00e0 s\u1ea1ch khu\u1ea9n trong tr\u01b0\u1eddng h\u1ee3p kh\u00f4ng c\u00f3 n\u01b0\u1edbc v\u00e0 x\u00e0 ph\u00f2ng. Dung d\u1ecbch di\u1ec7t khu\u1ea9n \u0111\u01b0\u1ee3c s\u1ea3n xu\u1ea5t v\u1edbi c\u1ed3n m\u1ef9 ph\u1ea9m thi\u00ean nhi\u00ean, chu\u1ea9n an to\u00e0n cao, l\u00e0nh t\u00ednh cho da, gi\u00fap l\u00e0m m\u1ec1m m\u1ea1i l\u00e0n da tay.<\/p>\n<p>&#8211; V\u1edbi thi\u1ebft k\u1ebf an to\u00e0n v\u00e0 nh\u1ecf g\u1ecdn dung d\u1ecbch di\u1ec7t khu\u1ea9n gi\u00fap b\u1ea1n d\u1ec5 d\u00e0ng mang theo m\u1ecdi l\u00fac m\u1ecdi n\u01a1i nh\u01b0 khi \u0111i l\u00e0m, \u0111i du l\u1ecbch&#8230;<\/p>\n<p>V\u1edbi combo h\u1ed7 tr\u1ee3 s\u1ee9c kh\u1ecfe h\u1eadu covid c\u1ee7a Himalaya hy v\u1ecdng s\u1ebd gi\u00fap c\u1ea3i thi\u1ec7n nh\u1eefng t\u00ecnh tr\u1ea1ng kh\u00f3 ch\u1ecbu cho m\u1ecdi ng\u01b0\u1eddi. Gi\u00fap cho s\u1ee9c kh\u1ecfe ng\u00e0y c\u00e0ng t\u1ed1t h\u01a1n, t\u0103ng s\u1ee9c \u0111\u1ec1 kh\u00e1ng, ng\u1ee7 s\u00e2u h\u01a1n t\u1eeb \u0111\u00f3 tinh th\u1ea7n c\u0169ng tho\u1ea3i m\u00e1i, l\u00e0m vi\u1ec7c t\u1eadp trung v\u00e0\u00a0hi\u1ec7u qu\u1ea3 h\u01a1n.<\/p>\n<\/div>\n","protected":false},"excerpt":{"rendered":"<p>M\u1ed9t s\u1ed1 nh\u1eefng bi\u1ec3u hi\u1ec7n th\u01b0\u1eddng g\u1eb7p sau h\u1eadu Covid nh\u01b0 :kho\u0301 th\u01a1\u0309 nh\u1eb9 ho\u0103\u0323c h\u1ee5t h\u01a1i, m\u1ec7t m\u1ecfi hay ch\u00f3ng m\u1eb7t, ho, \u0111au \u0111\u1ea7u, t\u1ee9c ng\u1ef1c, tim \u0111\u1eadp nhanh ho\u1eb7c \u0111\u00e1nh tr\u1ed1ng ng\u1ef1c, c\u00f3 th\u1ec3 \u0111au c\u01a1, kh\u1edbp. Ho\u1eb7c c\u00f3 tr\u01b0\u1eddng h\u1ee3p xu\u1ea5t hi\u1ec7n r\u1ed1i lo\u1ea1n ti\u00eau h\u00f3a (\u0103n kh\u00f4ng ngon mi\u1ec7ng, ch\u00e1n \u0103n, \u0111au d\u1ea1 d\u00e0y, ti\u00eau ch\u1ea3y\u2026), r\u1ed1i lo\u1ea1n v\u1ecb gi\u00e1c ho\u1eb7c kh\u1ee9u gi\u00e1c. \u1ede da c\u00f3 th\u1ec3 th\u1ea5y hi\u1ec7n t\u01b0\u1ee3ng ph\u00e1t ban. V\u1ec1 th\u1ea7n kinh c\u00f3 th\u1ec3 xu\u1ea5t hi\u1ec7n r\u1ed1i lo\u1ea1n gi\u1ea5c ng\u1ee7 ho\u1eb7c kh\u00f3 t\u1eadp trung t\u01b0 t\u01b0\u1edfng, ho\u1eb7c thay \u0111\u1ed5i t\u00e2m tr\u1ea1ng.<\/p>\n","protected":false},"featured_media":5365,"comment_status":"open","ping_status":"closed","template":"","meta":[],"product_cat":[134,127],"product_tag":[],"class_list":["post-5364","product","type-product","status-publish","has-post-thumbnail","hentry","product_cat-cham-soc-ca-nhan","product_cat-san-pham-himalaya"],"aioseo_notices":[],"_links":{"self":[{"href":"https:\/\/tiemtaphoa.xyz\/index.php\/wp-json\/wp\/v2\/product\/5364"}],"collection":[{"href":"https:\/\/tiemtaphoa.xyz\/index.php\/wp-json\/wp\/v2\/product"}],"about":[{"href":"https:\/\/tiemtaphoa.xyz\/index.php\/wp-json\/wp\/v2\/types\/product"}],"replies":[{"embeddable":true,"href":"https:\/\/tiemtaphoa.xyz\/index.php\/wp-json\/wp\/v2\/comments?post=5364"}],"wp:featuredmedia":[{"embeddable":true,"href":"https:\/\/tiemtaphoa.xyz\/index.php\/wp-json\/wp\/v2\/media\/5365"}],"wp:attachment":[{"href":"https:\/\/tiemtaphoa.xyz\/index.php\/wp-json\/wp\/v2\/media?parent=5364"}],"wp:term":[{"taxonomy":"product_cat","embeddable":true,"href":"https:\/\/tiemtaphoa.xyz\/index.php\/wp-json\/wp\/v2\/product_cat?post=5364"},{"taxonomy":"product_tag","embeddable":true,"href":"https:\/\/tiemtaphoa.xyz\/index.php\/wp-json\/wp\/v2\/product_tag?post=5364"}],"curies":[{"name":"wp","href":"https:\/\/api.w.org\/{rel}","templated":true}]}}