{"id":5366,"date":"2023-09-29T09:16:20","date_gmt":"2023-09-29T02:16:20","guid":{"rendered":"https:\/\/webbachhoa.com\/?post_type=product&#038;p=5366"},"modified":"2023-09-29T09:16:21","modified_gmt":"2023-09-29T02:16:21","slug":"combo-tui-chuom-thao-moc","status":"publish","type":"product","link":"https:\/\/tiemtaphoa.xyz\/index.php\/product\/combo-tui-chuom-thao-moc\/","title":{"rendered":"Combo T\u00fai Ch\u01b0\u1eddm Th\u1ea3o M\u1ed9c"},"content":{"rendered":"<div class=\"mb-3 mb-sm-0 col-12 col-md-8 product-content js-content-wrapper card border-0\">\n<div id=\"ega-uti-editable-content\" class=\"rte js-product-getcontent product_getcontent pos-relative\" data-platform=\"haravan\" data-id=\"1038873170\">\n<div id=\"content\" class=\"content js-content\">\n<p>T\u00fai ch\u01b0\u1eddm th\u1ea3o m\u1ed9c Himalaya\u00a0\u00a0t\u1eeb 100% Th\u1ea3o m\u1ed9c thi\u00ean nhi\u00ean c\u1ee7a v\u00f9ng n\u00fai Vi\u1ec7t Nam, \u0111\u01b0\u1ee3c ch\u1ecdn l\u1ecdc v\u00e0 \u0111\u00f3ng g\u00f3i c\u1ea9n th\u1eadn, gi\u00fap gi\u1ea3m c\u00e1c c\u01a1n \u0111au m\u1ecfi x\u01b0\u01a1ng kh\u1edbp, vai g\u00e1y m\u1ed9t c\u00e1ch ti\u1ec7n l\u1ee3i, nhanh ch\u00f3ng, hi\u1ec7u qu\u1ea3 v\u00e0 an t\u00e2m nh\u1ea5t.<br \/>\nL\u00e0 m\u00f3n qu\u00e0 c\u1ee7a T\u1ea1o H\u00f3a ban t\u1eb7ng cho con ng\u01b0\u1eddi qua c\u1ecf c\u00e2y quen thu\u1ed9c, c\u00f9ng v\u1edbi b\u00e0n tay kh\u00e9o l\u00e9o c\u1ee7a con ng\u01b0\u1eddi, \u0111\u00e3 t\u1ea1o ra m\u1ed9t s\u1ea3n ph\u1ea9m \u01b0u vi\u1ec7t, ti\u1ec7n d\u1ee5ng v\u00e0 c\u00f3 th\u1ec3 s\u1eed d\u1ee5ng \u0111\u01b0\u1ee3c v\u1edbi m\u1ecdi l\u1ee9a tu\u1ed5i, m\u1ecdi l\u00fac, m\u1ecdi n\u01a1i.<br \/>\n<strong>COMBO G\u1ed2M:<\/strong><br \/>\n&#8211; T\u00fai ch\u01b0\u1eddm vai, c\u1ed5 ,g\u00e1y<br \/>\n&#8211; T\u00fai ch\u01b0\u1eddm l\u01b0ng &#8211; b\u1ee5ng<br \/>\n&#8211; T\u00fai ch\u01b0\u1eddm m\u1eaft<br \/>\n&#8211; T\u00fai ch\u01b0\u1eddm ch\u00e2n<\/p>\n<p><strong>TH\u00c0NH PH\u1ea6N<\/strong><\/p>\n<p>S\u1ea3n ph\u1ea9m T\u00fai ch\u01b0\u1eddm th\u1ea3o m\u1ed9c\u00a0Himalaya bao g\u1ed3m: V\u1ecf t\u00fai ch\u01b0\u1eddm b\u1eb1ng v\u1ea3i cotton ch\u1ecbu nhi\u1ec7t cao (c\u00f3 th\u1ec3 th\u00e1o ra \u0111\u1ec3 v\u1ec7 sinh d\u1ec5 d\u00e0ng)\u00a0v\u00e0 l\u00f5i th\u1ea3o m.<br \/>\n&#8211; Th\u00e0nh ph\u1ea7n l\u00f5i\u00a0th\u1ea3o m\u1ed9c,\u00a0\u0111\u01b0\u1ee3c nghi\u00ean c\u1ee9u v\u00e0 t\u1ea1o ra t\u1eeb 100% th\u1ea3o m\u1ed9c t\u1eeb\u00a0nhi\u00ean truy\u1ec1n th\u1ed1ng \u0111\u01b0\u1ee3c s\u1eed d\u1ee5ng t\u1eeb l\u00e2u \u0111\u1eddi nh\u01b0: hoa nh\u00e0i, th\u1ea3o quy\u1ebft minh, b\u1ea1c h\u00e0, hoa c\u00fac, \u0111inh h\u01b0\u01a1ng, h\u01b0\u01a1ng th\u1ea3o, o\u1ea3i h\u01b0\u01a1ng, s\u1ea3, ti\u1ec3u h\u1ed3i h\u01b0\u01a1ng&#8230; gi\u00fap \u0111\u1ea3 th\u00f4ng kinh m\u1ea1ch, gi\u1ea3i tr\u1eeb \u0111au m\u1ecfi, th\u01b0 gi\u00e3n tinh th\u1ea7n.<\/p>\n<p><strong>C\u00d4NG D\u1ee4NG<\/strong><br \/>\n&#8211; Gi\u1ea3m \u0111au m\u1ecfi vai g\u00e1y do tho\u00e1i h\u00f3a c\u1ed9t s\u1ed1ng, gi\u1ea3m \u0111au m\u1ecfi c\u00e1nh tay, \u0111au kh\u1edbp, \u0111au c\u01a1<br \/>\n&#8211; Th\u01b0 gi\u00e3n, gi\u1ea3m c\u0103ng th\u1eb3ng m\u1ec7t m\u1ecfi, gi\u00fap tu\u1ea7n ho\u00e0n m\u00e1i, l\u01b0u th\u00f4ng kh\u00ed huy\u1ebft<br \/>\n&#8211; Gi\u00fap ng\u1ee7 ngon, ng\u1ee7 s\u00e2u gi\u1ea5c, th\u01b0 gi\u00e3n tinh th\u1ea7n, gi\u1ea3i tr\u1eeb m\u1ec7t m\u1ecfi c\u0103ng th\u1eb3ng<br \/>\n&#8211; Nhanh ch\u00f3ng gi\u1ea3m nh\u1ee9c m\u1ecfi m\u1eaft, t\u0103ng tu\u1ea7n ho\u00e0n m\u00e1u, l\u01b0u th\u00f4ng kh\u00ed huy\u1ebft, gi\u1ea3m c\u01a1n \u0111au \u0111\u1ea7u<br \/>\n&#8211; S\u1ee9c n\u00f3ng gi\u00fap to\u00e1t m\u1ed3 h\u00f4i v\u00e0 th\u1ea3i \u0111\u1ed9c cho c\u01a1 th\u1ec3.<br \/>\n&#8211; L\u00e0m thon g\u1ecdn v\u00f9ng eo<br \/>\n&#8211; Gi\u1ea3m \u0111au b\u1ee5ng kinh<br \/>\n&#8211; Gi\u00fap t\u0103ng tu\u1ea7n ho\u00e0n m\u00e1u \u0111\u1ebfn c\u00e1c v\u00f9ng c\u01a1 b\u1ecb ch\u00e8n \u00e9p d\u00e2y th\u1ea7n kinh, l\u01b0u th\u00f4ng kh\u00ed huy\u1ebft.<\/p>\n<p>&#8211;\u00a0Nhanh ch\u00f3ng l\u00e0m gi\u1ea3m \u0111au, nh\u1ee9c m\u1ecfi c\u00e1c kh\u1edbp c\u1ed5 ch\u00e2n, \u0111au c\u01a1 b\u00e0n ch\u00e2n<\/p>\n<p><strong>C\u00c1CH S\u1eec D\u1ee4NG<br \/>\n<em>&#8211; Ch\u01b0\u1eddm n\u00f3ng:<\/em><\/strong><br \/>\nB1: Cho t\u00fai ch\u01b0\u1eddm v\u00e0o l\u00f2 vi s\u00f3ng (microware) \u1edf ch\u1ebf \u0111\u1ed9 l\u00e0m n\u00f3ng cao nh\u1ea5t (800w) trong th\u1eddi gian 20-30 gi\u00e2y. C\u00f3 th\u1ec3 x\u1ecbt m\u1ed9t ch\u00fat n\u01b0\u1edbc s\u1ea1ch v\u00e0o t\u00fai ch\u01b0\u1eddm tr\u01b0\u1edbc khi quay trong l\u00f2 vi s\u00f3ng.<\/p>\n<p>B2: Ch\u01b0\u1eddm l\u00ean v\u00f9ng c\u01a1 th\u1ec3 b\u1ecb \u0111au m\u1ecfi v\u00e0 th\u01b0 gi\u00e3n, c\u00f3 th\u1ec3 \u0111i l\u1ea1i b\u00ecnh th\u01b0\u1eddng cho \u0111\u1ebfn khi ngu\u1ed9i h\u1eb3n.<\/p>\n<p>N\u00ean th\u1eed \u0111\u1ed9 n\u00f3ng ph\u00f9 h\u1ee3p v\u1edbi kh\u1ea3 n\u0103ng ch\u1ecbu n\u00f3ng tr\u01b0\u1edbc khi ch\u01b0\u1eddm, c\u00f3 th\u1ec3 t\u0103ng gi\u1ea3m th\u1eddi gian quay trong l\u00f2 vi s\u00f3ng \u0111\u1ec3 \u0111\u1ea1t \u0111\u1ed9 n\u00f3ng ph\u00f9 h\u1ee3p.<\/p>\n<p><em><strong>&#8211; Ch\u01b0\u1eddm l\u1ea1nh:\u00a0<\/strong><\/em><br \/>\nB\u1ecdc t\u00fai ch\u01b0\u1eddm trong nilon k\u00edn r\u1ed3i \u0111\u1eb7t v\u00e0o ng\u0103n \u0111\u00e1 t\u1ee7 l\u1ea1nh 1-2 gi\u1edd, sau \u0111\u00f3 l\u1ea5y ra ch\u01b0\u1eddm v\u00e0 th\u01b0 gi\u00e3n<\/p>\n<p><strong>L\u01afU \u00dd:<\/strong><br \/>\n&#8211; M\u1ed7i ng\u00e0y ch\u01b0\u1eddm 1 &#8211; 3 l\u1ea7n.<br \/>\n&#8211; D\u00f9ng s\u1ea3n ph\u1ea9m trong v\u00f2ng 2 n\u0103m t\u1eeb khi m\u1edf t\u00fai, ho\u1eb7c t\u1edbi khi h\u1ebft h\u1eb3n m\u00f9i th\u01a1m th\u1ea3o m\u1ed9c.<br \/>\n&#8211; Ch\u1ed1ng ch\u1ec9 \u0111\u1ecbnh c\u00e1c tr\u01b0\u1eddng h\u1ee3p:<br \/>\n&#8211; V\u00f9ng c\u00f3 kh\u1ed1i u \u00e1c t\u00ednh, gi\u00e3n t\u0129nh m\u1ea1ch, kh\u00f4ng d\u00f9ng tr\u00ean c\u00e1c v\u1ebft th\u01b0\u01a1ng h\u1edf, v\u1ebft th\u01b0\u01a1ng m\u1edbi \u0111ang xung huy\u1ebft, d\u1ecb \u1ee9ng v\u1edbi c\u00e1c th\u00e0nh ph\u1ea7n th\u1ea3o m\u1ed9c.<br \/>\n&#8211; \u0110\u1ecdc k\u1ef9 h\u01b0\u1edbng d\u1eabn s\u1eed d\u1ee5ng tr\u01b0\u1edbc khi d\u00f9ng.<\/p>\n<p><strong>B\u1ea2O QU\u1ea2N:<\/strong><br \/>\nSau khi d\u00f9ng, \u0111\u1ec3 t\u00fai ch\u01b0\u1eddm ngu\u1ed9i h\u1eb3n, cho v\u00e0o h\u1ed9p k\u00edn ho\u1eb7c t\u00fai nilon, \u0111\u1ec3 n\u01a1i kh\u00f4 r\u00e1o, m\u1ed7i th\u00e1ng c\u00f3 th\u1ec3 ph\u01a1i t\u00fai d\u01b0\u1edbi \u00e1nh n\u1eafng 1 gi\u1edd.<\/p>\n<p><strong>KHI N\u00c0O PH\u1ea2I THAY TH\u1ea2O M\u1ed8C\u00a0M\u1edaI?<\/strong><br \/>\nTh\u1ea3o m\u1ed9c\u00a0d\u00f9ng \u0111\u01b0\u1ee3c 250\u00a0l\u1ea7n (kho\u1ea3ng 3 th\u00e1ng d\u00f9ng li\u00ean t\u1ee5c) ho\u1eb7c d\u00f9ng cho \u0111\u1ebfn khi h\u1ebft h\u1eb3n m\u00f9i th\u01a1m th\u1ea3o m\u1ed9c,\u00a0tuy nhi\u00ean v\u1eabn s\u1eed d\u1ee5ng \u0111\u01b0\u1ee3c nh\u01b0 m\u1ed9t t\u00fai ch\u01b0\u1eddm \u1ea5m &#8211;\u00a0l\u1ea1nh \u0111a n\u0103ng<\/p>\n<\/div>\n<\/div>\n<div class=\"js-seemore ega-pro__seemore text-center pos-relative mt-3 show\"><\/div>\n<\/div>\n","protected":false},"excerpt":{"rendered":"<p>T\u00fai ch\u01b0\u1eddm th\u1ea3o m\u1ed9c Himalaya\u00a0\u00a0t\u1eeb 100% Th\u1ea3o m\u1ed9c thi\u00ean nhi\u00ean c\u1ee7a v\u00f9ng n\u00fai Vi\u1ec7t Nam, \u0111\u01b0\u1ee3c ch\u1ecdn l\u1ecdc v\u00e0 \u0111\u00f3ng g\u00f3i c\u1ea9n th\u1eadn, gi\u00fap gi\u1ea3m c\u00e1c c\u01a1n \u0111au m\u1ecfi x\u01b0\u01a1ng kh\u1edbp, vai g\u00e1y m\u1ed9t c\u00e1ch ti\u1ec7n l\u1ee3i, nhanh ch\u00f3ng, hi\u1ec7u qu\u1ea3 v\u00e0 an t\u00e2m nh\u1ea5t.<br \/>\nL\u00e0 m\u00f3n qu\u00e0 c\u1ee7a T\u1ea1o H\u00f3a ban t\u1eb7ng cho con ng\u01b0\u1eddi qua c\u1ecf c\u00e2y quen thu\u1ed9c, c\u00f9ng v\u1edbi b\u00e0n tay kh\u00e9o l\u00e9o c\u1ee7a con ng\u01b0\u1eddi, \u0111\u00e3 t\u1ea1o ra m\u1ed9t s\u1ea3n ph\u1ea9m \u01b0u vi\u1ec7t, ti\u1ec7n d\u1ee5ng v\u00e0 c\u00f3 th\u1ec3 s\u1eed d\u1ee5ng \u0111\u01b0\u1ee3c v\u1edbi m\u1ecdi l\u1ee9a tu\u1ed5i, m\u1ecdi l\u00fac, m\u1ecdi n\u01a1i.<\/p>\n","protected":false},"featured_media":5367,"comment_status":"open","ping_status":"closed","template":"","meta":[],"product_cat":[134,127],"product_tag":[],"class_list":["post-5366","product","type-product","status-publish","has-post-thumbnail","hentry","product_cat-cham-soc-ca-nhan","product_cat-san-pham-himalaya"],"aioseo_notices":[],"_links":{"self":[{"href":"https:\/\/tiemtaphoa.xyz\/index.php\/wp-json\/wp\/v2\/product\/5366"}],"collection":[{"href":"https:\/\/tiemtaphoa.xyz\/index.php\/wp-json\/wp\/v2\/product"}],"about":[{"href":"https:\/\/tiemtaphoa.xyz\/index.php\/wp-json\/wp\/v2\/types\/product"}],"replies":[{"embeddable":true,"href":"https:\/\/tiemtaphoa.xyz\/index.php\/wp-json\/wp\/v2\/comments?post=5366"}],"wp:featuredmedia":[{"embeddable":true,"href":"https:\/\/tiemtaphoa.xyz\/index.php\/wp-json\/wp\/v2\/media\/5367"}],"wp:attachment":[{"href":"https:\/\/tiemtaphoa.xyz\/index.php\/wp-json\/wp\/v2\/media?parent=5366"}],"wp:term":[{"taxonomy":"product_cat","embeddable":true,"href":"https:\/\/tiemtaphoa.xyz\/index.php\/wp-json\/wp\/v2\/product_cat?post=5366"},{"taxonomy":"product_tag","embeddable":true,"href":"https:\/\/tiemtaphoa.xyz\/index.php\/wp-json\/wp\/v2\/product_tag?post=5366"}],"curies":[{"name":"wp","href":"https:\/\/api.w.org\/{rel}","templated":true}]}}