{"id":5369,"date":"2023-09-29T09:20:36","date_gmt":"2023-09-29T02:20:36","guid":{"rendered":"https:\/\/webbachhoa.com\/?post_type=product&#038;p=5369"},"modified":"2023-09-29T09:24:53","modified_gmt":"2023-09-29T02:24:53","slug":"tinh-dau-lan-relax-himalaya-rest-sleep","status":"publish","type":"product","link":"https:\/\/tiemtaphoa.xyz\/index.php\/product\/tinh-dau-lan-relax-himalaya-rest-sleep\/","title":{"rendered":"Tinh d\u1ea7u l\u0103n Relax Himalaya (Rest &#038; Sleep)"},"content":{"rendered":"<div class=\"mb-3 mb-sm-0 col-12 col-md-8 product-content js-content-wrapper card border-0\">\n<div id=\"ega-uti-editable-content\" class=\"rte js-product-getcontent product_getcontent pos-relative\" data-platform=\"haravan\" data-id=\"1037836859\">\n<div id=\"content\" class=\"content js-content\">\n<div class=\"main_content_body main_content_body_cus1\">\n<div class=\"microformat\">\n<p>Tinh d\u1ea7u l\u0103n\u00a0Relax\u00a0l\u00e0 s\u1ef1 k\u1ebft h\u1ee3p nhi\u1ec1u tinh ch\u1ea5t tinh d\u1ea7u thi\u00ean nhi\u00ean, \u0111\u01b0\u1ee3c thi\u1ebft k\u1ebf cho 2 m\u1ee5c \u0111\u00edch s\u1eed d\u1ee5ng ch\u00ednh (Rest) l\u00e0\u00a0gi\u00fap cho h\u1ec7 th\u1ea7n kinh th\u01b0 gi\u00e3n, gi\u1ea3m c\u0103ng th\u1eb3ng th\u00f4ng qua li\u1ec7u ph\u00e1p h\u01b0\u01a1ng th\u01a1m v\u00e0\u00a0(Sleep) gi\u00fap d\u1ec5 th\u1edf v\u00e0 d\u1ec5 \u0111i v\u00e0o gi\u1ea5c ng\u1ee7,\u2026 Ngo\u00e0i ra c\u00f3 th\u1ec3 s\u1eed d\u1ee5ng nh\u01b0 n\u01b0\u1edbc hoa, l\u0103n tr\u00ean c\u00e1c v\u00f9ng \u0111\u1ed9ng m\u1ea1ch ch\u1ee7 (c\u1ed5 tay, sau g\u00e1y,..) t\u1ea1o cho c\u01a1 th\u1ec3 h\u01b0\u01a1ng th\u01a1m nh\u1eb9 nh\u00e0ng, tuy\u1ec7t v\u1eddi.<\/p>\n<p>S\u1ea3n ph\u1ea9m tuy\u1ec7t v\u1eddi n\u00e0y l\u00e0 th\u1ee9 c\u1ea7n thi\u1ebft ph\u1ea3i c\u00f3 tr\u00ean b\u00e0n l\u00e0m vi\u1ec7c, b\u00e0n h\u1ecdc, tr\u00ean xe h\u01a1i v\u00e0 \u0111\u1eb7c bi\u1ec7t m\u1ed7i khi \u0111i xa (du l\u1ecbch hay c\u00f4ng t\u00e1c). H\u00e3y s\u1eed d\u1ee5ng tinh d\u1ea7u l\u0103n Relax \u0111\u1ec3 c\u1ea3m nh\u1eadn s\u1ef1 k\u1ef3 di\u1ec7u c\u1ee7a li\u1ec7u ph\u00e1p h\u01b0\u01a1ng th\u01a1m cho b\u1ea3n th\u00e2n v\u00e0 gia \u0111\u00ecnh y\u00eau qu\u00fd c\u1ee7a b\u1ea1n.<\/p>\n<p><strong>\u00a0H\u01b0\u1edbng d\u1eabn s\u1eed d\u1ee5ng:<\/strong><\/p>\n<p>&#8211; L\u0103n tr\u1ef1c ti\u1ebfp l\u00ean da: l\u0103n v\u00e0 day nh\u1eb9 \u1edf v\u00f9ng th\u00e1i d\u01b0\u01a1ng, sau tai, d\u1ecdc g\u00e1y, b\u1ea3 vai, c\u1ed5 tay, c\u00f3 th\u1ec3 s\u1eed d\u1ee5ng th\u01b0\u1eddng xuy\u00ean \u0111\u1ec3 t\u1ea1o s\u1ef1 th\u01b0 gi\u00e3n, gi\u1ea3m stress.<\/p>\n<p>&#8211; H\u00edt tr\u1ef1c ti\u1ebfp\u00a0: \u0110\u1ec3 c\u00f3 hi\u1ec7u qu\u1ea3 t\u1ee9c th\u00ec, b\u1ea1n c\u00f3 th\u1ec3 l\u0103n chai tinh d\u1ea7u l\u00ean l\u00f2ng b\u00e0n tay ho\u1eb7c c\u1ed5 tay v\u00e0i l\u1ea7n, sau \u0111\u00f3 ch\u00e0 s\u00e1t hai tay v\u1edbi nhau r\u1ed3i \u0111\u01b0a l\u00ean m\u0169i h\u00edt s\u00e2u 2-3 l\u1ea7n, b\u1ea1n c\u00f3 th\u1ec3 s\u1eed d\u1ee5ng nhi\u1ec1u l\u1ea7n trong ng\u00e0y b\u1ea5t c\u1ee9 khi n\u00e0o b\u1ea1n mu\u1ed1n th\u01b0 gi\u00e3n t\u1ed1i \u0111a.<\/p>\n<p>&#8211; Massage 1 ph\u00fat\u00a0: B\u1ea1n s\u1ebd c\u1ea3m th\u1ea5y c\u1ef1c k\u1ef3 s\u1ea3ng kho\u00e1i khi t\u1ef1 nu\u00f4ng chi\u1ec1u b\u1ea3n th\u00e2n b\u1eb1ng li\u1ec7u ph\u00e1p massage h\u01b0\u01a1ng th\u01a1m 1 ph\u00fat cho c\u01a1 th\u1ec3 c\u1ee7a m\u00ecnh nh\u01b0 sau: h\u00e3y l\u0103n chai l\u0103n v\u00e0i l\u1ea7n l\u00ean l\u00f2ng b\u00e0n tay v\u00e0 ch\u00e0 s\u00e1t v\u1edbi nhau ho\u1eb7c l\u0103n tr\u1ef1c ti\u1ebfp l\u00ean c\u00e1c v\u00f9ng c\u1ea7n massage nh\u01b0 g\u00e1y, th\u00e1i d\u01b0\u01a1ng, hai b\u00ean b\u1ea3 vai, l\u00f2ng b\u00e0n ch\u00e2n, c\u1ed5 tay r\u1ed3i t\u1eeb t\u1eeb massage c\u00e1c v\u00f9ng tr\u00ean m\u1ed9t c\u00e1ch nh\u1eb9 nh\u00e0ng sau \u0111\u00f3 b\u1ea1n s\u1ebd th\u1ea5y k\u1ebft qu\u1ea3 k\u1ef3 di\u1ec7u.<\/p>\n<p>(N\u00caN K\u1ebeT H\u1ee2P C\u1ea2 3 C\u00c1CH TR\u00caN C\u00d9NG 1 L\u00daC \u0110\u1ec2 \u0110\u01af\u1ee2C K\u1ebeT QU\u1ea2 T\u1ed0I \u0110A.)<\/p>\n<p>&#8211;\u00a0S\u1eed d\u1ee5ng chung v\u1edbi d\u1ea7u masssage: B\u1ea1n c\u00f3 th\u1ec3 l\u0103n chai l\u0103n v\u00e0i l\u1ea7n l\u00ean l\u00f2ng b\u00e0n tay v\u00e0 ch\u00e0 s\u00e1t v\u1edbi nhau r\u1ed3i s\u1eed d\u1ee5ng c\u00f9ng v\u1edbi d\u1ea7u massage \u0111\u1ec3 massage l\u00ean c\u01a1 th\u1ec3 b\u1ea1n, l\u1eb7p l\u1ea1i cho \u0111\u1ebfn khi xong to\u00e0n b\u1ed9 c\u01a1 th\u1ec3 b\u1ea1n. (l\u01b0u \u00fd tr\u00e1nh v\u00f9ng m\u1eaft v\u00e0 bikini).<\/p>\n<p><strong>Th\u00e0nh ph\u1ea7n<\/strong><\/p>\n<p><em><strong>Tinh d\u1ea7u o\u1ea3i h\u01b0\u01a1ng (Lavender oil)\u00a0<\/strong><\/em><\/p>\n<p>Gi\u00fap cho tinh th\u1ea7n \u0111\u01b0\u1ee3c b\u00ecnh t\u0129nh, v\u00e0 th\u01b0 gi\u00e3n \u0111\u1ed3ng th\u1eddi gi\u00fap c\u01a1 th\u1ec3\u00a0tho\u1ea3i m\u00e1i, th\u1ea7n kinh\u00a0b\u1edbt c\u0103ng th\u1eb3ng\u00a0v\u00e0 d\u1eabn \u0111\u1ebfn vi\u1ec7c c\u00f3 \u0111\u01b0\u1ee3c gi\u1ea5c ng\u1ee7 ngon l\u00e0 r\u1ea5t d\u1ec5 d\u00e0ng.<\/p>\n<p><em><strong>Tinh d\u1ea7u hoa h\u1ed3ng (Rose oil)<\/strong><\/em><\/p>\n<p>Theo m\u1ed9t nghi\u00ean c\u1ee9u, nh\u1eefng ng\u01b0\u1eddi thoa tinh d\u1ea7u hoa h\u1ed3ng l\u00ean c\u01a1 th\u1ec3 ho\u1eb7c qu\u1ea7n \u00e1o c\u1ea3m th\u1ea5y t\u1ef1 tin h\u01a1n, l\u1ea1c quan h\u01a1n, b\u1edbt lo l\u1eafng h\u01a1n v\u00e0 c\u00f3 c\u00e1i nh\u00ecn t\u00edch c\u1ef1c h\u01a1n v\u1ec1 th\u1ebf gi\u1edbi xung quanh. N\u00f3 c\u00e1ch kh\u00e1c, tinh d\u1ea7u hoa h\u1ed3ng c\u00f3 th\u1ec3 gi\u1ea3i t\u1ecfa stress, ng\u0103n ng\u1eeba tr\u1ea7m c\u1ea3m.<\/p>\n<p><em><strong>Tinh d\u1ea7u hoa phong l\u1eef (Geranium oil)<\/strong><\/em><\/p>\n<p>-Lo\u1ea1i tinh d\u1ea7u n\u00e0y \u0111\u00e3 \u0111\u01b0\u1ee3c s\u1eed d\u1ee5ng r\u1ea5t l\u00e2u tr\u01b0\u1edbc kia b\u1edfi ng\u01b0\u1eddi Ai C\u1eadp \u0111\u1ec3 ch\u0103m s\u00f3c da.<\/p>\n<p>-Ng\u00e0y nay n\u00f3 c\u00f2n \u0111\u01b0\u1ee3c d\u00f9ng \u0111\u1ec3 \u0111i\u1ec1u tr\u1ecb m\u1ee5n tr\u1ee9ng c\u00e1, gi\u1ea3m vi\u00eam, gi\u1ea3m b\u1edbt t\u00e2m tr\u1ea1ng lo l\u1eafng v\u00e0 c\u00e2n b\u1eb1ng n\u1ed9i ti\u1ebft t\u1ed1.\u00a0M\u00f9i h\u01b0\u01a1ng ng\u1ecdt ng\u00e0o v\u00e0 quy\u1ebfn r\u0169 c\u1ee7a tinh d\u1ea7u phong l\u1eef c\u00f3 t\u00e1c d\u1ee5ng l\u00e0m gi\u1ea3m s\u1ef1 lo l\u1eafng, c\u0103ng th\u1eb3ng v\u00e0 tr\u1ea7m c\u1ea3m.<\/p>\n<p><em><strong>Tinh d\u1ea7u b\u1ea1c h\u00e0 (Peppermint oil)<\/strong><\/em><\/p>\n<p>&#8211; Gi\u1ea3m c\u0103ng th\u1eb3ng , tr\u1ea7m c\u1ea3m v\u00e0 m\u1ec7t m\u1ecfi, ch\u1ed1ng l\u1ea1i s\u1ef1 lo l\u1eafng v\u00e0 b\u1ed3n ch\u1ed3n, k\u00edch th\u00edch \u0111\u1ea7u \u00f3c minh m\u1eabn, v\u00e0 gia t\u0103ng t\u1eadp trung.<\/p>\n<p>&#8211; M\u1ed9t nghi\u00ean c\u1ee9u c\u1ee7a Ti\u1ebfn S\u0129 William N. Dember t\u1ea1i \u0110\u1ea1i h\u1ecdc Cincinmati ch\u1ee9ng minh r\u1eb1ng H\u01b0\u01a1ng th\u01a1m c\u1ee7a tinh d\u1ea7u B\u1ea1c h\u00e0 cay s\u1ebd t\u0103ng t\u00ednh ch\u00ednh x\u00e1c c\u1ee7a nh\u00e2n vi\u00ean l\u00ean 28% v\u00e0 t\u01b0 duy s\u1eafc b\u00e9n h\u01a1n.<\/p>\n<p>&#8211; Menthol\u00a0l\u00e0 th\u00e0nh ph\u1ea7n ch\u1ee7 y\u1ebfu trong tinh d\u1ea7u b\u1ea1c h\u00e0. N\u00f3 c\u00f3 t\u00e1c d\u1ee5ng t\u1ed1t cho l\u01b0u th\u00f4ng m\u00e1u l\u00e0m tinh th\u1ea7n th\u00f4ng tho\u00e1ng v\u00e0 s\u1ea3ng kho\u00e1i, t\u0103ng c\u01b0\u1eddng h\u1ec7 mi\u1ec5n d\u1ecbch, gi\u1ea3m \u0111au<\/p>\n<p><em><strong>Tinh d\u1ea7u c\u00e2y long n\u00e3o (Camphor Oil)<\/strong><\/em><\/p>\n<p>C\u00f3 t\u00ednh s\u00e1t tr\u00f9ng, g\u00e2y t\u00ea v\u00e0 k\u00edch th\u00edch tim m\u1ea1ch, k\u00edch th\u00edch th\u00e2\u0300n kinh gi\u00fap s\u1ea3ng kho\u00e1i, h\u01b0ng ph\u00e2\u0301n nh\u1eb9. Camphor d\u00f9ng trong y h\u1ecdc c\u00f3 trong th\u00e0nh ph\u1ea7n m\u00f4\u0323t s\u00f4\u0301 thu\u00f4\u0301c ch\u00f4\u0301ng suy nh\u01b0\u1ee3c c\u01a1 th\u1ec3.<\/p>\n<p><em><strong>Tinh d\u1ea7u khuynh di\u1ec7p (Eucalyptus oil)<\/strong><\/em><\/p>\n<p><em><strong>\u00a0<\/strong><\/em>Gi\u00fap \u1ed5n \u0111\u1ecbnh suy ngh\u0129, b\u00ecnh t\u0129nh nh\u1edd H\u01b0\u01a1ng th\u01a1m d\u1ecbu m\u00e1t. Khi thoa l\u00ean da t\u1ea1o c\u1ea3m gi\u00e1c m\u00e1t l\u1ea1nh khi\u1ebfn c\u01a1 th\u1ec3 s\u1ea3ng kho\u00e1i.<\/p>\n<p><em><strong>Tinh d\u1ea7u H\u01b0\u01a1ng th\u1ea3o (Rosemary)<\/strong><\/em><\/p>\n<p>-Tinh d\u1ea7u h\u01b0\u01a1ng th\u1ea3o c\u00f3 kh\u1ea3 n\u0103ng k\u00edch th\u00edch ho\u1ea1t \u0111\u1ed9ng c\u1ee7a h\u1ec7 th\u1ea7n kinh gi\u00fap \u0111\u1ea7u \u00f3c t\u1ec9nh t\u00e1o v\u00e0 t\u1eadp trung \u0111\u01b0\u1ee3c t\u1ed1t h\u01a1n, ch\u1ed1ng oxi h\u00f3a hi\u1ec7u qu\u1ea3, ng\u0103n ch\u0103n c\u00e1c g\u1ed1c t\u1ef1 do trong c\u01a1 th\u1ec3. gi\u00fap gi\u1ea3n n\u1edf ph\u1ebf qu\u1ea3n, gi\u00fap kh\u00f4ng kh\u00ed v\u00e0o ph\u1ed5i t\u1ed1t h\u01a1n,<\/p>\n<p>-B\u00ean c\u1ea1nh \u0111\u00f3 tinh d\u1ea7u h\u01b0\u01a1ng th\u1ea3o c\u00f2n gi\u00fap l\u00e0m gi\u1ea3m ch\u1ea5t nh\u1ea7y, ti\u00eau \u0111\u1eddm n\u00ean h\u1ed7 tr\u1ee3 gi\u1ea3i quy\u1ebft \u0111\u01b0\u1ee3c c\u00e1c v\u1ea5n \u0111\u1ec1 nh\u01b0 ho v\u00e0 vi\u00eam xoang r\u1ea5t t\u1ed1t,\u00a0l\u00e0m gi\u1ea3m \u0111au cho c\u00e1c v\u00f9ng c\u01a1 hay x\u01b0\u01a1ng kh\u1edbp \u0111au nh\u1ee9c.<\/p>\n<p><em><strong>D\u1ea7u d\u1eeba \u00e9p l\u1ea1nh (Cold pressed coconut oil):\u00a0<\/strong><\/em><\/p>\n<p>Gi\u00fap gi\u1eef nguy\u00ean c\u00e1c d\u01b0\u1ee1ng ch\u1ea5t t\u1ef1 nhi\u00ean v\u1edbi nhi\u1ec1u axit b\u00e9o kh\u00f4ng no gi\u00fap l\u00e0m m\u1ec1m da, v\u00e0 c\u00f3 t\u00e1c d\u1ee5ng pha lo\u00e3ng c\u00e1c lo\u1ea1i tinh d\u1ea7u \u0111\u1ec3 c\u00f3 th\u1ec3 s\u1eed d\u1ee5ng tr\u00ean da m\u1ed9t c\u00e1ch an to\u00e0n v\u00e0 hi\u1ec7u qu\u1ea3.<\/p>\n<p><strong>\u01afu \u0111i\u1ec3m c\u1ee7a\u00a0Tinh d\u1ea7u l\u0103n\u00a0Relax\u00a0<\/strong><\/p>\n<p>-H\u01b0\u01a1ng th\u01a1m t\u1ed5ng h\u1ee3p t\u1eeb th\u1ea3o m\u1ed9c nh\u1eb9 nh\u00e0ng, th\u00edch h\u1ee3p cho t\u1ea5t c\u1ea3 m\u1ecdi ng\u01b0\u1eddi.<\/p>\n<p>-Tinh d\u1ea7u Relax \u0111\u01b0\u1ee3c \u0111\u1ef1ng trong chai l\u0103n ti\u1ec7n l\u1ee3i c\u1ee7a Himalaya nh\u1eb1m cung c\u1ea5p cho b\u1ea1n m\u1ed9t c\u00e1ch m\u1edbi \u0111\u1ec3 \u1ee9ng d\u1ee5ng li\u1ec7u ph\u00e1p thi\u00ean nhi\u00ean d\u1ec5 d\u00e0ng v\u00e0 ph\u00f9 h\u1ee3p v\u1edbi cu\u1ed9c s\u1ed1ng h\u00e0ng ng\u00e0y.<\/p>\n<p>-B\u1ea1n s\u1ebd kh\u00e1m ph\u00e1 ra nhi\u1ec1u l\u1ee3i \u00edch thay \u0111\u1ed5i tr\u1ea1ng th\u00e1i c\u1ea3m x\u00fac v\u00e0 th\u1ec3 ch\u1ea5t m\u1ed9t c\u00e1ch hi\u1ec7u qu\u1ea3 v\u00e0 nhanh ch\u00f3ng v\u1edbi tinh d\u1ea7u l\u0103n Relax c\u1ee7a ch\u00fang t\u00f4i. V\u1edbi chai nh\u1ecf g\u1ecdn \u0111\u1ec3 b\u1ea1n d\u1ec5 d\u00e0ng \u0111\u1ec3 trong t\u00fai, b\u00f3p (n\u1eef), b\u00e0n l\u00e0m vi\u1ec7c, \u2026<\/p>\n<p><strong>L\u01b0u \u00fd quan tr\u1ecdng:<\/strong><\/p>\n<p>Kh\u00f4ng s\u1eed d\u1ee5ng l\u00ean v\u00f9ng da b\u1ecb tr\u1ea7y x\u01b0\u1edbc, tr\u00e1nh ti\u1ebfp x\u00fac v\u1edbi m\u1eaft, c\u01a1 quan nh\u1ea1y c\u1ea3m.<\/p>\n<p>\u0110\u1ec3 xa t\u1ea7m tay tr\u1ebb em, tr\u00e1nh \u0111\u1ec3 \u0111\u1ed5 l\u00ean c\u00e1c b\u1ec1 m\u1eb7t n\u1ed9i th\u1ea5t ph\u1ee7 s\u01a1n (n\u1ebfu c\u00f3 th\u00ec lau s\u1ea1ch ngay)<\/p>\n<\/div>\n<\/div>\n<\/div>\n<\/div>\n<div class=\"js-seemore ega-pro__seemore text-center pos-relative mt-3 show\"><\/div>\n<\/div>\n<div class=\"col-12 col-md-4 pl-0 pl-md-3 product-right pr-0\">\n<div class=\"product-related-blog\"><\/div>\n<\/div>\n","protected":false},"excerpt":{"rendered":"<p>Tinh d\u1ea7u l\u0103n\u00a0Relax\u00a0l\u00e0 s\u1ef1 k\u1ebft h\u1ee3p nhi\u1ec1u tinh ch\u1ea5t tinh d\u1ea7u thi\u00ean nhi\u00ean, \u0111\u01b0\u1ee3c thi\u1ebft k\u1ebf cho 2 m\u1ee5c \u0111\u00edch s\u1eed d\u1ee5ng ch\u00ednh (Rest) l\u00e0\u00a0gi\u00fap cho h\u1ec7 th\u1ea7n kinh th\u01b0 gi\u00e3n, gi\u1ea3m c\u0103ng th\u1eb3ng th\u00f4ng qua li\u1ec7u ph\u00e1p h\u01b0\u01a1ng th\u01a1m v\u00e0\u00a0(Sleep) gi\u00fap d\u1ec5 th\u1edf v\u00e0 d\u1ec5 \u0111i v\u00e0o gi\u1ea5c ng\u1ee7,\u2026 Ngo\u00e0i ra c\u00f3 th\u1ec3 s\u1eed &hellip; <a href=\"https:\/\/tiemtaphoa.xyz\/index.php\/product\/tinh-dau-lan-relax-himalaya-rest-sleep\/\" class=\"more-link\">Continue reading <span class=\"screen-reader-text\">Tinh d\u1ea7u l\u0103n Relax Himalaya (Rest &#038; Sleep)<\/span><\/a><\/p>\n","protected":false},"featured_media":5370,"comment_status":"open","ping_status":"closed","template":"","meta":[],"product_cat":[134,127],"product_tag":[166],"class_list":["post-5369","product","type-product","status-publish","has-post-thumbnail","hentry","product_cat-cham-soc-ca-nhan","product_cat-san-pham-himalaya","product_tag-tinh-dau-lan-relax-himalaya-rest-sleep"],"aioseo_notices":[],"_links":{"self":[{"href":"https:\/\/tiemtaphoa.xyz\/index.php\/wp-json\/wp\/v2\/product\/5369"}],"collection":[{"href":"https:\/\/tiemtaphoa.xyz\/index.php\/wp-json\/wp\/v2\/product"}],"about":[{"href":"https:\/\/tiemtaphoa.xyz\/index.php\/wp-json\/wp\/v2\/types\/product"}],"replies":[{"embeddable":true,"href":"https:\/\/tiemtaphoa.xyz\/index.php\/wp-json\/wp\/v2\/comments?post=5369"}],"wp:featuredmedia":[{"embeddable":true,"href":"https:\/\/tiemtaphoa.xyz\/index.php\/wp-json\/wp\/v2\/media\/5370"}],"wp:attachment":[{"href":"https:\/\/tiemtaphoa.xyz\/index.php\/wp-json\/wp\/v2\/media?parent=5369"}],"wp:term":[{"taxonomy":"product_cat","embeddable":true,"href":"https:\/\/tiemtaphoa.xyz\/index.php\/wp-json\/wp\/v2\/product_cat?post=5369"},{"taxonomy":"product_tag","embeddable":true,"href":"https:\/\/tiemtaphoa.xyz\/index.php\/wp-json\/wp\/v2\/product_tag?post=5369"}],"curies":[{"name":"wp","href":"https:\/\/api.w.org\/{rel}","templated":true}]}}