{"id":5379,"date":"2023-09-29T10:00:21","date_gmt":"2023-09-29T03:00:21","guid":{"rendered":"https:\/\/webbachhoa.com\/?post_type=product&#038;p=5379"},"modified":"2023-09-29T10:00:21","modified_gmt":"2023-09-29T03:00:21","slug":"tui-chuom-chan-himalaya","status":"publish","type":"product","link":"https:\/\/tiemtaphoa.xyz\/index.php\/product\/tui-chuom-chan-himalaya\/","title":{"rendered":"T\u00fai ch\u01b0\u1eddm ch\u00e2n Himalaya"},"content":{"rendered":"<p><span style=\"font-weight: 400;\"><b><strong>T\u1ea0I SAO N\u00caN D\u00d9NG T\u00daI CH\u01af\u1edcM CH\u00c2N<\/strong><\/b><\/span><\/p>\n<p><span style=\"font-weight: 400;\">&#8211; Gi\u00fap gi\u1ea3m \u0111au nhanh v\u00e0 hi\u1ec7u qu\u1ea3 b\u1ec1n v\u1eefng<br \/>\n&#8211; An to\u00e0n, kh\u00f4ng c\u00f3 t\u00e1c d\u1ee5ng ph\u1ee5 nh\u01b0 thu\u1ed1c gi\u1ea3m \u0111au<br \/>\n&#8211; Ti\u1ebft ki\u1ec7m th\u1eddi gian v\u00e0 chi ph\u00ed so v\u1edbi \u0111i v\u1eadt l\u00fd tr\u1ecb li\u1ec7u, spa<br \/>\n&#8211; Ti\u1ec7n l\u1ee3i, d\u1ec5 d\u00e0ng s\u1eed d\u1ee5ng t\u1ea1i nh\u00e0 v\u00e0 c\u01a1 quan.<\/span><\/p>\n<p><span style=\"font-weight: 400;\">\u00a0<\/span><\/p>\n<p><span style=\"font-weight: 400;\"><b><strong>C\u00d4NG D\u1ee4NG C\u1ee6A T\u00daI CH\u01af\u1edcM CH\u00c2N<\/strong><\/b><\/span><\/p>\n<p><span style=\"font-weight: 400;\">D\u01b0\u1edbi t\u00e1c \u0111\u1ed9ng c\u1ee7a li\u1ec7u ph\u00e1p nhi\u1ec7t c\u00f9ng c\u00e1c tinh ch\u1ea5t th\u1ea3o m\u1ed9c\u00a0t\u1ef1 nhi\u00ean, t\u00fai ch\u01b0\u1eddm th\u1ea3o m\u1ed9c\u00a0b\u00e0n ch\u00e2n\u00a0Himalaya\u00a0gi\u00fap:<\/span><\/p>\n<p><span style=\"font-weight: 400;\">&#8211; Nhanh ch\u00f3ng l\u00e0m gi\u1ea3m \u0111au, nh\u1ee9c m\u1ecfi c\u00e1c kh\u1edbp c\u1ed5 ch\u00e2n, \u0111au c\u01a1 b\u00e0n ch\u00e2n<br \/>\n&#8211; Gi\u1eef \u1ea5m, gi\u1ea3m t\u00ea l\u1ea1nh m\u00f9a \u0111\u00f4ng<br \/>\n&#8211; \u0110\u1ea3 th\u00f4ng kinh m\u1ea1ch, gi\u00fap l\u01b0u th\u00f4ng kh\u00ed huy\u1ebft v\u00e0 t\u0103ng tu\u1ea7n ho\u00e0n m\u00e1u \u0111\u1ebfn c\u00e1c v\u00f9ng c\u01a1 b\u1ecb ch\u00e8n \u00e9p d\u00e2y th\u1ea7n kinh<br \/>\n&#8211; Gi\u00fap c\u01a1 th\u1ec3 th\u01b0 gi\u00e3n, mang \u0111\u1ebfn gi\u1ea5c ng\u1ee7 ngon h\u01a1n, s\u00e2u gi\u1ea5c h\u01a1n<\/span><\/p>\n<p><span style=\"font-weight: 400;\"><b><strong>\u0110\u1ed0I T\u01af\u1ee2NG S\u1eec D\u1ee4NG<\/strong><\/b><\/span><\/p>\n<p><span style=\"font-weight: 400;\">&#8211; Ng\u01b0\u1eddi l\u00e0m vi\u1ec7c v\u0103n ph\u00f2ng ng\u1ed3i nhi\u1ec1u, c\u1ed1 \u0111\u1ecbnh l\u00e2u ng\u00e0y, \u00edt v\u1eadn \u0111\u1ed9ng.<br \/>\n&#8211; Ph\u1ee5 n\u1eef sau sinh<br \/>\n&#8211; Ng\u01b0\u1eddi gi\u00e0<br \/>\n&#8211; Ng\u01b0\u1eddi m\u1eafc ch\u1ee9ng t\u00ea l\u1ea1nh b\u00e0n ch\u00e2n<\/span><\/p>\n<p><span style=\"font-weight: 400;\"><b><strong>C\u1ea4U T\u1ea0O S\u1ea2N PH\u1ea8M<\/strong><\/b><br \/>\nS\u1ea3n ph\u1ea9m T\u00fai ch\u01b0\u1eddm th\u1ea3o m\u1ed9c\u00a0ch\u00e2n\u00a0Himalaya bao g\u1ed3m: V\u1ecf t\u00fai ch\u01b0\u1eddm b\u1eb1ng v\u1ea3i cotton ch\u1ecbu nhi\u1ec7t cao (c\u00f3 th\u1ec3 th\u00e1o ra \u0111\u1ec3 v\u1ec7 sinh d\u1ec5 d\u00e0ng); L\u00f5i th\u1ea3o m\u1ed9c\u00a0bao g\u1ed3m:\u00a0hoa nh\u00e0i, th\u1ea3o quy\u1ebft minh, b\u1ea1c h\u00e0, hoa c\u00fac, \u0111inh h\u01b0\u01a1ng, h\u01b0\u01a1ng th\u1ea3o, o\u1ea3i h\u01b0\u01a1ng, s\u1ea3, ti\u1ec3u h\u1ed3i h\u01b0\u01a1ng.<\/span><\/p>\n<p><span style=\"font-weight: 400;\"><b><strong>H\u01af\u1edaNG D\u1eaaN S\u1eec D\u1ee4NG<\/strong><\/b><\/span><\/p>\n<p><span style=\"font-weight: 400;\">&#8211; X\u1ecbt m\u1ed9t\u00a0\u00edt n\u01b0\u1edbc l\u00ean b\u1ec1 m\u1eb7t t\u00fai ch\u01b0\u1eddm, l\u01b0u \u00fd kh\u00f4ng x\u1ecbt qu\u00e1 \u01b0\u1edbt tr\u00e1nh tr\u01b0\u1eddng h\u1ee3p \u0111\u1ecdng n\u01b0\u1edbc khi\u1ebfn th\u1ea3o m\u1ed9c b\u00ean trong b\u1ecb \u1ea9m m\u1ed1c.\u00a0<\/span><span style=\"font-weight: 400;\">Cho t\u00fai ch\u01b0\u1eddm v\u00e0o l\u00f2 vi s\u00f3ng (Microware) \u1edf ch\u1ebf \u0111\u1ed9 l\u00e0m n\u00f3ng 600 &#8211; 800 W ( Nhi\u1ec7t \u0111\u1ed9 trung b\u00ecnh &#8211; trung b\u00ecnh cao), h\u00e2m n\u00f3ng t\u1eeb 2-3 ph\u00fat. (L\u01b0u \u00fd: G\u1ea5p g\u1ecdn tr\u01b0\u1edbc khi cho v\u00e0o l\u00f2 vi s\u00f3ng, kh\u00f4ng \u0111\u1ec3 t\u00fai ch\u01b0\u1eddm v\u01b0\u1edbng v\u00e0o th\u00e0nh l\u00f2)<br \/>\n&#8211; Ch\u01b0\u1eddm l\u00ean v\u00f9ng c\u01a1 th\u1ec3 b\u1ecb \u0111au m\u1ecfi v\u00e0 th\u01b0 gi\u00e3n, c\u00f3 th\u1ec3 \u0111i l\u1ea1i b\u00ecnh th\u01b0\u1eddng cho \u0111\u1ebfn khi ngu\u1ed9i h\u1eb3n<br \/>\n&#8211; N\u00ean th\u1eed \u0111\u1ed9 n\u00f3ng ph\u00f9 h\u1ee3p v\u1edbi kh\u1ea3 n\u0103ng ch\u1ecbu n\u00f3ng tr\u01b0\u1edbc khi ch\u01b0\u1eddm, c\u00f3 th\u1ec3 t\u0103ng gi\u1ea3m th\u1eddi gian quay trong l\u00f2 vi s\u00f3ng \u0111\u1ec3 \u0111\u1ea1t \u0111\u1ed9 n\u00f3ng ph\u00f9 h\u1ee3p<br \/>\n&#8211; B\u1ea3o qu\u1ea3n trong t\u00fai nilon k\u00edn, n\u01a1i kh\u00f4 r\u00e1o, tr\u00e1nh \u1ea9m \u01b0\u1edbt<\/span><\/p>\n<p><span style=\"font-weight: 400;\"><b><strong>TH\u1edcI H\u1ea0N S\u1eec D\u1ee4NG<\/strong><\/b><br \/>\nTh\u1eddi h\u1ea1n s\u1eed d\u1ee5ng: 2 n\u0103m (sau kho\u1ea3ng 250 l\u1ea7n s\u1eed d\u1ee5ng, tinh ch\u1ea5t th\u1ea3o m\u1ed9c\u00a0s\u1ebd h\u1ebft d\u1ea7n, tuy nhi\u00ean v\u1eabn s\u1eed d\u1ee5ng \u0111\u01b0\u1ee3c nh\u01b0 m\u1ed9t t\u00fai ch\u01b0\u1eddm n\u00f3ng l\u1ea1nh \u0111a n\u0103ng)<\/span><\/p>\n<p><span style=\"font-weight: 400;\"><b><strong>L\u01afU \u00dd S\u1eec D\u1ee4NG<\/strong><\/b><br \/>\n&#8211; N\u00ean ch\u01b0\u1eddm 1-2 l\u1ea7n m\u1ed7i ng\u00e0y<br \/>\n&#8211; Kh\u00f4ng ch\u01b0\u1eddm l\u00ean v\u00f9ng da ni\u00eam m\u1ea1c ho\u1eb7c v\u1ebft th\u01b0\u01a1ng h\u1edf<br \/>\n&#8211; Kh\u00f4ng d\u00f9ng cho tr\u1ebb nh\u1ecf d\u01b0\u1edbi 13 tu\u1ed5i<br \/>\n&#8211; Ng\u01b0\u1eddi b\u1ecb m\u1ea5t c\u1ea3m gi\u00e1c nhi\u1ec7t ch\u1ec9 s\u1eed d\u1ee5ng khi c\u00f3 s\u1ef1 gi\u00e1m s\u00e1t, h\u1ed7 tr\u1ee3 c\u1ee7a ng\u01b0\u1eddi th\u00e2n<br \/>\n&#8211; Trong 24h \u0111\u1ea7u, n\u1ebfu xu\u1ea5t hi\u1ec7n t\u00ecnh tr\u1ea1ng s\u01b0ng ph\u00f9 th\u00ec t\u1ea1m ng\u1eebng s\u1eed d\u1ee5ng<\/span><\/p>\n<p>&nbsp;<\/p>\n","protected":false},"excerpt":{"rendered":"<p><span style=\"font-weight: 400;\">&#8211; Gi\u00fap gi\u1ea3m \u0111au nhanh v\u00e0 hi\u1ec7u qu\u1ea3 b\u1ec1n v\u1eefng<br \/>\n&#8211; An to\u00e0n, kh\u00f4ng c\u00f3 t\u00e1c d\u1ee5ng ph\u1ee5 nh\u01b0 thu\u1ed1c gi\u1ea3m \u0111au<br \/>\n&#8211; Ti\u1ebft ki\u1ec7m th\u1eddi gian v\u00e0 chi ph\u00ed so v\u1edbi \u0111i v\u1eadt l\u00fd tr\u1ecb li\u1ec7u, spa<br \/>\n&#8211; Ti\u1ec7n l\u1ee3i, d\u1ec5 d\u00e0ng s\u1eed d\u1ee5ng t\u1ea1i nh\u00e0 v\u00e0 c\u01a1 quan.<\/span><\/p>\n<p><span style=\"font-weight: 400;\">\u00a0<\/span><\/p>\n","protected":false},"featured_media":5386,"comment_status":"open","ping_status":"closed","template":"","meta":[],"product_cat":[134,127],"product_tag":[168],"class_list":["post-5379","product","type-product","status-publish","has-post-thumbnail","hentry","product_cat-cham-soc-ca-nhan","product_cat-san-pham-himalaya","product_tag-tui-chuom-chan-himalaya"],"aioseo_notices":[],"_links":{"self":[{"href":"https:\/\/tiemtaphoa.xyz\/index.php\/wp-json\/wp\/v2\/product\/5379"}],"collection":[{"href":"https:\/\/tiemtaphoa.xyz\/index.php\/wp-json\/wp\/v2\/product"}],"about":[{"href":"https:\/\/tiemtaphoa.xyz\/index.php\/wp-json\/wp\/v2\/types\/product"}],"replies":[{"embeddable":true,"href":"https:\/\/tiemtaphoa.xyz\/index.php\/wp-json\/wp\/v2\/comments?post=5379"}],"wp:featuredmedia":[{"embeddable":true,"href":"https:\/\/tiemtaphoa.xyz\/index.php\/wp-json\/wp\/v2\/media\/5386"}],"wp:attachment":[{"href":"https:\/\/tiemtaphoa.xyz\/index.php\/wp-json\/wp\/v2\/media?parent=5379"}],"wp:term":[{"taxonomy":"product_cat","embeddable":true,"href":"https:\/\/tiemtaphoa.xyz\/index.php\/wp-json\/wp\/v2\/product_cat?post=5379"},{"taxonomy":"product_tag","embeddable":true,"href":"https:\/\/tiemtaphoa.xyz\/index.php\/wp-json\/wp\/v2\/product_tag?post=5379"}],"curies":[{"name":"wp","href":"https:\/\/api.w.org\/{rel}","templated":true}]}}