{"id":5394,"date":"2023-09-29T10:15:02","date_gmt":"2023-09-29T03:15:02","guid":{"rendered":"https:\/\/webbachhoa.com\/?post_type=product&#038;p=5394"},"modified":"2023-09-29T10:15:03","modified_gmt":"2023-09-29T03:15:03","slug":"tui-chuom-mat-himalaya","status":"publish","type":"product","link":"https:\/\/tiemtaphoa.xyz\/index.php\/product\/tui-chuom-mat-himalaya\/","title":{"rendered":"T\u00fai ch\u01b0\u1eddm m\u1eaft Himalaya"},"content":{"rendered":"<p><b><strong>T\u1ea0I SAO N\u00caN D\u00d9NG T\u00daI CH\u01af\u1edcM M\u1eaeT<\/strong><\/b><\/p>\n<p>&#8211; T\u00fai ch\u01b0\u1eddm th\u1ea3o m\u1ed9c\u00a0d\u00f9ng cho v\u00f9ng m\u1eaft l\u00e0 s\u1ea3n ph\u1ea9m k\u1ebft h\u1ee3p c\u00e1c lo\u1ea1i th\u1ea3o m\u1ed9c\u00a0t\u1ef1 nhi\u00ean truy\u1ec1n th\u1ed1ng, c\u00f3 t\u00e1c d\u1ee5ng l\u00e0m gi\u1ea3m nh\u1ee9c m\u1ecfi m\u1eaft do l\u00e0m vi\u1ec7c nhi\u1ec1u v\u1edbi m\u00e1y vi t\u00ednh, gi\u00fap \u0111\u1ea7u \u00f3c th\u01b0 gi\u00e3n, mang \u0111\u1ebfn gi\u1ea5c ng\u1ee7 ngon h\u01a1n, s\u00e2u gi\u1ea5c h\u01a1n, gi\u00fap b\u1ea1n l\u1ea5y l\u1ea1i tinh th\u1ea7n, s\u1ee9c kh\u1ecfe, n\u0103ng l\u01b0\u1ee3ng \u0111\u1ec3 l\u00e0m vi\u1ec7c hi\u1ec7u qu\u1ea3 h\u01a1n.<\/p>\n<p>&nbsp;<\/p>\n<p><b><strong>C\u00d4NG D\u1ee4NG C\u1ee6A T\u00daI CH\u01af\u1edcM M\u1eaeT<\/strong><\/b><\/p>\n<p>&nbsp;<\/p>\n<p><em><b><strong>Khi ch\u01b0\u1eddm \u1ea5m\u00a0c\u00f3 c\u00f4ng d\u1ee5ng nh\u01b0 sau:<\/strong><\/b><\/em><\/p>\n<p>-L\u01b0u th\u00f4ng kh\u00ed huy\u1ebft, t\u0103ng tu\u1ea7n ho\u00e0n m\u00e1u<br \/>\n-Gi\u1ea3i t\u1ecfa c\u0103ng th\u1eb3ng, stress sau 1 ng\u00e0y d\u00e0i l\u00e0m vi\u1ec7c<br \/>\n-Gi\u1ea3m nh\u1ee9c m\u1ecfi m\u1eaft, gi\u00fap \u0111\u00f4i m\u1eaft lu\u00f4n kh\u1ecfe m\u1ea1nh<br \/>\n-Gi\u1ea3m \u0111au \u0111\u1ea7u, tr\u1ecb ch\u1ee9ng \u0111au ti\u1ec1n \u0111\u00ecnh, \u0111au n\u1eeda \u0111\u1ea7u&#8230;<br \/>\n-Tr\u1ecb ch\u1ee9ng\u00a0m\u1ea5t ng\u1ee7, gi\u00fap ng\u1ee7 ngon v\u00e0 s\u00e2u gi\u1ea5c h\u01a1n<\/p>\n<p>&nbsp;<\/p>\n<p><em><b><strong>Khi ch\u01b0\u1eddm l\u1ea1nh c\u00f3 c\u00f4ng d\u1ee5ng nh\u01b0 sau:<\/strong><\/b><\/em><\/p>\n<p>&#8211;<em><b><strong>\u00a0<\/strong><\/b><\/em>Nhi\u1ec7t l\u1ea1nh v\u00e0 th\u1ea3o m\u1ed9c\u00a0gi\u00fap gi\u1ea3m qu\u1ea7n th\u00e2m m\u1eaft<br \/>\n&#8211; Gi\u1ea3m s\u01b0ng, ch\u1ed1ng vi\u00eam, gi\u00fap \u0111\u00f4i m\u1eaft kh\u1ecfe \u0111\u1eb9p<\/p>\n<p><b><strong>\u0110\u1ed0I T\u01af\u1ee2NG S\u1eec D\u1ee4NG<\/strong><\/b><\/p>\n<p>&#8211; Ng\u01b0\u1eddi l\u00e0m vi\u1ec7c v\u0103n ph\u00f2ng ng\u1ed3i nhi\u1ec1u, \u00edt v\u1eadn \u0111\u1ed9ng<\/p>\n<p>&#8211; Ng\u01b0\u1eddi l\u00e1i xe nhi\u1ec1u gi\u1edd<\/p>\n<p>&#8211; Ng\u01b0\u1eddi l\u00e0m vi\u1ec7c nhi\u1ec1u v\u1edbi m\u00e0n h\u00ecnh \u0111i\u1ec7n tho\u1ea1i, m\u00e1y vi t\u00ednh,\u2026<\/p>\n<p>&#8211;\u00a0 M\u1eb9 b\u1ea7u v\u00e0 sau sinh c\u0103ng th\u1eb3ng, m\u1ea5t ng\u1ee7<\/p>\n<p><b><strong>TH\u00c0NH PH\u1ea6N T\u00daI CH\u01af\u1edcM:\u00a0<\/strong><\/b><\/p>\n<p><img loading=\"lazy\" decoding=\"async\" class=\"aligncenter wp-image-5395 size-full\" src=\"http:\/\/webbachhoa.com\/wp-content\/uploads\/2023\/09\/320884700_544448977549023_934212145721196851_n_e5ca6d3aa8df4fd99a97e546763b4ff1_grande.jpg\" alt=\"\" width=\"600\" height=\"600\" \/><\/p>\n<p>B\u1ed9 t\u00fai ch\u01b0\u1eddm th\u1ea3o m\u1ed9c Himalaya \u0111\u01b0\u1ee3c ph\u1ed1i tr\u1ed9n t\u1eeb 9 lo\u1ea1i th\u1ea3o m\u1ed9c g\u1ed3m:<\/p>\n<p>&#8211; O\u1ea3i h\u01b0\u01a1ng: Th\u01b0 gi\u00e3n v\u00e0 gi\u1ea3m \u0111au n\u1eeda \u0111\u1ea7u.<\/p>\n<p>&#8211; H\u01b0\u01a1ng th\u1ea3o: H\u1ed7 tr\u1ee3 gi\u1ea3m \u0111au c\u01a1 v\u00e0 co th\u1eaft.<\/p>\n<p>&#8211; Ti\u1ec3u h\u1ed3i h\u01b0\u01a1ng: H\u1ed7 tr\u1ee3 c\u00e1c v\u1ea5n \u0111\u1ec1 v\u1ec1 r\u1ed1i lo\u1ea1n h\u00f4 h\u1ea5p, gi\u1ea3m \u0111au b\u1ee5ng kinh.<\/p>\n<p>&#8211; \u0110inh h\u01b0\u01a1ng: L\u00e0m gi\u1ea3m vi\u00eam v\u00e0 \u0111au.<\/p>\n<p>&#8211; S\u1ea3: L\u00e0m gi\u1ea3m \u0111au \u0111\u1ea7u v\u00e0 c\u00e1c v\u1ea5n \u0111\u1ec1 v\u1ec1 ti\u00eau h\u00f3a.<\/p>\n<p>&#8211; B\u1ea1c h\u00e0: H\u1ed7 tr\u1ee3 gi\u1ea3m lo l\u1eafng<\/p>\n<p>&#8211; L\u00e1 nguy\u1ec7t qu\u1ebf: Gi\u1ea3m c\u0103ng th\u1eb3ng, m\u1ec7t m\u1ecfi.<\/p>\n<p>&#8211; C\u00fac la M\u00e3: ch\u1ed1ng co th\u1eaft<\/p>\n<p>&#8211; Th\u1ea3o quy\u1ebft minh: Nguy\u00ean t\u1ed1 gi\u1eef nhi\u1ec7t, ch\u1ed1ng c\u00f4n tr\u00f9ng g\u1eb7m nh\u1ea5m.<\/p>\n<p>&#8211; V\u1ecf t\u00fai \u0111\u01b0\u1ee3c l\u00e0m t\u1eeb 100% v\u1ea3i cotton \u0111\u1eb7c bi\u1ec7t ch\u1ecbu nhi\u1ec7t, gi\u00fap lu\u00e2n chuy\u1ec3n nhi\u1ec7t \u0111\u1ec1u kh\u1eafp b\u1ec1 m\u1eb7t v\u1ea3i.<\/p>\n<p><b><strong>H\u01af\u1edaNG D\u1eaaN S\u1eec D\u1ee4NG<\/strong><\/b><\/p>\n<p><b><strong>CH\u01af\u1edcM \u1ea4M<\/strong><\/b><\/p>\n<p>B1: X\u1ecbt m\u1ed9t ch\u00fat n\u01b0\u1edbc s\u1ea1ch v\u00e0o t\u00fai ch\u01b0\u1eddm tr\u01b0\u1edbc khi quay trong l\u00f2 vi s\u00f3ng. Cho t\u00fai ch\u01b0\u1eddm v\u00e0o l\u00f2 vi s\u00f3ng (microware) \u1edf ch\u1ebf \u0111\u1ed9 l\u00e0m n\u00f3ng trung b\u00ecnh\u00a0trong th\u1eddi gian 20 gi\u00e2y.\u00a0Ki\u1ec3m tra t\u00fai ch\u01b0\u1eddm nhi\u1ec7t \u0111\u1ed9 \u1ea5m v\u1eeba ph\u1ea3i th\u00edch h\u1ee3p d\u00e0nh cho m\u1eaft.<\/p>\n<p>B2: Ch\u01b0\u1eddm l\u00ean v\u00f9ng m\u1eaft, tr\u00e1n \u0111\u1ec3 th\u01b0 gi\u00e3n t\u1ea7m 3-5p<\/p>\n<p>** N\u00ean th\u1eed \u0111\u1ed9 \u1ea5m\u00a0ph\u00f9 h\u1ee3p v\u1edbi kh\u1ea3 n\u0103ng ch\u1ecbu n\u00f3ng tr\u01b0\u1edbc khi ch\u01b0\u1eddm, c\u00f3 th\u1ec3 t\u0103ng gi\u1ea3m th\u1eddi gian quay trong l\u00f2 vi s\u00f3ng \u0111\u1ec3 \u0111\u1ea1t \u0111\u1ed9 n\u00f3ng ph\u00f9 h\u1ee3p.<\/p>\n<p>M\u1ed7i ng\u00e0y ch\u01b0\u1eddm 1-3 l\u1ea7n tu\u1ef3 theo nhu c\u1ea7u.<\/p>\n<p><b><strong>CH\u01af\u1edcM L\u1ea0NH<\/strong><\/b><\/p>\n<p>B1: B\u1ecdc t\u00fai ch\u01b0\u1eddm trong b\u1ecdc nilong k\u00edn (t\u00fai zip), \u0111\u1eb7t t\u00fai ch\u01b0\u1eddm trong ng\u0103n \u0111\u00e1 30 ph\u00fat<br \/>\nB2: L\u1ea5y t\u00fai ch\u01b0\u1eddm ra v\u00e0 \u0111eo l\u00ean m\u1eaft th\u01b0 gi\u00e3n, th\u1ea3 l\u1ecfng.<br \/>\nB3: S\u1eed d\u1ee5ng \u0111\u01b0\u1ee3c trong 5-10 ph\u00fat. B\u1ea3o qu\u1ea3n trong t\u00fai nilon k\u00edn, n\u01a1i kh\u00f4 r\u00e1o, tr\u00e1nh \u1ea9m \u01b0\u1edbt<\/p>\n<p><b><strong>L\u01afU \u00dd:<\/strong><\/b><\/p>\n<p>&#8211; Sau khi s\u1eed d\u1ee5ng, th\u00e1o t\u00fai ch\u01b0\u1eddm m\u1eaft v\u00e0 b\u1ea3o qu\u1ea3n trong t\u00fai k\u00e8m theo.<\/p>\n<p>C\u1ea2NH B\u00c1O:<\/p>\n<p>&#8211; Kh\u00f4ng \u0111\u1eb7t tr\u1ef1c ti\u1ebfp l\u00ean v\u00f9ng da nh\u1ea1y c\u1ea3m ho\u1eb7c b\u1ecb t\u1ed5n th\u01b0\u01a1ng<\/p>\n<p>&#8211; Ph\u01a1i t\u00fai ch\u01b0\u1eddm d\u01b0\u1edbi \u00e1nh n\u1eafng m\u1eb7t tr\u1eddi \u0111\u1ec3 \u0111\u1ea3m b\u1ea3o c\u00e1c th\u1ea3o m\u1ed9c kh\u00f4ng b\u1ecb \u1ea9m m\u1ed1c hay bi\u1ebfn \u0111\u1ed5i m\u00f9i.<\/p>\n<p>&#8211; Kh\u00f4ng s\u1eed d\u1ee5ng li\u1ec7u ph\u00e1p l\u1ea1nh trong tr\u01b0\u1eddng h\u1ee3p b\u1ecb vi\u00eam xoang ho\u1eb7c c\u00e1c v\u1ea5n \u0111\u1ec1 li\u00ean quan \u0111\u1ebfn c\u1ea3m l\u1ea1nh.<\/p>\n<p>&#8211; Kh\u00f4ng \u0111\u1ec3 t\u00fai ch\u01b0\u1eddm b\u1ecb \u01b0\u1edbt \u0111\u1eabm.<\/p>\n<p><b><strong>TH\u1edcI H\u1ea0N S\u1eec D\u1ee4NG<\/strong><\/b><br \/>\nTh\u1eddi h\u1ea1n s\u1eed d\u1ee5ng: 2 n\u0103m (sau kho\u1ea3ng 250 l\u1ea7n s\u1eed d\u1ee5ng, tinh ch\u1ea5t th\u1ea3o m\u1ed9c\u00a0s\u1ebd h\u1ebft d\u1ea7n, tuy nhi\u00ean v\u1eabn s\u1eed d\u1ee5ng \u0111\u01b0\u1ee3c nh\u01b0 m\u1ed9t t\u00fai ch\u01b0\u1eddm n\u00f3ng l\u1ea1nh \u0111a n\u0103ng)<\/p>\n<p>&nbsp;<\/p>\n","protected":false},"excerpt":{"rendered":"<p><b><strong>T\u1ea0I SAO N\u00caN D\u00d9NG T\u00daI CH\u01af\u1edcM M\u1eaeT<\/strong><\/b><\/p>\n<p>&#8211; T\u00fai ch\u01b0\u1eddm th\u1ea3o m\u1ed9c\u00a0d\u00f9ng cho v\u00f9ng m\u1eaft l\u00e0 s\u1ea3n ph\u1ea9m k\u1ebft h\u1ee3p c\u00e1c lo\u1ea1i th\u1ea3o m\u1ed9c\u00a0t\u1ef1 nhi\u00ean truy\u1ec1n th\u1ed1ng, c\u00f3 t\u00e1c d\u1ee5ng l\u00e0m gi\u1ea3m nh\u1ee9c m\u1ecfi m\u1eaft do l\u00e0m vi\u1ec7c nhi\u1ec1u v\u1edbi m\u00e1y vi t\u00ednh, gi\u00fap \u0111\u1ea7u \u00f3c th\u01b0 gi\u00e3n, mang \u0111\u1ebfn gi\u1ea5c ng\u1ee7 ngon h\u01a1n, s\u00e2u gi\u1ea5c h\u01a1n, gi\u00fap b\u1ea1n l\u1ea5y l\u1ea1i tinh th\u1ea7n, s\u1ee9c kh\u1ecfe, n\u0103ng l\u01b0\u1ee3ng \u0111\u1ec3 l\u00e0m vi\u1ec7c hi\u1ec7u qu\u1ea3 h\u01a1n.<\/p>\n<p>&nbsp;<\/p>\n","protected":false},"featured_media":5398,"comment_status":"open","ping_status":"closed","template":"","meta":[],"product_cat":[134,127],"product_tag":[170],"class_list":["post-5394","product","type-product","status-publish","has-post-thumbnail","hentry","product_cat-cham-soc-ca-nhan","product_cat-san-pham-himalaya","product_tag-tui-chuom-mat-himalaya"],"aioseo_notices":[],"_links":{"self":[{"href":"https:\/\/tiemtaphoa.xyz\/index.php\/wp-json\/wp\/v2\/product\/5394"}],"collection":[{"href":"https:\/\/tiemtaphoa.xyz\/index.php\/wp-json\/wp\/v2\/product"}],"about":[{"href":"https:\/\/tiemtaphoa.xyz\/index.php\/wp-json\/wp\/v2\/types\/product"}],"replies":[{"embeddable":true,"href":"https:\/\/tiemtaphoa.xyz\/index.php\/wp-json\/wp\/v2\/comments?post=5394"}],"wp:featuredmedia":[{"embeddable":true,"href":"https:\/\/tiemtaphoa.xyz\/index.php\/wp-json\/wp\/v2\/media\/5398"}],"wp:attachment":[{"href":"https:\/\/tiemtaphoa.xyz\/index.php\/wp-json\/wp\/v2\/media?parent=5394"}],"wp:term":[{"taxonomy":"product_cat","embeddable":true,"href":"https:\/\/tiemtaphoa.xyz\/index.php\/wp-json\/wp\/v2\/product_cat?post=5394"},{"taxonomy":"product_tag","embeddable":true,"href":"https:\/\/tiemtaphoa.xyz\/index.php\/wp-json\/wp\/v2\/product_tag?post=5394"}],"curies":[{"name":"wp","href":"https:\/\/api.w.org\/{rel}","templated":true}]}}