{"id":5402,"date":"2023-09-29T10:17:47","date_gmt":"2023-09-29T03:17:47","guid":{"rendered":"https:\/\/webbachhoa.com\/?post_type=product&#038;p=5402"},"modified":"2023-09-29T10:17:47","modified_gmt":"2023-09-29T03:17:47","slug":"xit-bay-mui-toilet-toilet-spray-lemon-lavender-100ml","status":"publish","type":"product","link":"https:\/\/tiemtaphoa.xyz\/index.php\/product\/xit-bay-mui-toilet-toilet-spray-lemon-lavender-100ml\/","title":{"rendered":"X\u1ecbt B\u1eaby M\u00f9i Toilet (Toilet Spray) &#8211; LEMON LAVENDER &#8211; 100ml"},"content":{"rendered":"<p>L\u00e0 dung d\u1ecbch \u0111\u01b0\u1ee3c pha tr\u1ed9n t\u1eeb ch\u1ea5t n\u1ec1n v\u00e0 tinh d\u1ea7u thi\u00ean nhi\u00ean, khi x\u1ecbt l\u00ean m\u1eb7t n\u01b0\u1edbc gi\u00fap t\u1ea1o ra 1 l\u1edbp m\u00e0ng m\u1ecfng ng\u0103n kh\u00f4ng cho m\u00f9i h\u00f4i bay ra ngo\u00e0i khi \u0111i \u201cn\u1eb7ng\u201d.<\/p>\n<div><\/div>\n<div>B\u1ea1n s\u1ebd c\u1ea3m nh\u1eadn \u0111\u01b0\u1ee3c m\u00f9i c\u1ee7a chanh v\u00e0ng h\u01a1i the the, qu\u00fdt ch\u00edn ng\u1ecdt v\u00e0 m\u1ecdng n\u01b0\u1edbc. V\u1ecb cam qu\u00fdt chua nh\u1eb9, thanh thanh ch\u1ea1m t\u1edbi &#8211; m\u1ed9t lu\u1ed3ng s\u1ea3ng kho\u00e1i ch\u1ea1y d\u1ecdc c\u01a1 th\u1ec3. D\u1eabn l\u1ed1i cho o\u1ea3i h\u01b0\u01a1ng th\u01a1m m\u00e1t, d\u1ecbu d\u00e0ng, t\u1eeb t\u1eeb nh\u1ecf nh\u1eb9 tr\u00e0n v\u1ec1. M\u00f9i o\u1ea3i h\u01b0\u01a1ng \u1edf Lemon Lavender mang h\u01a1i h\u01b0\u1edbng fruity, d\u1ec5 ch\u1ecbu, d\u1ec5 y\u00eau, trung h\u00f2a l\u1ea1i m\u00f9a h\u00e8 \u0111\u1ea7y n\u1eafng. Thoang tho\u1ea3ng v\u1ecb cay nh\u1eb9 c\u1ee7a g\u1ed7 b\u1ea1ch \u0111\u00e0ng v\u00e0 l\u00e1 chanh, l\u01a1 l\u1eedng c\u00f9ng m\u00f9i ng\u1ecdt d\u1ecbu \u0111\u1eb7c tr\u01b0ng c\u1ee7a vani.<\/div>\n<div><\/div>\n<div>\n<p><strong>H\u01b0\u1edbng d\u1eabn s\u1eed d\u1ee5ng:<\/strong><\/p>\n<p><strong><em>B\u01b0\u1edbc 1:<\/em><\/strong>\u00a0L\u1eafc \u0111\u1ec1u chai v\u00e0 x\u1ecbt 4 &#8211; 6 l\u1ea7n v\u00e0o b\u1ed3n toilet tr\u01b0\u1edbc khi s\u1eed d\u1ee5ng, \u0111\u1ec3 t\u1ea1o l\u1edbp r\u00e0o c\u1ea3n tr\u00ean m\u1eb7t n\u01b0\u1edbc<\/p>\n<p><strong>B\u01b0\u1edbc 2:<\/strong>\u00a0S\u1eed d\u1ee5ng toilet nh\u01b0 b\u00ecnh th\u01b0\u1eddng. Toilet Spray ng\u0103n m\u00f9i t\u1eeb b\u1ed3n toilet bay ra b\u00ean ngo\u00e0i<\/p>\n<\/div>\n","protected":false},"excerpt":{"rendered":"<p>L\u00e0 dung d\u1ecbch \u0111\u01b0\u1ee3c pha tr\u1ed9n t\u1eeb ch\u1ea5t n\u1ec1n v\u00e0 tinh d\u1ea7u thi\u00ean nhi\u00ean, khi x\u1ecbt l\u00ean m\u1eb7t n\u01b0\u1edbc gi\u00fap t\u1ea1o ra 1 l\u1edbp m\u00e0ng m\u1ecfng ng\u0103n kh\u00f4ng cho m\u00f9i h\u00f4i bay ra ngo\u00e0i khi \u0111i \u201cn\u1eb7ng\u201d.<\/p>\n<div><\/div>\n","protected":false},"featured_media":5403,"comment_status":"open","ping_status":"closed","template":"","meta":[],"product_cat":[134,127],"product_tag":[],"class_list":["post-5402","product","type-product","status-publish","has-post-thumbnail","hentry","product_cat-cham-soc-ca-nhan","product_cat-san-pham-himalaya"],"aioseo_notices":[],"_links":{"self":[{"href":"https:\/\/tiemtaphoa.xyz\/index.php\/wp-json\/wp\/v2\/product\/5402"}],"collection":[{"href":"https:\/\/tiemtaphoa.xyz\/index.php\/wp-json\/wp\/v2\/product"}],"about":[{"href":"https:\/\/tiemtaphoa.xyz\/index.php\/wp-json\/wp\/v2\/types\/product"}],"replies":[{"embeddable":true,"href":"https:\/\/tiemtaphoa.xyz\/index.php\/wp-json\/wp\/v2\/comments?post=5402"}],"wp:featuredmedia":[{"embeddable":true,"href":"https:\/\/tiemtaphoa.xyz\/index.php\/wp-json\/wp\/v2\/media\/5403"}],"wp:attachment":[{"href":"https:\/\/tiemtaphoa.xyz\/index.php\/wp-json\/wp\/v2\/media?parent=5402"}],"wp:term":[{"taxonomy":"product_cat","embeddable":true,"href":"https:\/\/tiemtaphoa.xyz\/index.php\/wp-json\/wp\/v2\/product_cat?post=5402"},{"taxonomy":"product_tag","embeddable":true,"href":"https:\/\/tiemtaphoa.xyz\/index.php\/wp-json\/wp\/v2\/product_tag?post=5402"}],"curies":[{"name":"wp","href":"https:\/\/api.w.org\/{rel}","templated":true}]}}