{"id":5404,"date":"2023-09-29T10:22:11","date_gmt":"2023-09-29T03:22:11","guid":{"rendered":"https:\/\/webbachhoa.com\/?post_type=product&#038;p=5404"},"modified":"2023-09-29T10:22:12","modified_gmt":"2023-09-29T03:22:12","slug":"may-khuech-tan-tinh-dau-phun-suong-bi-ngo","status":"publish","type":"product","link":"https:\/\/tiemtaphoa.xyz\/index.php\/product\/may-khuech-tan-tinh-dau-phun-suong-bi-ngo\/","title":{"rendered":"M\u00c1Y KHU\u1ebeCH T\u00c1N TINH D\u1ea6U PHUN S\u01af\u01a0NG B\u00cd NG\u00d4"},"content":{"rendered":"<div class=\"mb-3 mb-sm-0 col-12 col-md-8 product-content js-content-wrapper card border-0\">\n<div id=\"ega-uti-editable-content\" class=\"rte js-product-getcontent product_getcontent pos-relative\" data-platform=\"haravan\" data-id=\"1043096789\">\n<div id=\"content\" class=\"content js-content\">\n<h2><strong>\u0110\u1eb7c \u0111i\u1ec3m n\u1ed5i b\u1eadt c\u1ee7a m\u00e1y khu\u1ebfch t\u00e1n\/ m\u00e1y x\u00f4ng tinh d\u1ea7u phun s\u01b0\u01a1ng B\u00ed Ng\u00f4:<\/strong><\/h2>\n<p>&#8211; V\u1ebb ngo\u00e0i c\u1ee7a m\u00e1y khu\u1ebfch t\u00e1n b\u00ed ng\u00f4 \u0111\u1eb9p, ph\u00f9 h\u1ee3p v\u1edbi phong c\u00e1ch trang nh\u00e3, nh\u1eefng kh\u00f4ng gian kh\u00e1c nhau nh\u01b0: spa, phong kh\u00e1ch, v\u0103n ph\u00f2ng,\u2026<\/p>\n<p>&#8211; Ch\u1ebf \u0111\u1ed9 ho\u1ea1t \u0111\u1ed9ng linh ho\u1ea1t t\u1eeb 1h &#8211;\u00a0 3h &#8211; 6h hay \u0111\u1ebfn khi h\u1ebft n\u01b0\u1edbc v\u00e0 t\u1ef1 t\u1eaft.<\/p>\n<p>&#8211; M\u00e0u s\u1eafc \u00e1nh s\u00e1ng nh\u1eb9 nh\u00e0ng, thanh l\u1ecbch, \u0111\u00e8n LED 7 m\u00e0u thay \u0111\u1ed5i (khi b\u1eadt \u0111\u00e8n LED th\u00ec m\u00e1y \u0111\u1ed5i m\u00e0u nh\u01b0 trong h\u00ecnh: xanh, v\u00e0ng, t\u00edm, h\u1ed3ng vv&#8230; c\u00f3 ch\u1ee9c n\u0103ng ch\u1ecdn m\u00e0u ho\u1eb7c m\u00e0u thay \u0111\u1ed5i t\u1ef1 \u0111\u1ed9ng)<\/p>\n<p>&#8211; Hai n\u00fat \u0111\u00e8n v\u00e0 phun s\u01b0\u01a1ng kh\u00e1c nhau \u0111\u1ec3 c\u00f3 th\u1ec3 \u0111i\u1ec1u ch\u1ec9nh ri\u00eang m\u00e0 kh\u00f4ng \u1ea3nh h\u01b0\u1edfng \u0111\u1ebfn ch\u1ee9c n\u0103ng c\u00f2n l\u1ea1i.<\/p>\n<p>&#8211; S\u00f3ng si\u00eau \u00e2m t\u00e1ch c\u00e1c ph\u00e2n t\u1eed n\u01b0\u1edbc \u0111\u1ee7 nh\u1ecf \u0111\u1ec3 ph\u00e2n t\u00e1n trong kh\u00f4ng gian, gi\u00fap lan t\u1ecfa tinh d\u1ea7u hi\u1ec7u qu\u1ea3, t\u0103ng \u0111\u1ed9 \u1ea9m ph\u00f9 h\u1ee3p v\u1edbi ph\u00f2ng m\u00e1y l\u1ea1nh m\u00e0 kh\u00f4ng l\u00e0m h\u01b0 h\u1ea1i c\u00e1c thi\u1ebft b\u1ecb \u0111i\u1ec7n t\u1eed.<\/p>\n<p>&#8211; M\u00e1y phun s\u01b0\u01a1ng gi\u00fap t\u0103ng c\u01b0\u1eddng \u0111\u1ed9 \u1ea9m cho kh\u00f4ng kh\u00ed, ch\u1ed1ng t\u00ecnh tr\u1ea1ng da kh\u00f4 n\u1ee9t n\u1ebb da trong m\u00f4i tr\u01b0\u1eddng m\u00e1y l\u1ea1nh, \u0111\u1eb7c bi\u1ec7t l\u00e0 nh\u1eefng ng\u00e0y \u0111\u00f4ng hanh kh\u00f4.<\/p>\n<p>&#8211; An to\u00e0n s\u1eed d\u1ee5ng khi nh\u00e0 c\u00f3 tr\u1ebb nh\u1ecf.<\/p>\n<p>&#8211; Khu\u1ebfch t\u00e1n hi\u1ec7u qu\u1ea3 trong kh\u00f4ng gian r\u1ed9ng, nhanh ch\u00f3ng (d\u01b0\u1eddng nh\u01b0 ngay l\u1eadp t\u1ee9c).<\/p>\n<p>&#8211; M\u00e1y khu\u1ebfch t\u00e1n si\u00eau \u00e2m ti\u1ebfp ki\u1ec7m tinh d\u1ea7u nguy\u00ean ch\u1ea5t, d\u00f9ng 3-4 gi\u1ecdt cho 100ml n\u01b0\u1edbc.<\/p>\n<p>&#8211; Ch\u1ee9c n\u0103ng t\u1ef1 \u0111\u1ed9ng t\u1eaft m\u00e1y khi h\u1ebft n\u01b0\u1edbc gi\u00fap b\u1ea1n y\u00ean t\u00e2m khi s\u1eed d\u1ee5ng m\u00e0 kh\u00f4ng ph\u1ea3i b\u1eadn t\u00e2m khi ng\u1ee7 ho\u1eb7c b\u1eadn r\u1ed9n.<\/p>\n<p>&#8211; Ti\u1ebfp ki\u1ec7m \u0111i\u1ec7n n\u0103ng.<\/p>\n<p>&#8211; M\u00e1y khu\u1ebfch t\u00e1n tinh d\u1ea7u phun s\u01b0\u01a1ng b\u00ed ng\u00f4 l\u00e0 m\u00f3n qu\u00e0 \u00fd ngh\u0129a d\u00e0nh cho b\u1ea1n b\u00e8, gia \u0111\u00ecnh, ng\u01b0\u1eddi th\u00e2n trong nh\u1eefng d\u1ecbp \u0111\u1eb7c bi\u1ec7t nh\u01b0 t\u00e2n gia, l\u1ec5 t\u1ebft,\u2026<\/p>\n<p><img decoding=\"async\" src=\"https:\/\/file.hstatic.net\/200000455999\/file\/1_6a8b033008eb43fab9197b18d1d7e8f1_grande.jpeg\" \/><\/p>\n<h2><strong>Th\u00f4ng s\u1ed1 k\u1ef9 thu\u1eadt c\u1ee7a m\u00e1y khu\u1ebfch t\u00e1n\/ m\u00e1y x\u00f4ng tinh d\u1ea7u phun s\u01b0\u01a1ng B\u00ed Ng\u00f4<\/strong><\/h2>\n<p>&#8211; Ch\u1ea5t li\u1ec7u: nh\u1ef1a cao c\u1ea5p<\/p>\n<p>&#8211; M\u00e0u s\u1eafc: B\u00ed ng\u00f4 v\u00e2n g\u1ed7, B\u00ed ng\u00f4 v\u00e2n \u0111en.<\/p>\n<p>&#8211; Dung t\u00edch b\u00ecnh ch\u1ee9a: 500 ml.<\/p>\n<p>&#8211; Th\u1eddi gian ho\u1ea1t \u0111\u1ed9ng: 8h li\u00ean t\u1ee5c (c\u00f3 ch\u1ebf \u0111\u1ed9 h\u1eb9n gi\u1edd)<\/p>\n<p>&#8211; Di\u1ec7n t\u00edch khu\u1ebfch t\u00e1n: 15m\u00b2 \u00a0&#8211; 40m\u00b2<\/p>\n<p>&#8211; \u0110i\u1ec7n \u00e1p \u0111\u1ea7u v\u00e0o: 100 \u2013 240V.<\/p>\n<p>&#8211; \u0110i\u1ec7n \u00e1p \u0111\u1ea7u ra: 24V.<\/p>\n<p>&#8211; K\u00edch th\u01b0\u1edbc: 170 x 166 mm.<\/p>\n<p>&#8211; Tr\u1ecdng l\u01b0\u1ee3ng: 500gr.<\/p>\n<p>&#8211; T\u1ef1 \u0111\u1ed9ng t\u1eaft m\u00e1y: c\u00f3.<\/p>\n<p>&#8211; B\u1ed9 m\u00e1y g\u1ed3m: m\u00e1y khu\u1ebfch t\u00e1n, c\u1ed1c \u0111o, d\u00e2y ngu\u1ed3n, remote, gi\u1ea5y HDSD<\/p>\n<h3><strong>H\u01b0\u1edbng d\u1eabn s\u1eed d\u1ee5ng m\u00e1y khu\u1ebfch t\u00e1n\/ m\u00e1y x\u00f4ng tinh d\u1ea7u phun s\u01b0\u01a1ng B\u00ed Ng\u00f4<\/strong><\/h3>\n<div>\n<p><img decoding=\"async\" src=\"https:\/\/file.hstatic.net\/200000455999\/file\/4_1e046a442c5544a098e126429e39acc9_grande.jpeg\" \/><\/p>\n<\/div>\n<h3><em><strong>\u00a0B\u1ea5m n\u00fat \u201cMIST\u201d (b\u00ean ph\u1ea3i) \u0111\u1ec3 b\u1eadt ch\u1ebf \u0111\u1ed9 phun s\u01b0\u01a1ng \u2013 khu\u1ebfch t\u00e1n tinh d\u1ea7u:<\/strong><\/em><\/h3>\n<p>&#8211; Nh\u1ea5n n\u00fat \u201cMIST\u201d l\u1ea7n 1: ch\u1ebf \u0111\u1ed9 khu\u1ebfch t\u00e1n li\u00ean t\u1ee5c 1 ti\u1ebfng v\u00e0 t\u1ef1 t\u1eaft<\/p>\n<p>&#8211; Nh\u1ea5n n\u00fat \u201cMIST\u201d l\u1ea7n 2: ch\u1ebf \u0111\u1ed9 khu\u1ebfch t\u00e1n li\u00ean t\u1ee5c 3 ti\u1ebfng v\u00e0 t\u1ef1 t\u1eaft<\/p>\n<p>&#8211; Nh\u1ea5n n\u00fat \u201cMIST\u201d l\u1ea7n 3: ch\u1ebf \u0111\u1ed9 khu\u1ebfch t\u00e1n li\u00ean t\u1ee5c 6 ti\u1ebfng v\u00e0 t\u1ef1 t\u1eaft<\/p>\n<p>&#8211; Nh\u1ea5n n\u00fat \u201cMIST\u201d l\u1ea7n 4: ch\u1ebf \u0111\u1ed9 khu\u1ebfch t\u00e1n, phun s\u01b0\u01a1ng li\u00ean t\u1ee5c \u0111\u1ebfn khi h\u1ebft n\u01b0\u1edbc v\u00e0 t\u1ef1 t\u1eaft.<\/p>\n<h3><em><strong>B\u1ea5m gi\u1eef n\u00fat \u201cMIST\u201d 2s \u0111\u1ec3 chuy\u1ec3n ch\u1ebf \u0111\u1ed9 phun s\u01b0\u01a1ng m\u1ea1nh \u2013 y\u1ebfu:<\/strong><\/em><\/h3>\n<p>&#8211; Nh\u1ea5n gi\u1eef n\u00fat \u201cMIST\u201d \u2013 1 ti\u1ebfng b\u00edp: phun s\u01b0\u01a1ng m\u1ea1nh.<\/p>\n<p>&#8211; Nh\u1ea5n gi\u1eef n\u00fat \u201cMIST\u201d \u2013 2 ti\u1ebfng b\u00edp: phun s\u01b0\u01a1ng y\u1ebfu.<\/p>\n<h3><em><strong>B\u1ea5m n\u00fat \u201cLIGHT\u201d (b\u00ean tr\u00e1i) \u0111\u1ec3 b\u1eadt ch\u1ebf \u0111\u1ed9 \u0111\u00e8n:<\/strong><\/em><\/h3>\n<p>&#8211; Nh\u1ea5n \u201cLIGHT\u201d: \u0111\u1ec3 m\u1edf \u0111\u00e8n (\u0111\u00e8n \u0111\u1ed5i m\u00e0u li\u00ean t\u1ee5c).<\/p>\n<p>&#8211; Nh\u1ea5n \u201cLIGHT\u201d: \u0111\u1ec3 \u0111i\u1ec1u ch\u1ec9nh \u0111\u1ed9 s\u00e1ng c\u1ee7a \u0111\u00e8n.<\/p>\n<h2><strong>L\u01afU \u00dd S\u1eec D\u1ee4NG:<\/strong><\/h2>\n<p>&#8211; Kh\u00f4ng cho n\u01b0\u1edbc qu\u00e1 v\u1ea1ch MAX.<\/p>\n<p>&#8211; \u0110\u1eb7t m\u00e1y tr\u00ean b\u1ec1 m\u1eb7t b\u1eb1ng ph\u1eb3ng<\/p>\n<p>&#8211; Kh\u00f4ng nghi\u00eang m\u00e1y khi m\u00e1y \u0111ang ch\u1ee9a n\u01b0\u1edbc.<\/p>\n<p>&#8211; Kh\u00f4ng di chuy\u1ec3n khi m\u00e1y \u0111ang ho\u1ea1t \u0111\u1ed9ng<\/p>\n<p>&#8211; Kh\u00f4ng th\u00e1o n\u1eafp m\u00e1y khi m\u00e1y \u0111ang phun s\u01b0\u01a1ng.<\/p>\n<p>&#8211; M\u1ed7i tu\u1ea7n v\u1ec7 sinh m\u00e1y \u00edt nh\u1ea5t 1 l\u1ea7n b\u1eb1ng b\u00f4ng g\u00f2n \u01b0\u1edbt ho\u1eb7c kh\u0103n m\u1ecbn.<\/p>\n<p>&#8211; Ch\u1ec9 \u0111\u01b0\u1ee3c s\u1eed d\u1ee5ng n\u01b0\u1edbc d\u01b0\u1edbi 55 \u0111\u1ed9, kh\u00f4ng s\u1eed d\u1ee5ng n\u01b0\u1edbc n\u00f3ng \u0111\u1ec3 tr\u00e1nh h\u1ecfng m\u00e1y.<\/p>\n<p>&#8211; \u0110\u1ec3 xa t\u1ea7m tay tr\u1ebb em.<\/p>\n<\/div>\n<\/div>\n<div class=\"js-seemore ega-pro__seemore text-center pos-relative mt-3 show\"><a class=\"btn btn-main btn-pill mx-auto\" title=\"Thu g\u1ecdn\">Thu g\u1ecdn<\/a><\/div>\n<\/div>\n<div class=\"col-12 col-md-4 pl-0 pl-md-3 product-right pr-0\">\n<div class=\"product-related-blog\"><\/div>\n<\/div>\n","protected":false},"excerpt":{"rendered":"<h2><strong>\u0110\u1eb7c \u0111i\u1ec3m n\u1ed5i b\u1eadt c\u1ee7a m\u00e1y khu\u1ebfch t\u00e1n\/ m\u00e1y x\u00f4ng tinh d\u1ea7u phun s\u01b0\u01a1ng B\u00ed Ng\u00f4:<\/strong><\/h2>\n<p>&#8211; V\u1ebb ngo\u00e0i c\u1ee7a m\u00e1y khu\u1ebfch t\u00e1n b\u00ed ng\u00f4 \u0111\u1eb9p, ph\u00f9 h\u1ee3p v\u1edbi phong c\u00e1ch trang nh\u00e3, nh\u1eefng kh\u00f4ng gian kh\u00e1c nhau nh\u01b0: spa, phong kh\u00e1ch, v\u0103n ph\u00f2ng,\u2026<\/p>\n<p>&#8211; Ch\u1ebf \u0111\u1ed9 ho\u1ea1t \u0111\u1ed9ng linh ho\u1ea1t t\u1eeb 1h &#8211;\u00a0 3h &#8211; 6h hay \u0111\u1ebfn khi h\u1ebft n\u01b0\u1edbc v\u00e0 t\u1ef1 t\u1eaft.<\/p>\n<p>&#8211; M\u00e0u s\u1eafc \u00e1nh s\u00e1ng nh\u1eb9 nh\u00e0ng, thanh l\u1ecbch, \u0111\u00e8n LED 7 m\u00e0u thay \u0111\u1ed5i (khi b\u1eadt \u0111\u00e8n LED th\u00ec m\u00e1y \u0111\u1ed5i m\u00e0u nh\u01b0 trong h\u00ecnh: xanh, v\u00e0ng, t\u00edm, h\u1ed3ng vv&#8230; c\u00f3 ch\u1ee9c n\u0103ng ch\u1ecdn m\u00e0u ho\u1eb7c m\u00e0u thay \u0111\u1ed5i t\u1ef1 \u0111\u1ed9ng)<\/p>\n","protected":false},"featured_media":5405,"comment_status":"open","ping_status":"closed","template":"","meta":[],"product_cat":[171,127],"product_tag":[172],"class_list":["post-5404","product","type-product","status-publish","has-post-thumbnail","hentry","product_cat-phu-kien","product_cat-san-pham-himalaya","product_tag-may-khuech-tan-tinh-dau"],"aioseo_notices":[],"_links":{"self":[{"href":"https:\/\/tiemtaphoa.xyz\/index.php\/wp-json\/wp\/v2\/product\/5404"}],"collection":[{"href":"https:\/\/tiemtaphoa.xyz\/index.php\/wp-json\/wp\/v2\/product"}],"about":[{"href":"https:\/\/tiemtaphoa.xyz\/index.php\/wp-json\/wp\/v2\/types\/product"}],"replies":[{"embeddable":true,"href":"https:\/\/tiemtaphoa.xyz\/index.php\/wp-json\/wp\/v2\/comments?post=5404"}],"wp:featuredmedia":[{"embeddable":true,"href":"https:\/\/tiemtaphoa.xyz\/index.php\/wp-json\/wp\/v2\/media\/5405"}],"wp:attachment":[{"href":"https:\/\/tiemtaphoa.xyz\/index.php\/wp-json\/wp\/v2\/media?parent=5404"}],"wp:term":[{"taxonomy":"product_cat","embeddable":true,"href":"https:\/\/tiemtaphoa.xyz\/index.php\/wp-json\/wp\/v2\/product_cat?post=5404"},{"taxonomy":"product_tag","embeddable":true,"href":"https:\/\/tiemtaphoa.xyz\/index.php\/wp-json\/wp\/v2\/product_tag?post=5404"}],"curies":[{"name":"wp","href":"https:\/\/api.w.org\/{rel}","templated":true}]}}