{"id":5419,"date":"2023-09-29T10:33:32","date_gmt":"2023-09-29T03:33:32","guid":{"rendered":"https:\/\/webbachhoa.com\/?post_type=product&#038;p=5419"},"modified":"2023-09-29T10:33:33","modified_gmt":"2023-09-29T03:33:33","slug":"may-khuech-tan-tinh-dau-va-tao-do-am-bau-tien","status":"publish","type":"product","link":"https:\/\/tiemtaphoa.xyz\/index.php\/product\/may-khuech-tan-tinh-dau-va-tao-do-am-bau-tien\/","title":{"rendered":"M\u00e1y khu\u1ebfch t\u00e1n tinh d\u1ea7u v\u00e0 t\u1ea1o \u0111\u1ed9 \u1ea9m &#8211; B\u1ea7u Ti\u00ean"},"content":{"rendered":"<div class=\"mb-3 mb-sm-0 col-12 col-md-8 product-content js-content-wrapper card border-0\">\n<div id=\"ega-uti-editable-content\" class=\"rte js-product-getcontent product_getcontent pos-relative\" data-platform=\"haravan\" data-id=\"1037839337\">\n<div id=\"content\" class=\"content js-content\">\n<div class=\"main_content_body main_content_body_cus1\">\n<div class=\"microformat\">\n<p>M\u00e1y khu\u1ebfch t\u00e1n tinh d\u1ea7u v\u00e0 t\u1ea1o \u0111\u1ed9 \u1ea9m &#8211; B\u1ea7u Ti\u00ean l\u00e0 s\u1ef1 k\u1ebft h\u1ee3p ho\u00e0n h\u1ea3o gi\u1eefa m\u00e1y khu\u1ebfch t\u00e1n tinh d\u1ea7u v\u00e0 t\u1ea1o \u0111\u1ed9 \u1ea9m, \u0111em \u0111\u1ebfn m\u1ed9t kh\u00f4ng gian s\u1ed1ng v\u00e0 l\u00e0m vi\u1ec7c t\u01b0\u01a1i m\u00e1t, th\u01b0 th\u00e1i v\u00e0 tr\u00e0n \u0111\u1ea7y h\u01b0\u01a1ng th\u01a1m d\u1ecbu nh\u1eb9. V\u1edbi thi\u1ebft k\u1ebf hi\u1ec7n \u0111\u1ea1i v\u00e0 ti\u1ec7n \u00edch, M\u00e1y khu\u1ebfch t\u00e1n tinh d\u1ea7u v\u00e0 t\u1ea1o \u0111\u1ed9 \u1ea9m &#8211; B\u1ea7u Ti\u00ean l\u00e0 gi\u1ea3i ph\u00e1p ho\u00e0n h\u1ea3o \u0111\u1ec3 t\u1ea1o ra kh\u00f4ng gian l\u00fd t\u01b0\u1edfng cho s\u1ee9c kh\u1ecfe v\u00e0 tinh th\u1ea7n c\u1ee7a b\u1ea1n. T\u1eadn h\u01b0\u1edfng h\u01b0\u01a1ng th\u01a1m t\u1ef1 nhi\u00ean t\u1eeb tinh d\u1ea7u v\u00e0 c\u00f9ng M\u00e1y khu\u1ebfch t\u00e1n tinh d\u1ea7u v\u00e0 t\u1ea1o \u0111\u1ed9 \u1ea9m &#8211; B\u1ea7u Ti\u00ean truy\u1ec1n t\u1ea3i \u0111\u1ed9 \u1ea9m m\u1ecbn m\u00e0ng v\u00e0o kh\u00f4ng kh\u00ed, b\u1ea1n s\u1ebd tr\u1ea3i nghi\u1ec7m m\u1ed9t cu\u1ed9c s\u1ed1ng t\u01b0\u01a1i m\u1edbi v\u00e0 th\u1eadt s\u1ef1 tho\u1ea3i m\u00e1i.<\/p>\n<p><img decoding=\"async\" src=\"https:\/\/file.hstatic.net\/200000455999\/file\/may_khuech_tan_tinh_dau_va_tao_do_am_-_bau_tien__7__ebe16dca63f2497ebc1464fd3670abd3_1024x1024.png\" alt=\"M\u00e1y khu\u1ebfch t\u00e1n tinh d\u1ea7u v\u00e0 t\u1ea1o \u0111\u1ed9 \u1ea9m - B\u1ea7u Ti\u00ean\" \/><\/p>\n<h2>Nh\u1eefng \u0111i\u1ec3m n\u1ed5i b\u1eadt c\u1ee7a m\u00e1y khu\u1ebfch t\u00e1n b\u1ea7u ti\u00ean tr\u1eafng<\/h2>\n<ul>\n<li>Thi\u1ebft k\u1ebf thon g\u1ecdn, thanh l\u1ecbch ph\u00f9 h\u1ee3p v\u1edbi c\u00e1c kh\u00f4ng gian kh\u00e1c nhau nh\u01b0:ph\u00f2ng ng\u1ee7, ph\u00f2ng spa, ph\u00f2ng l\u00e0m vi\u1ec7c, ph\u00f2ng ti\u1ebfp kh\u00e1ch, ph\u00f2ng karaoke, ph\u00f2ng th\u1ea9m m\u1ef9 vi\u1ec7n, qu\u00e1n cafe, s\u1ea3nh, h\u1ed9i ngh\u1ecb, event\u2026<\/li>\n<li>Kh\u1ea3 n\u0103ng lan t\u1ecfa tinh d\u1ea7u trong kh\u00f4ng kh\u00ed t\u1ed1t, d\u01b0\u1eddng nh\u01b0 ngay l\u1eadp t\u1ee9c nh\u1edd s\u00f3ng si\u00eau \u00e2m.<\/li>\n<li>M\u00e1y \u0111\u01b0\u1ee3c d\u00f9ng nh\u01b0 m\u00e1y t\u1ea1o \u0111\u1ed9 \u1ea9m kh\u00f4ng kh\u00ed cho ph\u00f2ng m\u00e1y l\u1ea1nh, m\u00f9a \u0111\u00f4ng hanh kh\u00f4 m\u00e0 kh\u00f4ng l\u00e0m h\u01b0 h\u1ea1i thi\u1ebft b\u1ecb \u0111i\u1ec7n t\u1eed kh\u00e1c.<\/li>\n<li>C\u00f3 th\u1ec3 d\u00f9ng thay cho \u0111\u00e8n ng\u1ee7 ho\u1eb7c t\u1eaft \u0111\u00e8n khi c\u1ea7n v\u1edbi h\u1ec7 \u0111\u00e8n led 7 m\u00e0u phong th\u1ee7y y\u00eau th\u00edch<\/li>\n<li>Ti\u1ebfp ki\u1ec7m \u0111i\u1ec7n n\u0103ng, ti\u1ebfp ki\u1ec7m tinh d\u1ea7u v\u00ec t\u1ecfa h\u01b0\u01a1ng h\u1ebft l\u01b0\u1ee3ng tinh d\u1ea7u cho v\u00e0o m\u00e1y<\/li>\n<li>M\u00f3n qu\u00e0 \u00fd ngh\u0129a, th\u1ec3 hi\u1ec7n s\u1ef1 quan t\u00e2m, ch\u0103m s\u00f3c d\u00e0nh t\u1eb7ng b\u1ea1n b\u00e8, ng\u01b0\u1eddi th\u00e2n trong gia \u0111\u00ecnh trong nh\u1eefng d\u1ecbp \u0111\u1eb7c bi\u1ec7t, t\u00e2n gia, khai tr\u01b0\u01a1ng, l\u1ec5 t\u1ebft,\u2026<\/li>\n<\/ul>\n<div>\n<p><img decoding=\"async\" src=\"https:\/\/file.hstatic.net\/200000455999\/file\/may_khuech_tan_tinh_dau_va_tao_do_am_-_bau_tien__4__5e478c8d5f11432099eb2c4fc3955b25_1024x1024.png\" alt=\"M\u00e1y khu\u1ebfch t\u00e1n tinh d\u1ea7u v\u00e0 t\u1ea1o \u0111\u1ed9 \u1ea9m - B\u1ea7u Ti\u00ean\" \/><\/p>\n<h2>Th\u00f4ng s\u1ed1 k\u1ef9 thu\u1eadt<\/h2>\n<table border=\"1\">\n<tbody>\n<tr>\n<td>Ch\u1ea5t li\u1ec7u<\/td>\n<td>Nh\u1ef1a PP cao c\u1ea5p, h\u1ecda ti\u1ebft h\u00ecnh b\u0103ng tuy\u1ebft<\/td>\n<\/tr>\n<tr>\n<td>K\u00edch th\u01b0\u1edbc<\/td>\n<td>16 x 16 x 13 cm<\/td>\n<\/tr>\n<tr>\n<td>Tr\u1ecdng l\u01b0\u1ee3ng<\/td>\n<td>500 gram<\/td>\n<\/tr>\n<tr>\n<td>Dung t\u00edch ch\u1ee9a n\u01b0\u1edbc t\u1ed1i \u0111a<\/td>\n<td>500 ml<\/td>\n<\/tr>\n<tr>\n<td>\u0110i\u1ec7n \u00e1p \u0111\u1ea7u v\u00e0o<\/td>\n<td>110V-240V<\/td>\n<\/tr>\n<tr>\n<td>\u0110i\u1ec7n \u00e1p \u0111\u1ea7u ra<\/td>\n<td>DC24V\/0.65A<\/td>\n<\/tr>\n<tr>\n<td>Th\u1eddi gian ho\u1ea1t \u0111\u1ed9ng t\u1ed1i \u0111a<\/td>\n<td>15 Gi\u1edd ( H\u1ebft n\u01b0\u1edbc m\u00e1y t\u1ef1 t\u1eaft)<\/td>\n<\/tr>\n<tr>\n<td>L\u01b0\u1ee3ng tinh d\u1ea7u m\u1ed7i l\u1ea7n s\u1eed d\u1ee5ng<\/td>\n<td>5 gi\u1ecdt\/100ml n\u01b0\u1edbc<\/td>\n<\/tr>\n<tr>\n<td>C\u00f4ng su\u1ea5t<\/td>\n<td>16W<\/td>\n<\/tr>\n<tr>\n<td>Di\u1ec7n t\u00edch khu\u1ebfch t\u00e1n t\u1ed1i \u0111a<\/td>\n<td>25m2<\/td>\n<\/tr>\n<tr>\n<td>\u0110\u1ed5i m\u00e0u khi ho\u1ea1t \u0111\u1ed9ng<\/td>\n<td>7 m\u00e0u t\u1ef1 chuy\u1ec3n \u0111\u1ed5i v\u00e0 c\u00f3 th\u1ec3 ch\u1ecdn m\u00e0u c\u1ed1 \u0111\u1ecbnh<\/td>\n<\/tr>\n<tr>\n<td>\u0110i\u1ec1u khi\u1ec3n t\u1eeb xa:<\/td>\n<td>C\u00f3 t\u00edch h\u1ee3p v\u1edbi \u0111i\u1ec1u khi\u1ec3n t\u1eeb xa<\/td>\n<\/tr>\n<tr>\n<td>B\u1ed9 s\u1ea3n ph\u1ea9m g\u1ed3m<\/td>\n<td>M\u00e1y, d\u00e2y ngu\u1ed3n, remote \u0111i\u1ec1u khi\u1ec3n, h\u01b0\u1edbng d\u1eabn s\u1eed d\u1ee5ng<\/td>\n<\/tr>\n<\/tbody>\n<\/table>\n<\/div>\n<div>\n<p><img decoding=\"async\" src=\"https:\/\/file.hstatic.net\/200000455999\/file\/may_khuech_tan_tinh_dau_va_tao_do_am_-_bau_tien__6__08a40fb689c94c8491ec6c0c1541f383_1024x1024.png\" alt=\"M\u00e1y khu\u1ebfch t\u00e1n tinh d\u1ea7u v\u00e0 t\u1ea1o \u0111\u1ed9 \u1ea9m - B\u1ea7u Ti\u00ean\" \/><\/p>\n<p>&nbsp;<\/p>\n<\/div>\n<h2>H\u01b0\u1edbng d\u1eabn s\u1eed d\u1ee5ng<\/h2>\n<p>B\u01b0\u1edbc 1: M\u1edf n\u1eafp tr\u00ean c\u1ee7a m\u00e1y<\/p>\n<p>B\u01b0\u1edbc 2: Cho n\u01b0\u1edbc (400ml) v\u00e0o<\/p>\n<p>B\u01b0\u1edbc 3: Cho th\u00eam tinh d\u1ea7u (kho\u1ea3ng 7 \u0111\u1ebfn 10 gi\u1ecdt t\u00f9y \u00fd th\u00edch)\u00a0v\u00e0o m\u00e1y v\u00e0 \u0111\u00f3ng n\u1eafp m\u00e1y<\/p>\n<p>B\u01b0\u1edbc 4: Kh\u1edfi \u0111\u1ed9ng m\u00e1y v\u00e0 ch\u1ecdn ch\u1ebf \u0111\u1ed9 phun<\/p>\n<p>&#8211; N\u00fat &#8220;<strong>LIGHT<\/strong>&#8220;:<br \/>\n+ L\u1ea7n 1: \u0110\u00e8n thay \u0111\u1ed5i m\u00e0u li\u00ean t\u1ee5c<br \/>\n+ B\u1ea5m n\u00fat LIGHT nhi\u1ec1u l\u1ea7n \u0111\u1ec3 ch\u1ecdn m\u1ed9t m\u00e0u \u0111\u00e8n c\u1ed1 \u0111\u1ecbnh<br \/>\n+ Gi\u1eef n\u00fat LIGHT kho\u1ea3ng 2 gi\u00e2y \u0111\u1ec3 t\u1eaft \u0111\u00e8n<\/p>\n<p>&#8211; N\u00fat &#8220;<strong>MIST<\/strong>&#8220;:<br \/>\n+ L\u1ea7n 1: m\u00e1y ch\u1ea1y li\u00ean t\u1ee5c 1 gi\u1edd v\u00e0 t\u1eaft<br \/>\n+ L\u1ea7n 2: m\u00e1y ch\u1ea1y li\u00ean t\u1ee5c 3 gi\u1edd v\u00e0 t\u1eaft<br \/>\n+ L\u1ea7n 3: m\u00e1y ch\u1ea1y li\u00ean t\u1ee5c 6 gi\u1edd v\u00e0 t\u1eaft<br \/>\n+ L\u1ea7n 4: m\u00e1y ch\u1ea1y li\u00ean t\u1ee5c cho \u0111\u1ebfn khi h\u1ebft n\u01b0\u1edbc, m\u00e1y t\u1ef1 \u0111\u1ed9ng ng\u1eaft<br \/>\n+ L\u1ea7n 5: t\u1eaft m\u00e1y<\/p>\n<p><img decoding=\"async\" src=\"https:\/\/file.hstatic.net\/200000455999\/file\/may_khuech_tan_tinh_dau_va_tao_do_am_-_bau_tien__3__f55982f3512c4857b5d1ef78d096db5a_1024x1024.png\" alt=\"M\u00e1y khu\u1ebfch t\u00e1n tinh d\u1ea7u v\u00e0 t\u1ea1o \u0111\u1ed9 \u1ea9m - B\u1ea7u Ti\u00ean\" \/><\/p>\n<h2>Nh\u1eefng l\u01b0u \u00fd khi s\u1eed d\u1ee5ng<\/h2>\n<ul>\n<li>Ch\u1ec9 n\u00ean s\u1eed d\u1ee5ng tinh d\u1ea7u thi\u00ean nhi\u00ean nguy\u00ean ch\u1ea5t th\u1eadt, kh\u00f4ng d\u00f9ng tinh d\u1ea7u tr\u00f4i n\u1ed5i tr\u00ean th\u1ecb tr\u01b0\u1eddng c\u00f3 ch\u1ee9a c\u1ed3n, pha lo\u00e3ng b\u1eb1ng h\u01b0\u01a1ng li\u1ec7u ho\u1eb7c n\u01b0\u1edbc hoa, h\u01b0\u01a1ng li\u1ec7u, tinh d\u1ea7u n\u01b0\u1edbc hoa h\u00f3a ch\u1ea5t cho v\u00e0o m\u00e1y s\u1ebd l\u00e0m m\u00e1y h\u01b0 h\u1ec7 th\u1ed1ng s\u00f3ng \u00e2m ngay l\u1eadp t\u1ee9c ho\u1eb7c tu\u1ed5i th\u1ecd c\u1ee7a m\u00e1y gi\u1ea3m r\u1ea5t nhanh<\/li>\n<li>S\u1eed d\u1ee5ng n\u01b0\u1edbc s\u1ea1ch kh\u00f4ng ch\u1ee9a nhi\u1ec1u clo<\/li>\n<li>L\u00e0m s\u1ea1ch m\u00e1y tr\u01b0\u1edbc khi thay \u0111\u1ed5i h\u01b0\u01a1ng tinh d\u1ea7u thi\u00ean nhi\u00ean m\u1edbi<\/li>\n<\/ul>\n<\/div>\n<\/div>\n<\/div>\n<\/div>\n<div class=\"js-seemore ega-pro__seemore text-center pos-relative mt-3 show\"><\/div>\n<\/div>\n<div class=\"col-12 col-md-4 pl-0 pl-md-3 product-right pr-0\">\n<div class=\"product-related-blog\"><\/div>\n<\/div>\n","protected":false},"excerpt":{"rendered":"<p>M\u00e1y khu\u1ebfch t\u00e1n tinh d\u1ea7u v\u00e0 t\u1ea1o \u0111\u1ed9 \u1ea9m &#8211; B\u1ea7u Ti\u00ean l\u00e0 s\u1ef1 k\u1ebft h\u1ee3p ho\u00e0n h\u1ea3o gi\u1eefa m\u00e1y khu\u1ebfch t\u00e1n tinh d\u1ea7u v\u00e0 t\u1ea1o \u0111\u1ed9 \u1ea9m, \u0111em \u0111\u1ebfn m\u1ed9t kh\u00f4ng gian s\u1ed1ng v\u00e0 l\u00e0m vi\u1ec7c t\u01b0\u01a1i m\u00e1t, th\u01b0 th\u00e1i v\u00e0 tr\u00e0n \u0111\u1ea7y h\u01b0\u01a1ng th\u01a1m d\u1ecbu nh\u1eb9. V\u1edbi thi\u1ebft k\u1ebf hi\u1ec7n \u0111\u1ea1i v\u00e0 ti\u1ec7n \u00edch, M\u00e1y khu\u1ebfch t\u00e1n tinh d\u1ea7u v\u00e0 t\u1ea1o \u0111\u1ed9 \u1ea9m &#8211; B\u1ea7u Ti\u00ean l\u00e0 gi\u1ea3i ph\u00e1p ho\u00e0n h\u1ea3o \u0111\u1ec3 t\u1ea1o ra kh\u00f4ng gian l\u00fd t\u01b0\u1edfng cho s\u1ee9c kh\u1ecfe v\u00e0 tinh th\u1ea7n c\u1ee7a b\u1ea1n. T\u1eadn h\u01b0\u1edfng h\u01b0\u01a1ng th\u01a1m t\u1ef1 nhi\u00ean t\u1eeb tinh d\u1ea7u v\u00e0 c\u00f9ng M\u00e1y khu\u1ebfch t\u00e1n tinh d\u1ea7u v\u00e0 t\u1ea1o \u0111\u1ed9 \u1ea9m &#8211; B\u1ea7u Ti\u00ean truy\u1ec1n t\u1ea3i \u0111\u1ed9 \u1ea9m m\u1ecbn m\u00e0ng v\u00e0o kh\u00f4ng kh\u00ed, b\u1ea1n s\u1ebd tr\u1ea3i nghi\u1ec7m m\u1ed9t cu\u1ed9c s\u1ed1ng t\u01b0\u01a1i m\u1edbi v\u00e0 th\u1eadt s\u1ef1 tho\u1ea3i m\u00e1i.<\/p>\n","protected":false},"featured_media":5423,"comment_status":"open","ping_status":"closed","template":"","meta":[],"product_cat":[171,127],"product_tag":[172],"class_list":["post-5419","product","type-product","status-publish","has-post-thumbnail","hentry","product_cat-phu-kien","product_cat-san-pham-himalaya","product_tag-may-khuech-tan-tinh-dau"],"aioseo_notices":[],"_links":{"self":[{"href":"https:\/\/tiemtaphoa.xyz\/index.php\/wp-json\/wp\/v2\/product\/5419"}],"collection":[{"href":"https:\/\/tiemtaphoa.xyz\/index.php\/wp-json\/wp\/v2\/product"}],"about":[{"href":"https:\/\/tiemtaphoa.xyz\/index.php\/wp-json\/wp\/v2\/types\/product"}],"replies":[{"embeddable":true,"href":"https:\/\/tiemtaphoa.xyz\/index.php\/wp-json\/wp\/v2\/comments?post=5419"}],"wp:featuredmedia":[{"embeddable":true,"href":"https:\/\/tiemtaphoa.xyz\/index.php\/wp-json\/wp\/v2\/media\/5423"}],"wp:attachment":[{"href":"https:\/\/tiemtaphoa.xyz\/index.php\/wp-json\/wp\/v2\/media?parent=5419"}],"wp:term":[{"taxonomy":"product_cat","embeddable":true,"href":"https:\/\/tiemtaphoa.xyz\/index.php\/wp-json\/wp\/v2\/product_cat?post=5419"},{"taxonomy":"product_tag","embeddable":true,"href":"https:\/\/tiemtaphoa.xyz\/index.php\/wp-json\/wp\/v2\/product_tag?post=5419"}],"curies":[{"name":"wp","href":"https:\/\/api.w.org\/{rel}","templated":true}]}}